{"id":134,"date":"2024-04-16T09:13:56","date_gmt":"2024-04-16T09:13:56","guid":{"rendered":"https:\/\/ailabor.appsters.me\/?page_id=134"},"modified":"2024-04-16T09:13:56","modified_gmt":"2024-04-16T09:13:56","slug":"tereza-asszony-akit-nem-tort-meg-a-sors","status":"publish","type":"page","link":"https:\/\/ailabor.appsters.me\/en\/tereza-asszony-akit-nem-tort-meg-a-sors\/","title":{"rendered":"Ter\u00e9za asszony \u2013 akit nem t\u00f6rt meg a sors\u00a0"},"content":{"rendered":"<figure class=\"wp-block-image size-full\"><img loading=\"lazy\" decoding=\"async\" width=\"1023\" height=\"966\" src=\"https:\/\/ailabor.appsters.me\/wp-content\/uploads\/2024\/04\/5_008_Tereza-asszony_akit-nem-tort-meg-a-sors.jpg\" alt=\"\" class=\"wp-image-135\" srcset=\"https:\/\/ailabor.appsters.me\/wp-content\/uploads\/2024\/04\/5_008_Tereza-asszony_akit-nem-tort-meg-a-sors.jpg 1023w, https:\/\/ailabor.appsters.me\/wp-content\/uploads\/2024\/04\/5_008_Tereza-asszony_akit-nem-tort-meg-a-sors-300x283.jpg 300w, https:\/\/ailabor.appsters.me\/wp-content\/uploads\/2024\/04\/5_008_Tereza-asszony_akit-nem-tort-meg-a-sors-768x725.jpg 768w\" sizes=\"auto, (max-width: 1023px) 100vw, 1023px\" \/><figcaption class=\"wp-element-caption\">Ter\u00e9za asszony a Senki sziget\u00e9n\u00a0<\/figcaption><\/figure>\n\n\n\n<p>Ter\u00e9za asszony Az arany ember tal\u00e1n leger\u0151sebb karaktere. Kor\u00e1bban boldogan \u00e9lt egy v\u00e1rosi tisztvisel\u0151 feles\u00e9gek\u00e9nt, majd tragikus k\u00f6r\u00fclm\u00e9nyek mag\u00e1ra maradt kisl\u00e1ny\u00e1val: f\u00e9rje \u00f6ngyilkoss\u00e1got k\u00f6vetett el. A f\u00e9rj hal\u00e1l\u00e1nak oka a gazdas\u00e1gi cs\u0151d \u00e9s a vagyonuk elveszt\u00e9se, ezt k\u00f6zvetlen\u00fcl&nbsp;Brazovics&nbsp;Athan\u00e1z&nbsp;okozta. Ter\u00e9za \u00e9s kisl\u00e1nya, No\u00e9mi ekkor k\u00f6lt\u00f6zik egy elhagyatott szigetre, ahol \u00faj \u00e9letet kezdenek.&nbsp;<\/p>\n\n\n\n<p>A&nbsp;Senki sziget\u00e9n Ter\u00e9za teljesen elszigetelten \u00e9l No\u00e9mivel. A hely term\u00e9szeti adotts\u00e1gait haszn\u00e1lja \u00e9let\u00fck fenntart\u00e1s\u00e1ra: gy\u00fcm\u00f6lcs\u00f6ket termesztenek \u00e9s kis\u00e1llatokat tartanak. A sz\u00fcks\u00e9geseket cserekereskedelemmel szerzi be, p\u00e9nzt nem haszn\u00e1l. No\u00e9mi \u00e9s Ter\u00e9za egyszer\u0171, de boldog \u00e9letet \u00e9l szoros kapcsolatban \u00e9s \u00f6sszhangban a term\u00e9szettel.&nbsp;<\/p>\n\n\n\n<p>Ter\u00e9za asszony karaktere er\u0151s \u00e9s \u00f6n\u00e1ll\u00f3. A t\u00f6rt\u00e9net sor\u00e1n t\u00f6bbsz\u00f6r is bizony\u00edtja, hogy k\u00e9pes \u00f6n\u00e1ll\u00f3an gondoskodni mag\u00e1r\u00f3l \u00e9s l\u00e1ny\u00e1r\u00f3l, mor\u00e1lis \u00e9rt\u00e9krendje megingathatatlan, kitart\u00e1s\u00e1t \u00e9s emberi kapcsolatokban tan\u00fas\u00edtott \u0151szintes\u00e9g\u00e9t J\u00f3kai a reg\u00e9ny sz\u00e1mos pontj\u00e1n hangs\u00falyozza.&nbsp;Ter\u00e9zia interakci\u00f3ja a t\u00f6bbi szerepl\u0151vel, p\u00e9ld\u00e1ul Tim\u00e1r Mih\u00e1llyal \u00e9s a v\u00edzen \u00e9rkez\u0151 idegenekkel bonyolult \u00e9s&nbsp;\u00e9s&nbsp;\u00e1rnyalt. Ezek a tal\u00e1lkoz\u00e1sok olykor fordul\u00f3pontot jelentenek a t\u00f6rt\u00e9netben, \u00e9s tov\u00e1bb m\u00e9ly\u00edtik karakter\u00e9t.&nbsp;<\/p>\n\n\n\n<p>Ter\u00e9za a dilemm\u00e1k embere, \u00e9lete sorsform\u00e1l\u00f3 d\u00f6nt\u00e9sek sorozata. Ezek a d\u00f6nt\u00e9sek nemcsak saj\u00e1t \u00e9let\u00e9t, hanem l\u00e1nya, No\u00e9mi sors\u00e1t is jelent\u0151sen befoly\u00e1solj\u00e1k.&nbsp;<\/p>\n\n\n\n<p>Az els\u0151 jelent\u0151s v\u00e1laszt\u00e1si helyzet Ter\u00e9za \u00e9let\u00e9ben akkor \u00e1ll el\u0151, amikor f\u00e9rje \u00f6ngyilkoss\u00e1got k\u00f6vet el. Ter\u00e9za ekkor d\u00f6nthetett volna \u00fagy, hogy marad a v\u00e1rosban, szemben\u00e9z a t\u00e1rsadalmi megb\u00e9lyegz\u00e9ssel \u00e9s a szeg\u00e9nys\u00e9ggel, de v\u00e1laszthatta az \u00faj kezdetet is egy teljesen \u00faj k\u00f6rnyezetben. \u0150 a m\u00e1sodik utat v\u00e1lasztja, \u00e9s l\u00e1ny\u00e1val egy\u00fctt egy elhagyatott szigetre k\u00f6lt\u00f6zik, ahol \u00faj \u00e9letet kezdenek. A d\u00f6nt\u00e9s teljesen \u00faj \u00e9letform\u00e1t hozott sz\u00e1mukra: term\u00e9szetk\u00f6zeli \u00e9letm\u00f3djuk megv\u00e9dte \u0151ket a k\u00fclvil\u00e1g z\u0171rzavar\u00e1t\u00f3l.&nbsp;<\/p>\n\n\n\n<p>A m\u00e1sodik d\u00f6nt\u00e9si pont ott van,&nbsp; amikor csemp\u00e9szekkel ker\u00fcl kapcsolatba a szigeten. Ter\u00e9z\u00e1nak v\u00e1lasztania kellett: egy\u00fcttm\u0171k\u00f6dik vel\u00fck a t\u00fal\u00e9l\u00e9s \u00e9rdek\u00e9ben vagy elutas\u00edtja \u0151ket, csak hogy meg\u0151rizze \u00f6n\u00e1ll\u00f3s\u00e1g\u00e1t \u00e9s erk\u00f6lcsi tisztas\u00e1g\u00e1t. \u0150 az egy\u00fcttm\u0171k\u00f6d\u00e9st v\u00e1lasztja, amivel \u00e9lelemhez \u00e9s egy\u00e9b sz\u00fcks\u00e9gleti cikkekhez juthatnak, d\u00f6nt\u00e9se m\u00e9gsem vet r\u00e1 erk\u00f6lcsileg rossz f\u00e9nyt, mert nem motiv\u00e1ci\u00f3ja nem a nyer\u00e9szked\u00e9s, hanem az \u00f6nfenntart\u00e1s &#8211; \u00e9s, jegyezz\u00fck meg, Ter\u00e9za m\u00e9g ezekben a kapcsolataiban tan\u00fas\u00e1got tesz \u00f6nzetlens\u00e9g\u00e9r\u0151l.&nbsp;<\/p>\n\n\n\n<p>A harmadik nagy dilemm\u00e1t Tim\u00e1r Mih\u00e1ly \u00e9s t\u00e1rsai \u00e9rkez\u00e9se jelenti. Ter\u00e9za dilemm\u00e1ja, hogy seg\u00edtsen nekik \u00e9s kock\u00e1ztassa saj\u00e1t \u00e9s l\u00e1nya biztons\u00e1g\u00e1t, vagy elutas\u00edtsa \u0151ket biztons\u00e1ga meg\u0151rz\u00e9se \u00e9rdek\u00e9ben. Ter\u00e9za a seg\u00edts\u00e9gny\u00fajt\u00e1st v\u00e1lasztja, s ezzel olyan pozit\u00edv kapcsolatok kialakul\u00e1s\u00e1t teszi lehet\u0151v\u00e9, amelyek k\u00e9s\u0151bb fontos szerepet j\u00e1tszik \u00e9let\u00fckben. Ez a d\u00f6nt\u00e9s is mutatja Ter\u00e9za asszony b\u00e1tors\u00e1g\u00e1t \u00e9s j\u00f3indulat\u00e1t, amelyek egy\u00fcttesen tartj\u00e1k \u0151t nyitottan a v\u00e1ltoz\u00e1sra \u00e9s az \u00faj kapcsolatokra.&nbsp;<\/p>","protected":false},"excerpt":{"rendered":"<p>Ter\u00e9za asszony Az arany ember tal\u00e1n leger\u0151sebb karaktere. Kor\u00e1bban boldogan \u00e9lt egy v\u00e1rosi tisztvisel\u0151 feles\u00e9gek\u00e9nt, majd tragikus k\u00f6r\u00fclm\u00e9nyek mag\u00e1ra maradt kisl\u00e1ny\u00e1val: f\u00e9rje \u00f6ngyilkoss\u00e1got k\u00f6vetett el. A f\u00e9rj hal\u00e1l\u00e1nak oka a gazdas\u00e1gi cs\u0151d \u00e9s a vagyonuk elveszt\u00e9se, ezt k\u00f6zvetlen\u00fcl&nbsp;Brazovics&nbsp;Athan\u00e1z&nbsp;okozta. Ter\u00e9za \u00e9s kisl\u00e1nya, No\u00e9mi ekkor k\u00f6lt\u00f6zik egy elhagyatott szigetre, ahol \u00faj \u00e9letet kezdenek.&nbsp; A&nbsp;Senki sziget\u00e9n Ter\u00e9za teljesen&#8230;<\/p>","protected":false},"author":5,"featured_media":0,"parent":0,"menu_order":0,"comment_status":"closed","ping_status":"closed","template":"","meta":{"_eb_attr":"","inline_featured_image":false,"_kad_post_transparent":"","_kad_post_title":"","_kad_post_layout":"","_kad_post_sidebar_id":"","_kad_post_content_style":"","_kad_post_vertical_padding":"","_kad_post_feature":"","_kad_post_feature_position":"","_kad_post_header":false,"_kad_post_footer":false,"footnotes":""},"class_list":["post-134","page","type-page","status-publish","hentry"],"_links":{"self":[{"href":"https:\/\/ailabor.appsters.me\/en\/wp-json\/wp\/v2\/pages\/134","targetHints":{"allow":["GET"]}}],"collection":[{"href":"https:\/\/ailabor.appsters.me\/en\/wp-json\/wp\/v2\/pages"}],"about":[{"href":"https:\/\/ailabor.appsters.me\/en\/wp-json\/wp\/v2\/types\/page"}],"author":[{"embeddable":true,"href":"https:\/\/ailabor.appsters.me\/en\/wp-json\/wp\/v2\/users\/5"}],"replies":[{"embeddable":true,"href":"https:\/\/ailabor.appsters.me\/en\/wp-json\/wp\/v2\/comments?post=134"}],"version-history":[{"count":1,"href":"https:\/\/ailabor.appsters.me\/en\/wp-json\/wp\/v2\/pages\/134\/revisions"}],"predecessor-version":[{"id":136,"href":"https:\/\/ailabor.appsters.me\/en\/wp-json\/wp\/v2\/pages\/134\/revisions\/136"}],"wp:attachment":[{"href":"https:\/\/ailabor.appsters.me\/en\/wp-json\/wp\/v2\/media?parent=134"}],"curies":[{"name":"wp","href":"https:\/\/api.w.org\/{rel}","templated":true}]}}