{"id":162,"date":"2024-04-25T08:13:19","date_gmt":"2024-04-25T08:13:19","guid":{"rendered":"https:\/\/ailabor.appsters.me\/?page_id=162"},"modified":"2024-11-13T19:28:44","modified_gmt":"2024-11-13T19:28:44","slug":"a-csapat","status":"publish","type":"page","link":"https:\/\/ailabor.appsters.me\/en\/the-team\/","title":{"rendered":"The Team"},"content":{"rendered":"<div style=\"background-image:url(&apos;https:\/\/ailabor.appsters.me\/wp-content\/uploads\/2024\/06\/Ellipse-3-5.png&apos;);background-position:0% 50%;background-repeat:no-repeat;background-size:contain;\" class=\"wp-block-group eplus-wrapper has-background\"><div class=\"wp-block-group__inner-container is-layout-constrained wp-block-group-is-layout-constrained\">\n<div class=\"wp-block-group group-900 eplus-wrapper\"><div class=\"wp-block-group__inner-container is-layout-constrained wp-block-group-is-layout-constrained\">\n<p class=\"has-text-align-center eplus-wrapper\"><strong>The J\u00f3k.ai Lab team consists of many experienced and enthusiastic professionals. Music\ncritics, humanists, IT specialists, marketing experts, and lawyers work together for a common\ngoal. A wide range of knowledge is combined, which is necessary because artificial\nintelligence impacts every area of our lives.<\/strong><\/p>\n\n\n\n<div class=\"wp-block-columns ep-custom-column eplus-wrapper is-layout-flex wp-container-core-columns-is-layout-2edb0647 wp-block-columns-is-layout-flex\" style=\"margin-top:0;margin-bottom:0\">\n<div class=\"wp-block-column eplus-wrapper is-layout-flow wp-block-column-is-layout-flow\" style=\"flex-basis:15%\"><div class=\"wp-block-image csapatikon eplus-wrapper\">\n<figure class=\"alignleft size-full\"><img loading=\"lazy\" decoding=\"async\" width=\"92\" height=\"92\" src=\"https:\/\/ailabor.appsters.me\/wp-content\/uploads\/2024\/06\/Bendzsak-Kati-1.jpg\" alt=\"\" class=\"wp-image-2591\"\/><\/figure>\n<\/div><\/div>\n\n\n\n<div class=\"wp-block-column eplus-wrapper is-layout-flow wp-block-column-is-layout-flow\">\n<h5 class=\"wp-block-heading eplus-wrapper\"><strong>Dr. Katalin Bendzs\u00e1k<\/strong> <\/h5>\n\n\n\n<p class=\"eplus-wrapper\">As a lawyer, she has been working in the cultural field for 16 years, with extensive experience\nin handling legal issues. Throughout her career, she has participated in the implementation of\nnumerous music, literary, and visual arts projects, ensuring the legal background and\nregulatory compliance of the projects.<\/p>\n<\/div>\n<\/div>\n\n\n\n<div style=\"height:40px\" aria-hidden=\"true\" class=\"wp-block-spacer eplus-wrapper\"><\/div>\n\n\n\n<div class=\"wp-block-columns ep-custom-column eplus-wrapper is-layout-flex wp-container-core-columns-is-layout-2edb0647 wp-block-columns-is-layout-flex\" style=\"margin-top:0;margin-bottom:0\">\n<div class=\"wp-block-column eplus-wrapper is-layout-flow wp-block-column-is-layout-flow\" style=\"flex-basis:15%\"><div class=\"wp-block-image csapatikon eplus-wrapper\">\n<figure class=\"alignleft size-full\"><img loading=\"lazy\" decoding=\"async\" width=\"92\" height=\"92\" src=\"https:\/\/ailabor.appsters.me\/wp-content\/uploads\/2024\/06\/Berta-Zsuzsi-1.jpg\" alt=\"\" class=\"wp-image-2614\"\/><\/figure>\n<\/div><\/div>\n\n\n\n<div class=\"wp-block-column eplus-wrapper is-layout-flow wp-block-column-is-layout-flow\">\n<h5 class=\"wp-block-heading eplus-wrapper\"><strong><strong>Zsuzsi Berta<\/strong><\/strong><\/h5>\n\n\n\n<p class=\"eplus-wrapper\">As a digital and performance marketing expert, she is the marketing director of A38 Haj\u00f3 and\na Google-certified campaign manager. She has extensive experience in online marketing, with\na particular focus on performance marketing and digital analytics.<\/p>\n<\/div>\n<\/div>\n\n\n\n<div style=\"height:40px\" aria-hidden=\"true\" class=\"wp-block-spacer eplus-wrapper\"><\/div>\n\n\n\n<div class=\"wp-block-columns ep-custom-column eplus-wrapper is-layout-flex wp-container-core-columns-is-layout-2edb0647 wp-block-columns-is-layout-flex\" style=\"margin-top:0;margin-bottom:0\">\n<div class=\"wp-block-column eplus-wrapper is-layout-flow wp-block-column-is-layout-flow\" style=\"flex-basis:15%\"><div class=\"wp-block-image csapatikon eplus-wrapper\">\n<figure class=\"alignleft size-full\"><img loading=\"lazy\" decoding=\"async\" width=\"92\" height=\"92\" src=\"https:\/\/ailabor.appsters.me\/wp-content\/uploads\/2024\/06\/Bognar-Attila-1.jpg\" alt=\"\" class=\"wp-image-2613\"\/><\/figure>\n<\/div><\/div>\n\n\n\n<div class=\"wp-block-column eplus-wrapper is-layout-flow wp-block-column-is-layout-flow\">\n<h5 class=\"wp-block-heading eplus-wrapper\"><strong><strong>Attila Bogn\u00e1r<\/strong><\/strong><\/h5>\n\n\n\n<p class=\"eplus-wrapper translation-block\">A key figure in Budapest&#039;s cultural scene and one of the founding owners of A38 Haj\u00f3. He\nhas exceptional experience in managing cultural archives and is a prominent figure in\nnumerous domestic cultural nonprofit initiatives.<\/p>\n<\/div>\n<\/div>\n\n\n\n<div style=\"height:40px\" aria-hidden=\"true\" class=\"wp-block-spacer eplus-wrapper\"><\/div>\n\n\n\n<div class=\"wp-block-columns ep-custom-column eplus-wrapper is-layout-flex wp-container-core-columns-is-layout-2edb0647 wp-block-columns-is-layout-flex\" style=\"margin-top:0;margin-bottom:0\">\n<div class=\"wp-block-column eplus-wrapper is-layout-flow wp-block-column-is-layout-flow\" style=\"flex-basis:15%\"><div class=\"wp-block-image csapatikon eplus-wrapper\">\n<figure class=\"alignleft size-full\"><img loading=\"lazy\" decoding=\"async\" width=\"92\" height=\"92\" src=\"https:\/\/ailabor.appsters.me\/wp-content\/uploads\/2024\/06\/Javorszky-Bela-1.jpg\" alt=\"\" class=\"wp-image-2612\"\/><\/figure>\n<\/div><\/div>\n\n\n\n<div class=\"wp-block-column eplus-wrapper is-layout-flow wp-block-column-is-layout-flow\">\n<h5 class=\"wp-block-heading eplus-wrapper\"><strong><strong>B\u00e9la Szil\u00e1rd J\u00e1vorszky <\/strong><\/strong><\/h5>\n\n\n\n<p class=\"eplus-wrapper translation-block\">Music critic, editor and translator, chief curator of the pop history exhibition at the House of\nHungarian Music. Through his work on pop cultural topics and extensive educational\nactivities, he provides significant professional background for the cultural aspects of the\nproject.<\/p>\n<\/div>\n<\/div>\n\n\n\n<div style=\"height:40px\" aria-hidden=\"true\" class=\"wp-block-spacer eplus-wrapper\"><\/div>\n\n\n\n<div class=\"wp-block-columns ep-custom-column eplus-wrapper is-layout-flex wp-container-core-columns-is-layout-2edb0647 wp-block-columns-is-layout-flex\" style=\"margin-top:0;margin-bottom:0\">\n<div class=\"wp-block-column eplus-wrapper is-layout-flow wp-block-column-is-layout-flow\" style=\"flex-basis:15%\"><div class=\"wp-block-image csapatikon eplus-wrapper\">\n<figure class=\"alignleft size-full\"><img loading=\"lazy\" decoding=\"async\" width=\"92\" height=\"92\" src=\"https:\/\/ailabor.appsters.me\/wp-content\/uploads\/2024\/06\/Lanyi-Robert-1.jpg\" alt=\"\" class=\"wp-image-2611\"\/><\/figure>\n<\/div><\/div>\n\n\n\n<div class=\"wp-block-column eplus-wrapper is-layout-flow wp-block-column-is-layout-flow\">\n<h5 class=\"wp-block-heading eplus-wrapper\"><strong><strong>R\u00f3bert L\u00e1nyi<\/strong><\/strong><\/h5>\n\n\n\n<p class=\"eplus-wrapper translation-block\">IT specialist, managing director of Passeum Kft., with nearly 20 years of experience in the\ndevelopment of enterprise management and ticketing systems. His experience in leading IT\nproject teams and developing complex systems is essential for the technological\nimplementation of the project.<\/p>\n<\/div>\n<\/div>\n\n\n\n<div style=\"height:40px\" aria-hidden=\"true\" class=\"wp-block-spacer eplus-wrapper\"><\/div>\n\n\n\n<div class=\"wp-block-columns ep-custom-column eplus-wrapper is-layout-flex wp-container-core-columns-is-layout-2edb0647 wp-block-columns-is-layout-flex\" style=\"margin-top:0;margin-bottom:0\">\n<div class=\"wp-block-column eplus-wrapper is-layout-flow wp-block-column-is-layout-flow\" style=\"flex-basis:15%\"><div class=\"wp-block-image csapatikon eplus-wrapper\">\n<figure class=\"alignleft size-full\"><img loading=\"lazy\" decoding=\"async\" width=\"92\" height=\"92\" src=\"https:\/\/ailabor.appsters.me\/wp-content\/uploads\/2024\/06\/Nagyilles-Janos-1.jpg\" alt=\"\" class=\"wp-image-2610\"\/><\/figure>\n<\/div><\/div>\n\n\n\n<div class=\"wp-block-column eplus-wrapper is-layout-flow wp-block-column-is-layout-flow\">\n<h5 class=\"wp-block-heading eplus-wrapper\"><strong><strong>Dr. J\u00e1nos Nagyill\u00e9s<\/strong><\/strong><\/h5>\n\n\n\n<p class=\"eplus-wrapper\">University associate professor, language teacher, and literary translator, who specializes in the\nphilological exploration and analysis of ancient Latin and Greek texts. His extensive\nexperience in the study of languages and literature, along with his knowledge of digital\ntechnology, greatly contributes to the success of the J\u00f3k.ai project.<\/p>\n<\/div>\n<\/div>\n\n\n\n<div style=\"height:40px\" aria-hidden=\"true\" class=\"wp-block-spacer eplus-wrapper\"><\/div>\n\n\n\n<div class=\"wp-block-columns ep-custom-column eplus-wrapper is-layout-flex wp-container-core-columns-is-layout-2edb0647 wp-block-columns-is-layout-flex\" style=\"margin-top:0;margin-bottom:0\">\n<div class=\"wp-block-column eplus-wrapper is-layout-flow wp-block-column-is-layout-flow\" style=\"flex-basis:15%\"><div class=\"wp-block-image csapatikon eplus-wrapper\">\n<figure class=\"alignleft size-full\"><img loading=\"lazy\" decoding=\"async\" width=\"92\" height=\"92\" src=\"https:\/\/ailabor.appsters.me\/wp-content\/uploads\/2024\/06\/Nemeth-Tamas-1.jpg\" alt=\"\" class=\"wp-image-2609\"\/><\/figure>\n<\/div><\/div>\n\n\n\n<div class=\"wp-block-column eplus-wrapper is-layout-flow wp-block-column-is-layout-flow\">\n<h5 class=\"wp-block-heading eplus-wrapper\"><strong><strong>Tam\u00e1s N\u00e9meth<\/strong><\/strong><\/h5>\n\n\n\n<p class=\"eplus-wrapper translation-block\">Hungarian language teacher at the Pannonhalma Benedictine High School and author of\nseveral textbooks. He developed the educational aspect of the project, including curricula and\nindependent tasks. He ensures that the site meets pedagogical expectations.<\/p>\n<\/div>\n<\/div>\n\n\n\n<div style=\"height:40px\" aria-hidden=\"true\" class=\"wp-block-spacer eplus-wrapper\"><\/div>\n\n\n\n<div class=\"wp-block-columns ep-custom-column eplus-wrapper is-layout-flex wp-container-core-columns-is-layout-2edb0647 wp-block-columns-is-layout-flex\" style=\"margin-top:0;margin-bottom:0\">\n<div class=\"wp-block-column eplus-wrapper is-layout-flow wp-block-column-is-layout-flow\" style=\"flex-basis:15%\"><div class=\"wp-block-image csapatikon eplus-wrapper\">\n<figure class=\"alignleft size-full\"><img loading=\"lazy\" decoding=\"async\" width=\"92\" height=\"92\" src=\"https:\/\/ailabor.appsters.me\/wp-content\/uploads\/2024\/06\/Nyiro-Andras-1.jpg\" alt=\"\" class=\"wp-image-2608\"\/><\/figure>\n<\/div><\/div>\n\n\n\n<div class=\"wp-block-column eplus-wrapper is-layout-flow wp-block-column-is-layout-flow\">\n<h5 class=\"wp-block-heading eplus-wrapper\"><strong><strong>Dr. Andr\u00e1s Ny\u00edr\u0151<\/strong><\/strong><\/h5>\n\n\n\n<p class=\"eplus-wrapper\">Project leader, historian, and sociologist with significant experience in IT development. He\ngained experience in digital content development as the founding editor-in-chief of Index and\nthe content development director at Westel. His areas of interest include the human impacts\nand ethical issues of artificial intelligence.<\/p>\n<\/div>\n<\/div>\n\n\n\n<div style=\"height:40px\" aria-hidden=\"true\" class=\"wp-block-spacer eplus-wrapper\"><\/div>\n\n\n\n<div class=\"wp-block-columns ep-custom-column eplus-wrapper is-layout-flex wp-container-core-columns-is-layout-2edb0647 wp-block-columns-is-layout-flex\" style=\"margin-top:0;margin-bottom:0\">\n<div class=\"wp-block-column eplus-wrapper is-layout-flow wp-block-column-is-layout-flow\" style=\"flex-basis:15%\"><div class=\"wp-block-image csapatikon eplus-wrapper\">\n<figure class=\"alignleft size-full\"><img loading=\"lazy\" decoding=\"async\" width=\"92\" height=\"92\" src=\"https:\/\/ailabor.appsters.me\/wp-content\/uploads\/2024\/06\/Szakadat-Istvan-1.jpg\" alt=\"\" class=\"wp-image-2607\"\/><\/figure>\n<\/div><\/div>\n\n\n\n<div class=\"wp-block-column eplus-wrapper is-layout-flow wp-block-column-is-layout-flow\">\n<h5 class=\"wp-block-heading eplus-wrapper\"><strong><strong><strong>Dr.  Istv\u00e1n Szakad\u00e1t<\/strong><\/strong><\/strong><\/h5>\n\n\n\n<p class=\"eplus-wrapper\">Sociologist and mathematical engineer, university lecturer, who participated in projects aimed\nat the digital transformation of national public collections, such as the film history database of\nthe Hungarian Film Institute and the launch of NAVA. His extensive experience in the digital\ntransformation of cultural databases is crucial for the project.<\/p>\n<\/div>\n<\/div>\n\n\n\n<p class=\"eplus-wrapper\"><\/p>\n\n\n\n<p class=\"eplus-wrapper\"><\/p>\n\n\n\n<div style=\"height:40px\" aria-hidden=\"true\" class=\"wp-block-spacer eplus-wrapper\"><\/div>\n<\/div><\/div>\n<\/div><\/div>\n\n\n\n<div class=\"wp-block-group group-900 eplus-wrapper\"><div class=\"wp-block-group__inner-container is-layout-constrained wp-block-group-is-layout-constrained\">\n<h4 class=\"wp-block-heading eplus-wrapper\">The team members working on web, AI-based, and design tasks:<\/h4>\n\n\n\n<p class=\"eplus-wrapper translation-block\"><strong>\u00c1kos Szil\u00e1gyi<br><\/strong>Project Coordination<\/p>\n\n\n\n<p class=\"eplus-wrapper\"><strong>Luk\u00e1cs Bence, Boncz B\u00e1lint, Koltai Bal\u00e1zs<br><\/strong>AI and Database Integration<\/p>\n\n\n\n<p class=\"eplus-wrapper translation-block\"><strong>Edit Sz\u00e1raz, Gr\u00e9ta Kocsis<\/strong>\n<br> Editing and verification<\/p>\n\n\n\n<p class=\"eplus-wrapper translation-block\"><strong>Dalma Micskei, Aliz Bukovics, M\u00e1t\u00e9 Fek\u00e9cs<\/strong>\n<br>Communication and image<\/p>\n\n\n\n<p class=\"eplus-wrapper translation-block\"><strong>Zita Szil\u00e1gyi<\/strong>\n<br>Web development<\/p>\n\n\n\n<p class=\"eplus-wrapper translation-block\"><strong>Lozs\u00e1di D\u00e1niel<\/strong><br>Management<\/p>\n\n\n\n<p class=\"eplus-wrapper\">These professionals are working together to ensure the successful implementation of the\nJ\u00f3k.ai project and contribute to the digital preservation and dissemination of Hungarian\nculture.<\/p>\n\n\n\n<div style=\"height:40px\" aria-hidden=\"true\" class=\"wp-block-spacer eplus-wrapper\"><\/div>\n<\/div><\/div>","protected":false},"excerpt":{"rendered":"<p>A J\u00f3k.ai Labor csapat\u00e1ban sz\u00e1mos tapasztalt \u00e9s lelkes szakember vesz r\u00e9szt. A k\u00f6z\u00f6s c\u00e9l\u00e9rt egy\u00fctt dolgoznak zenei szak\u00edr\u00f3k, b\u00f6lcs\u00e9szek, informatikusok, marketing szak\u00e9rt\u0151k, \u00e9s jog\u00e1szok. Sokf\u00e9le tud\u00e1s \u00f6sszegz\u0151dik, amire sz\u00fcks\u00e9g is van, hiszen a mesters\u00e9ges intelligencia az \u00e9let\u00fcnk minden ter\u00fclet\u00e9re hat\u00e1ssal van. Dr. Bendzs\u00e1k Katalin Jog\u00e1szk\u00e9nt 16 \u00e9ve dolgozik kultur\u00e1lis ter\u00fcleten, sz\u00e9lesk\u00f6r\u0171 tapasztalattal a jogi k\u00e9rd\u00e9sek&#8230;<\/p>","protected":false},"author":5,"featured_media":0,"parent":0,"menu_order":0,"comment_status":"closed","ping_status":"closed","template":"","meta":{"_eb_attr":"","inline_featured_image":false,"_kad_post_transparent":"","_kad_post_title":"","_kad_post_layout":"","_kad_post_sidebar_id":"","_kad_post_content_style":"","_kad_post_vertical_padding":"","_kad_post_feature":"","_kad_post_feature_position":"","_kad_post_header":false,"_kad_post_footer":false,"footnotes":""},"class_list":["post-162","page","type-page","status-publish","hentry"],"_links":{"self":[{"href":"https:\/\/ailabor.appsters.me\/en\/wp-json\/wp\/v2\/pages\/162","targetHints":{"allow":["GET"]}}],"collection":[{"href":"https:\/\/ailabor.appsters.me\/en\/wp-json\/wp\/v2\/pages"}],"about":[{"href":"https:\/\/ailabor.appsters.me\/en\/wp-json\/wp\/v2\/types\/page"}],"author":[{"embeddable":true,"href":"https:\/\/ailabor.appsters.me\/en\/wp-json\/wp\/v2\/users\/5"}],"replies":[{"embeddable":true,"href":"https:\/\/ailabor.appsters.me\/en\/wp-json\/wp\/v2\/comments?post=162"}],"version-history":[{"count":34,"href":"https:\/\/ailabor.appsters.me\/en\/wp-json\/wp\/v2\/pages\/162\/revisions"}],"predecessor-version":[{"id":3411,"href":"https:\/\/ailabor.appsters.me\/en\/wp-json\/wp\/v2\/pages\/162\/revisions\/3411"}],"wp:attachment":[{"href":"https:\/\/ailabor.appsters.me\/en\/wp-json\/wp\/v2\/media?parent=162"}],"curies":[{"name":"wp","href":"https:\/\/api.w.org\/{rel}","templated":true}]}}