{"id":21,"date":"2024-04-08T10:40:04","date_gmt":"2024-04-08T10:40:04","guid":{"rendered":"https:\/\/ailabor.appsters.me\/?page_id=21"},"modified":"2024-04-10T05:29:21","modified_gmt":"2024-04-10T05:29:21","slug":"jok-ai","status":"publish","type":"page","link":"https:\/\/ailabor.appsters.me\/en\/jok-ai\/","title":{"rendered":"Szeretet \u00e9s szerelem"},"content":{"rendered":"<p>\u00dcdv\u00f6zl\u00fcnk a szeretet \u00e9s szerelem k\u00fcl\u00f6nleges birodalm\u00e1ban, ahol J\u00f3kai M\u00f3r \u00f6r\u00f6kz\u00f6ld m\u0171veinek t\u00fckr\u00e9ben felfedezhetj\u00fck e k\u00e9t emberi \u00e9rzelem minden sz\u00e9ps\u00e9g\u00e9t \u00e9s \u00f6sszetetts\u00e9g\u00e9t. Az al\u00e1bbiakban a szeretet \u00e9s szerelem k\u00fcl\u00f6nb\u00f6z\u0151 \u00e1rnyalatait t\u00e1rjuk fel, az AI technol\u00f3gi\u00e1nk seg\u00edts\u00e9g\u00e9vel hozzuk k\u00f6zelebb J\u00f3kait a mai olvas\u00f3k sz\u00edv\u00e9hez.&nbsp;<\/p>\n\n\n\n<p>A szeretet \u00e9s a szerelem az irodalom \u00f6r\u00f6k t\u00e9m\u00e1ja, mely \u00e1t\u00edvel id\u0151n \u00e9s t\u00e9ren, \u00e9rv\u00e9ny\u00e9t nem befoly\u00e1solj\u00e1k a kult\u00far\u00e1k \u00e9s korok v\u00e1ltoz\u00e1sai. J\u00f3kai M\u00f3r m\u0171veiben ezek az \u00e9rzelmeket k\u00fcl\u00f6n\u00f6sen gazdagon \u00e9s sokr\u00e9t\u0171en \u00e1br\u00e1zolja \u00e9s megragadja a szeretet emberi l\u00e9lekben bet\u00f6lt\u00f6tt szerep\u00e9nek m\u00e9lys\u00e9geit \u00e9s magass\u00e1gait is.&nbsp;<\/p>\n\n\n\n<p>&#8222;A sz\u00edvnek megvan az a csod\u00e1latos k\u00e9pess\u00e9ge, hogy min\u00e9l t\u00f6bbet ad, ann\u00e1l t\u00f6bbre v\u00e1lik k\u00e9pess\u00e9.&#8221; &#8211; mondta a szerz\u0151. Ebben a blokkban, az AI technol\u00f3gi\u00e1nk seg\u00edts\u00e9g\u00e9vel fejlesztett tartalmakkal t\u00f6reksz\u00fcnk arra, hogy bemutassuk, milyen fontos szerepet j\u00e1tszik a szeretet \u00e9s szerelem az emberek \u00e9let\u00e9ben, \u00e9s hogyan hatja \u00e1t J\u00f3kai m\u0171veit is.&nbsp;<\/p>\n\n\n\n<p>J\u00f3kai a szeretetet \u00e9s a szerelmet nem csup\u00e1n mint \u00e9rzelmeket, hanem mint az emberi l\u00e9tez\u00e9s alapk\u00f6veit \u00e1br\u00e1zolta. &#8222;Aki szeret, az meg\u00f6regedni sem tud; a sz\u00edv, ha szeret, \u00f6r\u00f6kk\u00e9 fiatal marad.&#8221; &#8211; \u00edrta valahol. Ez az id\u00e9zet t\u00f6k\u00e9letesen t\u00fckr\u00f6zi, hogy a szeretet \u00e9s szerelem id\u0151tlen er\u0151k, amelyek k\u00e9pesek megtartani ifj\u00fas\u00e1gunkat \u00e9s \u00e9letkedv\u00fcnket.&nbsp;<\/p>\n\n\n\n<p>Az itt tal\u00e1lhat\u00f3 tartalmak, az AI \u00e1ltal el\u0151\u00e1ll\u00edtott, \u00faj kontextusba helyezett id\u00e9zetek \u00e9s elemz\u00e9sek, kv\u00edzek \u00e9s m\u00e1s eszk\u00f6z\u00f6k modern utaz\u00e1sra h\u00edvnak benn\u00fcnket J\u00f3kai szeretet- \u00e9s szerelemfiloz\u00f3fi\u00e1j\u00e1n kereszt\u00fcl. Olyan utaz\u00e1sra, amely nem csak el\u00e9rhet\u0151v\u00e9 teszi a m\u00falt irodalmi kincseit, hanem lehet\u0151s\u00e9get ad arra is, hogy&nbsp;\u00fajra\u00e9rtelmezz\u00fck&nbsp;\u00e9s saj\u00e1t \u00e9let\u00fcnkbe illessz\u00fck \u0151ket.&nbsp;<\/p>\n\n\n\n<p>L\u00e9pj be vel\u00fcnk J\u00f3kai szeretet \u00e9s szerelem \u00e1ltal \u00e1thatott vil\u00e1g\u00e1ba, \u00e9s fedezd fel, hogy hogyan form\u00e1lt\u00e1k akkor \u00e9s form\u00e1lj\u00e1k ma is ezek az \u00e9rzelmek \u00e9let\u00fcnk legfontosabb pillanatait. Az AI technol\u00f3gia \u00e1ltal k\u00edn\u00e1lt \u00faj perspekt\u00edv\u00e1k \u00e9s a klasszikus sz\u00f6vegek var\u00e1zslatos kever\u00e9ke r\u00e9v\u00e9n a szeretet \u00e9s szerelem t\u00e9m\u00e1ja \u00faj \u00e9letre kel ezen az oldalon.<\/p>","protected":false},"excerpt":{"rendered":"<p>\u00dcdv\u00f6zl\u00fcnk a szeretet \u00e9s szerelem k\u00fcl\u00f6nleges birodalm\u00e1ban, ahol J\u00f3kai M\u00f3r \u00f6r\u00f6kz\u00f6ld m\u0171veinek t\u00fckr\u00e9ben felfedezhetj\u00fck e k\u00e9t emberi \u00e9rzelem minden sz\u00e9ps\u00e9g\u00e9t \u00e9s \u00f6sszetetts\u00e9g\u00e9t. Az al\u00e1bbiakban a szeretet \u00e9s szerelem k\u00fcl\u00f6nb\u00f6z\u0151 \u00e1rnyalatait t\u00e1rjuk fel, az AI technol\u00f3gi\u00e1nk seg\u00edts\u00e9g\u00e9vel hozzuk k\u00f6zelebb J\u00f3kait a mai olvas\u00f3k sz\u00edv\u00e9hez.&nbsp; A szeretet \u00e9s a szerelem az irodalom \u00f6r\u00f6k t\u00e9m\u00e1ja, mely \u00e1t\u00edvel id\u0151n&#8230;<\/p>","protected":false},"author":4,"featured_media":0,"parent":0,"menu_order":0,"comment_status":"closed","ping_status":"closed","template":"","meta":{"_eb_attr":"","inline_featured_image":false,"_kad_post_transparent":"","_kad_post_title":"","_kad_post_layout":"","_kad_post_sidebar_id":"","_kad_post_content_style":"","_kad_post_vertical_padding":"","_kad_post_feature":"","_kad_post_feature_position":"","_kad_post_header":false,"_kad_post_footer":false,"footnotes":""},"class_list":["post-21","page","type-page","status-publish","hentry"],"_links":{"self":[{"href":"https:\/\/ailabor.appsters.me\/en\/wp-json\/wp\/v2\/pages\/21","targetHints":{"allow":["GET"]}}],"collection":[{"href":"https:\/\/ailabor.appsters.me\/en\/wp-json\/wp\/v2\/pages"}],"about":[{"href":"https:\/\/ailabor.appsters.me\/en\/wp-json\/wp\/v2\/types\/page"}],"author":[{"embeddable":true,"href":"https:\/\/ailabor.appsters.me\/en\/wp-json\/wp\/v2\/users\/4"}],"replies":[{"embeddable":true,"href":"https:\/\/ailabor.appsters.me\/en\/wp-json\/wp\/v2\/comments?post=21"}],"version-history":[{"count":3,"href":"https:\/\/ailabor.appsters.me\/en\/wp-json\/wp\/v2\/pages\/21\/revisions"}],"predecessor-version":[{"id":69,"href":"https:\/\/ailabor.appsters.me\/en\/wp-json\/wp\/v2\/pages\/21\/revisions\/69"}],"wp:attachment":[{"href":"https:\/\/ailabor.appsters.me\/en\/wp-json\/wp\/v2\/media?parent=21"}],"curies":[{"name":"wp","href":"https:\/\/api.w.org\/{rel}","templated":true}]}}