{"id":219,"date":"2024-04-25T09:41:18","date_gmt":"2024-04-25T09:41:18","guid":{"rendered":"https:\/\/ailabor.appsters.me\/?page_id=219"},"modified":"2024-08-26T11:48:30","modified_gmt":"2024-08-26T11:48:30","slug":"galeria-bevezeto","status":"publish","type":"page","link":"https:\/\/ailabor.appsters.me\/en\/gallery-introduction\/","title":{"rendered":"Introduction"},"content":{"rendered":"<div style=\"background-image:url(&apos;https:\/\/ailabor.appsters.me\/wp-content\/uploads\/2024\/06\/Ellipse-4.png&apos;);background-position:50% 30%;background-size:cover;\" class=\"wp-block-group has-background\"><div class=\"wp-block-group__inner-container is-layout-constrained wp-block-group-is-layout-constrained\">\n<div class=\"wp-block-group group-1240\"><div class=\"wp-block-group__inner-container is-layout-constrained wp-block-group-is-layout-constrained\">\n<p class=\"translation-block\">Artificial intelligence creates spectacular images based on J\u00f3kai's descriptions of people and landscapes. We don't consider this to be art, because art is a message that speaks from one soul to another. The machine has no soul, so it is not an artist; it is just a tool. It is better than our previous tools; just think of the silly posters made with Corel Draw a decade ago. Our new tool quickly and efficiently creates spectacular images, helping to visualize situations.<\/p>\n\n\n\n<p>How popular are these images? In our survey, 200 high school and university students responded. They rated each image on a scale of 1-10 and provided their opinions. From this, we developed a popularity index, with a maximum of 2000 points. It is evident that even the best images received ratings below 1000 points. Nonetheless, it offers an interesting snapshot of the reception of the new visuality that artificial intelligence can provide today, in 2024.<\/p>\n\n\n\n<p>Based on the descriptions of our author J\u00f3kai, the J\u00f3k.ai GPT quickly and efficiently creates spectacular images, providing an interesting snapshot of AI's visuality in 2024. We measured the popularity of the images with a survey, in which we created a popularity index where each image could receive a maximum of 2000 points. The images are arranged in the following three galleries based on their popularity.<\/p>\n\n\n\n<div class=\"wp-block-columns is-layout-flex wp-container-core-columns-is-layout-9d6595d7 wp-block-columns-is-layout-flex\">\n<div class=\"wp-block-column is-layout-flow wp-block-column-is-layout-flow\">\n<div class=\"wp-block-buttons is-content-justification-center is-layout-flex wp-container-core-buttons-is-layout-16018d1d wp-block-buttons-is-layout-flex\">\n<div class=\"wp-block-button\"><a class=\"wp-block-button__link wp-element-button\" href=\"https:\/\/ailabor.appsters.me\/en\/top-selection\/\">Top selection<\/a><\/div>\n<\/div>\n<\/div>\n\n\n\n<div class=\"wp-block-column is-layout-flow wp-block-column-is-layout-flow\">\n<div class=\"wp-block-buttons is-content-justification-center is-layout-flex wp-container-core-buttons-is-layout-16018d1d wp-block-buttons-is-layout-flex\">\n<div class=\"wp-block-button\"><a class=\"wp-block-button__link has-text-align-center wp-element-button\" href=\"https:\/\/ailabor.appsters.me\/en\/favourites\/\">Favourites<\/a><\/div>\n<\/div>\n<\/div>\n\n\n\n<div class=\"wp-block-column is-layout-flow wp-block-column-is-layout-flow\">\n<div class=\"wp-block-buttons is-content-justification-center is-layout-flex wp-container-core-buttons-is-layout-16018d1d wp-block-buttons-is-layout-flex\">\n<div class=\"wp-block-button\"><a class=\"wp-block-button__link wp-element-button\" href=\"https:\/\/ailabor.appsters.me\/en\/hidden-treasures\/\">Hidden Treasures<\/a><\/div>\n<\/div>\n<\/div>\n<\/div>\n\n\n\n<div style=\"height:40px\" aria-hidden=\"true\" class=\"wp-block-spacer\"><\/div>\n<\/div><\/div>\n<\/div><\/div>","protected":false},"excerpt":{"rendered":"<p>A mesters\u00e9ges intelligencia l\u00e1tv\u00e1nyos k\u00e9peket alkot J\u00f3kai szem\u00e9ly- \u00e9s t\u00e1jle\u00edr\u00e1sai alapj\u00e1n. Nem azt gondoljuk, hogy ez m\u0171v\u00e9szet lenne, mert a m\u0171v\u00e9szet olyan \u00fczenet ami az egyik l\u00e9lekt\u0151l a m\u00e1sikig sz\u00f3l. A g\u00e9pnek nincs lelke, ez\u00e9rt nem is m\u0171v\u00e9sz, ez csak egy eszk\u00f6z. (L\u00e1sd Horv\u00e1th Judit \u00edr\u00e1s\u00e1t.) Jobb, mint a kor\u00e1bbi eszk\u00f6zeink, gondoljunk csak az egy&#8230;<\/p>","protected":false},"author":5,"featured_media":0,"parent":0,"menu_order":0,"comment_status":"closed","ping_status":"closed","template":"","meta":{"_eb_attr":"","inline_featured_image":false,"_kad_post_transparent":"","_kad_post_title":"","_kad_post_layout":"","_kad_post_sidebar_id":"","_kad_post_content_style":"","_kad_post_vertical_padding":"","_kad_post_feature":"","_kad_post_feature_position":"","_kad_post_header":false,"_kad_post_footer":false,"footnotes":""},"class_list":["post-219","page","type-page","status-publish","hentry"],"_links":{"self":[{"href":"https:\/\/ailabor.appsters.me\/en\/wp-json\/wp\/v2\/pages\/219","targetHints":{"allow":["GET"]}}],"collection":[{"href":"https:\/\/ailabor.appsters.me\/en\/wp-json\/wp\/v2\/pages"}],"about":[{"href":"https:\/\/ailabor.appsters.me\/en\/wp-json\/wp\/v2\/types\/page"}],"author":[{"embeddable":true,"href":"https:\/\/ailabor.appsters.me\/en\/wp-json\/wp\/v2\/users\/5"}],"replies":[{"embeddable":true,"href":"https:\/\/ailabor.appsters.me\/en\/wp-json\/wp\/v2\/comments?post=219"}],"version-history":[{"count":23,"href":"https:\/\/ailabor.appsters.me\/en\/wp-json\/wp\/v2\/pages\/219\/revisions"}],"predecessor-version":[{"id":3123,"href":"https:\/\/ailabor.appsters.me\/en\/wp-json\/wp\/v2\/pages\/219\/revisions\/3123"}],"wp:attachment":[{"href":"https:\/\/ailabor.appsters.me\/en\/wp-json\/wp\/v2\/media?parent=219"}],"curies":[{"name":"wp","href":"https:\/\/api.w.org\/{rel}","templated":true}]}}