{"id":2264,"date":"2024-06-25T11:34:45","date_gmt":"2024-06-25T11:34:45","guid":{"rendered":"https:\/\/ailabor.appsters.me\/?page_id=2264"},"modified":"2024-08-28T13:39:47","modified_gmt":"2024-08-28T13:39:47","slug":"chatgpt-kulturalis-ujsagirok-szamara-tanfolyam","status":"publish","type":"page","link":"https:\/\/ailabor.appsters.me\/en\/chatgpt-for-cultural-journalist-course\/","title":{"rendered":"ChatGPT for Cultural Journalists \u2013 Course"},"content":{"rendered":"<div style=\"background-image:url(&apos;https:\/\/ailabor.appsters.me\/wp-content\/uploads\/2024\/06\/Ellipse-3-4.png&apos;);background-position:100% 50%;background-repeat:no-repeat;background-size:contain;\" class=\"wp-block-group has-background\"><div class=\"wp-block-group__inner-container is-layout-constrained wp-block-group-is-layout-constrained\">\n<div class=\"wp-block-group group-1240\"><div class=\"wp-block-group__inner-container is-layout-constrained wp-block-group-is-layout-constrained\">\n<p>The downloadable material is an educational presentation on the application possibilities and\nusage of ChatGPT in various office and other environments. This 3\u00d71-hour training\ndemonstrates how to effectively use artificial intelligence and ChatGPT in a cultural\nmagazine&#039;s editorial office, with practical applications and exercises for specific tasks.<\/p>\n\n\n\n<p>Topics:<\/p>\n\n\n\n<p><strong>Introduction to ChatGPT<\/strong><\/p>\n\n\n\n<ul class=\"wp-block-list\">\n<li>&nbsp;&nbsp;&nbsp;&nbsp;Introduction to basic AI concepts and ChatGPT.<\/li>\n\n\n\n<li>&nbsp;&nbsp;&nbsp;&nbsp;Applications of ChatGPT in office environments.<\/li>\n\n\n\n<li>&nbsp;&nbsp;&nbsp;&nbsp;Exercises for writing emails and supporting foreign language correspondence.<\/li>\n<\/ul>\n\n\n\n<p><strong>ChatGPT in Editorial Environments<\/strong><\/p>\n\n\n\n<ul class=\"wp-block-list\">\n<li>A wide range of editorial tasks supported by ChatGPT, such as email management,\ndocument creation, research and data analysis, customer service, project\nmanagement, human resources, marketing, and financial tasks.<\/li>\n\n\n\n<li>Exercises and examples for these applications.<\/li>\n<\/ul>\n\n\n\n<p><strong>Data Management and Excel Integration<\/strong><\/p>\n\n\n\n<ul class=\"wp-block-list\">\n<li>Information retrieval using ChatGPT.<\/li>\n\n\n\n<li>Summarizing data and displaying it in tables.<\/li>\n\n\n\n<li>Creating, downloading, and managing Excel files.<\/li>\n<\/ul>\n\n\n\n<p><strong>Creative Writing<\/strong><\/p>\n\n\n\n<ul class=\"wp-block-list\">\n<li>Applying ChatGPT in writing and data management.<\/li>\n\n\n\n<li>Critical evaluation of results.<\/li>\n<\/ul>\n\n\n\n<p>The educational material provides a quick guide to using ChatGPT for various office and\neditorial tasks, showcasing its capabilities for increasing efficiency and automating\nworkflows. The practical exercises help participants master the use of ChatGPT in daily\nactivities, with particular emphasis on writing and data management tasks.<\/p>\n\n\n\n<div class=\"wp-block-group\"><div class=\"wp-block-group__inner-container is-layout-constrained wp-block-group-is-layout-constrained\">\n<\/div><\/div>\n\n\n\n<div class=\"wp-block-group\"><div class=\"wp-block-group__inner-container is-layout-constrained wp-block-group-is-layout-constrained\"><\/p>\n\n\n<p><div class=\"_df_book df-lite\" id=\"df_2964\"  _slug=\"training-1\" data-title=\"training-1\" wpoptions=\"true\" thumbtype=\"\" ><\/div><script class=\"df-shortcode-script\" nowprocket type=\"application\/javascript\">window.option_df_2964 = {\"outline\":[],\"autoEnableOutline\":\"false\",\"autoEnableThumbnail\":\"false\",\"overwritePDFOutline\":\"false\",\"direction\":\"1\",\"pageSize\":\"0\",\"source\":\"https:\\\/\\\/ailabor.appsters.me\\\/wp-content\\\/uploads\\\/2024\\\/08\\\/PPT-prezentacio-V2-ENG1.pdf\",\"wpOptions\":\"true\"}; if(window.DFLIP && window.DFLIP.parseBooks){window.DFLIP.parseBooks();}<\/script><\/p>\n\n\n\n<div style=\"height:100px\" aria-hidden=\"true\" class=\"wp-block-spacer\"><\/div>\n\n\n<p><div class=\"_df_book df-lite\" id=\"df_2966\"  _slug=\"training-2\" data-title=\"training-2\" wpoptions=\"true\" thumbtype=\"\" ><\/div><script class=\"df-shortcode-script\" nowprocket type=\"application\/javascript\">window.option_df_2966 = {\"outline\":[],\"autoEnableOutline\":\"false\",\"autoEnableThumbnail\":\"false\",\"overwritePDFOutline\":\"false\",\"direction\":\"1\",\"pageSize\":\"0\",\"source\":\"https:\\\/\\\/ailabor.appsters.me\\\/wp-content\\\/uploads\\\/2024\\\/08\\\/PPT-prezentacio-V2-ENG2.pdf\",\"wpOptions\":\"true\"}; if(window.DFLIP && window.DFLIP.parseBooks){window.DFLIP.parseBooks();}<\/script><\/p>\n\n\n\n<div style=\"height:100px\" aria-hidden=\"true\" class=\"wp-block-spacer\"><\/div>\n\n\n<p><div class=\"_df_book df-lite\" id=\"df_2968\"  _slug=\"training-3\" data-title=\"training-3\" wpoptions=\"true\" thumbtype=\"\" ><\/div><script class=\"df-shortcode-script\" nowprocket type=\"application\/javascript\">window.option_df_2968 = {\"outline\":[],\"autoEnableOutline\":\"false\",\"autoEnableThumbnail\":\"false\",\"overwritePDFOutline\":\"false\",\"direction\":\"1\",\"pageSize\":\"0\",\"source\":\"https:\\\/\\\/ailabor.appsters.me\\\/wp-content\\\/uploads\\\/2024\\\/08\\\/UJ-PPT-prezentacio-V2-ENG3.pdf\",\"wpOptions\":\"true\"}; if(window.DFLIP && window.DFLIP.parseBooks){window.DFLIP.parseBooks();}<\/script><\/p>\n\n\n\n<div style=\"height:100px\" aria-hidden=\"true\" class=\"wp-block-spacer\"><\/div>\n\n\n<p>\n<\/div><\/div>\n\n\n\n<div class=\"wp-block-group\"><div class=\"wp-block-group__inner-container is-layout-constrained wp-block-group-is-layout-constrained\">\n<\/div><\/div>\n<\/div><\/div>\n<\/div><\/div>","protected":false},"excerpt":{"rendered":"<p>A let\u00f6lthet\u0151 anyag egy oktat\u00e1si prezent\u00e1ci\u00f3 a ChatGPT alkalmaz\u00e1si lehet\u0151s\u00e9geir\u0151l \u00e9s annak haszn\u00e1lat\u00e1r\u00f3l k\u00fcl\u00f6nf\u00e9le irodai \u00e9s egy\u00e9b k\u00f6rnyezetekben. A 3&#215;1 \u00f3r\u00e1s k\u00e9pz\u00e9s bemutatja, hogy egy kultur\u00e1lis \u00fajs\u00e1g szerkeszt\u0151s\u00e9g\u00e9ben hogyan lehet hat\u00e9konyan haszn\u00e1lni a mesters\u00e9ges intelligenci\u00e1t \u00e9s a ChatGPT-t, gyakorlati alkalmaz\u00e1sait \u00e9s konkr\u00e9t feladatokra vonatkoz\u00f3 gyakorlatokat. T\u00e9m\u00e1k: Bevezet\u00e9s a ChatGPT-hez ChatGPT szerkeszt\u0151s\u00e9gi k\u00f6rnyezetben Adatkezel\u00e9s \u00e9s Excel&#8230;<\/p>","protected":false},"author":5,"featured_media":0,"parent":0,"menu_order":0,"comment_status":"closed","ping_status":"closed","template":"","meta":{"_eb_attr":"","inline_featured_image":false,"_kad_post_transparent":"","_kad_post_title":"","_kad_post_layout":"","_kad_post_sidebar_id":"","_kad_post_content_style":"","_kad_post_vertical_padding":"","_kad_post_feature":"","_kad_post_feature_position":"","_kad_post_header":false,"_kad_post_footer":false,"footnotes":""},"class_list":["post-2264","page","type-page","status-publish","hentry"],"_links":{"self":[{"href":"https:\/\/ailabor.appsters.me\/en\/wp-json\/wp\/v2\/pages\/2264","targetHints":{"allow":["GET"]}}],"collection":[{"href":"https:\/\/ailabor.appsters.me\/en\/wp-json\/wp\/v2\/pages"}],"about":[{"href":"https:\/\/ailabor.appsters.me\/en\/wp-json\/wp\/v2\/types\/page"}],"author":[{"embeddable":true,"href":"https:\/\/ailabor.appsters.me\/en\/wp-json\/wp\/v2\/users\/5"}],"replies":[{"embeddable":true,"href":"https:\/\/ailabor.appsters.me\/en\/wp-json\/wp\/v2\/comments?post=2264"}],"version-history":[{"count":10,"href":"https:\/\/ailabor.appsters.me\/en\/wp-json\/wp\/v2\/pages\/2264\/revisions"}],"predecessor-version":[{"id":3376,"href":"https:\/\/ailabor.appsters.me\/en\/wp-json\/wp\/v2\/pages\/2264\/revisions\/3376"}],"wp:attachment":[{"href":"https:\/\/ailabor.appsters.me\/en\/wp-json\/wp\/v2\/media?parent=2264"}],"curies":[{"name":"wp","href":"https:\/\/api.w.org\/{rel}","templated":true}]}}