{"id":3204,"date":"2024-08-27T06:27:58","date_gmt":"2024-08-27T06:27:58","guid":{"rendered":"https:\/\/ailabor.appsters.me\/?page_id=3204"},"modified":"2024-08-27T07:59:17","modified_gmt":"2024-08-27T07:59:17","slug":"jokai-es-az-emberiseg-osi-nyelve","status":"publish","type":"page","link":"https:\/\/ailabor.appsters.me\/en\/jokai-es-az-emberiseg-osi-nyelve\/","title":{"rendered":"J\u00f3kai \u00e9s az emberis\u00e9g \u0151si nyelve"},"content":{"rendered":"<div style=\"background-image:url(&apos;https:\/\/ailabor.appsters.me\/wp-content\/uploads\/2024\/06\/Ellipse-3-4.png&apos;);background-position:100% 50%;background-repeat:no-repeat;background-size:contain;\" class=\"wp-block-group has-background\"><div class=\"wp-block-group__inner-container is-layout-constrained wp-block-group-is-layout-constrained\">\n<div class=\"wp-block-group group-1240\"><div class=\"wp-block-group__inner-container is-layout-constrained wp-block-group-is-layout-constrained\">\n<h4 class=\"wp-block-heading\"><strong>J\u00f3kai egyes reg\u00e9nyeiben foglalkozik az \u0151si emberi nyelv k\u00e9rd\u00e9seivel is. Ez megjelenik Eg\u00e9sz az \u00e9szaki p\u00f3lusig c\u00edm\u0171 reg\u00e9ny\u00e9ben, az adatb\u00e1zisodban szerepl\u0151 reg\u00e9nyek k\u00f6z\u00fcl pedig a Fekete gy\u00e9m\u00e1ntok bevezet\u0151 fejezeteiben. Dolgozd ki r\u00e9szletesen ezt a k\u00e9rd\u00e9st: mit \u00edrt J\u00f3kai M\u00f3r az \u0151si emberi nyelvr\u0151l. Haszn\u00e1ld az adatb\u00e1zisodban szerepl\u0151 sz\u00f6vegeket \u00e9s k\u00fcls\u0151 forr\u00e1sokat is.<\/strong><\/h4>\n\n\n\n<figure class=\"wp-block-image size-full is-resized\"><img loading=\"lazy\" decoding=\"async\" width=\"1000\" height=\"235\" src=\"https:\/\/ailabor.appsters.me\/wp-content\/uploads\/2024\/06\/robot_v2_horizont-1-1.gif\" alt=\"\" class=\"wp-image-2482\" style=\"width:200px;height:auto\"\/><\/figure>\n\n\n\n<p>J\u00f3kai M\u00f3r reg\u00e9nyeiben visszat\u00e9r\u0151 mot\u00edvumk\u00e9nt jelenik meg az \u0151si emberi nyelv k\u00e9rd\u00e9se, amely k\u00fcl\u00f6n\u00f6sen az emberi kommunik\u00e1ci\u00f3 eredet\u00e9re \u00e9s a nyelvek k\u00f6z\u00f6s gy\u00f6kereire f\u00f3kusz\u00e1l. Ezt a t\u00e9m\u00e1t t\u00f6bb m\u0171v\u00e9ben is \u00e9rinti, \u00edgy az <em>Eg\u00e9sz az \u00e9szaki p\u00f3lusig<\/em> c\u00edm\u0171 reg\u00e9ny\u00e9ben, valamint a <em>Fekete gy\u00e9m\u00e1ntok<\/em> c\u00edm\u0171 m\u0171 reg\u00e9ny bevezet\u0151 fejezeteiben is.<\/p>\n\n\n\n<h3 class=\"wp-block-heading\">Az \u0151si nyelv k\u00e9rd\u00e9se az <em>Eg\u00e9sz az \u00e9szaki p\u00f3lusig<\/em> c\u00edm\u0171 reg\u00e9nyben<\/h3>\n\n\n\n<p>Az Eg\u00e9sz az \u00e9szaki p\u00f3lusig c\u00edm\u0171 reg\u00e9ny\u00e9ben J\u00f3kai M\u00f3r az \u0151si emberi nyelv k\u00e9rd\u00e9s\u00e9t a fantasztikus elemekkel vegy\u00edtve t\u00e1rgyalja. A reg\u00e9ny szerepl\u0151i a vil\u00e1g rejtett, ismeretlen r\u00e9szeibe jutnak el, ahol egy \u0151si, elfeledett civiliz\u00e1ci\u00f3 nyomaira bukkannak. E civiliz\u00e1ci\u00f3 maradv\u00e1nyai k\u00f6z\u00f6tt tal\u00e1lhat\u00f3ak olyan \u00edr\u00e1sos \u00e9s sz\u00f3beli eml\u00e9kek, amelyek egy k\u00f6z\u00f6s, \u0151si nyelv megl\u00e9t\u00e9t sugallj\u00e1k.<\/p>\n\n\n\n<p>J\u00f3kai a t\u00f6rt\u00e9netben azt sugallja, hogy a vil\u00e1g k\u00fcl\u00f6nb\u00f6z\u0151 n\u00e9peinek \u00e9s nyelveinek k\u00f6z\u00f6s gy\u00f6k\u00e9re van, \u00e9s ez az emberis\u00e9g t\u00f6rt\u00e9net\u00e9nek kezdeti korszak\u00e1ig ny\u00falik vissza. Ez a nyelv, amelyr\u0151l \u00fagy gondolja, hogy eredetileg minden ember \u00e9rtette, k\u00e9s\u0151bb k\u00fcl\u00f6nf\u00e9le dialektusokra \u00e9s nyelvekre bomlott sz\u00e9t. A reg\u00e9nyben megjelen\u0151 gondolatok szerint az \u0151si nyelv nemcsak a kommunik\u00e1ci\u00f3 eszk\u00f6ze volt, hanem a tud\u00e1s \u00e9s a szellemi \u00f6r\u00f6ks\u00e9g meg\u0151rz\u00e9s\u00e9nek is alapvet\u0151 m\u00e9diuma.<\/p>\n\n\n\n<h3 class=\"wp-block-heading\">Az \u0151si nyelv k\u00e9rd\u00e9se a <em>Fekete gy\u00e9m\u00e1ntok<\/em> c\u00edm\u0171 reg\u00e9nyben<\/h3>\n\n\n\n<p>A Fekete gy\u00e9m\u00e1ntok c\u00edm\u0171 reg\u00e9ny bevezet\u0151 fejezeteiben J\u00f3kai hasonl\u00f3 k\u00e9rd\u00e9seket vet fel az \u0151si nyelvvel kapcsolatban, de itt ink\u00e1bb filoz\u00f3fiai \u00e9s t\u00f6rt\u00e9neti szempontb\u00f3l k\u00f6zel\u00edti meg a t\u00e9m\u00e1t. A reg\u00e9ny kezdet\u00e9n a szerz\u0151 elkalauzolja az olvas\u00f3t a f\u00f6ldt\u00f6rt\u00e9net t\u00e1voli m\u00faltj\u00e1ba, ahol az emberis\u00e9g eredet\u00e9vel \u00e9s az els\u0151 civiliz\u00e1ci\u00f3kkal foglalkozik.<\/p>\n\n\n\n<p>A reg\u00e9nyben J\u00f3kai az emberi kommunik\u00e1ci\u00f3 eredet\u00e9r\u0151l elm\u00e9lkedik, \u00e9s felt\u00e9telezi, hogy l\u00e9tezhetett egy \u0151si, k\u00f6z\u00f6s nyelv, amelyet az emberis\u00e9g kezdetben haszn\u00e1lt. Ezt az \u0151si nyelvet J\u00f3kai a term\u00e9szet nyelv\u00e9vel azonos\u00edtja, amelyben minden hang, minden sz\u00f3 az ember \u00e9s a term\u00e9szet k\u00f6zvetlen kapcsolat\u00e1t t\u00fckr\u00f6zte. Ez a nyelv nemcsak az emberi gondolatok k\u00f6zl\u00e9s\u00e9re szolg\u00e1lt, hanem a vil\u00e1g meg\u00e9rt\u00e9s\u00e9nek eszk\u00f6ze is volt.<\/p>\n\n\n\n<p>J\u00f3kai tov\u00e1bb\u00e1 azt sugallja, hogy ez az \u0151si nyelv id\u0151vel eltorzult, elvesztette eredeti tisztas\u00e1g\u00e1t, \u00e9s k\u00fcl\u00f6nb\u00f6z\u0151 nyelvekre szakadt. Ezzel egy\u00fctt az emberis\u00e9g egy r\u00e9sze elvesztette azt a k\u00f6zvetlen kapcsolatot a term\u00e9szettel \u00e9s a vil\u00e1ggal, amelyet ez a nyelv biztos\u00edtott.<\/p>\n<\/div><\/div>\n<\/div><\/div>\n\n\n\n<div style=\"background-image:url(&apos;https:\/\/ailabor.appsters.me\/wp-content\/uploads\/2024\/06\/Ellipse-4.png&apos;);background-position:50% 30%;background-size:cover;\" class=\"wp-block-group has-background\"><div class=\"wp-block-group__inner-container is-layout-constrained wp-block-group-is-layout-constrained\">\n<div class=\"wp-block-group group-1240\"><div class=\"wp-block-group__inner-container is-layout-constrained wp-block-group-is-layout-constrained\">\n<div class=\"wp-block-columns is-layout-flex wp-container-core-columns-is-layout-9d6595d7 wp-block-columns-is-layout-flex\">\n<div class=\"wp-block-column is-layout-flow wp-block-column-is-layout-flow\">\n<h3 class=\"wp-block-heading\">Nyelv \u00e9s civiliz\u00e1ci\u00f3<\/h3>\n\n\n\n<p>J\u00f3kai mindk\u00e9t eml\u00edtett reg\u00e9nyben vizsg\u00e1lja az \u0151si nyelv \u00e9s a civiliz\u00e1ci\u00f3 fejl\u0151d\u00e9s\u00e9nek \u00f6sszef\u00fcgg\u00e9seit. \u00dagy v\u00e9li, hogy a nyelv fejl\u0151d\u00e9se \u00e9s v\u00e1ltoz\u00e1sa szorosan \u00f6sszef\u00fcgg az emberi kult\u00far\u00e1k \u00e9s t\u00e1rsadalmak fejl\u0151d\u00e9s\u00e9vel. Az \u0151si nyelv elveszt\u00e9s\u00e9vel p\u00e1rhuzamosan az emberis\u00e9g is elt\u00e1volodott az egyszer\u0171, term\u00e9szetes \u00e9letm\u00f3dt\u00f3l, \u00e9s komplex, gyakran ellentmond\u00e1sos civiliz\u00e1ci\u00f3kat hozott l\u00e9tre.<\/p>\n\n\n\n<p>J\u00f3kai reg\u00e9nyeiben a nyelv nem csup\u00e1n egy kommunik\u00e1ci\u00f3s eszk\u00f6z, hanem a t\u00e1rsadalmi \u00e9s szellemi fejl\u0151d\u00e9s kulcsa is. Az \u0151si nyelv, amely a term\u00e9szet tiszta kifejez\u0151d\u00e9se volt, J\u00f3kai szem\u00e9ben egy idealiz\u00e1lt m\u00falt r\u00e9sze, amelyet az emberis\u00e9g tal\u00e1n soha nem tud visszaszerezni.<\/p>\n\n\n\n<p>J\u00f3kai M\u00f3r teh\u00e1t az \u0151si nyelv k\u00e9rd\u00e9s\u00e9t filoz\u00f3fiai, t\u00f6rt\u00e9neti \u00e9s irodalmi szempontb\u00f3l is vizsg\u00e1lta reg\u00e9nyeiben. Az <em>Eg\u00e9sz az \u00e9szaki p\u00f3lusig<\/em> \u00e9s a <em>Fekete gy\u00e9m\u00e1ntok<\/em> c\u00edm\u0171 m\u0171veiben a nyelvet a civiliz\u00e1ci\u00f3 fejl\u0151d\u00e9s\u00e9nek \u00e9s az emberi gondolkod\u00e1s v\u00e1ltoz\u00e1sainak t\u00fckr\u00e9ben \u00e1br\u00e1zolja. J\u00f3kai elk\u00e9pzel\u00e9se szerint az \u0151si emberi nyelv nemcsak a kommunik\u00e1ci\u00f3 eszk\u00f6ze volt, hanem az ember \u00e9s a term\u00e9szet k\u00f6z\u00f6tti kapcsolat kifejez\u0151d\u00e9se is. Ennek az \u0151si nyelvnek az elveszt\u00e9se \u00e9s a nyelvek sz\u00e9tt\u00f6redez\u00e9se pedig az emberis\u00e9g spiritu\u00e1lis \u00e9s kultur\u00e1lis elt\u00e1volod\u00e1s\u00e1nak jelk\u00e9pe. Ezek a gondolatok nemcsak J\u00f3kai saj\u00e1t nyelvi filoz\u00f3fi\u00e1j\u00e1t t\u00fckr\u00f6zik, hanem kapcsol\u00f3dnak ahhoz a sz\u00e9lesebb eszme\u00e1ramlathoz is, amely az \u0151si, egyetemes nyelv m\u00edtosz\u00e1val foglalkozik, \u00e9s amely sz\u00e1mos m\u00e1s 19. sz\u00e1zadi gondolkod\u00f3 m\u0171veiben is megjelenik.<\/p>\n<\/div>\n\n\n\n<div class=\"wp-block-column is-layout-flow wp-block-column-is-layout-flow\">\n<figure class=\"wp-block-image size-full\"><img loading=\"lazy\" decoding=\"async\" width=\"1024\" height=\"1024\" src=\"https:\/\/ailabor.appsters.me\/wp-content\/uploads\/2024\/08\/0010_osemberek-csoportban.webp\" alt=\"\" class=\"wp-image-3214\" srcset=\"https:\/\/ailabor.appsters.me\/wp-content\/uploads\/2024\/08\/0010_osemberek-csoportban.webp 1024w, https:\/\/ailabor.appsters.me\/wp-content\/uploads\/2024\/08\/0010_osemberek-csoportban-300x300.webp 300w, https:\/\/ailabor.appsters.me\/wp-content\/uploads\/2024\/08\/0010_osemberek-csoportban-150x150.webp 150w, https:\/\/ailabor.appsters.me\/wp-content\/uploads\/2024\/08\/0010_osemberek-csoportban-768x768.webp 768w, https:\/\/ailabor.appsters.me\/wp-content\/uploads\/2024\/08\/0010_osemberek-csoportban-400x400.webp 400w, https:\/\/ailabor.appsters.me\/wp-content\/uploads\/2024\/08\/0010_osemberek-csoportban-12x12.webp 12w\" sizes=\"auto, (max-width: 1024px) 100vw, 1024px\" \/><figcaption class=\"wp-element-caption\">\u0150semberek csoportja a Fekete gy\u00e9m\u00e1ntok c\u00edm\u0171 reg\u00e9nyben<\/figcaption><\/figure>\n<\/div>\n<\/div>\n<\/div><\/div>\n\n\n\n<div style=\"height:50px\" aria-hidden=\"true\" class=\"wp-block-spacer\"><\/div>\n<\/div><\/div>","protected":false},"excerpt":{"rendered":"<p>J\u00f3kai egyes reg\u00e9nyeiben foglalkozik az \u0151si emberi nyelv k\u00e9rd\u00e9seivel is. Ez megjelenik Eg\u00e9sz az \u00e9szaki p\u00f3lusig c\u00edm\u0171 reg\u00e9ny\u00e9ben, az adatb\u00e1zisodban szerepl\u0151 reg\u00e9nyek k\u00f6z\u00fcl pedig a Fekete gy\u00e9m\u00e1ntok bevezet\u0151 fejezeteiben. Dolgozd ki r\u00e9szletesen ezt a k\u00e9rd\u00e9st: mit \u00edrt J\u00f3kai M\u00f3r az \u0151si emberi nyelvr\u0151l. Haszn\u00e1ld az adatb\u00e1zisodban szerepl\u0151 sz\u00f6vegeket \u00e9s k\u00fcls\u0151 forr\u00e1sokat is. J\u00f3kai M\u00f3r reg\u00e9nyeiben&#8230;<\/p>","protected":false},"author":5,"featured_media":0,"parent":0,"menu_order":0,"comment_status":"closed","ping_status":"closed","template":"","meta":{"_eb_attr":"","inline_featured_image":false,"_kad_post_transparent":"","_kad_post_title":"","_kad_post_layout":"","_kad_post_sidebar_id":"","_kad_post_content_style":"","_kad_post_vertical_padding":"","_kad_post_feature":"","_kad_post_feature_position":"","_kad_post_header":false,"_kad_post_footer":false,"footnotes":""},"class_list":["post-3204","page","type-page","status-publish","hentry"],"_links":{"self":[{"href":"https:\/\/ailabor.appsters.me\/en\/wp-json\/wp\/v2\/pages\/3204","targetHints":{"allow":["GET"]}}],"collection":[{"href":"https:\/\/ailabor.appsters.me\/en\/wp-json\/wp\/v2\/pages"}],"about":[{"href":"https:\/\/ailabor.appsters.me\/en\/wp-json\/wp\/v2\/types\/page"}],"author":[{"embeddable":true,"href":"https:\/\/ailabor.appsters.me\/en\/wp-json\/wp\/v2\/users\/5"}],"replies":[{"embeddable":true,"href":"https:\/\/ailabor.appsters.me\/en\/wp-json\/wp\/v2\/comments?post=3204"}],"version-history":[{"count":6,"href":"https:\/\/ailabor.appsters.me\/en\/wp-json\/wp\/v2\/pages\/3204\/revisions"}],"predecessor-version":[{"id":3234,"href":"https:\/\/ailabor.appsters.me\/en\/wp-json\/wp\/v2\/pages\/3204\/revisions\/3234"}],"wp:attachment":[{"href":"https:\/\/ailabor.appsters.me\/en\/wp-json\/wp\/v2\/media?parent=3204"}],"curies":[{"name":"wp","href":"https:\/\/api.w.org\/{rel}","templated":true}]}}