{"id":3236,"date":"2024-08-27T10:57:12","date_gmt":"2024-08-27T10:57:12","guid":{"rendered":"https:\/\/ailabor.appsters.me\/?page_id=3236"},"modified":"2024-08-28T06:30:36","modified_gmt":"2024-08-28T06:30:36","slug":"technologia-es-gepesites","status":"publish","type":"page","link":"https:\/\/ailabor.appsters.me\/en\/technologia-es-gepesites\/","title":{"rendered":"Technol\u00f3gia \u00e9s g\u00e9pes\u00edt\u00e9s"},"content":{"rendered":"<div style=\"background-image:url(&apos;https:\/\/ailabor.appsters.me\/wp-content\/uploads\/2024\/06\/Ellipse-4.png&apos;);background-position:50% 30%;background-size:cover;\" class=\"wp-block-group has-background\"><div class=\"wp-block-group__inner-container is-layout-constrained wp-block-group-is-layout-constrained\">\n<div class=\"wp-block-group group-1240\"><div class=\"wp-block-group__inner-container is-layout-constrained wp-block-group-is-layout-constrained\">\n<h4 class=\"wp-block-heading\">Keress az adatb\u00e1zisodba felt\u00f6lt\u00f6tt reg\u00e9nyekben technol\u00f3giai \u00faj\u00edt\u00e1sokra \u00e9s g\u00e9pes\u00edt\u00e9sre vonatkoz\u00f3 r\u00e9szleteket. Ismertesd ezeket a reg\u00e9ny kontextus\u00e1ban, majd illeszd a J\u00f3kai \u00e1ltal le\u00edrtakat a 19. sz\u00e1zad tudom\u00e1ny- \u00e9s technikat\u00f6rt\u00e9neti kontextus\u00e1ba glob\u00e1lisan \u00e9s az Osztr\u00e1k-Magyar Monarchi\u00e1ban.<\/h4>\n\n\n\n<figure class=\"wp-block-image size-full is-resized\"><img loading=\"lazy\" decoding=\"async\" width=\"1000\" height=\"235\" src=\"https:\/\/ailabor.appsters.me\/wp-content\/uploads\/2024\/06\/robot_v2_horizont-1-1.gif\" alt=\"\" class=\"wp-image-2482\" style=\"width:200px\"\/><\/figure>\n\n\n\n<div class=\"wp-block-columns is-layout-flex wp-container-core-columns-is-layout-9d6595d7 wp-block-columns-is-layout-flex\">\n<div class=\"wp-block-column is-layout-flow wp-block-column-is-layout-flow\" style=\"flex-basis:50%\">\n<p>Reg\u00e9nybeli kontextusok: J\u00f3kai M\u00f3r m\u0171veiben gyakran eml\u00edti a g\u00e9peket \u00e9s a g\u00e9pes\u00edt\u00e9st. Ez t\u00fckr\u00f6zi a 19. sz\u00e1zad technol\u00f3giai fejl\u0151d\u00e9s\u00e9t \u00e9s a moderniz\u00e1ci\u00f3t, amely \u00e1talak\u00edtotta a t\u00e1rsadalmat \u00e9s a gazdas\u00e1got. J\u00f3kai sz\u00f6vegeiben a g\u00e9pek nem csup\u00e1n eszk\u00f6z\u00f6k, hanem a halad\u00e1s, a hat\u00e9konys\u00e1g \u00e9s a modern vil\u00e1g jelk\u00e9pei. Sz\u00e1mos reg\u00e9ny\u00e9ben, p\u00e9ld\u00e1ul <em>A s\u00e1rga r\u00f3zs\u00e1<\/em>ban, <em>Az \u00faj f\u00f6ldes\u00far<\/em>ban \u00e9s a <em>Fekete gy\u00e9m\u00e1ntok<\/em>ban a mez\u0151gazdas\u00e1gi \u00e9s ipari g\u00e9pek megjelen\u00e9se a moderniz\u00e1ci\u00f3s folyamat r\u00e9szek\u00e9nt jelenik meg. J\u00f3kai gyakran mutat be g\u00e9peket a technol\u00f3giai fejl\u0151d\u00e9s \u00e9s a termel\u00e9kenys\u00e9g fokoz\u00e1s\u00e1nak eszk\u00f6zeik\u00e9nt, amelyek sok-sok ember munk\u00e1j\u00e1t helyettes\u00edtik \u00e9s jelent\u0151s gazdas\u00e1gi el\u0151ny\u00f6ket k\u00edn\u00e1lnak. Ugyanakkor felh\u00edvja a figyelmet arra is, hogy a g\u00e9pek haszn\u00e1lata nem mentes a probl\u00e9m\u00e1kt\u00f3l. P\u00e9ld\u00e1ul a <em>Fekete gy\u00e9m\u00e1ntok<\/em>ban a g\u00e9pek m\u0171k\u00f6d\u00e9s\u00e9nek probl\u00e9m\u00e1i okoznak vesztes\u00e9geket, m\u00edg <em>A s\u00e1rga r\u00f3zsa<\/em> egy jelenet\u00e9ben a hagyom\u00e1nyos m\u00f3dszerek el\u0151nyben r\u00e9szes\u00edt\u00e9se ker\u00fcl szembe a modern g\u00e9pes\u00edt\u00e9ssel.<\/p>\n\n\n\n<p>J\u00f3kai reg\u00e9nyeiben a g\u00e9pek nem csup\u00e1n gazdas\u00e1gi eszk\u00f6z\u00f6k, hanem kultur\u00e1lis \u00e9s t\u00e1rsadalmi szimb\u00f3lumok is. <em>Az \u00e9let kom\u00e9di\u00e1sai<\/em> \u00e9s a <em>K\u00e1rp\u00e1thy Zolt\u00e1n<\/em> c\u00edm\u0171 reg\u00e9nyekben a g\u00e9peket a modernit\u00e1s \u00e9s az emberi alkot\u00f3er\u0151 jelk\u00e9peik\u00e9nt mutatja be, m\u00edg <em>A j\u00f6v\u0151 sz\u00e1zad reg\u00e9ny\u00e9<\/em>bena g\u00e9pek a t\u00e1rsadalmi \u00e1talakul\u00e1s \u00e9s a technol\u00f3giai \u00faj\u00edt\u00e1sok k\u00f6zponti elemeik\u00e9nt jelennek meg.<\/p>\n<\/div>\n\n\n\n<div class=\"wp-block-column is-layout-flow wp-block-column-is-layout-flow\" style=\"flex-basis:50%\">\n<figure class=\"wp-block-image size-full\"><img loading=\"lazy\" decoding=\"async\" width=\"1024\" height=\"1024\" src=\"https:\/\/ailabor.appsters.me\/wp-content\/uploads\/2024\/08\/0016_anemometer.webp\" alt=\"\" class=\"wp-image-3237\" srcset=\"https:\/\/ailabor.appsters.me\/wp-content\/uploads\/2024\/08\/0016_anemometer.webp 1024w, https:\/\/ailabor.appsters.me\/wp-content\/uploads\/2024\/08\/0016_anemometer-300x300.webp 300w, https:\/\/ailabor.appsters.me\/wp-content\/uploads\/2024\/08\/0016_anemometer-150x150.webp 150w, https:\/\/ailabor.appsters.me\/wp-content\/uploads\/2024\/08\/0016_anemometer-768x768.webp 768w, https:\/\/ailabor.appsters.me\/wp-content\/uploads\/2024\/08\/0016_anemometer-400x400.webp 400w, https:\/\/ailabor.appsters.me\/wp-content\/uploads\/2024\/08\/0016_anemometer-12x12.webp 12w\" sizes=\"auto, (max-width: 1024px) 100vw, 1024px\" \/><figcaption class=\"wp-element-caption\">Berend Iv\u00e1n anemom\u00e9ter\u00e9vel m\u00e9r\u00e9seket v\u00e9gez a Fekete gy\u00e9m\u00e1ntokban<\/figcaption><\/figure>\n<\/div>\n<\/div>\n\n\n\n<div style=\"height:30px\" aria-hidden=\"true\" class=\"wp-block-spacer\"><\/div>\n\n\n\n<p> Tudom\u00e1ny- \u00e9s technikat\u00f6rt\u00e9net: J\u00f3kai M\u00f3r kora az ipari forradalom id\u0151szaka volt, jelent\u0151s technol\u00f3giai \u00e9s gazdas\u00e1gi v\u00e1ltoz\u00e1sokat hozott vil\u00e1gszerte, \u00e9s az Osztr\u00e1k-Magyar Monarchi\u00e1ban is. Ez az id\u0151szak a g\u00e9pes\u00edt\u00e9s \u00e9s a modern ipari termel\u00e9s elterjed\u00e9s\u00e9nek kora, amely gy\u00f6keresen \u00e1talak\u00edtotta a gazdas\u00e1got \u00e9s a t\u00e1rsadalmat. A g\u00e9pes\u00edt\u00e9s a 18. sz\u00e1zad v\u00e9g\u00e9n kezd\u0151d\u00f6tt Angli\u00e1ban, ahol az ipari forradalom elindult. A g\u0151zg\u00e9pek, sz\u00f6v\u0151g\u00e9pek \u00e9s egy\u00e9b mechanikus eszk\u00f6z\u00f6k bevezet\u00e9se jelent\u0151sen megn\u00f6velte a termel\u00e9kenys\u00e9get, \u00e9s a k\u00e9zm\u0171ves termel\u00e9st fokozatosan felv\u00e1ltotta a gy\u00e1ri munka. A 19. sz\u00e1zadban a g\u00e9pes\u00edt\u00e9s fokozatosan terjedt el Eur\u00f3p\u00e1ban \u00e9s \u00c9szak-Amerik\u00e1ban, forradalmas\u00edtva a textilipart, a b\u00e1ny\u00e1szatot, a mez\u0151gazdas\u00e1got \u00e9s a k\u00f6zleked\u00e9st. A g\u0151zmozdony \u00e9s a vas\u00fat ki\u00e9p\u00edt\u00e9se k\u00fcl\u00f6n\u00f6sen fontos szerepet j\u00e1tszott a gazdas\u00e1gi n\u00f6veked\u00e9s \u00e9s az \u00e1rusz\u00e1ll\u00edt\u00e1s felgyors\u00edt\u00e1s\u00e1ban. A mez\u0151gazdas\u00e1gban a g\u00e9pes\u00edt\u00e9s r\u00e9v\u00e9n n\u00f6vekedett a termel\u00e9kenys\u00e9g, ami el\u0151seg\u00edtette a vid\u00e9ki t\u00e1rsadalom \u00e1talakul\u00e1s\u00e1t is. Az Osztr\u00e1k-Magyar Monarchi\u00e1ban a g\u00e9pes\u00edt\u00e9s az 1830-as \u00e9s 1840-es \u00e9vekben kezd\u0151d\u00f6tt, de igaz\u00e1n a kiegyez\u00e9s ut\u00e1n, a 19. sz\u00e1zad m\u00e1sodik fel\u00e9ben gyorsult fel. A mez\u0151gazdas\u00e1gban megjelentek a g\u0151zek\u00e9k \u00e9s az arat\u00f3g\u00e9pek, amelyek megn\u00f6velt\u00e9k a termel\u00e9kenys\u00e9get \u00e9s cs\u00f6kkentett\u00e9k a munkaer\u0151-sz\u00fcks\u00e9gletet. A gy\u00e1ripar is jelent\u0151s fejl\u0151d\u00e9sen ment kereszt\u00fcl, k\u00fcl\u00f6n\u00f6sen a textilipar \u00e9s a b\u00e1ny\u00e1szat ter\u00fclet\u00e9n, ahol a g\u00e9pek nagyban hozz\u00e1j\u00e1rultak a termel\u00e9s n\u00f6veked\u00e9s\u00e9hez. A vas\u00fat\u00e9p\u00edt\u00e9s kulcsszerepet j\u00e1tszott a monarchia gazdas\u00e1gi integr\u00e1ci\u00f3j\u00e1ban, lehet\u0151v\u00e9 t\u00e9ve a nyersanyagok \u00e9s term\u00e9kek gyors sz\u00e1ll\u00edt\u00e1s\u00e1t.<\/p>\n\n\n\n<p>A g\u00e9pes\u00edt\u00e9s J\u00f3kai kor\u00e1ban nemcsak gazdas\u00e1gi, hanem t\u00e1rsadalmi \u00e1talakul\u00e1st is eredm\u00e9nyezett. A g\u00e9pek bevezet\u00e9se \u00e9s a nagy\u00fczemi termel\u00e9s elterjed\u00e9se \u00faj t\u00edpus\u00fa munkav\u00e1llal\u00f3kat \u00e9s munkahelyeket teremtett, mik\u00f6zben a hagyom\u00e1nyos k\u00e9zm\u0171ves ipar \u00e9s mez\u0151gazdas\u00e1g h\u00e1tt\u00e9rbe szorult. J\u00f3kai m\u0171veiben ez a kett\u0151ss\u00e9g is megjelenik: a g\u00e9pes\u00edt\u00e9s el\u0151nyei \u00e9s a t\u00e1rsadalmi v\u00e1ltoz\u00e1sok ir\u00e1nti aggodalom egyar\u00e1nt t\u00fckr\u00f6z\u0151dnek m\u0171veiben.<\/p>\n<\/div><\/div>\n\n\n\n<div style=\"height:50px\" aria-hidden=\"true\" class=\"wp-block-spacer\"><\/div>\n<\/div><\/div>","protected":false},"excerpt":{"rendered":"<p>Keress az adatb\u00e1zisodba felt\u00f6lt\u00f6tt reg\u00e9nyekben technol\u00f3giai \u00faj\u00edt\u00e1sokra \u00e9s g\u00e9pes\u00edt\u00e9sre vonatkoz\u00f3 r\u00e9szleteket. Ismertesd ezeket a reg\u00e9ny kontextus\u00e1ban, majd illeszd a J\u00f3kai \u00e1ltal le\u00edrtakat a 19. sz\u00e1zad tudom\u00e1ny- \u00e9s technikat\u00f6rt\u00e9neti kontextus\u00e1ba glob\u00e1lisan \u00e9s az Osztr\u00e1k-Magyar Monarchi\u00e1ban. Reg\u00e9nybeli kontextusok: J\u00f3kai M\u00f3r m\u0171veiben gyakran eml\u00edti a g\u00e9peket \u00e9s a g\u00e9pes\u00edt\u00e9st. Ez t\u00fckr\u00f6zi a 19. sz\u00e1zad technol\u00f3giai fejl\u0151d\u00e9s\u00e9t \u00e9s a&#8230;<\/p>","protected":false},"author":5,"featured_media":0,"parent":0,"menu_order":0,"comment_status":"closed","ping_status":"closed","template":"","meta":{"_eb_attr":"","inline_featured_image":false,"_kad_post_transparent":"","_kad_post_title":"","_kad_post_layout":"","_kad_post_sidebar_id":"","_kad_post_content_style":"","_kad_post_vertical_padding":"","_kad_post_feature":"","_kad_post_feature_position":"","_kad_post_header":false,"_kad_post_footer":false,"footnotes":""},"class_list":["post-3236","page","type-page","status-publish","hentry"],"_links":{"self":[{"href":"https:\/\/ailabor.appsters.me\/en\/wp-json\/wp\/v2\/pages\/3236","targetHints":{"allow":["GET"]}}],"collection":[{"href":"https:\/\/ailabor.appsters.me\/en\/wp-json\/wp\/v2\/pages"}],"about":[{"href":"https:\/\/ailabor.appsters.me\/en\/wp-json\/wp\/v2\/types\/page"}],"author":[{"embeddable":true,"href":"https:\/\/ailabor.appsters.me\/en\/wp-json\/wp\/v2\/users\/5"}],"replies":[{"embeddable":true,"href":"https:\/\/ailabor.appsters.me\/en\/wp-json\/wp\/v2\/comments?post=3236"}],"version-history":[{"count":6,"href":"https:\/\/ailabor.appsters.me\/en\/wp-json\/wp\/v2\/pages\/3236\/revisions"}],"predecessor-version":[{"id":3338,"href":"https:\/\/ailabor.appsters.me\/en\/wp-json\/wp\/v2\/pages\/3236\/revisions\/3338"}],"wp:attachment":[{"href":"https:\/\/ailabor.appsters.me\/en\/wp-json\/wp\/v2\/media?parent=3236"}],"curies":[{"name":"wp","href":"https:\/\/api.w.org\/{rel}","templated":true}]}}