{"id":3260,"date":"2024-08-27T11:21:57","date_gmt":"2024-08-27T11:21:57","guid":{"rendered":"https:\/\/ailabor.appsters.me\/?page_id=3260"},"modified":"2024-08-28T06:34:37","modified_gmt":"2024-08-28T06:34:37","slug":"nyomdaipari-technologiak","status":"publish","type":"page","link":"https:\/\/ailabor.appsters.me\/en\/nyomdaipari-technologiak\/","title":{"rendered":"Nyomdaipari technol\u00f3gi\u00e1k"},"content":{"rendered":"<div style=\"background-image:url(&apos;https:\/\/ailabor.appsters.me\/wp-content\/uploads\/2024\/06\/Ellipse-4.png&apos;);background-position:50% 30%;background-size:cover;\" class=\"wp-block-group has-background\"><div class=\"wp-block-group__inner-container is-layout-constrained wp-block-group-is-layout-constrained\">\n<div class=\"wp-block-group group-1240\"><div class=\"wp-block-group__inner-container is-layout-constrained wp-block-group-is-layout-constrained\">\n<h4 class=\"wp-block-heading\">Keress az adatb\u00e1zisodba felt\u00f6lt\u00f6tt reg\u00e9nyekben nyomdaipari technol\u00f3gi\u00e1ra, nyomdag\u00e9pekre vonatkoz\u00f3 r\u00e9szleteket. Ismertesd ezeket a reg\u00e9ny kontextus\u00e1ban, majd illeszd a J\u00f3kai \u00e1ltal le\u00edrtakat a 19. sz\u00e1zad tudom\u00e1ny- \u00e9s technikat\u00f6rt\u00e9neti kontextus\u00e1ba glob\u00e1lisan \u00e9s az Osztr\u00e1k-Magyar Monarchi\u00e1ban.<\/h4>\n\n\n\n<figure class=\"wp-block-image size-full is-resized\"><img loading=\"lazy\" decoding=\"async\" width=\"1000\" height=\"235\" src=\"https:\/\/ailabor.appsters.me\/wp-content\/uploads\/2024\/06\/robot_v2_horizont-1-1.gif\" alt=\"\" class=\"wp-image-2482\" style=\"width:200px\"\/><\/figure>\n\n\n\n<div class=\"wp-block-columns is-layout-flex wp-container-core-columns-is-layout-9d6595d7 wp-block-columns-is-layout-flex\">\n<div class=\"wp-block-column is-layout-flow wp-block-column-is-layout-flow\">\n<p>Reg\u00e9nybeli kontextus: J\u00f3kai M\u00f3r alapos ismeretekkel rendelkezett a nyomd\u00e1szatr\u00f3l \u00e9s annak k\u00fcl\u00f6nf\u00e9le aspektusair\u00f3l. Nyomtat\u00e1s technikai aspektusai vonatkoz\u00e1s\u00e1ban J\u00f3kai <em>Az \u00faj f\u00f6ldes\u00farban<\/em> t\u00f6bbsz\u00f6r is besz\u00e9l a nyomtat\u00e1sr\u00f3l, p\u00e9ld\u00e1ul a pecs\u00e9tek k\u00e9sz\u00edt\u00e9s\u00e9nek \u00e9s a levelek nyomtat\u00e1s\u00e1nak m\u00f3dj\u00e1r\u00f3l. J\u00f3l ismeri a nyomdai munk\u00e1k r\u00e9szleteit, bele\u00e9rtve az \u00edr\u00e1sos anyagok el\u0151\u00e1ll\u00edt\u00e1s\u00e1nak \u00e9s azok hiteles\u00edt\u00e9s\u00e9nek folyamatait. Az <em>\u00c9s m\u00e9gis mozog a f\u00f6ld<\/em> c\u00edm\u0171 reg\u00e9nyben szint\u00e9n megjelenik a nyomda \u00e9s a nyomd\u00e1szok szerepe. J\u00f3kainak nagy r\u00e1l\u00e1t\u00e1sa van arra, hogy a nyomd\u00e1k hogyan m\u0171k\u00f6dtek, \u00e9s milyen t\u00e1rsadalmi szerep\u00fck volt a korabeli Magyarorsz\u00e1gon. A nyomda az inform\u00e1ci\u00f3k terjeszt\u00e9s\u00e9nek \u00e9s a k\u00f6zv\u00e9lem\u00e9ny alak\u00edt\u00e1s\u00e1nak egyik k\u00f6zponti eszk\u00f6ze. J\u00f3kai nyomd\u00e1szattal kapcsolatos ismeretei a technikai r\u00e9szleteken t\u00falmen\u0151en kiterjedtek a nyomdaipar t\u00e1rsadalmi szerep\u00e9re is, \u00e9s \u00edr\u00e1saiban hitelesen jelen\u00edtette meg ezt a vil\u00e1got.<\/p>\n<\/div>\n\n\n\n<div class=\"wp-block-column is-layout-flow wp-block-column-is-layout-flow\">\n<figure class=\"wp-block-image size-full\"><img loading=\"lazy\" decoding=\"async\" width=\"1024\" height=\"1024\" src=\"https:\/\/ailabor.appsters.me\/wp-content\/uploads\/2024\/08\/0022_nyomtatas.webp\" alt=\"\" class=\"wp-image-3261\" srcset=\"https:\/\/ailabor.appsters.me\/wp-content\/uploads\/2024\/08\/0022_nyomtatas.webp 1024w, https:\/\/ailabor.appsters.me\/wp-content\/uploads\/2024\/08\/0022_nyomtatas-300x300.webp 300w, https:\/\/ailabor.appsters.me\/wp-content\/uploads\/2024\/08\/0022_nyomtatas-150x150.webp 150w, https:\/\/ailabor.appsters.me\/wp-content\/uploads\/2024\/08\/0022_nyomtatas-768x768.webp 768w, https:\/\/ailabor.appsters.me\/wp-content\/uploads\/2024\/08\/0022_nyomtatas-400x400.webp 400w, https:\/\/ailabor.appsters.me\/wp-content\/uploads\/2024\/08\/0022_nyomtatas-12x12.webp 12w\" sizes=\"auto, (max-width: 1024px) 100vw, 1024px\" \/><figcaption class=\"wp-element-caption\">Az <em>\u00c9s m\u00e9gis mozog a f\u00f6ld<\/em> szerint a reg\u00e9ny kor\u00e1ban Pest-Bud\u00e1n m\u0171k\u00f6d\u0151 34 \u00fajs\u00e1gnyomda egyike.<\/figcaption><\/figure>\n<\/div>\n<\/div>\n\n\n\n<div style=\"height:30px\" aria-hidden=\"true\" class=\"wp-block-spacer\"><\/div>\n\n\n\n<p>Tudom\u00e1ny- \u00e9s technikat\u00f6rt\u00e9net: J\u00f3kai M\u00f3r kor\u00e1ban a nyomdaipar jelent\u0151s fejl\u0151d\u00e9sen ment kereszt\u00fcl mind glob\u00e1lisan, mind az Osztr\u00e1k-Magyar Monarchi\u00e1ban. Ez az id\u0151szak a gyors ipari \u00e9s technol\u00f3giai fejl\u0151d\u00e9s kora volt, amely alapvet\u0151en megv\u00e1ltoztatta a nyomdaipart \u00e9s a t\u00f6megkommunik\u00e1ci\u00f3t. A 19. sz\u00e1zadban a nyomdaipar egyik legnagyobb \u00faj\u00edt\u00e1sa a g\u0151zg\u00e9pek alkalmaz\u00e1sa volt. A Friedrich Koenig \u00e9s Andreas Friedrich Bauer \u00e1ltal kifejlesztett g\u0151znyomdag\u00e9p (1814) lehet\u0151v\u00e9 tette a gyorsabb \u00e9s olcs\u00f3bb nyomtat\u00e1st, ami dr\u00e1mai m\u00f3don n\u00f6velte a k\u00f6nyvek \u00e9s \u00fajs\u00e1gok el\u00e9rhet\u0151s\u00e9g\u00e9t. A 19. sz\u00e1zad v\u00e9g\u00e9n tal\u00e1lm\u00e1nyok, mint Ottmar Mergenthaler Linotype g\u00e9pe (1884) \u00e9s Tolbert Lanston Monotype g\u00e9pe (1887) automatiz\u00e1lta a bet\u0171szed\u00e9st, felgyors\u00edtotta a nyomtat\u00e1si folyamatot \u00e9s cs\u00f6kkentette a k\u00f6lts\u00e9geket. Ezek az eszk\u00f6z\u00f6k forradalmas\u00edtott\u00e1k a nyomdaipart, lehet\u0151v\u00e9 t\u00e9ve a t\u00f6meges k\u00f6nyv- \u00e9s \u00fajs\u00e1gkiad\u00e1st. A 19. sz\u00e1zadban a pap\u00edrgy\u00e1rt\u00e1s is \u00e1talakult. A g\u00e9pi pap\u00edrgy\u00e1rt\u00e1s \u00e9s a f\u00e1b\u00f3l k\u00e9sz\u00fclt cellul\u00f3z haszn\u00e1lata jelent\u0151sen olcs\u00f3bb\u00e1 tette a pap\u00edrt, ami tov\u00e1bb \u00f6szt\u00f6n\u00f6zte a nyomdaipar n\u00f6veked\u00e9s\u00e9t.&nbsp; A nyomdaipar fejl\u0151d\u00e9se hozz\u00e1j\u00e1rult a t\u00f6megm\u00e9dia kialakul\u00e1s\u00e1hoz, a m\u0171velts\u00e9g terjed\u00e9s\u00e9hez \u00e9s a politikai tudatoss\u00e1g n\u00f6veked\u00e9s\u00e9hez. A 19. sz\u00e1zadban az \u00fajs\u00e1gok, magazinok \u00e9s k\u00f6nyvek el\u00e9rhet\u0151s\u00e9ge a kor\u00e1bban elk\u00e9pzelhetetlen m\u00e9rt\u00e9kben b\u0151v\u00fclt, megteremtve az alapj\u00e1t a modern k\u00f6zv\u00e9lem\u00e9ny kialakul\u00e1s\u00e1nak.<\/p>\n\n\n\n<p>A 19. sz\u00e1zadban az Osztr\u00e1k-Magyar Monarchi\u00e1ban is dinamikus fejl\u0151d\u00e9s zajlott a nyomdaiparban. Sz\u00e1mos \u00faj nyomda alapult B\u00e9csben, Budapesten \u00e9s a birodalom m\u00e1s nagyv\u00e1rosaiban. A magyar nyelv\u0171 sajt\u00f3 \u00e9s k\u00f6nyvkiad\u00e1s jelent\u0151sen b\u0151v\u00fclt ebben az id\u0151szakban.&nbsp; A reformkor \u00e9s a szabads\u00e1gharc id\u0151szak\u00e1ban a nyomdaipar kulcsszerepet j\u00e1tszott a nemzeti identit\u00e1s \u00e9s a politikai aktivizmus terjeszt\u00e9s\u00e9ben. A sajt\u00f3szabads\u00e1g\u00e9rt folytatott k\u00fczdelem \u00e9s a cenz\u00fara elleni harc szorosan kapcsol\u00f3dott a nyomd\u00e1k tev\u00e9kenys\u00e9g\u00e9hez. A 19. sz\u00e1zad m\u00e1sodik fel\u00e9ben sz\u00e1mos magyar kiad\u00f3 jelent meg, amelyek k\u00f6z\u00fcl t\u00f6bb m\u00e1ig m\u0171k\u00f6dik. A korszakban J\u00f3kai \u00e9s m\u00e1s kort\u00e1rs \u00edr\u00f3k m\u0171vei sz\u00e9les k\u00f6rben el\u00e9rhet\u0151v\u00e9 v\u00e1ltak a magyar k\u00f6z\u00f6ns\u00e9g sz\u00e1m\u00e1ra, ami a nemzeti irodalom vir\u00e1gz\u00e1s\u00e1t eredm\u00e9nyezte. A modern oktat\u00e1si rendszer terjed\u00e9s\u00e9vel egy\u00fctt n\u0151tt az ig\u00e9ny az oktat\u00e1si anyagok, tank\u00f6nyvek \u00e9s tudom\u00e1nyos m\u0171vek nyomtat\u00e1s\u00e1ra. Ez a folyamat jelent\u0151sen hozz\u00e1j\u00e1rult a nyomdaipar fejleszt\u00e9s\u00e9hez Magyarorsz\u00e1gon \u00e9s a Monarchia m\u00e1s r\u00e9szein.<\/p>\n\n\n\n<div style=\"height:50px\" aria-hidden=\"true\" class=\"wp-block-spacer\"><\/div>\n<\/div><\/div>\n<\/div><\/div>","protected":false},"excerpt":{"rendered":"<p>Keress az adatb\u00e1zisodba felt\u00f6lt\u00f6tt reg\u00e9nyekben nyomdaipari technol\u00f3gi\u00e1ra, nyomdag\u00e9pekre vonatkoz\u00f3 r\u00e9szleteket. Ismertesd ezeket a reg\u00e9ny kontextus\u00e1ban, majd illeszd a J\u00f3kai \u00e1ltal le\u00edrtakat a 19. sz\u00e1zad tudom\u00e1ny- \u00e9s technikat\u00f6rt\u00e9neti kontextus\u00e1ba glob\u00e1lisan \u00e9s az Osztr\u00e1k-Magyar Monarchi\u00e1ban. Reg\u00e9nybeli kontextus: J\u00f3kai M\u00f3r alapos ismeretekkel rendelkezett a nyomd\u00e1szatr\u00f3l \u00e9s annak k\u00fcl\u00f6nf\u00e9le aspektusair\u00f3l. Nyomtat\u00e1s technikai aspektusai vonatkoz\u00e1s\u00e1ban J\u00f3kai Az \u00faj f\u00f6ldes\u00farban t\u00f6bbsz\u00f6r&#8230;<\/p>","protected":false},"author":5,"featured_media":0,"parent":0,"menu_order":0,"comment_status":"closed","ping_status":"closed","template":"","meta":{"_eb_attr":"","inline_featured_image":false,"_kad_post_transparent":"","_kad_post_title":"","_kad_post_layout":"","_kad_post_sidebar_id":"","_kad_post_content_style":"","_kad_post_vertical_padding":"","_kad_post_feature":"","_kad_post_feature_position":"","_kad_post_header":false,"_kad_post_footer":false,"footnotes":""},"class_list":["post-3260","page","type-page","status-publish","hentry"],"_links":{"self":[{"href":"https:\/\/ailabor.appsters.me\/en\/wp-json\/wp\/v2\/pages\/3260","targetHints":{"allow":["GET"]}}],"collection":[{"href":"https:\/\/ailabor.appsters.me\/en\/wp-json\/wp\/v2\/pages"}],"about":[{"href":"https:\/\/ailabor.appsters.me\/en\/wp-json\/wp\/v2\/types\/page"}],"author":[{"embeddable":true,"href":"https:\/\/ailabor.appsters.me\/en\/wp-json\/wp\/v2\/users\/5"}],"replies":[{"embeddable":true,"href":"https:\/\/ailabor.appsters.me\/en\/wp-json\/wp\/v2\/comments?post=3260"}],"version-history":[{"count":2,"href":"https:\/\/ailabor.appsters.me\/en\/wp-json\/wp\/v2\/pages\/3260\/revisions"}],"predecessor-version":[{"id":3342,"href":"https:\/\/ailabor.appsters.me\/en\/wp-json\/wp\/v2\/pages\/3260\/revisions\/3342"}],"wp:attachment":[{"href":"https:\/\/ailabor.appsters.me\/en\/wp-json\/wp\/v2\/media?parent=3260"}],"curies":[{"name":"wp","href":"https:\/\/api.w.org\/{rel}","templated":true}]}}