{"id":3264,"date":"2024-08-27T11:25:17","date_gmt":"2024-08-27T11:25:17","guid":{"rendered":"https:\/\/ailabor.appsters.me\/?page_id=3264"},"modified":"2024-08-28T06:36:03","modified_gmt":"2024-08-28T06:36:03","slug":"a-telepulesek-vizellatasa","status":"publish","type":"page","link":"https:\/\/ailabor.appsters.me\/en\/a-telepulesek-vizellatasa\/","title":{"rendered":"A telep\u00fcl\u00e9sek v\u00edzell\u00e1t\u00e1sa"},"content":{"rendered":"<div style=\"background-image:url(&apos;https:\/\/ailabor.appsters.me\/wp-content\/uploads\/2024\/06\/Ellipse-4.png&apos;);background-position:50% 30%;background-size:cover;\" class=\"wp-block-group has-background\"><div class=\"wp-block-group__inner-container is-layout-constrained wp-block-group-is-layout-constrained\">\n<div class=\"wp-block-group group-1240\"><div class=\"wp-block-group__inner-container is-layout-constrained wp-block-group-is-layout-constrained\">\n<h4 class=\"wp-block-heading\">Keress az adatb\u00e1zisodba felt\u00f6lt\u00f6tt reg\u00e9nyekben a telep\u00fcl\u00e9sek v\u00edzell\u00e1t\u00e1s\u00e1ra vonatkoz\u00f3 r\u00e9szleteket. Ismertesd ezeket a reg\u00e9ny kontextus\u00e1ban, majd illeszd a J\u00f3kai \u00e1ltal le\u00edrtakat a 19. sz\u00e1zad tudom\u00e1ny- \u00e9s technikat\u00f6rt\u00e9neti kontextus\u00e1ba glob\u00e1lisan \u00e9s az Osztr\u00e1k-Magyar Monarchi\u00e1ban.<\/h4>\n\n\n\n<figure class=\"wp-block-image size-full is-resized\"><img loading=\"lazy\" decoding=\"async\" width=\"1000\" height=\"235\" src=\"https:\/\/ailabor.appsters.me\/wp-content\/uploads\/2024\/06\/robot_v2_horizont-1-1.gif\" alt=\"\" class=\"wp-image-2482\" style=\"width:200px\"\/><\/figure>\n\n\n\n<div class=\"wp-block-columns is-layout-flex wp-container-core-columns-is-layout-9d6595d7 wp-block-columns-is-layout-flex\">\n<div class=\"wp-block-column is-layout-flow wp-block-column-is-layout-flow\">\n<p>Reg\u00e9nybeli kontextus: A <em>H\u00e9tk\u00f6znapok<\/em> c\u00edm\u0171 reg\u00e9ny\u00e9ben J\u00f3kai a modern v\u00e1rosi infrastrukt\u00fara ki\u00e9p\u00edt\u00e9s\u00e9nek kezdeti f\u00e1zisait \u00e1br\u00e1zolja. A v\u00e1rosi v\u00edzvezet\u00e9kek bevezet\u00e9se a korabeli v\u00e1rosi \u00e9let k\u00e9nyelm\u00e9nek \u00e9s k\u00f6zeg\u00e9szs\u00e9g\u00fcgyi fejleszt\u00e9s\u00e9nek alappill\u00e9rei.<\/p>\n\n\n\n<p><em>\u201eMost t\u00e9rj\u00fcnk a falu tuls\u00f3 oldal\u00e1ra. Mindazon \u00e1ld\u00e1s, melyet okszer\u0171en buzd\u00edtott szorgalom \u00e9s j\u00f3l ir\u00e1nyzott akarat a n\u00e9pen meg\u00f6r\u00f6k\u00edteni k\u00e9pesek, itt, e f\u00e9l falunak minden r\u00e9szeiben, a h\u00e1zakon, kerteken \u00e9s a lakosok arczain sokszorozva l\u00e1tszanak: a felt\u00fcn\u0151 csinoss\u00e1g minden oldalon, az a falusi egyszer\u0171s\u00e9g a sz\u00e9pnek a hasznossali \u00f6sszek\u00f6ttet\u00e9s\u00e9ben; a h\u00e1zak el\u0151tt az \u00e1rny\u00e9kos di\u00f3f\u00e1k, az udvarokon kerekes kutak, a vir\u00edt\u00f3 s\u00f6v\u00e9nyekkel ker\u00edtett gy\u00fcm\u00f6lcs\u00f6s kertek, a h\u00e1ztet\u0151k\u00f6n a toll\u00e1szkod\u00f3 galambok, az utcz\u00e1n a boldog kin\u00e9z\u00e9s\u0171, nyilt homlok\u00fa lakosok, a friss, csinos, j\u00f3 kedv\u0171 menyecsk\u00e9k, a tiszteletben tartott \u00f6regek, munka idej\u00e9n az ernyedetlen szorgalom, \u00fcnnepnapon a r\u00f3zsaszin\u0171 kedv, a h\u00e1zi mulats\u00e1gok \u00e9s a vend\u00e9gszeret\u0151 bar\u00e1ts\u00e1g. Mintha egy idegen orsz\u00e1gba l\u00e9pne az ember, melyben m\u00e9gis oly otthon \u00e9rzi mag\u00e1t.<\/em> <em>Itt nem l\u00e1tni az elt\u00f6rp\u00fclt halav\u00e1ny arczokat, beteges von\u00e1saikkal, nem a rongyos kalyib\u00e1kat, de nem is \u00e1m a ronda f\u00e9ny\u0171z\u00e9st\u0151l csillog\u00f3 kast\u00e9lyt, mely amott a t\u00fals\u00f3 falu v\u00e9g\u00e9n \u00fagy \u00e1ll nagy kev\u00e9lyen, mintha r\u00f6stellen\u00e9 alacsony p\u00f3rkunyh\u00f3kt\u00f3li k\u00f6r\u00fclv\u00e9tet\u00e9s\u00e9t\u2026<\/em> <em>Egyszer\u0171en s m\u00e9gis m\u00e9lt\u00f3s\u00e1gosan \u00e1ll itt a t\u00f6bbi h\u00e1zak sor\u00e1ban az \u00fari lak, t\u00e1gas udvar\u00e1n magas art\u00e9zi k\u00fat sz\u00f6kik fel, a nap ezer szineiben ragyog\u00f3 egyetlen v\u00edzoszlopban, melynek eg\u00e9szs\u00e9ges viz\u00e9t k\u0151csatorn\u00e1k vezetik sz\u00e9t a v\u00edz sz\u0171k\u00e9ben szenved\u0151 helys\u00e9g minden r\u00e9sz\u00e9be.\u201d<\/em><\/p>\n<\/div>\n\n\n\n<div class=\"wp-block-column is-layout-flow wp-block-column-is-layout-flow\">\n<figure class=\"wp-block-image size-full\"><img loading=\"lazy\" decoding=\"async\" width=\"1024\" height=\"1024\" src=\"https:\/\/ailabor.appsters.me\/wp-content\/uploads\/2024\/08\/0012_vizcsatornak.webp\" alt=\"\" class=\"wp-image-3265\" srcset=\"https:\/\/ailabor.appsters.me\/wp-content\/uploads\/2024\/08\/0012_vizcsatornak.webp 1024w, https:\/\/ailabor.appsters.me\/wp-content\/uploads\/2024\/08\/0012_vizcsatornak-300x300.webp 300w, https:\/\/ailabor.appsters.me\/wp-content\/uploads\/2024\/08\/0012_vizcsatornak-150x150.webp 150w, https:\/\/ailabor.appsters.me\/wp-content\/uploads\/2024\/08\/0012_vizcsatornak-768x768.webp 768w, https:\/\/ailabor.appsters.me\/wp-content\/uploads\/2024\/08\/0012_vizcsatornak-400x400.webp 400w, https:\/\/ailabor.appsters.me\/wp-content\/uploads\/2024\/08\/0012_vizcsatornak-12x12.webp 12w\" sizes=\"auto, (max-width: 1024px) 100vw, 1024px\" \/><figcaption class=\"wp-element-caption\">Art\u00e9zi k\u00fatb\u00f3l vizet sz\u00e1ll\u00edt\u00f3 k\u0151csatorna a H\u00e9tk\u00f6znapok c\u00edm\u0171 reg\u00e9nyben&nbsp;<\/figcaption><\/figure>\n<\/div>\n<\/div>\n\n\n\n<div style=\"height:30px\" aria-hidden=\"true\" class=\"wp-block-spacer\"><\/div>\n\n\n\n<p>Tudom\u00e1ny- \u00e9s technikat\u00f6rt\u00e9net: J\u00f3kai M\u00f3r \u00e9letideje alatt a telep\u00fcl\u00e9sek v\u00edzell\u00e1t\u00e1sa vil\u00e1gszerte jelent\u0151s fejl\u0151d\u00e9sen ment kereszt\u00fcl, k\u00fcl\u00f6n\u00f6sen a 19. sz\u00e1zad m\u00e1sodik fel\u00e9ben. E korszakban a v\u00e1rosiasod\u00e1s, az iparosod\u00e1s, \u00e9s a n\u00e9pess\u00e9gn\u00f6veked\u00e9s miatt egyre nagyobb ig\u00e9ny mutatkozott a megb\u00edzhat\u00f3 \u00e9s tiszta iv\u00f3v\u00edz biztos\u00edt\u00e1s\u00e1ra. A 19. sz\u00e1zad elej\u00e9n a telep\u00fcl\u00e9sek v\u00edzell\u00e1t\u00e1sa m\u00e9g jellemz\u0151en kutakra, forr\u00e1sokra \u00e9s foly\u00f3kra alapoz\u00f3dott. A k\u00f6zeg\u00e9szs\u00e9g\u00fcgyi tudatoss\u00e1g hi\u00e1nya \u00e9s a szennyv\u00edzelvezet\u00e9s primit\u00edv volta miatt gyakoriak voltak a j\u00e1rv\u00e1nyok, mint p\u00e9ld\u00e1ul a kolera. A sz\u00e1zad k\u00f6zep\u00e9re azonban egyre t\u00f6bb v\u00e1ros kezdett fejlett v\u00edzell\u00e1t\u00f3 rendszereket ki\u00e9p\u00edteni.<\/p>\n\n\n\n<p>A 19. sz\u00e1zad k\u00f6zep\u00e9n London volt az egyik els\u0151 nagyv\u00e1ros, amely k\u00f6zponti v\u00edzell\u00e1t\u00f3 rendszert \u00e9p\u00edtett ki. Az 1850-es \u00e9vek koleraj\u00e1rv\u00e1nyai ut\u00e1n John Snow felismerte, hogy a j\u00e1rv\u00e1nyok a szennyezett v\u00edzb\u0151l erednek, ami a v\u00e1rosi v\u00edzell\u00e1t\u00e1s \u00e9s csatorn\u00e1z\u00e1s korszer\u0171s\u00edt\u00e9s\u00e9hez vezetett. P\u00e1rizsban Haussmann b\u00e1r\u00f3 nagy rekonstrukci\u00f3s projektjei keret\u00e9ben a v\u00e1ros v\u00edzell\u00e1t\u00e1s\u00e1t is moderniz\u00e1lt\u00e1k. Sz\u00e1mos v\u00edzt\u00e1roz\u00f3t \u00e9s csatorn\u00e1t \u00e9p\u00edtettek ki, amelyek tiszta vizet juttattak a v\u00e1ros k\u00fcl\u00f6nb\u00f6z\u0151 r\u00e9szeibe. New Yorkban az 1840-es \u00e9vekt\u0151l kezdve \u00e9p\u00edtett\u00e9k ki a Croton-v\u00edzm\u0171vet, amely az egyik els\u0151 modern nagyv\u00e1rosi v\u00edzell\u00e1t\u00f3 rendszer volt az Egyes\u00fclt \u00c1llamokban.<\/p>\n\n\n\n<p>A Monarchi\u00e1ban a v\u00edzell\u00e1t\u00e1s moderniz\u00e1l\u00e1sa szint\u00e9n a 19. sz\u00e1zad k\u00f6zep\u00e9n kezd\u0151d\u00f6tt, de a fejl\u0151d\u00e9s \u00fcteme v\u00e1rosonk\u00e9nt elt\u00e9r\u0151 volt. Budapesten az egyik legfontosabb fejleszt\u00e9s a pesti oldal iv\u00f3v\u00edzell\u00e1t\u00e1s\u00e1nak biztos\u00edt\u00e1sa volt. Az 1860-as \u00e9vekben meg\u00e9p\u00fclt a K\u00e1rolyi S\u00e1ndor-f\u00e9le v\u00edzm\u0171, amely a Dun\u00e1b\u00f3l nyert tiszt\u00edtott vizet juttatta a v\u00e1rosba. A 19. sz\u00e1zad v\u00e9g\u00e9re Budapest v\u00edzell\u00e1t\u00e1sa m\u00e1r modernnek volt mondhat\u00f3, a v\u00edzh\u00e1l\u00f3zat a v\u00e1ros nagy r\u00e9sz\u00e9t lefedte. B\u00e9csben 1873-ban fejez\u0151d\u00f6tt be az els\u0151, a Habsburg Birodalom ter\u00fclet\u00e9n valaha \u00e9p\u00edtett nagyar\u00e1ny\u00fa v\u00edzell\u00e1t\u00e1si projekt, a Wiener Hochquellenwasserleitung, amely hegyvid\u00e9ki forr\u00e1svizet vezetett a v\u00e1rosba. Ez jelent\u0151sen jav\u00edtotta a k\u00f6zeg\u00e9szs\u00e9get, \u00e9s megoldotta a v\u00edzell\u00e1t\u00e1si probl\u00e9m\u00e1kat. A kisebb v\u00e1rosokban \u00e9s falvakban a v\u00edzell\u00e1t\u00e1s gyakran m\u00e9g a hagyom\u00e1nyos m\u00f3dokon, p\u00e9ld\u00e1ul kutakb\u00f3l vagy patakokb\u00f3l t\u00f6rt\u00e9nt. Az iparosod\u00e1s k\u00f6vetkezt\u00e9ben azonban itt is fokozatosan megjelentek a fejlettebb rendszerek.<\/p>\n\n\n\n<p>A 19. sz\u00e1zad m\u00e1sodik fel\u00e9ben jelent\u0151s fejl\u0151d\u00e9s t\u00f6rt\u00e9nt a v\u00edztiszt\u00edt\u00e1s ter\u00e9n. A homoksz\u0171r\u0151k \u00e9s k\u00e9s\u0151bb a kl\u00f3roz\u00e1s bevezet\u00e9se seg\u00edtett a bakt\u00e9riumok elpuszt\u00edt\u00e1s\u00e1ban, ami cs\u00f6kkentette a j\u00e1rv\u00e1nyok terjed\u00e9s\u00e9t. A v\u00edzell\u00e1t\u00e1s mellett a szennyv\u00edzelvezet\u00e9s moderniz\u00e1l\u00e1sa is fontos szerepet kapott. A csatornarendszerek ki\u00e9p\u00edt\u00e9se megakad\u00e1lyozta a szennyezett v\u00edz kevered\u00e9s\u00e9t az iv\u00f3v\u00edzzel.<\/p>\n\n\n\n<div style=\"height:50px\" aria-hidden=\"true\" class=\"wp-block-spacer\"><\/div>\n<\/div><\/div>\n<\/div><\/div>","protected":false},"excerpt":{"rendered":"<p>Keress az adatb\u00e1zisodba felt\u00f6lt\u00f6tt reg\u00e9nyekben a telep\u00fcl\u00e9sek v\u00edzell\u00e1t\u00e1s\u00e1ra vonatkoz\u00f3 r\u00e9szleteket. Ismertesd ezeket a reg\u00e9ny kontextus\u00e1ban, majd illeszd a J\u00f3kai \u00e1ltal le\u00edrtakat a 19. sz\u00e1zad tudom\u00e1ny- \u00e9s technikat\u00f6rt\u00e9neti kontextus\u00e1ba glob\u00e1lisan \u00e9s az Osztr\u00e1k-Magyar Monarchi\u00e1ban. Reg\u00e9nybeli kontextus: A H\u00e9tk\u00f6znapok c\u00edm\u0171 reg\u00e9ny\u00e9ben J\u00f3kai a modern v\u00e1rosi infrastrukt\u00fara ki\u00e9p\u00edt\u00e9s\u00e9nek kezdeti f\u00e1zisait \u00e1br\u00e1zolja. A v\u00e1rosi v\u00edzvezet\u00e9kek bevezet\u00e9se a korabeli v\u00e1rosi&#8230;<\/p>","protected":false},"author":5,"featured_media":0,"parent":0,"menu_order":0,"comment_status":"closed","ping_status":"closed","template":"","meta":{"_eb_attr":"","inline_featured_image":false,"_kad_post_transparent":"","_kad_post_title":"","_kad_post_layout":"","_kad_post_sidebar_id":"","_kad_post_content_style":"","_kad_post_vertical_padding":"","_kad_post_feature":"","_kad_post_feature_position":"","_kad_post_header":false,"_kad_post_footer":false,"footnotes":""},"class_list":["post-3264","page","type-page","status-publish","hentry"],"_links":{"self":[{"href":"https:\/\/ailabor.appsters.me\/en\/wp-json\/wp\/v2\/pages\/3264","targetHints":{"allow":["GET"]}}],"collection":[{"href":"https:\/\/ailabor.appsters.me\/en\/wp-json\/wp\/v2\/pages"}],"about":[{"href":"https:\/\/ailabor.appsters.me\/en\/wp-json\/wp\/v2\/types\/page"}],"author":[{"embeddable":true,"href":"https:\/\/ailabor.appsters.me\/en\/wp-json\/wp\/v2\/users\/5"}],"replies":[{"embeddable":true,"href":"https:\/\/ailabor.appsters.me\/en\/wp-json\/wp\/v2\/comments?post=3264"}],"version-history":[{"count":3,"href":"https:\/\/ailabor.appsters.me\/en\/wp-json\/wp\/v2\/pages\/3264\/revisions"}],"predecessor-version":[{"id":3343,"href":"https:\/\/ailabor.appsters.me\/en\/wp-json\/wp\/v2\/pages\/3264\/revisions\/3343"}],"wp:attachment":[{"href":"https:\/\/ailabor.appsters.me\/en\/wp-json\/wp\/v2\/media?parent=3264"}],"curies":[{"name":"wp","href":"https:\/\/api.w.org\/{rel}","templated":true}]}}