{"id":3276,"date":"2024-08-27T11:45:38","date_gmt":"2024-08-27T11:45:38","guid":{"rendered":"https:\/\/ailabor.appsters.me\/?page_id=3276"},"modified":"2024-08-28T06:38:14","modified_gmt":"2024-08-28T06:38:14","slug":"jokai-es-a-vasut","status":"publish","type":"page","link":"https:\/\/ailabor.appsters.me\/en\/jokai-es-a-vasut\/","title":{"rendered":"J\u00f3kai \u00e9s a vas\u00fat"},"content":{"rendered":"<div style=\"background-image:url(&apos;https:\/\/ailabor.appsters.me\/wp-content\/uploads\/2024\/06\/Ellipse-4.png&apos;);background-position:50% 30%;background-size:cover;\" class=\"wp-block-group has-background\"><div class=\"wp-block-group__inner-container is-layout-constrained wp-block-group-is-layout-constrained\">\n<div class=\"wp-block-group group-1240\"><div class=\"wp-block-group__inner-container is-layout-constrained wp-block-group-is-layout-constrained\">\n<h4 class=\"wp-block-heading\">Keress az adatb\u00e1zisodba felt\u00f6lt\u00f6tt reg\u00e9nyekben a vas\u00fatra \u00e9s vonatokra vonatkoz\u00f3 r\u00e9szleteket. Ismertesd ezeket a reg\u00e9ny kontextus\u00e1ban, majd illeszd a J\u00f3kai \u00e1ltal le\u00edrtakat a 19. sz\u00e1zad tudom\u00e1ny- \u00e9s technikat\u00f6rt\u00e9neti kontextus\u00e1ba glob\u00e1lisan \u00e9s az Osztr\u00e1k-Magyar Monarchi\u00e1ban.<\/h4>\n\n\n\n<figure class=\"wp-block-image size-full is-resized\"><img loading=\"lazy\" decoding=\"async\" width=\"1000\" height=\"235\" src=\"https:\/\/ailabor.appsters.me\/wp-content\/uploads\/2024\/06\/robot_v2_horizont-1-1.gif\" alt=\"\" class=\"wp-image-2482\" style=\"width:200px\"\/><\/figure>\n\n\n\n<div class=\"wp-block-columns is-layout-flex wp-container-core-columns-is-layout-9d6595d7 wp-block-columns-is-layout-flex\">\n<div class=\"wp-block-column is-layout-flow wp-block-column-is-layout-flow\">\n<p>Reg\u00e9nybeli kontextus: J\u00f3kai M\u00f3r reg\u00e9nyeiben gyakran tal\u00e1lkozunk a vas\u00fat \u00e9s a vas\u00fath\u00e1l\u00f3zat eml\u00edt\u00e9s\u00e9vel, amelyek a 19. sz\u00e1zad moderniz\u00e1ci\u00f3j\u00e1nak \u00e9s technol\u00f3giai fejl\u0151d\u00e9s\u00e9nek jelk\u00e9pei. A vas\u00fat nem csup\u00e1n egy k\u00f6zleked\u00e9si eszk\u00f6z, hanem a t\u00e1rsadalmi, gazdas\u00e1gi \u00e9s kultur\u00e1lis v\u00e1ltoz\u00e1sok szimb\u00f3luma is. A <em>K\u0151sz\u00edv\u0171 ember fiai<\/em>ban a vonat egy utaz\u00e1s fontos elemek\u00e9nt jelenik meg, \u00f6sszek\u00f6tve a szerepl\u0151ket \u00e9s helysz\u00edneket. <em>A s\u00e1rga r\u00f3zsa<\/em> eset\u00e9ben a t\u00f6rt\u00e9net idej\u00e9n m\u00e9g nem l\u00e9tezett vas\u00fat a Hortob\u00e1gyon, ami a t\u00e1j \u00e9rintetlens\u00e9g\u00e9t hangs\u00falyozza. A <em>Fekete gy\u00e9m\u00e1ntok<\/em>ban a vas\u00fat \u00e9s a g\u0151zmozdony a k\u0151sz\u00e9n \u00e1ltal hajtott ipari forradalom szimb\u00f3luma, m\u00edg a <em>K\u00e1rp\u00e1thy Zolt\u00e1n<\/em> \u00e9s az <em>Egy magyar n\u00e1bob<\/em> c\u00edm\u0171 reg\u00e9nyekben a vas\u00fat a modern k\u00f6zleked\u00e9s \u00e9s a gyors utaz\u00e1s jelk\u00e9pe. <em>Az \u00faj f\u00f6ldes\u00far<\/em>ban \u00e9s a <em>H\u00e9tk\u00f6znapok<\/em>ban a vas\u00fat a vid\u00e9ki \u00e9let \u00e9s a gazdas\u00e1gi fejl\u0151d\u00e9s r\u00e9sze, amely \u00e1talak\u00edtja a k\u00f6z\u00f6ss\u00e9gek mindennapjait, a <em>Poor Rich<\/em>ban \u00e9s <em>The Man with the Golden Touch<\/em>ben pedig a vonat a k\u00f6zleked\u00e9si eszk\u00f6z\u00f6k moderniz\u00e1ci\u00f3j\u00e1t \u00e9s az \u00e9let \u00faj lehet\u0151s\u00e9geit testes\u00edti meg. Az <em>\u00c9s m\u00e9gis mozog a f\u00f6ld<\/em> \u00e9s <em>Az \u00e9let kom\u00e9di\u00e1sai<\/em> c\u00edm\u0171 reg\u00e9nyekben a vas\u00fat a technol\u00f3giai fejl\u0151d\u00e9s r\u00e9szek\u00e9nt jelenik meg, m\u00edg <em>A j\u00f6v\u0151 sz\u00e1zad reg\u00e9ny\u00e9<\/em>ben a vas\u00fath\u00e1l\u00f3zat \u00e9s a g\u0151zmozdony a j\u00f6v\u0151 t\u00e1rsadalmi \u00e9s gazdas\u00e1gi fejl\u0151d\u00e9s\u00e9nek szimb\u00f3luma.<\/p>\n<\/div>\n\n\n\n<div class=\"wp-block-column is-layout-flow wp-block-column-is-layout-flow\">\n<figure class=\"wp-block-image size-full\"><img loading=\"lazy\" decoding=\"async\" width=\"1024\" height=\"1024\" src=\"https:\/\/ailabor.appsters.me\/wp-content\/uploads\/2024\/08\/0015_gozmozdony.webp\" alt=\"\" class=\"wp-image-3270\" srcset=\"https:\/\/ailabor.appsters.me\/wp-content\/uploads\/2024\/08\/0015_gozmozdony.webp 1024w, https:\/\/ailabor.appsters.me\/wp-content\/uploads\/2024\/08\/0015_gozmozdony-300x300.webp 300w, https:\/\/ailabor.appsters.me\/wp-content\/uploads\/2024\/08\/0015_gozmozdony-150x150.webp 150w, https:\/\/ailabor.appsters.me\/wp-content\/uploads\/2024\/08\/0015_gozmozdony-768x768.webp 768w, https:\/\/ailabor.appsters.me\/wp-content\/uploads\/2024\/08\/0015_gozmozdony-400x400.webp 400w, https:\/\/ailabor.appsters.me\/wp-content\/uploads\/2024\/08\/0015_gozmozdony-12x12.webp 12w\" sizes=\"auto, (max-width: 1024px) 100vw, 1024px\" \/><figcaption class=\"wp-element-caption\">G\u0151zmozdony fant\u00e1ziak\u00e9pe J\u00f3kai-t\u00e1jle\u00edr\u00e1sok ihlette vid\u00e9ki k\u00f6rnyezetben<\/figcaption><\/figure>\n<\/div>\n<\/div>\n\n\n\n<div style=\"height:30px\" aria-hidden=\"true\" class=\"wp-block-spacer\"><\/div>\n\n\n\n<p>Tudom\u00e1ny- \u00e9s technikat\u00f6rt\u00e9net: J\u00f3kai M\u00f3r \u00e9lete \u00e9s alkot\u00f3i p\u00e1ly\u00e1ja a 19. sz\u00e1zad k\u00f6zep\u00e9re \u00e9s v\u00e9g\u00e9re esik, amely id\u0151szak a vas\u00fath\u00e1l\u00f3zat robban\u00e1sszer\u0171 fejl\u0151d\u00e9s\u00e9t hozta a vil\u00e1gon \u00e9s az Osztr\u00e1k-Magyar Monarchi\u00e1ban is. A vil\u00e1g els\u0151 vas\u00fatvonalai az 1820-as \u00e9vekben jelentek meg Angli\u00e1ban, ahol a g\u0151zmozdony feltal\u00e1l\u00e1sa forradalmas\u00edtotta a k\u00f6zleked\u00e9st. Az 1830-as \u00e9vekre a vas\u00fat Angli\u00e1n k\u00edv\u00fcl Eur\u00f3pa t\u00f6bb orsz\u00e1g\u00e1ban is elterjedt, \u00e9s az ipari forradalom hajt\u00f3erej\u00e9v\u00e9 v\u00e1lt. Az Egyes\u00fclt \u00c1llamokban az 1860-as \u00e9vek v\u00e9g\u00e9n \u00e9p\u00fclt meg a transzkontinent\u00e1lis vas\u00fat, amely \u00f6sszek\u00f6t\u00f6tte a keleti partot a nyugatival, jelent\u0151sen el\u0151seg\u00edtve a gazdas\u00e1gi n\u00f6veked\u00e9st \u00e9s a ter\u00fcleti terjeszked\u00e9st. Az Osztr\u00e1k-Magyar Monarchi\u00e1ban az els\u0151 vas\u00fatvonal 1837-ben ny\u00edlt meg B\u00e9cs \u00e9s a morvaorsz\u00e1gi Brno k\u00f6z\u00f6tt. Magyarorsz\u00e1g els\u0151 vas\u00fatvonala, a Pest\u2013V\u00e1c vonal, 1846-ban indult, amit r\u00f6videsen k\u00f6vetett a Pest\u2013Szolnok vonal is. A 19. sz\u00e1zad m\u00e1sodik fel\u00e9ben, k\u00fcl\u00f6n\u00f6sen a kiegyez\u00e9s (1867) ut\u00e1n, a vas\u00fath\u00e1l\u00f3zat gyors \u00fctemben terjedt Magyarorsz\u00e1gon is. A vas\u00fat kulcsszerepet j\u00e1tszott a gazdas\u00e1gi moderniz\u00e1ci\u00f3ban, az ipar \u00e9s a kereskedelem fejl\u0151d\u00e9s\u00e9ben, valamint a t\u00e1rsadalmi mobilit\u00e1s n\u00f6vel\u00e9s\u00e9ben.<\/p>\n\n\n\n<div style=\"height:50px\" aria-hidden=\"true\" class=\"wp-block-spacer\"><\/div>\n<\/div><\/div>\n<\/div><\/div>","protected":false},"excerpt":{"rendered":"<p>Keress az adatb\u00e1zisodba felt\u00f6lt\u00f6tt reg\u00e9nyekben a vas\u00fatra \u00e9s vonatokra vonatkoz\u00f3 r\u00e9szleteket. Ismertesd ezeket a reg\u00e9ny kontextus\u00e1ban, majd illeszd a J\u00f3kai \u00e1ltal le\u00edrtakat a 19. sz\u00e1zad tudom\u00e1ny- \u00e9s technikat\u00f6rt\u00e9neti kontextus\u00e1ba glob\u00e1lisan \u00e9s az Osztr\u00e1k-Magyar Monarchi\u00e1ban. Reg\u00e9nybeli kontextus: J\u00f3kai M\u00f3r reg\u00e9nyeiben gyakran tal\u00e1lkozunk a vas\u00fat \u00e9s a vas\u00fath\u00e1l\u00f3zat eml\u00edt\u00e9s\u00e9vel, amelyek a 19. sz\u00e1zad moderniz\u00e1ci\u00f3j\u00e1nak \u00e9s technol\u00f3giai fejl\u0151d\u00e9s\u00e9nek&#8230;<\/p>","protected":false},"author":5,"featured_media":0,"parent":0,"menu_order":0,"comment_status":"closed","ping_status":"closed","template":"","meta":{"_eb_attr":"","inline_featured_image":false,"_kad_post_transparent":"","_kad_post_title":"","_kad_post_layout":"","_kad_post_sidebar_id":"","_kad_post_content_style":"","_kad_post_vertical_padding":"","_kad_post_feature":"","_kad_post_feature_position":"","_kad_post_header":false,"_kad_post_footer":false,"footnotes":""},"class_list":["post-3276","page","type-page","status-publish","hentry"],"_links":{"self":[{"href":"https:\/\/ailabor.appsters.me\/en\/wp-json\/wp\/v2\/pages\/3276","targetHints":{"allow":["GET"]}}],"collection":[{"href":"https:\/\/ailabor.appsters.me\/en\/wp-json\/wp\/v2\/pages"}],"about":[{"href":"https:\/\/ailabor.appsters.me\/en\/wp-json\/wp\/v2\/types\/page"}],"author":[{"embeddable":true,"href":"https:\/\/ailabor.appsters.me\/en\/wp-json\/wp\/v2\/users\/5"}],"replies":[{"embeddable":true,"href":"https:\/\/ailabor.appsters.me\/en\/wp-json\/wp\/v2\/comments?post=3276"}],"version-history":[{"count":2,"href":"https:\/\/ailabor.appsters.me\/en\/wp-json\/wp\/v2\/pages\/3276\/revisions"}],"predecessor-version":[{"id":3346,"href":"https:\/\/ailabor.appsters.me\/en\/wp-json\/wp\/v2\/pages\/3276\/revisions\/3346"}],"wp:attachment":[{"href":"https:\/\/ailabor.appsters.me\/en\/wp-json\/wp\/v2\/media?parent=3276"}],"curies":[{"name":"wp","href":"https:\/\/api.w.org\/{rel}","templated":true}]}}