{"id":3283,"date":"2024-08-27T11:49:40","date_gmt":"2024-08-27T11:49:40","guid":{"rendered":"https:\/\/ailabor.appsters.me\/?page_id=3283"},"modified":"2024-08-28T06:42:02","modified_gmt":"2024-08-28T06:42:02","slug":"fenykep-es-fenykepezes","status":"publish","type":"page","link":"https:\/\/ailabor.appsters.me\/en\/fenykep-es-fenykepezes\/","title":{"rendered":"F\u00e9nyk\u00e9p \u00e9s f\u00e9nyk\u00e9pez\u00e9s"},"content":{"rendered":"<div style=\"background-image:url(&apos;https:\/\/ailabor.appsters.me\/wp-content\/uploads\/2024\/06\/Ellipse-4.png&apos;);background-position:50% 30%;background-size:cover;\" class=\"wp-block-group has-background\"><div class=\"wp-block-group__inner-container is-layout-constrained wp-block-group-is-layout-constrained\">\n<div class=\"wp-block-group group-1240\"><div class=\"wp-block-group__inner-container is-layout-constrained wp-block-group-is-layout-constrained\">\n<h4 class=\"wp-block-heading\">Keress az adatb\u00e1zisodba felt\u00f6lt\u00f6tt reg\u00e9nyekben f\u00e9nyk\u00e9pre \u00e9s f\u00e9nyk\u00e9pez\u00e9sre vonatkoz\u00f3 r\u00e9szleteket. Ismertesd ezeket a reg\u00e9ny kontextus\u00e1ban, majd illeszd a J\u00f3kai \u00e1ltal le\u00edrtakat a 19. sz\u00e1zad tudom\u00e1ny- \u00e9s technikat\u00f6rt\u00e9neti kontextus\u00e1ba glob\u00e1lisan \u00e9s az Osztr\u00e1k-Magyar Monarchi\u00e1ban.<\/h4>\n\n\n\n<figure class=\"wp-block-image size-full is-resized\"><img loading=\"lazy\" decoding=\"async\" width=\"1000\" height=\"235\" src=\"https:\/\/ailabor.appsters.me\/wp-content\/uploads\/2024\/06\/robot_v2_horizont-1-1.gif\" alt=\"\" class=\"wp-image-2482\" style=\"width:200px\"\/><\/figure>\n\n\n\n<div class=\"wp-block-columns is-layout-flex wp-container-core-columns-is-layout-9d6595d7 wp-block-columns-is-layout-flex\">\n<div class=\"wp-block-column is-layout-flow wp-block-column-is-layout-flow\">\n<p>Reg\u00e9nybeli kontextus: J\u00f3kai M\u00f3r m\u0171veiben a f\u00e9nyk\u00e9pez\u00e9s k\u00fcl\u00f6nb\u00f6z\u0151 kontextusokban jelenik meg, t\u00fckr\u00f6zve a 19. sz\u00e1zad v\u00e9g\u00e9nek t\u00e1rsadalmi \u00e9s technol\u00f3giai v\u00e1ltoz\u00e1sait. A f\u00e9nyk\u00e9pez\u00e9s egyr\u00e9szt a t\u00e1rsadalmi kapcsolatok, eml\u00e9kek meg\u0151rz\u00e9s\u00e9nek eszk\u00f6zek\u00e9nt t\u0171nik fel, mint p\u00e9ld\u00e1ul <em>Az \u00e9let kom\u00e9di\u00e1sai<\/em> c\u00edm\u0171 reg\u00e9nyben, ahol egy sz\u00e1mos arck\u00e9pet tartalmaz\u00f3 f\u00e9nyk\u00e9palbumot mutatnak be: a fot\u00f3k a kapcsolatok fizikai megjelen\u00edt\u00e9seik\u00e9nt szolg\u00e1lnak. Ezzel szemben a <em>Fekete gy\u00e9m\u00e1ntok<\/em> eset\u00e9ben a f\u00e9nyk\u00e9p szem\u00e9lyesebb, csal\u00e1di kontextusban szerepel, ahol egy karakter az \u00e9desapja sz\u00e1m\u00e1ra k\u00e9sz\u00edttet f\u00e9nyk\u00e9pet, hogy meg\u00f6r\u00f6k\u00edtse mag\u00e1t komoly emberk\u00e9nt. M\u00e1s m\u0171vekben a f\u00e9nyk\u00e9p ink\u00e1bb metaforikus \u00e9rtelemben jelenik meg. Az <em>\u00c9s m\u00e9gis mozog a f\u00f6ld<\/em> c\u00edm\u0171 reg\u00e9nyben p\u00e9ld\u00e1ul a f\u00e9nyk\u00e9p az eml\u00e9kezetben maradt arck\u00e9pet szimboliz\u00e1lja, amely \u00f6r\u00f6kre r\u00f6gz\u00edti a pillanatot. V\u00e9g\u00fcl <em>A j\u00f6v\u0151 sz\u00e1zad reg\u00e9nye<\/em> a technol\u00f3giai fejl\u0151d\u00e9st \u00e9s a modern t\u00e1rsadalom hat\u00e1sait t\u00fckr\u00f6zi, ahol a f\u00e9nyk\u00e9pez\u00e9s a kir\u00e1ly portr\u00e9j\u00e1nak elk\u00e9sz\u00edt\u00e9s\u00e9n\u00e9l \u00e9s a term\u00e9szeti l\u00e1tk\u00e9pek meg\u00f6r\u00f6k\u00edt\u00e9s\u00e9n\u00e9l j\u00e1tszik szerepet.<\/p>\n<\/div>\n\n\n\n<div class=\"wp-block-column is-layout-flow wp-block-column-is-layout-flow\">\n<figure class=\"wp-block-image size-full\"><img loading=\"lazy\" decoding=\"async\" width=\"1024\" height=\"1024\" src=\"https:\/\/ailabor.appsters.me\/wp-content\/uploads\/2024\/08\/0014_Arpad-kiraly.webp\" alt=\"\" class=\"wp-image-3284\" srcset=\"https:\/\/ailabor.appsters.me\/wp-content\/uploads\/2024\/08\/0014_Arpad-kiraly.webp 1024w, https:\/\/ailabor.appsters.me\/wp-content\/uploads\/2024\/08\/0014_Arpad-kiraly-300x300.webp 300w, https:\/\/ailabor.appsters.me\/wp-content\/uploads\/2024\/08\/0014_Arpad-kiraly-150x150.webp 150w, https:\/\/ailabor.appsters.me\/wp-content\/uploads\/2024\/08\/0014_Arpad-kiraly-768x768.webp 768w, https:\/\/ailabor.appsters.me\/wp-content\/uploads\/2024\/08\/0014_Arpad-kiraly-400x400.webp 400w, https:\/\/ailabor.appsters.me\/wp-content\/uploads\/2024\/08\/0014_Arpad-kiraly-12x12.webp 12w\" sizes=\"auto, (max-width: 1024px) 100vw, 1024px\" \/><figcaption class=\"wp-element-caption\">&#8222;Fest\u0151k, f\u00e9nyk\u00e9p\u00e9szek ig\u00e9nylik, hogy a kir\u00e1ly \u00fclj\u00f6n el\u0151tt\u00fck egy \u00f3r\u00e1csk\u00e1t, elk\u00e9sz\u00edtend\u0151 arczk\u00e9pe v\u00e9gett.&#8221; \u00c1rp\u00e1d kir\u00e1ly tr\u00f3nterm\u00e9ben modellt \u00fcl egy f\u00e9nyk\u00e9p\u00e9sznek<\/figcaption><\/figure>\n<\/div>\n<\/div>\n\n\n\n<div style=\"height:30px\" aria-hidden=\"true\" class=\"wp-block-spacer\"><\/div>\n\n\n\n<p>Tudom\u00e1ny- \u00e9s technikat\u00f6rt\u00e9net: A fotogr\u00e1fi\u00e1t az 1820-as \u00e9vekben kezdt\u00e9k kifejleszteni, de csak az 1830-as \u00e9vek v\u00e9g\u00e9n v\u00e1lt sz\u00e9les k\u00f6rben ismertt\u00e9. A daguerrot\u00edpia, majd k\u00e9s\u0151bb a negat\u00edv-pozit\u00edv elj\u00e1r\u00e1s forradalmas\u00edtotta a k\u00e9pk\u00e9sz\u00edt\u00e9st. A vas\u00fath\u00e1l\u00f3zat gyors terjed\u00e9se a 19. sz\u00e1zad k\u00f6zep\u00e9n alapvet\u0151en megv\u00e1ltoztatta a k\u00f6zleked\u00e9st \u00e9s a gazdas\u00e1got Eur\u00f3p\u00e1ban.<\/p>\n\n\n\n<div style=\"height:50px\" aria-hidden=\"true\" class=\"wp-block-spacer\"><\/div>\n<\/div><\/div>\n<\/div><\/div>","protected":false},"excerpt":{"rendered":"<p>Keress az adatb\u00e1zisodba felt\u00f6lt\u00f6tt reg\u00e9nyekben f\u00e9nyk\u00e9pre \u00e9s f\u00e9nyk\u00e9pez\u00e9sre vonatkoz\u00f3 r\u00e9szleteket. Ismertesd ezeket a reg\u00e9ny kontextus\u00e1ban, majd illeszd a J\u00f3kai \u00e1ltal le\u00edrtakat a 19. sz\u00e1zad tudom\u00e1ny- \u00e9s technikat\u00f6rt\u00e9neti kontextus\u00e1ba glob\u00e1lisan \u00e9s az Osztr\u00e1k-Magyar Monarchi\u00e1ban. Reg\u00e9nybeli kontextus: J\u00f3kai M\u00f3r m\u0171veiben a f\u00e9nyk\u00e9pez\u00e9s k\u00fcl\u00f6nb\u00f6z\u0151 kontextusokban jelenik meg, t\u00fckr\u00f6zve a 19. sz\u00e1zad v\u00e9g\u00e9nek t\u00e1rsadalmi \u00e9s technol\u00f3giai v\u00e1ltoz\u00e1sait. A f\u00e9nyk\u00e9pez\u00e9s&#8230;<\/p>","protected":false},"author":5,"featured_media":0,"parent":0,"menu_order":0,"comment_status":"closed","ping_status":"closed","template":"","meta":{"_eb_attr":"","inline_featured_image":false,"_kad_post_transparent":"","_kad_post_title":"","_kad_post_layout":"","_kad_post_sidebar_id":"","_kad_post_content_style":"","_kad_post_vertical_padding":"","_kad_post_feature":"","_kad_post_feature_position":"","_kad_post_header":false,"_kad_post_footer":false,"footnotes":""},"class_list":["post-3283","page","type-page","status-publish","hentry"],"_links":{"self":[{"href":"https:\/\/ailabor.appsters.me\/en\/wp-json\/wp\/v2\/pages\/3283","targetHints":{"allow":["GET"]}}],"collection":[{"href":"https:\/\/ailabor.appsters.me\/en\/wp-json\/wp\/v2\/pages"}],"about":[{"href":"https:\/\/ailabor.appsters.me\/en\/wp-json\/wp\/v2\/types\/page"}],"author":[{"embeddable":true,"href":"https:\/\/ailabor.appsters.me\/en\/wp-json\/wp\/v2\/users\/5"}],"replies":[{"embeddable":true,"href":"https:\/\/ailabor.appsters.me\/en\/wp-json\/wp\/v2\/comments?post=3283"}],"version-history":[{"count":2,"href":"https:\/\/ailabor.appsters.me\/en\/wp-json\/wp\/v2\/pages\/3283\/revisions"}],"predecessor-version":[{"id":3349,"href":"https:\/\/ailabor.appsters.me\/en\/wp-json\/wp\/v2\/pages\/3283\/revisions\/3349"}],"wp:attachment":[{"href":"https:\/\/ailabor.appsters.me\/en\/wp-json\/wp\/v2\/media?parent=3283"}],"curies":[{"name":"wp","href":"https:\/\/api.w.org\/{rel}","templated":true}]}}