{"id":3288,"date":"2024-08-27T11:51:55","date_gmt":"2024-08-27T11:51:55","guid":{"rendered":"https:\/\/ailabor.appsters.me\/?page_id=3288"},"modified":"2024-08-28T06:43:06","modified_gmt":"2024-08-28T06:43:06","slug":"csillagaszat","status":"publish","type":"page","link":"https:\/\/ailabor.appsters.me\/en\/csillagaszat\/","title":{"rendered":"Csillag\u00e1szat"},"content":{"rendered":"<div style=\"background-image:url(&apos;https:\/\/ailabor.appsters.me\/wp-content\/uploads\/2024\/06\/Ellipse-4.png&apos;);background-position:50% 30%;background-size:cover;\" class=\"wp-block-group has-background\"><div class=\"wp-block-group__inner-container is-layout-constrained wp-block-group-is-layout-constrained\">\n<div class=\"wp-block-group group-1240\"><div class=\"wp-block-group__inner-container is-layout-constrained wp-block-group-is-layout-constrained\">\n<h4 class=\"wp-block-heading\">Keress az adatb\u00e1zisodba felt\u00f6lt\u00f6tt reg\u00e9nyekben a csillag\u00e1szatra vonatkoz\u00f3 r\u00e9szleteket. Ismertesd ezeket a reg\u00e9ny kontextus\u00e1ban, majd illeszd a J\u00f3kai \u00e1ltal le\u00edrtakat a 19. sz\u00e1zad tudom\u00e1ny- \u00e9s technikat\u00f6rt\u00e9neti kontextus\u00e1ba glob\u00e1lisan \u00e9s az Osztr\u00e1k-Magyar Monarchi\u00e1ban.<\/h4>\n\n\n\n<figure class=\"wp-block-image size-full is-resized\"><img loading=\"lazy\" decoding=\"async\" width=\"1000\" height=\"235\" src=\"https:\/\/ailabor.appsters.me\/wp-content\/uploads\/2024\/06\/robot_v2_horizont-1-1.gif\" alt=\"\" class=\"wp-image-2482\" style=\"width:200px\"\/><\/figure>\n\n\n\n<div class=\"wp-block-columns is-layout-flex wp-container-core-columns-is-layout-9d6595d7 wp-block-columns-is-layout-flex\">\n<div class=\"wp-block-column is-layout-flow wp-block-column-is-layout-flow\">\n<p>Reg\u00e9nybeli kontextus: J\u00f3kai M\u00f3r csillag\u00e1szati \u00e9rdekl\u0151d\u00e9s\u00e9re az egyik legjobb p\u00e9lda az <em>\u00c9s m\u00e9gis mozog a f\u00f6ld<\/em> c\u00edm\u0171 reg\u00e9nye. Ennek m\u00e1r a c\u00edme is utal Galilei h\u00edres mond\u00e1s\u00e1ra. A reg\u00e9ny sz\u00e1mos r\u00e9szlete bemutatja a korszak tudom\u00e1nyos felfedez\u00e9seit, k\u00fcl\u00f6n\u00f6sen a csillag\u00e1szat ter\u00fclet\u00e9n, valamint a heliocentrikus vil\u00e1gk\u00e9p elfogad\u00e1s\u00e1val kapcsolatos k\u00fczdelmeket. <em>A j\u00f6v\u0151 sz\u00e1zad reg\u00e9ny\u00e9<\/em>ben J\u00f3kai futurisztikus l\u00e1tom\u00e1saiban a csillag\u00e1szat \u00e9s a vil\u00e1g\u0171r kutat\u00e1sa is szerepet kap. B\u00e1r a tudom\u00e1nyos r\u00e9szletek ink\u00e1bb fikci\u00f3s elemekkel keverednek, m\u00e9gis t\u00fckr\u00f6zik J\u00f3kai \u00e9rdekl\u0151d\u00e9s\u00e9t a csillag\u00e1szat ir\u00e1nt, \u00e9s hogy mik\u00e9nt k\u00e9pzelt el egy j\u00f6v\u0151beli vil\u00e1got, ahol az \u0171rkutat\u00e1s meghat\u00e1roz\u00f3 lehet. Sz\u00e1mos m\u00e1s reg\u00e9ny\u00e9ben is tan\u00fas\u00e1got tesz csillag\u00e1szati \u00e9rdekl\u0151d\u00e9s\u00e9r\u0151l \u00e9s ismereteir\u0151l, p\u00e9ld\u00e1ul <em>The Man with the Golden Touch<\/em>ben, <em>A l\u0151csei feh\u00e9r asszony<\/em>ban \u00e9s <em>Az \u00faj f\u00f6ldes\u00far<\/em>ban. Csillag\u00e1szati szempontb\u00f3l kiemelked\u0151 <em>A j\u00f6v\u0151 sz\u00e1zad reg\u00e9ny\u00e9<\/em>nek \u00fcst\u00f6k\u00f6sle\u00edr\u00e1sa. A sz\u00f6veg le\u00edrja, hogy egy nagy \u00fcst\u00f6k\u00f6s k\u00f6zel ker\u00fcl a Szaturnuszhoz, \u00e9s ez v\u00e1ltoz\u00e1sokat id\u00e9z el\u0151 a bolyg\u00f3 k\u00f6r\u00fcli t\u00e9rben, tov\u00e1bb\u00e1 r\u00e9szletesen t\u00e1rgyalja egy \u00fcst\u00f6k\u00f6s napba zuhan\u00e1s\u00e1t \u00e9s az ennek k\u00f6vetkezt\u00e9ben l\u00e9trej\u00f6v\u0151 \u00faj bolyg\u00f3 sz\u00fclet\u00e9s\u00e9t.<\/p>\n<\/div>\n\n\n\n<div class=\"wp-block-column is-layout-flow wp-block-column-is-layout-flow\">\n<figure class=\"wp-block-image size-full\"><img loading=\"lazy\" decoding=\"async\" width=\"1024\" height=\"1024\" src=\"https:\/\/ailabor.appsters.me\/wp-content\/uploads\/2024\/08\/0020_uj-bolygo.webp\" alt=\"\" class=\"wp-image-3289\" srcset=\"https:\/\/ailabor.appsters.me\/wp-content\/uploads\/2024\/08\/0020_uj-bolygo.webp 1024w, https:\/\/ailabor.appsters.me\/wp-content\/uploads\/2024\/08\/0020_uj-bolygo-300x300.webp 300w, https:\/\/ailabor.appsters.me\/wp-content\/uploads\/2024\/08\/0020_uj-bolygo-150x150.webp 150w, https:\/\/ailabor.appsters.me\/wp-content\/uploads\/2024\/08\/0020_uj-bolygo-768x768.webp 768w, https:\/\/ailabor.appsters.me\/wp-content\/uploads\/2024\/08\/0020_uj-bolygo-400x400.webp 400w, https:\/\/ailabor.appsters.me\/wp-content\/uploads\/2024\/08\/0020_uj-bolygo-12x12.webp 12w\" sizes=\"auto, (max-width: 1024px) 100vw, 1024px\" \/><figcaption class=\"wp-element-caption\">Az \u00faj bolyg\u00f3 sz\u00fclet\u00e9se J\u00f3kai le\u00edr\u00e1sa alapj\u00e1n (<em>A j\u00f6v\u0151 sz\u00e1zad reg\u00e9nye<\/em>)<\/figcaption><\/figure>\n<\/div>\n<\/div>\n\n\n\n<div style=\"height:30px\" aria-hidden=\"true\" class=\"wp-block-spacer\"><\/div>\n\n\n\n<p>Tudom\u00e1ny- \u00e9s technikat\u00f6rt\u00e9net: A 19. sz\u00e1zadban a csillag\u00e1szat jelent\u0151s fejl\u0151d\u00e9sen ment kereszt\u00fcl, ezt technol\u00f3giai \u00faj\u00edt\u00e1sok \u00e9s az \u00faj tudom\u00e1nyos m\u00f3dszerek t\u00e1mogatt\u00e1k. A 19. sz\u00e1zad elej\u00e9n a csillag\u00e1szat m\u00e9g f\u0151k\u00e9nt a Naprendszer \u00e9gitestjeinek megfigyel\u00e9s\u00e9re \u00f6sszpontos\u00edtott. Az \u00e9vsz\u00e1zad el\u0151rehaladt\u00e1val a t\u00e1vcs\u00f6vek jelent\u0151s fejl\u0151d\u00e9sen mentek kereszt\u00fcl, ami lehet\u0151v\u00e9 tette az \u00e9gitestek, k\u00f6zt\u00fck a t\u00e1voli csillagok \u00e9s galaxisok pontosabb megfigyel\u00e9s\u00e9t. Az 1840-es \u00e9vekben James Clerk Maxwell \u00e9s m\u00e1s tud\u00f3sok felfedezt\u00e9k a f\u00e9ny term\u00e9szet\u00e9t \u00e9s az elektrom\u00e1gneses hull\u00e1mokat, ami \u00faj utakat nyitott meg a csillag\u00e1szatban, p\u00e9ld\u00e1ul a spektroszk\u00f3pia ter\u00fclet\u00e9n. A korszak nagy felfedez\u00e9sei k\u00f6z\u00e9 tartozik a Neptunusz bolyg\u00f3 1846-os felfedez\u00e9se, amelyet el\u0151re jeleztek a gravit\u00e1ci\u00f3s zavarok alapj\u00e1n. Ez a felfedez\u00e9s er\u0151s\u00edtette a Newton-f\u00e9le gravit\u00e1ci\u00f3s t\u00f6rv\u00e9nyek hiteless\u00e9g\u00e9t. Az \u00e9gitestek mozg\u00e1s\u00e1nak pontosabb meg\u00e9rt\u00e9se \u00e9s a t\u00e1vcs\u00f6vek javul\u00e1sa lehet\u0151v\u00e9 tette a tud\u00f3sok sz\u00e1m\u00e1ra, hogy r\u00e9szletesebben megvizsg\u00e1lj\u00e1k az \u00fcst\u00f6k\u00f6s\u00f6ket \u00e9s m\u00e1s \u00e9gitesteket.<\/p>\n\n\n\n<p>Az \u00fcst\u00f6k\u00f6s\u00f6k k\u00fcl\u00f6n\u00f6sen fontos szerepet j\u00e1tszottak a 19. sz\u00e1zadi csillag\u00e1szatban, mivel a kor\u00e1bbi \u00e9vsz\u00e1zadok babon\u00e1ival ellent\u00e9tben ekkor m\u00e1r tudom\u00e1nyos jelens\u00e9gekk\u00e9nt kezdt\u00e9k tanulm\u00e1nyozni \u0151ket. Az \u00fcst\u00f6k\u00f6s\u00f6k megfigyel\u00e9se sor\u00e1n a tud\u00f3sok olyan k\u00e9rd\u00e9sekkel foglalkoztak, mint az \u00fcst\u00f6k\u00f6s\u00f6k p\u00e1ly\u00e1ja, \u00f6sszet\u00e9tele \u00e9s a Naprendszerben bet\u00f6lt\u00f6tt szerep\u00fck. A 19. sz\u00e1zad egyik legfontosabb \u00fcst\u00f6k\u00f6s-megfigyel\u00e9se az 1811-es Nagy \u00dcst\u00f6k\u00f6s volt (C\/<em>1811<\/em> F1), amelyet Eur\u00f3pa-szerte figyelemmel k\u00eds\u00e9rtek. Ez az \u00fcst\u00f6k\u00f6s k\u00fcl\u00f6n\u00f6sen f\u00e9nyes volt, \u00e9s hossz\u00fa ideig volt l\u00e1that\u00f3. A Halley-\u00fcst\u00f6k\u00f6s 1835-\u00f6s visszat\u00e9r\u00e9se is nagy jelent\u0151s\u00e9ggel b\u00edrt, mivel ez volt az els\u0151 alkalom, hogy az \u00fcst\u00f6k\u00f6s visszat\u00e9r\u00e9s\u00e9t pontosan megj\u00f3solt\u00e1k, ami meger\u0151s\u00edtette a kor\u00e1bbi elm\u00e9leteket az \u00fcst\u00f6k\u00f6s\u00f6k p\u00e1ly\u00e1j\u00e1r\u00f3l. A korszakban az \u00fcst\u00f6k\u00f6s\u00f6ket gyakran vizsg\u00e1lt\u00e1k abb\u00f3l a szempontb\u00f3l is, hogy milyen hat\u00e1st gyakorolhatnak a Naprendszer t\u00f6bbi \u00e9gitest\u00e9re. P\u00e9ld\u00e1ul a nagy \u00fcst\u00f6k\u00f6s\u00f6k p\u00e1ly\u00e1i \u00e9s azok gravit\u00e1ci\u00f3s hat\u00e1sa a bolyg\u00f3kra egyre nagyobb \u00e9rdekl\u0151d\u00e9st v\u00e1ltott ki. Ezeket a kutat\u00e1sokat t\u00e1vcs\u00f6ves megfigyel\u00e9sek \u00e9s matematikai sz\u00e1m\u00edt\u00e1sok kombin\u00e1ci\u00f3j\u00e1val v\u00e9gezt\u00e9k, ami lehet\u0151v\u00e9 tette az \u00fcst\u00f6k\u00f6sp\u00e1ly\u00e1k pontosabb el\u0151rejelz\u00e9s\u00e9t.<\/p>\n\n\n\n<div style=\"height:50px\" aria-hidden=\"true\" class=\"wp-block-spacer\"><\/div>\n<\/div><\/div>\n<\/div><\/div>","protected":false},"excerpt":{"rendered":"<p>Keress az adatb\u00e1zisodba felt\u00f6lt\u00f6tt reg\u00e9nyekben a csillag\u00e1szatra vonatkoz\u00f3 r\u00e9szleteket. Ismertesd ezeket a reg\u00e9ny kontextus\u00e1ban, majd illeszd a J\u00f3kai \u00e1ltal le\u00edrtakat a 19. sz\u00e1zad tudom\u00e1ny- \u00e9s technikat\u00f6rt\u00e9neti kontextus\u00e1ba glob\u00e1lisan \u00e9s az Osztr\u00e1k-Magyar Monarchi\u00e1ban. Reg\u00e9nybeli kontextus: J\u00f3kai M\u00f3r csillag\u00e1szati \u00e9rdekl\u0151d\u00e9s\u00e9re az egyik legjobb p\u00e9lda az \u00c9s m\u00e9gis mozog a f\u00f6ld c\u00edm\u0171 reg\u00e9nye. Ennek m\u00e1r a c\u00edme is&#8230;<\/p>","protected":false},"author":5,"featured_media":0,"parent":0,"menu_order":0,"comment_status":"closed","ping_status":"closed","template":"","meta":{"_eb_attr":"","inline_featured_image":false,"_kad_post_transparent":"","_kad_post_title":"","_kad_post_layout":"","_kad_post_sidebar_id":"","_kad_post_content_style":"","_kad_post_vertical_padding":"","_kad_post_feature":"","_kad_post_feature_position":"","_kad_post_header":false,"_kad_post_footer":false,"footnotes":""},"class_list":["post-3288","page","type-page","status-publish","hentry"],"_links":{"self":[{"href":"https:\/\/ailabor.appsters.me\/en\/wp-json\/wp\/v2\/pages\/3288","targetHints":{"allow":["GET"]}}],"collection":[{"href":"https:\/\/ailabor.appsters.me\/en\/wp-json\/wp\/v2\/pages"}],"about":[{"href":"https:\/\/ailabor.appsters.me\/en\/wp-json\/wp\/v2\/types\/page"}],"author":[{"embeddable":true,"href":"https:\/\/ailabor.appsters.me\/en\/wp-json\/wp\/v2\/users\/5"}],"replies":[{"embeddable":true,"href":"https:\/\/ailabor.appsters.me\/en\/wp-json\/wp\/v2\/comments?post=3288"}],"version-history":[{"count":2,"href":"https:\/\/ailabor.appsters.me\/en\/wp-json\/wp\/v2\/pages\/3288\/revisions"}],"predecessor-version":[{"id":3350,"href":"https:\/\/ailabor.appsters.me\/en\/wp-json\/wp\/v2\/pages\/3288\/revisions\/3350"}],"wp:attachment":[{"href":"https:\/\/ailabor.appsters.me\/en\/wp-json\/wp\/v2\/media?parent=3288"}],"curies":[{"name":"wp","href":"https:\/\/api.w.org\/{rel}","templated":true}]}}