{"id":3293,"date":"2024-08-27T12:04:47","date_gmt":"2024-08-27T12:04:47","guid":{"rendered":"https:\/\/ailabor.appsters.me\/?page_id=3293"},"modified":"2024-08-28T06:45:07","modified_gmt":"2024-08-28T06:45:07","slug":"az-otthon-varosa","status":"publish","type":"page","link":"https:\/\/ailabor.appsters.me\/en\/az-otthon-varosa\/","title":{"rendered":"Az otthon v\u00e1rosa"},"content":{"rendered":"<div style=\"background-image:url(&apos;https:\/\/ailabor.appsters.me\/wp-content\/uploads\/2024\/06\/Ellipse-4.png&apos;);background-position:50% 30%;background-size:cover;\" class=\"wp-block-group has-background\"><div class=\"wp-block-group__inner-container is-layout-constrained wp-block-group-is-layout-constrained\">\n<div class=\"wp-block-group group-1240\"><div class=\"wp-block-group__inner-container is-layout-constrained wp-block-group-is-layout-constrained\">\n<h4 class=\"wp-block-heading\">Olvasd el alaposan az adatb\u00e1zisodba felt\u00f6lt\u00f6tt A j\u00f6v\u0151 sz\u00e1zad reg\u00e9nye c\u00edm\u0171 f\u00e1jlt. \u00c9rt\u00e9keld J\u00f3kai sz\u00f6veg\u00e9t a tudom\u00e1ny- \u00e9s technikat\u00f6rt\u00e9net szempontj\u00e1b\u00f3l. Hogyan \u00edrja le J\u00f3kai az adatb\u00e1zisodba felt\u00f6lt\u00f6tt, A j\u00f6v\u0151 sz\u00e1zad reg\u00e9nye c\u00edm\u0171 sz\u00f6vegben Otthon v\u00e1ros\u00e1t? Ismertesd r\u00e9szletesen.<\/h4>\n\n\n\n<figure class=\"wp-block-image size-full is-resized\"><img loading=\"lazy\" decoding=\"async\" width=\"1000\" height=\"235\" src=\"https:\/\/ailabor.appsters.me\/wp-content\/uploads\/2024\/06\/robot_v2_horizont-1-1.gif\" alt=\"\" class=\"wp-image-2482\" style=\"width:200px\"\/><\/figure>\n\n\n\n<p><em>A j\u00f6v\u0151 sz\u00e1zad reg\u00e9nye<\/em> J\u00f3kai M\u00f3r egyik izgalmas \u00e9s el\u0151remutat\u00f3 m\u0171ve. Az el\u0151sz\u00f3ban J\u00f3kai kifejti, hogy ez a reg\u00e9ny nem egy klasszikus \u00e9rtelemben vett \u201e\u00e1llamreg\u00e9ny\u201d, mint p\u00e9ld\u00e1ul Morus Tam\u00e1s \u201eUt\u00f3pi\u00e1ja\u201d vagy Swift \u201eGulliver utaz\u00e1sai\u201d. Ehelyett a c\u00e9lja egy olyan j\u00f6v\u0151beli esem\u00e9nyeket bemutat\u00f3 t\u00f6rt\u00e9net meg\u00edr\u00e1sa, amely m\u00e9g nem t\u00f6rt\u00e9nt meg, de a j\u00f6v\u0151ben ak\u00e1r val\u00f3s\u00e1gg\u00e1 is v\u00e1lhat. J\u00f3kai hangs\u00falyozza, hogy a reg\u00e9nyben bemutatott vil\u00e1got a jelenben ismert eszm\u00e9k \u00e9s \u00e1llapotok alapj\u00e1n k\u00e9pzeli el, nem pedig egy ut\u00f3pikus, felfedezetlen szigeten j\u00e1tsz\u00f3d\u00f3 t\u00f6rt\u00e9netet alkot.<\/p>\n\n\n\n<p>A reg\u00e9ny teh\u00e1t egy olyan vil\u00e1got t\u00e1r el\u00e9nk, amelyben a j\u00f6v\u0151 esem\u00e9nyeit, eszm\u00e9it \u00e9s embereit \u00fagy pr\u00f3b\u00e1lja bemutatni, hogy azok a val\u00f3s\u00e1gban is megt\u00f6rt\u00e9nhetnek. A t\u00f6rt\u00e9net sor\u00e1n J\u00f3kai az \u00e1llamok alakul\u00e1s\u00e1t \u00e9s azok sors\u00e1nak v\u00e1ltoz\u00e1sait vizsg\u00e1lja, mindezt a civiliz\u00e1ci\u00f3 \u00e9s az emberis\u00e9g fejl\u0151d\u00e9s\u00e9nek \u00f6sszef\u00fcgg\u00e9s\u00e9ben.<\/p>\n\n\n\n<div class=\"wp-block-columns is-layout-flex wp-container-core-columns-is-layout-9d6595d7 wp-block-columns-is-layout-flex\">\n<div class=\"wp-block-column is-layout-flow wp-block-column-is-layout-flow\">\n<p>Az <em>Otthon v\u00e1ros<\/em> c\u00edm\u0171 fejezetben J\u00f3kai M\u00f3r egy j\u00f6v\u0151beli v\u00e1rost mutat be. Ez a v\u00e1ros nemcsak a neve alapj\u00e1n k\u00fcl\u00f6nleges, hanem a fel\u00e9p\u00edt\u00e9se \u00e9s m\u0171k\u00f6d\u00e9se miatt is. A fejezet szerint h\u00e9t \u00e9v alatt, m\u00e9g az alap\u00edt\u00f3k v\u00e1rakoz\u00e1sain\u00e1l is gyorsabban, a v\u00e1ros lakoss\u00e1ga el\u00e9rte az egymilli\u00f3 f\u0151t.<\/p>\n\n\n\n<p>A v\u00e1rost J\u00f3kai szab\u00e1lyosan beosztott, rendszeresen kialak\u00edtott telep\u00fcl\u00e9sk\u00e9nt \u00edrja le, amely a maga m\u00f3dj\u00e1n tov\u00e1bbfejl\u0151dik, mintha egy \u00e9l\u0151 szervezet lenne. A v\u00e1ros k\u00f6r\u00fcl egy hatalmas, szakadatlan kertvil\u00e1g ter\u00fcl el, amelyben \u00f6t vil\u00e1gr\u00e9szb\u0151l sz\u00e1rmaz\u00f3 haszonn\u00f6v\u00e9nyek \u00e9s d\u00edszn\u00f6v\u00e9nyek tal\u00e1lhat\u00f3k. Ezeket a n\u00f6v\u00e9nyeket \u00fagy v\u00e1lasztott\u00e1k ki, hogy az adott \u00e9ghajlaton meg tudjanak honosodni, \u00e9s a sikeres k\u00eds\u00e9rletek eredm\u00e9nyek\u00e9nt az eur\u00f3pai piacokon ismeretlen gy\u00fcm\u00f6lcs\u00f6k \u00e9s z\u00f6lds\u00e9gek jelennek meg.<\/p>\n<\/div>\n\n\n\n<div class=\"wp-block-column is-layout-flow wp-block-column-is-layout-flow\">\n<figure class=\"wp-block-image size-full\"><img loading=\"lazy\" decoding=\"async\" width=\"1024\" height=\"1024\" src=\"https:\/\/ailabor.appsters.me\/wp-content\/uploads\/2024\/08\/0024_Otthon-varosa.webp\" alt=\"\" class=\"wp-image-3294\" srcset=\"https:\/\/ailabor.appsters.me\/wp-content\/uploads\/2024\/08\/0024_Otthon-varosa.webp 1024w, https:\/\/ailabor.appsters.me\/wp-content\/uploads\/2024\/08\/0024_Otthon-varosa-300x300.webp 300w, https:\/\/ailabor.appsters.me\/wp-content\/uploads\/2024\/08\/0024_Otthon-varosa-150x150.webp 150w, https:\/\/ailabor.appsters.me\/wp-content\/uploads\/2024\/08\/0024_Otthon-varosa-768x768.webp 768w, https:\/\/ailabor.appsters.me\/wp-content\/uploads\/2024\/08\/0024_Otthon-varosa-400x400.webp 400w, https:\/\/ailabor.appsters.me\/wp-content\/uploads\/2024\/08\/0024_Otthon-varosa-12x12.webp 12w\" sizes=\"auto, (max-width: 1024px) 100vw, 1024px\" \/><figcaption class=\"wp-element-caption\">Otthon v\u00e1rosa <em>A j\u00f6v\u0151 sz\u00e1zad reg\u00e9ny\u00e9<\/em>ben<\/figcaption><\/figure>\n<\/div>\n<\/div>\n\n\n\n<div style=\"height:30px\" aria-hidden=\"true\" class=\"wp-block-spacer\"><\/div>\n\n\n\n<p>A kertek k\u00f6zep\u00e9n egyes csal\u00e1dok sz\u00e1m\u00e1ra kialak\u00edtott h\u00e1zak tal\u00e1lhat\u00f3k, amelyeket gy\u00fcm\u00f6lcsf\u00e1k \u00e9s vir\u00e1gok bor\u00edtanak be. Ezek a h\u00e1zak, az egy\u00e9ni kertgazd\u00e1lkod\u00e1s eszm\u00e9j\u00e9t t\u00fckr\u00f6zik, ahol a term\u00e9szet k\u00f6zels\u00e9ge \u00e9s a saj\u00e1t termel\u00e9s fontos szerepet j\u00e1tszik. A v\u00e1rosban a mez\u0151gazdas\u00e1g \u00e9s az ipar olvad egybe, ahol a kertipar v\u00e1lt a meghat\u00e1roz\u00f3 \u00e1gazatt\u00e1. Az Otthon \u00e1llama nem hagyatkozhat olyan esetleges t\u00e9nyez\u0151kre, mint az id\u0151j\u00e1r\u00e1s, ez\u00e9rt a mez\u0151gazdas\u00e1g tudom\u00e1nyos alapokon nyugszik, amely biztos\u00edtja a stabil \u00e9lelmiszertermel\u00e9st.<\/p>\n\n\n\n<p>A v\u00e1rosban k\u00fcl\u00f6nleges \u00e1llatteny\u00e9szt\u00e9si m\u00f3dszereket is alkalmaznak, p\u00e9ld\u00e1ul tutajokra \u00e9p\u00edtett kunyh\u00f3kban tartott sz\u00e1rnyasok, amelyek nappal a n\u00f6v\u00e9nyek k\u00f6z\u00f6tt rovarokat gy\u0171jtenek, \u00e9jszaka pedig visszat\u00e9rnek a flottill\u00e1ikra. J\u00f3kai \u201eOtthon\u201d v\u00e1ros\u00e1t egy ut\u00f3pisztikus, j\u00f6v\u0151beli telep\u00fcl\u00e9sk\u00e9nt \u00e1br\u00e1zolja, ahol a term\u00e9szet \u00e9s az emberi tal\u00e1l\u00e9konys\u00e1g harmonikusan egy\u00fcttm\u0171k\u00f6dik. A v\u00e1rosban a mez\u0151gazdas\u00e1g \u00e9s a kert\u00e9szet \u00faj alapokra helyez\u0151d\u00f6tt, a lak\u00f3k pedig egy j\u00f3l szervezett, el\u0151rehaladott t\u00e1rsadalmi rendszer r\u00e9szei, amely biztons\u00e1got \u00e9s j\u00f3l\u00e9tet biztos\u00edt sz\u00e1mukra.<\/p>\n\n\n\n<div style=\"height:50px\" aria-hidden=\"true\" class=\"wp-block-spacer\"><\/div>\n<\/div><\/div>\n<\/div><\/div>","protected":false},"excerpt":{"rendered":"<p>Olvasd el alaposan az adatb\u00e1zisodba felt\u00f6lt\u00f6tt A j\u00f6v\u0151 sz\u00e1zad reg\u00e9nye c\u00edm\u0171 f\u00e1jlt. \u00c9rt\u00e9keld J\u00f3kai sz\u00f6veg\u00e9t a tudom\u00e1ny- \u00e9s technikat\u00f6rt\u00e9net szempontj\u00e1b\u00f3l. Hogyan \u00edrja le J\u00f3kai az adatb\u00e1zisodba felt\u00f6lt\u00f6tt, A j\u00f6v\u0151 sz\u00e1zad reg\u00e9nye c\u00edm\u0171 sz\u00f6vegben Otthon v\u00e1ros\u00e1t? Ismertesd r\u00e9szletesen. A j\u00f6v\u0151 sz\u00e1zad reg\u00e9nye J\u00f3kai M\u00f3r egyik izgalmas \u00e9s el\u0151remutat\u00f3 m\u0171ve. Az el\u0151sz\u00f3ban J\u00f3kai kifejti, hogy ez a&#8230;<\/p>","protected":false},"author":5,"featured_media":0,"parent":0,"menu_order":0,"comment_status":"closed","ping_status":"closed","template":"","meta":{"_eb_attr":"","inline_featured_image":false,"_kad_post_transparent":"","_kad_post_title":"","_kad_post_layout":"","_kad_post_sidebar_id":"","_kad_post_content_style":"","_kad_post_vertical_padding":"","_kad_post_feature":"","_kad_post_feature_position":"","_kad_post_header":false,"_kad_post_footer":false,"footnotes":""},"class_list":["post-3293","page","type-page","status-publish","hentry"],"_links":{"self":[{"href":"https:\/\/ailabor.appsters.me\/en\/wp-json\/wp\/v2\/pages\/3293","targetHints":{"allow":["GET"]}}],"collection":[{"href":"https:\/\/ailabor.appsters.me\/en\/wp-json\/wp\/v2\/pages"}],"about":[{"href":"https:\/\/ailabor.appsters.me\/en\/wp-json\/wp\/v2\/types\/page"}],"author":[{"embeddable":true,"href":"https:\/\/ailabor.appsters.me\/en\/wp-json\/wp\/v2\/users\/5"}],"replies":[{"embeddable":true,"href":"https:\/\/ailabor.appsters.me\/en\/wp-json\/wp\/v2\/comments?post=3293"}],"version-history":[{"count":2,"href":"https:\/\/ailabor.appsters.me\/en\/wp-json\/wp\/v2\/pages\/3293\/revisions"}],"predecessor-version":[{"id":3352,"href":"https:\/\/ailabor.appsters.me\/en\/wp-json\/wp\/v2\/pages\/3293\/revisions\/3352"}],"wp:attachment":[{"href":"https:\/\/ailabor.appsters.me\/en\/wp-json\/wp\/v2\/media?parent=3293"}],"curies":[{"name":"wp","href":"https:\/\/api.w.org\/{rel}","templated":true}]}}