{"id":3305,"date":"2024-08-27T12:42:00","date_gmt":"2024-08-27T12:42:00","guid":{"rendered":"https:\/\/ailabor.appsters.me\/?page_id=3305"},"modified":"2024-08-28T06:47:34","modified_gmt":"2024-08-28T06:47:34","slug":"a-jovo-mezogazdasagi-technologiai","status":"publish","type":"page","link":"https:\/\/ailabor.appsters.me\/en\/a-jovo-mezogazdasagi-technologiai\/","title":{"rendered":"A j\u00f6v\u0151 mez\u0151gazdas\u00e1gi technol\u00f3gi\u00e1i"},"content":{"rendered":"<div style=\"background-image:url(&apos;https:\/\/ailabor.appsters.me\/wp-content\/uploads\/2024\/06\/Ellipse-4.png&apos;);background-position:50% 30%;background-size:cover;\" class=\"wp-block-group has-background\"><div class=\"wp-block-group__inner-container is-layout-constrained wp-block-group-is-layout-constrained\">\n<div class=\"wp-block-group group-1240\"><div class=\"wp-block-group__inner-container is-layout-constrained wp-block-group-is-layout-constrained\">\n<h4 class=\"wp-block-heading\">Hogyan \u00edrja le J\u00f3kai az adatb\u00e1zisodba felt\u00f6lt\u00f6tt, A j\u00f6v\u0151 sz\u00e1zad reg\u00e9nye c\u00edm\u0171 sz\u00f6vegben Otthon v\u00e1ros\u00e1nak mez\u0151gazdas\u00e1gi technol\u00f3gi\u00e1it? Ismertesd r\u00e9szletesen.<\/h4>\n\n\n\n<figure class=\"wp-block-image size-full is-resized\"><img loading=\"lazy\" decoding=\"async\" width=\"1000\" height=\"235\" src=\"https:\/\/ailabor.appsters.me\/wp-content\/uploads\/2024\/06\/robot_v2_horizont-1-1.gif\" alt=\"\" class=\"wp-image-2482\" style=\"width:200px\"\/><\/figure>\n\n\n\n<div class=\"wp-block-columns is-layout-flex wp-container-core-columns-is-layout-9d6595d7 wp-block-columns-is-layout-flex\">\n<div class=\"wp-block-column is-layout-flow wp-block-column-is-layout-flow\">\n<p>Reg\u00e9nybeli kontextus: <em>A j\u00f6v\u0151 sz\u00e1zad reg\u00e9ny\u00e9<\/em>ben J\u00f3kai r\u00e9szletesen \u00e1br\u00e1zolja a j\u00f6v\u0151 mez\u0151gazdas\u00e1g\u00e1t. J\u00f3kai a j\u00f6v\u0151 mez\u0151gazdas\u00e1g\u00e1t nagym\u00e9rt\u00e9kben g\u00e9pes\u00edtettnek k\u00e9pzeli el. A fizikai munk\u00e1t szinte teljes eg\u00e9sz\u00e9ben g\u00e9pek v\u00e9gzik, amelyek prec\u00edzen \u00e9s hat\u00e9konyan v\u00e9grehajtj\u00e1k a k\u00fcl\u00f6nb\u00f6z\u0151 mez\u0151gazdas\u00e1gi feladatokat. A munkag\u00e9pek fejlett technol\u00f3gi\u00e1k seg\u00edts\u00e9g\u00e9vel dolgoznak minimaliz\u00e1lva az emberi munkaer\u0151 sz\u00fcks\u00e9gess\u00e9g\u00e9t. J\u00f3kai v\u00edzi\u00f3j\u00e1ban a n\u00f6v\u00e9nytermeszt\u00e9s is radik\u00e1lisan megv\u00e1ltozik. Olyan \u00faj technol\u00f3gi\u00e1kat alkalmaznak, amelyek lehet\u0151v\u00e9 teszik a n\u00f6v\u00e9nyek gyorsabb n\u00f6veked\u00e9s\u00e9t \u00e9s magasabb term\u00e9shozamot biztos\u00edtanak. P\u00e9ld\u00e1ul a f\u00f6ldek term\u00e9kenys\u00e9g\u00e9t k\u00fcl\u00f6nleges vegyszerekkel \u00e9s m\u0171tr\u00e1gy\u00e1kkal fokozz\u00e1k, amelyeket pontosan adagolnak a n\u00f6v\u00e9nyek sz\u00fcks\u00e9gletei szerint.<\/p>\n\n\n\n<p>A j\u00f6v\u0151 mez\u0151gazdas\u00e1ga a term\u00e9szetes er\u0151forr\u00e1sok jobb kihaszn\u00e1l\u00e1s\u00e1ra \u00e9p\u00fcl. A meg\u00fajul\u00f3 energiaforr\u00e1sok, mint p\u00e9ld\u00e1ul a napenergia \u00e9s a sz\u00e9lenergia, a g\u00e9pek m\u0171k\u00f6dtet\u00e9s\u00e9hez sz\u00fcks\u00e9ges energi\u00e1t biztos\u00edtj\u00e1k. Ez\u00e1ltal a mez\u0151gazdas\u00e1g fenntarthat\u00f3bb\u00e1 v\u00e1lik, cs\u00f6kkentve a fosszilis t\u00fczel\u0151anyagok ir\u00e1nti ig\u00e9nyt. Olyan mez\u0151gazdas\u00e1gi rendszert k\u00e9pzel el, amelyben minden tev\u00e9kenys\u00e9g pontosan \u00e9s c\u00e9lzottan t\u00f6rt\u00e9nik. Az adatok gy\u0171jt\u00e9se \u00e9s elemz\u00e9se r\u00e9v\u00e9n a termel\u0151k k\u00e9pesek optimaliz\u00e1lni a termel\u00e9st, minimaliz\u00e1lva a pazarl\u00e1st \u00e9s maximaliz\u00e1lva a term\u00e9shozamot. J\u00f3kai k\u00e9pe a j\u00f6v\u0151 mez\u0151gazdas\u00e1g\u00e1r\u00f3l optimista, \u00e9s egyben t\u00fckr\u00f6zi a korabeli technol\u00f3giai fejl\u0151d\u00e9s ir\u00e1nti nyitotts\u00e1g\u00e1t. Olyan vil\u00e1got vizion\u00e1l, amelyben a mez\u0151gazdas\u00e1g hat\u00e9konyabb, fenntarthat\u00f3bb \u00e9s kev\u00e9sb\u00e9 f\u00fcgg a term\u00e9szeti k\u00f6r\u00fclm\u00e9nyekt\u0151l.<\/p>\n<\/div>\n\n\n\n<div class=\"wp-block-column is-layout-flow wp-block-column-is-layout-flow\">\n<figure class=\"wp-block-image size-full\"><img loading=\"lazy\" decoding=\"async\" width=\"1024\" height=\"1024\" src=\"https:\/\/ailabor.appsters.me\/wp-content\/uploads\/2024\/08\/0023_verikalis-uveghaz.webp\" alt=\"\" class=\"wp-image-3307\" srcset=\"https:\/\/ailabor.appsters.me\/wp-content\/uploads\/2024\/08\/0023_verikalis-uveghaz.webp 1024w, https:\/\/ailabor.appsters.me\/wp-content\/uploads\/2024\/08\/0023_verikalis-uveghaz-300x300.webp 300w, https:\/\/ailabor.appsters.me\/wp-content\/uploads\/2024\/08\/0023_verikalis-uveghaz-150x150.webp 150w, https:\/\/ailabor.appsters.me\/wp-content\/uploads\/2024\/08\/0023_verikalis-uveghaz-768x768.webp 768w, https:\/\/ailabor.appsters.me\/wp-content\/uploads\/2024\/08\/0023_verikalis-uveghaz-400x400.webp 400w, https:\/\/ailabor.appsters.me\/wp-content\/uploads\/2024\/08\/0023_verikalis-uveghaz-12x12.webp 12w\" sizes=\"auto, (max-width: 1024px) 100vw, 1024px\" \/><figcaption class=\"wp-element-caption\"><em>A j\u00f6v\u0151 sz\u00e1zad reg\u00e9ny\u00e9<\/em>ben elk\u00e9pzelt modern \u00fcvegh\u00e1z a 20. sz\u00e1zad k\u00f6zep\u00e9n<\/figcaption><\/figure>\n<\/div>\n<\/div>\n\n\n\n<div style=\"height:30px\" aria-hidden=\"true\" class=\"wp-block-spacer\"><\/div>\n\n\n\n<p>Tudom\u00e1ny- \u00e9s technikat\u00f6rt\u00e9net: J\u00f3kai M\u00f3r \u00e9letideje alatt vil\u00e1gszerte jelent\u0151s moderniz\u00e1ci\u00f3s t\u00f6rekv\u00e9sek zajlottak a mez\u0151gazdas\u00e1g ter\u00e9n. Ezek a v\u00e1ltoz\u00e1sok alapvet\u0151en \u00e1talak\u00edtott\u00e1k a termel\u00e9si m\u00f3dszereket \u00e9s a gazdas\u00e1gi strukt\u00far\u00e1kat, k\u00fcl\u00f6n\u00f6sen az ipari forradalom hat\u00e1s\u00e1ra. Az olyan g\u00e9pek megjelen\u00e9se, mint a g\u0151zeke, a vet\u0151g\u00e9p, \u00e9s a komb\u00e1jn, lehet\u0151v\u00e9 tette a termel\u00e9s hat\u00e9konys\u00e1g\u00e1nak n\u00f6vel\u00e9s\u00e9t. A g\u00e9pes\u00edt\u00e9s cs\u00f6kkentette az emberi munkaer\u0151 sz\u00fcks\u00e9gess\u00e9g\u00e9t \u00e9s felgyors\u00edtotta a mez\u0151gazdas\u00e1gi munkafolyamatokat. A vet\u00e9sforg\u00f3 alkalmaz\u00e1sa seg\u00edtett meg\u0151rizni a talaj term\u00e9kenys\u00e9g\u00e9t \u00e9s cs\u00f6kkentette a talaj monokult\u00far\u00e1s gazd\u00e1lkod\u00e1s okozta kimer\u00fcl\u00e9s\u00e9t. A talajjav\u00edt\u00e1s \u00e9rdek\u00e9ben m\u0171tr\u00e1gy\u00e1kat is egyre sz\u00e9lesebb k\u00f6rben alkalmaztak. \u00c1ltal\u00e1ban is, a 19. sz\u00e1zadban megkezd\u0151d\u00f6tt a mez\u0151gazdas\u00e1g tudom\u00e1nyos alapokra helyez\u00e9se. Agron\u00f3musok \u00e9s kutat\u00f3k kezdtek el foglalkozni a n\u00f6v\u00e9nytermeszt\u00e9s \u00e9s \u00e1llatteny\u00e9szt\u00e9s hat\u00e9konys\u00e1g\u00e1nak n\u00f6vel\u00e9s\u00e9vel, \u00faj fajt\u00e1k kifejleszt\u00e9s\u00e9vel \u00e9s a termel\u00e9si m\u00f3dszerek jav\u00edt\u00e1s\u00e1val. Ugyanakkor a k\u00f6zleked\u00e9s \u00e9s kereskedelem fejl\u0151d\u00e9se lehet\u0151v\u00e9 tette a mez\u0151gazdas\u00e1gi term\u00e9kek gyorsabb \u00e9s sz\u00e9lesebb k\u00f6r\u0171 eloszt\u00e1s\u00e1t, ami nemzetk\u00f6zi piacokhoz val\u00f3 hozz\u00e1f\u00e9r\u00e9st eredm\u00e9nyezett. A globaliz\u00e1ci\u00f3 hat\u00e1s\u00e1ra n\u0151tt a kereslet \u00e9s a k\u00edn\u00e1lat k\u00f6z\u00f6tti verseny, ami \u00f6szt\u00f6n\u00f6zte a hat\u00e9konyabb termel\u00e9si m\u00f3dszerek bevezet\u00e9s\u00e9t.<\/p>\n\n\n\n<p>Az 1848-as forradalmat k\u00f6vet\u0151en a Monarchi\u00e1ban olyan t\u00e1rsadalmi \u00e9s gazdas\u00e1gi reformok mentek v\u00e9gbe, amelyek jelent\u0151s hat\u00e1ssal voltak a mez\u0151gazdas\u00e1gra. A f\u00f6ldes\u00fari birtokok megsz\u0171n\u00e9se \u00e9s a jobb\u00e1gyfelszabad\u00edt\u00e1s lehet\u0151v\u00e9 tette a szabadabb gazd\u00e1lkod\u00e1st, \u00e9s \u00f6szt\u00f6n\u00f6zte a modern termel\u00e9si m\u00f3dszerek elterjed\u00e9s\u00e9t. A vas\u00fath\u00e1l\u00f3zat ki\u00e9p\u00edt\u00e9se a Monarchia ter\u00fclet\u00e9n jav\u00edtotta a mez\u0151gazdas\u00e1gi term\u00e9kek sz\u00e1ll\u00edt\u00e1s\u00e1t \u00e9s kereskedelm\u00e9t, ez\u00e1ltal fokozva a piacra jut\u00e1s lehet\u0151s\u00e9g\u00e9t \u00e9s a termel\u00e9s intenzit\u00e1s\u00e1t.&nbsp; A 19. sz\u00e1zad m\u00e1sodik fel\u00e9ben megjelentek az agr\u00e1rsz\u00f6vetkezetek, amelyek seg\u00edtett\u00e9k a kistermel\u0151ket a modern eszk\u00f6z\u00f6k \u00e9s technol\u00f3gi\u00e1k beszerz\u00e9s\u00e9ben, valamint a piacon val\u00f3 versenyk\u00e9pess\u00e9g n\u00f6vel\u00e9s\u00e9ben.&nbsp; Az agr\u00e1rtudom\u00e1ny fejl\u0151d\u00e9se \u00e9rdek\u00e9ben t\u00f6bb mez\u0151gazdas\u00e1gi iskola \u00e9s kutat\u00f3int\u00e9zet l\u00e9tes\u00fclt, amelyek c\u00e9lja a modern gazd\u00e1lkod\u00e1si m\u00f3dszerek oktat\u00e1sa \u00e9s fejleszt\u00e9se volt. Az \u00e1llami t\u00e1mogat\u00e1sok r\u00e9v\u00e9n ezek az int\u00e9zm\u00e9nyek kulcsszerepet j\u00e1tszottak a mez\u0151gazdas\u00e1g moderniz\u00e1l\u00e1s\u00e1ban.<\/p>\n\n\n\n<div style=\"height:50px\" aria-hidden=\"true\" class=\"wp-block-spacer\"><\/div>\n<\/div><\/div>\n<\/div><\/div>","protected":false},"excerpt":{"rendered":"<p>Hogyan \u00edrja le J\u00f3kai az adatb\u00e1zisodba felt\u00f6lt\u00f6tt, A j\u00f6v\u0151 sz\u00e1zad reg\u00e9nye c\u00edm\u0171 sz\u00f6vegben Otthon v\u00e1ros\u00e1nak mez\u0151gazdas\u00e1gi technol\u00f3gi\u00e1it? Ismertesd r\u00e9szletesen. Reg\u00e9nybeli kontextus: A j\u00f6v\u0151 sz\u00e1zad reg\u00e9ny\u00e9ben J\u00f3kai r\u00e9szletesen \u00e1br\u00e1zolja a j\u00f6v\u0151 mez\u0151gazdas\u00e1g\u00e1t. J\u00f3kai a j\u00f6v\u0151 mez\u0151gazdas\u00e1g\u00e1t nagym\u00e9rt\u00e9kben g\u00e9pes\u00edtettnek k\u00e9pzeli el. A fizikai munk\u00e1t szinte teljes eg\u00e9sz\u00e9ben g\u00e9pek v\u00e9gzik, amelyek prec\u00edzen \u00e9s hat\u00e9konyan v\u00e9grehajtj\u00e1k a k\u00fcl\u00f6nb\u00f6z\u0151 mez\u0151gazdas\u00e1gi&#8230;<\/p>","protected":false},"author":5,"featured_media":0,"parent":0,"menu_order":0,"comment_status":"closed","ping_status":"closed","template":"","meta":{"_eb_attr":"","inline_featured_image":false,"_kad_post_transparent":"","_kad_post_title":"","_kad_post_layout":"","_kad_post_sidebar_id":"","_kad_post_content_style":"","_kad_post_vertical_padding":"","_kad_post_feature":"","_kad_post_feature_position":"","_kad_post_header":false,"_kad_post_footer":false,"footnotes":""},"class_list":["post-3305","page","type-page","status-publish","hentry"],"_links":{"self":[{"href":"https:\/\/ailabor.appsters.me\/en\/wp-json\/wp\/v2\/pages\/3305","targetHints":{"allow":["GET"]}}],"collection":[{"href":"https:\/\/ailabor.appsters.me\/en\/wp-json\/wp\/v2\/pages"}],"about":[{"href":"https:\/\/ailabor.appsters.me\/en\/wp-json\/wp\/v2\/types\/page"}],"author":[{"embeddable":true,"href":"https:\/\/ailabor.appsters.me\/en\/wp-json\/wp\/v2\/users\/5"}],"replies":[{"embeddable":true,"href":"https:\/\/ailabor.appsters.me\/en\/wp-json\/wp\/v2\/comments?post=3305"}],"version-history":[{"count":2,"href":"https:\/\/ailabor.appsters.me\/en\/wp-json\/wp\/v2\/pages\/3305\/revisions"}],"predecessor-version":[{"id":3355,"href":"https:\/\/ailabor.appsters.me\/en\/wp-json\/wp\/v2\/pages\/3305\/revisions\/3355"}],"wp:attachment":[{"href":"https:\/\/ailabor.appsters.me\/en\/wp-json\/wp\/v2\/media?parent=3305"}],"curies":[{"name":"wp","href":"https:\/\/api.w.org\/{rel}","templated":true}]}}