{"id":3309,"date":"2024-08-27T12:44:34","date_gmt":"2024-08-27T12:44:34","guid":{"rendered":"https:\/\/ailabor.appsters.me\/?page_id=3309"},"modified":"2024-08-28T06:49:28","modified_gmt":"2024-08-28T06:49:28","slug":"egy-orszaggyules-a-xx-szazadban","status":"publish","type":"page","link":"https:\/\/ailabor.appsters.me\/en\/egy-orszaggyules-a-xx-szazadban\/","title":{"rendered":"Egy orsz\u00e1ggy\u0171l\u00e9s a XX. sz\u00e1zadban"},"content":{"rendered":"<div style=\"background-image:url(&apos;https:\/\/ailabor.appsters.me\/wp-content\/uploads\/2024\/06\/Ellipse-4.png&apos;);background-position:50% 30%;background-size:cover;\" class=\"wp-block-group has-background\"><div class=\"wp-block-group__inner-container is-layout-constrained wp-block-group-is-layout-constrained\">\n<div class=\"wp-block-group group-1240\"><div class=\"wp-block-group__inner-container is-layout-constrained wp-block-group-is-layout-constrained\">\n<h4 class=\"wp-block-heading\">Hogyan \u00edrja le J\u00f3kai az adatb\u00e1zisodba felt\u00f6lt\u00f6tt, A j\u00f6v\u0151 sz\u00e1zad reg\u00e9nye c\u00edm\u0171 sz\u00f6vegben Otthon v\u00e1ros\u00e1nak parlamentj\u00e9t? Ismertesd r\u00e9szletesen az \u00e9p\u00fcletet \u00e9s m\u00fck\u00f6d\u00e9s\u00e9t.<\/h4>\n\n\n\n<figure class=\"wp-block-image size-full is-resized\"><img loading=\"lazy\" decoding=\"async\" width=\"1000\" height=\"235\" src=\"https:\/\/ailabor.appsters.me\/wp-content\/uploads\/2024\/06\/robot_v2_horizont-1-1.gif\" alt=\"\" class=\"wp-image-2482\" style=\"width:200px\"\/><\/figure>\n\n\n\n<p>Az <em>Egy orsz\u00e1ggy\u0171l\u00e9s a XX. sz\u00e1zadban<\/em> c\u00edm\u0171 fejezetben J\u00f3kai M\u00f3r egy j\u00f6v\u0151beli parlamentet mutat be, amely sz\u00e1mos technikai \u00fajdons\u00e1ggal van felszerelve, \u00e9s ezek nagyban befoly\u00e1solj\u00e1k az orsz\u00e1ggy\u0171l\u00e9s m\u0171k\u00f6d\u00e9s\u00e9t.<\/p>\n\n\n\n<div class=\"wp-block-columns is-layout-flex wp-container-core-columns-is-layout-9d6595d7 wp-block-columns-is-layout-flex\">\n<div class=\"wp-block-column is-layout-flow wp-block-column-is-layout-flow\">\n<p>Az \u00e9p\u00fclet mind az als\u00f3h\u00e1z, mind a fels\u0151h\u00e1z sz\u00e1m\u00e1ra k\u00fcl\u00f6n helyet biztos\u00edt. A k\u00e9t h\u00e1z term\u00e9nek elrendez\u00e9se \u00e9s vil\u00e1g\u00edt\u00e1sa k\u00fcl\u00f6nb\u00f6z\u0151. A fels\u0151h\u00e1z \u00fcvegtet\u0151n kereszt\u00fcl term\u00e9szetes f\u00e9nyt kap, m\u00edg az als\u00f3h\u00e1z terme speci\u00e1lis vil\u00e1g\u00edt\u00e1ssal van felszerelve. Az als\u00f3h\u00e1z terme Drummond-f\u00e9le m\u00e9szf\u00e9nnyel van megvil\u00e1g\u00edtva. Ez a vil\u00e1g\u00edt\u00e1s egy vil\u00e1gosk\u00e9k \u00e1tl\u00e1tsz\u00f3 petinet lappal van ell\u00e1tva, amely m\u00e9rs\u00e9kli a f\u00e9ny intenzit\u00e1s\u00e1t, \u00edgy a terem kellemes, term\u00e9szetes hat\u00e1s\u00fa f\u00e9nyt kap an\u00e9lk\u00fcl, hogy h\u0151t termelne, ami g\u00e1zvil\u00e1g\u00edt\u00e1sn\u00e1l gyakran probl\u00e9m\u00e1t jelent. T\u00e9len a terem falai \u00e1tmelegszenek, hogy kellemes h\u0151m\u00e9rs\u00e9kletet biztos\u00edtsanak. Ny\u00e1ron mesters\u00e9ges j\u00e9gk\u00e9sz\u00edt\u0151 g\u00e9pek h\u0171tik a termet, cs\u00f6kkentve a h\u0151s\u00e9get. Ez a korabeli technikai szintet messze meghalad\u00f3 megold\u00e1s azt szolg\u00e1lja, hogy a k\u00e9pvisel\u0151k mindig kellemes h\u0151m\u00e9rs\u00e9kletben v\u00e9gezhess\u00e9k munk\u00e1jukat. K\u00e9t k\u00fcl\u00f6nleges k\u00e9miai k\u00e9sz\u00fcl\u00e9k folyamatosan m\u0171k\u00f6dik a teremben. Az egyik oxig\u00e9nt termel \u00e9s oszlat sz\u00e9t a teremben, m\u00edg a m\u00e1sik a felhalmoz\u00f3dott sz\u00e9n-dioxidot sz\u0171ri ki, ezzel friss leveg\u0151t biztos\u00edtva. Ez a technol\u00f3gia biztos\u00edtja, hogy a k\u00e9pvisel\u0151k friss \u00e9s tiszta leveg\u0151t l\u00e9legezzenek be, ami n\u00f6veli a koncentr\u00e1ci\u00f3s k\u00e9pess\u00e9g\u00fcket \u00e9s munk\u00e1juk hat\u00e9konys\u00e1gukat.<\/p>\n<\/div>\n\n\n\n<div class=\"wp-block-column is-layout-flow wp-block-column-is-layout-flow\">\n<figure class=\"wp-block-image size-full is-resized\"><img loading=\"lazy\" decoding=\"async\" width=\"1024\" height=\"1024\" src=\"https:\/\/ailabor.appsters.me\/wp-content\/uploads\/2024\/08\/0028_az-alsohaz-terme-Jokai-jovobeli-orszaggyulesi-epuleteben.webp\" alt=\"\" class=\"wp-image-3310\" style=\"width:648px;height:auto\" srcset=\"https:\/\/ailabor.appsters.me\/wp-content\/uploads\/2024\/08\/0028_az-alsohaz-terme-Jokai-jovobeli-orszaggyulesi-epuleteben.webp 1024w, https:\/\/ailabor.appsters.me\/wp-content\/uploads\/2024\/08\/0028_az-alsohaz-terme-Jokai-jovobeli-orszaggyulesi-epuleteben-300x300.webp 300w, https:\/\/ailabor.appsters.me\/wp-content\/uploads\/2024\/08\/0028_az-alsohaz-terme-Jokai-jovobeli-orszaggyulesi-epuleteben-150x150.webp 150w, https:\/\/ailabor.appsters.me\/wp-content\/uploads\/2024\/08\/0028_az-alsohaz-terme-Jokai-jovobeli-orszaggyulesi-epuleteben-768x768.webp 768w, https:\/\/ailabor.appsters.me\/wp-content\/uploads\/2024\/08\/0028_az-alsohaz-terme-Jokai-jovobeli-orszaggyulesi-epuleteben-400x400.webp 400w, https:\/\/ailabor.appsters.me\/wp-content\/uploads\/2024\/08\/0028_az-alsohaz-terme-Jokai-jovobeli-orszaggyulesi-epuleteben-12x12.webp 12w\" sizes=\"auto, (max-width: 1024px) 100vw, 1024px\" \/><figcaption class=\"wp-element-caption\">A parlament als\u00f3h\u00e1z\u00e1nak terme <em>A j\u00f6v\u0151 sz\u00e1zad reg\u00e9ny\u00e9<\/em>ben<\/figcaption><\/figure>\n<\/div>\n<\/div>\n\n\n\n<div style=\"height:50px\" aria-hidden=\"true\" class=\"wp-block-spacer\"><\/div>\n\n\n\n<div class=\"wp-block-columns is-layout-flex wp-container-core-columns-is-layout-9d6595d7 wp-block-columns-is-layout-flex\">\n<div class=\"wp-block-column is-layout-flow wp-block-column-is-layout-flow\">\n<p>Az orsz\u00e1ggy\u0171l\u00e9s term\u00e9ben nincsenek hagyom\u00e1nyos ajt\u00f3k, \u00e9s a k\u00e9pvisel\u0151k csak vertik\u00e1lis \u00faton tudnak a hely\u00fckre jutni. Ehhez s\u00fcllyeszt\u0151g\u00e9peket haszn\u00e1lnak, amelyek fel- vagy leviszik \u0151ket a terem szintj\u00e9re. &nbsp;A s\u00fcllyeszt\u0151g\u00e9pek k\u00e9tf\u00e9lek\u00e9ppen m\u0171k\u00f6dnek: a k\u00e9pvisel\u0151k saj\u00e1t tetsz\u00e9s\u00fck szerint haszn\u00e1lhatj\u00e1k \u0151ket, vagy az eln\u00f6k utas\u00edt\u00e1sa szerint mozognak. P\u00e9ld\u00e1ul az eln\u00f6k feloszlathatja az \u00fcl\u00e9st, ilyenkor egyetlen l\u00e1bnyom\u00e1sra az \u00f6sszes k\u00e9pvisel\u0151 egyszerre s\u00fcllyed le a s\u00fcllyeszt\u0151g\u00e9peken. Ugyanez t\u00f6rt\u00e9nik, amikor az eln\u00f6k szavaz\u00e1sra bocs\u00e1tja a k\u00e9rd\u00e9st; ekkor minden villanycsengetty\u0171 megsz\u00f3lal, hogy a h\u00e1z k\u00fcl\u00f6nb\u00f6z\u0151 r\u00e9szeiben (p\u00e9ld\u00e1ul a b\u00fcf\u00e9, t\u00e1rsalg\u00f3, olvas\u00f3terem, stb.) tart\u00f3zkod\u00f3 k\u00e9pvisel\u0151ket figyelmeztesse, hogy t\u00e9rjenek vissza a hely\u00fckre. Az orsz\u00e1gh\u00e1z k\u00fcl\u00f6nb\u00f6z\u0151 szob\u00e1kat \u00e9s l\u00e9tes\u00edtm\u00e9nyeket k\u00edn\u00e1l a k\u00e9pvisel\u0151k sz\u00e1m\u00e1ra, mint p\u00e9ld\u00e1ul t\u00e1rsalg\u00f3k, olvas\u00f3termek, dolgoz\u00f3szob\u00e1k, f\u00fcrd\u0151szob\u00e1k, alv\u00f3termek, koncertszalonok, t\u00e9likertek, \u00fczleti szob\u00e1k \u00e9s doh\u00e1nyz\u00f3k. Ezek a helyis\u00e9gek mind a k\u00e9pvisel\u0151k k\u00e9nyelm\u00e9t \u00e9s j\u00f3l\u00e9t\u00e9t szolg\u00e1lj\u00e1k, hogy a munkav\u00e9gz\u00e9s sor\u00e1n pihenhessenek \u00e9s kikapcsol\u00f3dhassanak.<\/p>\n<\/div>\n\n\n\n<div class=\"wp-block-column is-layout-flow wp-block-column-is-layout-flow\">\n<figure class=\"wp-block-image size-full\"><img loading=\"lazy\" decoding=\"async\" width=\"1024\" height=\"1024\" src=\"https:\/\/ailabor.appsters.me\/wp-content\/uploads\/2024\/08\/0029_Jokai-jovobeli-orszaggyulesi-epuletenek-pihenohelyisegei.webp\" alt=\"\" class=\"wp-image-3311\" srcset=\"https:\/\/ailabor.appsters.me\/wp-content\/uploads\/2024\/08\/0029_Jokai-jovobeli-orszaggyulesi-epuletenek-pihenohelyisegei.webp 1024w, https:\/\/ailabor.appsters.me\/wp-content\/uploads\/2024\/08\/0029_Jokai-jovobeli-orszaggyulesi-epuletenek-pihenohelyisegei-300x300.webp 300w, https:\/\/ailabor.appsters.me\/wp-content\/uploads\/2024\/08\/0029_Jokai-jovobeli-orszaggyulesi-epuletenek-pihenohelyisegei-150x150.webp 150w, https:\/\/ailabor.appsters.me\/wp-content\/uploads\/2024\/08\/0029_Jokai-jovobeli-orszaggyulesi-epuletenek-pihenohelyisegei-768x768.webp 768w, https:\/\/ailabor.appsters.me\/wp-content\/uploads\/2024\/08\/0029_Jokai-jovobeli-orszaggyulesi-epuletenek-pihenohelyisegei-400x400.webp 400w, https:\/\/ailabor.appsters.me\/wp-content\/uploads\/2024\/08\/0029_Jokai-jovobeli-orszaggyulesi-epuletenek-pihenohelyisegei-12x12.webp 12w\" sizes=\"auto, (max-width: 1024px) 100vw, 1024px\" \/><figcaption class=\"wp-element-caption\">A parlamenti pihen\u0151helyis\u00e9gek <em>A j\u00f6v\u0151 sz\u00e1zad reg\u00e9ny\u00e9<\/em>ben<\/figcaption><\/figure>\n<\/div>\n<\/div>\n\n\n\n<div style=\"height:50px\" aria-hidden=\"true\" class=\"wp-block-spacer\"><\/div>\n<\/div><\/div>\n<\/div><\/div>","protected":false},"excerpt":{"rendered":"<p>Hogyan \u00edrja le J\u00f3kai az adatb\u00e1zisodba felt\u00f6lt\u00f6tt, A j\u00f6v\u0151 sz\u00e1zad reg\u00e9nye c\u00edm\u0171 sz\u00f6vegben Otthon v\u00e1ros\u00e1nak parlamentj\u00e9t? Ismertesd r\u00e9szletesen az \u00e9p\u00fcletet \u00e9s m\u00fck\u00f6d\u00e9s\u00e9t. Az Egy orsz\u00e1ggy\u0171l\u00e9s a XX. sz\u00e1zadban c\u00edm\u0171 fejezetben J\u00f3kai M\u00f3r egy j\u00f6v\u0151beli parlamentet mutat be, amely sz\u00e1mos technikai \u00fajdons\u00e1ggal van felszerelve, \u00e9s ezek nagyban befoly\u00e1solj\u00e1k az orsz\u00e1ggy\u0171l\u00e9s m\u0171k\u00f6d\u00e9s\u00e9t. Az \u00e9p\u00fclet mind az als\u00f3h\u00e1z,&#8230;<\/p>","protected":false},"author":5,"featured_media":0,"parent":0,"menu_order":0,"comment_status":"closed","ping_status":"closed","template":"","meta":{"_eb_attr":"","inline_featured_image":false,"_kad_post_transparent":"","_kad_post_title":"","_kad_post_layout":"","_kad_post_sidebar_id":"","_kad_post_content_style":"","_kad_post_vertical_padding":"","_kad_post_feature":"","_kad_post_feature_position":"","_kad_post_header":false,"_kad_post_footer":false,"footnotes":""},"class_list":["post-3309","page","type-page","status-publish","hentry"],"_links":{"self":[{"href":"https:\/\/ailabor.appsters.me\/en\/wp-json\/wp\/v2\/pages\/3309","targetHints":{"allow":["GET"]}}],"collection":[{"href":"https:\/\/ailabor.appsters.me\/en\/wp-json\/wp\/v2\/pages"}],"about":[{"href":"https:\/\/ailabor.appsters.me\/en\/wp-json\/wp\/v2\/types\/page"}],"author":[{"embeddable":true,"href":"https:\/\/ailabor.appsters.me\/en\/wp-json\/wp\/v2\/users\/5"}],"replies":[{"embeddable":true,"href":"https:\/\/ailabor.appsters.me\/en\/wp-json\/wp\/v2\/comments?post=3309"}],"version-history":[{"count":4,"href":"https:\/\/ailabor.appsters.me\/en\/wp-json\/wp\/v2\/pages\/3309\/revisions"}],"predecessor-version":[{"id":3357,"href":"https:\/\/ailabor.appsters.me\/en\/wp-json\/wp\/v2\/pages\/3309\/revisions\/3357"}],"wp:attachment":[{"href":"https:\/\/ailabor.appsters.me\/en\/wp-json\/wp\/v2\/media?parent=3309"}],"curies":[{"name":"wp","href":"https:\/\/api.w.org\/{rel}","templated":true}]}}