{"id":3327,"date":"2024-08-27T12:54:36","date_gmt":"2024-08-27T12:54:36","guid":{"rendered":"https:\/\/ailabor.appsters.me\/?page_id=3327"},"modified":"2024-08-28T06:51:16","modified_gmt":"2024-08-28T06:51:16","slug":"egy-borzalmas-technikai-ujitas-a-gozguillotine","status":"publish","type":"page","link":"https:\/\/ailabor.appsters.me\/en\/egy-borzalmas-technikai-ujitas-a-gozguillotine\/","title":{"rendered":"Egy borzalmas technikai \u00faj\u00edt\u00e1s, a g\u0151zguillotine"},"content":{"rendered":"<div style=\"background-image:url(&apos;https:\/\/ailabor.appsters.me\/wp-content\/uploads\/2024\/06\/Ellipse-4.png&apos;);background-position:50% 30%;background-size:cover;\" class=\"wp-block-group has-background\"><div class=\"wp-block-group__inner-container is-layout-constrained wp-block-group-is-layout-constrained\">\n<div class=\"wp-block-group group-1240\"><div class=\"wp-block-group__inner-container is-layout-constrained wp-block-group-is-layout-constrained\">\n<h4 class=\"wp-block-heading\">Hogyan \u00edrja le J\u00f3kai az adatb\u00e1zisodba felt\u00f6lt\u00f6tt, A j\u00f6v\u0151 sz\u00e1zad reg\u00e9nye c\u00edm\u0171 sz\u00f6vegben Alexandra c\u00e1rn\u0151 g\u0151zguillotine-j\u00e1t. Ismertesd r\u00e9szletesen.<\/h4>\n\n\n\n<figure class=\"wp-block-image size-full is-resized\"><img loading=\"lazy\" decoding=\"async\" width=\"1000\" height=\"235\" src=\"https:\/\/ailabor.appsters.me\/wp-content\/uploads\/2024\/06\/robot_v2_horizont-1-1.gif\" alt=\"\" class=\"wp-image-2482\" style=\"width:200px\"\/><\/figure>\n\n\n\n<div class=\"wp-block-columns is-layout-flex wp-container-core-columns-is-layout-9d6595d7 wp-block-columns-is-layout-flex\">\n<div class=\"wp-block-column is-layout-flow wp-block-column-is-layout-flow\">\n<p>A &#8222;g\u0151zguillotine&#8221; borzalmas kiv\u00e9gz\u0151eszk\u00f6z: J\u00f3kai M\u00f3r szint\u00e9n <em>A j\u00f6v\u0151 sz\u00e1zad reg\u00e9ny\u00e9<\/em>ben \u00edrja le. &nbsp;A g\u0151zguillotine Alexandra c\u00e1rn\u0151 Oroszorsz\u00e1g\u00e1ban m\u0171k\u00f6dik, egy nagy, toronyszer\u0171 \u00e9p\u00fclet belsej\u00e9ben tal\u00e1lhat\u00f3, amely cirkuszra eml\u00e9keztet, de nem n\u00e9z\u0151kkel, hanem h\u00faszezer el\u00edt\u00e9lttel van tele. Az \u00e9p\u00fcletnek v\u00f6r\u00f6s poszt\u00f3val bevont asztala van, ahol fekete tal\u00e1rba \u00f6lt\u00f6z\u00f6tt f\u00e9rfiak \u00fclnek. A g\u0151zguillotine g\u00e9p\u00e9nek belsej\u00e9ben egy fogasker\u00e9k tal\u00e1lhat\u00f3, amely n\u00e9gy hidat mozgat el\u0151re-h\u00e1tra. Minden h\u00eddon egy ember fekszik, akit a g\u00e9p el\u0151retol egy lyukon kereszt\u00fcl, am\u00edg a v\u00e1llai a ny\u00edl\u00e1shoz \u00e9rnek. A g\u00e9p m\u0171k\u00f6d\u00e9se sor\u00e1n a fejek egy sz\u00e9lker\u00e9pszer\u0171 sz\u00e1rnyak alatt ker\u00fclnek el\u0151t\u00e9rbe, majd a k\u00f6vetkez\u0151 pillanatban m\u00e1r nem l\u00e1that\u00f3k \u2014 ezek a fejek a torony alatti t\u00f3ban v\u00e9gzik.<\/p>\n\n\n\n<p>A g\u0151zguillotine egy g\u0151z\u00fczem\u0171 g\u00e9pezet, amely hossz\u00fa s\u00edpol\u00f3 hangot ad, hasonl\u00f3t a vonatok indul\u00e1s\u00e1t jelz\u0151 f\u00fcttyh\u00f6z, miel\u0151tt m\u0171k\u00f6d\u00e9sbe l\u00e9pne. Ezut\u00e1n a fogasker\u00e9k el\u0151retolja az \u00e1ldozatokat a h\u00eddon kereszt\u00fcl, am\u00edg a v\u00e1lluk el nem \u00e9ri a ny\u00edl\u00e1st, ahol a fej\u00fcket lev\u00e1gja a g\u00e9p, \u00e9s azok a torony alatti t\u00f3ba esnek. A g\u00e9p gyors, hat\u00e9kony \u00e9s borzalmas kiv\u00e9gz\u0151eszk\u00f6z, amely egyszerre t\u00f6bb emberen hajtja v\u00e9gre az \u00edt\u00e9letet, \u00e9s a lefejezett fejeket azonnal elt\u00fcnteti a torony alatti v\u00edzben.<\/p>\n\n\n\n<p><\/p>\n<\/div>\n\n\n\n<div class=\"wp-block-column is-layout-flow wp-block-column-is-layout-flow\">\n<figure class=\"wp-block-image size-full\"><img loading=\"lazy\" decoding=\"async\" width=\"1024\" height=\"1024\" src=\"https:\/\/ailabor.appsters.me\/wp-content\/uploads\/2024\/08\/0031_Alexandra-carno-palotajaban.webp\" alt=\"\" class=\"wp-image-3328\" srcset=\"https:\/\/ailabor.appsters.me\/wp-content\/uploads\/2024\/08\/0031_Alexandra-carno-palotajaban.webp 1024w, https:\/\/ailabor.appsters.me\/wp-content\/uploads\/2024\/08\/0031_Alexandra-carno-palotajaban-300x300.webp 300w, https:\/\/ailabor.appsters.me\/wp-content\/uploads\/2024\/08\/0031_Alexandra-carno-palotajaban-150x150.webp 150w, https:\/\/ailabor.appsters.me\/wp-content\/uploads\/2024\/08\/0031_Alexandra-carno-palotajaban-768x768.webp 768w, https:\/\/ailabor.appsters.me\/wp-content\/uploads\/2024\/08\/0031_Alexandra-carno-palotajaban-400x400.webp 400w, https:\/\/ailabor.appsters.me\/wp-content\/uploads\/2024\/08\/0031_Alexandra-carno-palotajaban-12x12.webp 12w\" sizes=\"auto, (max-width: 1024px) 100vw, 1024px\" \/><figcaption class=\"wp-element-caption\">Alexandra c\u00e1rn\u0151 palot\u00e1j\u00e1ban <em>A j\u00f6v\u0151 sz\u00e1zad reg\u00e9ny\u00e9<\/em>ben<\/figcaption><\/figure>\n<\/div>\n<\/div>\n\n\n\n<div style=\"height:30px\" aria-hidden=\"true\" class=\"wp-block-spacer\"><\/div>\n\n\n\n<p>A g\u0151zguillotine az elnyom\u00e1s, a terror \u00e9s a t\u00f6meges kiv\u00e9gz\u00e9sek szimb\u00f3luma, amely bemutatja a j\u00f6v\u0151 kegyetlens\u00e9g\u00e9t \u00e9s technol\u00f3giai brutalit\u00e1s\u00e1t. Az eszk\u00f6z m\u0171k\u00f6d\u00e9se hideg, mechanikus, \u00e9s minden emberiess\u00e9get n\u00e9lk\u00fcl\u00f6z, ami m\u00e9g sz\u00f6rny\u0171bb\u00e9 teszi a kiv\u00e9gz\u00e9seket. J\u00f3kai M\u00f3r j\u00f6v\u0151beli vil\u00e1g\u00e1nak egy s\u00f6t\u00e9t aspektus\u00e1t k\u00e9pviseli, ahol a technol\u00f3gia a legsz\u00f6rny\u0171bb emberi cselekedeteket szolg\u00e1lja.<\/p>\n\n\n\n<div style=\"height:50px\" aria-hidden=\"true\" class=\"wp-block-spacer\"><\/div>\n<\/div><\/div>\n<\/div><\/div>","protected":false},"excerpt":{"rendered":"<p>Hogyan \u00edrja le J\u00f3kai az adatb\u00e1zisodba felt\u00f6lt\u00f6tt, A j\u00f6v\u0151 sz\u00e1zad reg\u00e9nye c\u00edm\u0171 sz\u00f6vegben Alexandra c\u00e1rn\u0151 g\u0151zguillotine-j\u00e1t. Ismertesd r\u00e9szletesen. A &#8222;g\u0151zguillotine&#8221; borzalmas kiv\u00e9gz\u0151eszk\u00f6z: J\u00f3kai M\u00f3r szint\u00e9n A j\u00f6v\u0151 sz\u00e1zad reg\u00e9ny\u00e9ben \u00edrja le. &nbsp;A g\u0151zguillotine Alexandra c\u00e1rn\u0151 Oroszorsz\u00e1g\u00e1ban m\u0171k\u00f6dik, egy nagy, toronyszer\u0171 \u00e9p\u00fclet belsej\u00e9ben tal\u00e1lhat\u00f3, amely cirkuszra eml\u00e9keztet, de nem n\u00e9z\u0151kkel, hanem h\u00faszezer el\u00edt\u00e9lttel van tele. Az&#8230;<\/p>","protected":false},"author":5,"featured_media":0,"parent":0,"menu_order":0,"comment_status":"closed","ping_status":"closed","template":"","meta":{"_eb_attr":"","inline_featured_image":false,"_kad_post_transparent":"","_kad_post_title":"","_kad_post_layout":"","_kad_post_sidebar_id":"","_kad_post_content_style":"","_kad_post_vertical_padding":"","_kad_post_feature":"","_kad_post_feature_position":"","_kad_post_header":false,"_kad_post_footer":false,"footnotes":""},"class_list":["post-3327","page","type-page","status-publish","hentry"],"_links":{"self":[{"href":"https:\/\/ailabor.appsters.me\/en\/wp-json\/wp\/v2\/pages\/3327","targetHints":{"allow":["GET"]}}],"collection":[{"href":"https:\/\/ailabor.appsters.me\/en\/wp-json\/wp\/v2\/pages"}],"about":[{"href":"https:\/\/ailabor.appsters.me\/en\/wp-json\/wp\/v2\/types\/page"}],"author":[{"embeddable":true,"href":"https:\/\/ailabor.appsters.me\/en\/wp-json\/wp\/v2\/users\/5"}],"replies":[{"embeddable":true,"href":"https:\/\/ailabor.appsters.me\/en\/wp-json\/wp\/v2\/comments?post=3327"}],"version-history":[{"count":2,"href":"https:\/\/ailabor.appsters.me\/en\/wp-json\/wp\/v2\/pages\/3327\/revisions"}],"predecessor-version":[{"id":3359,"href":"https:\/\/ailabor.appsters.me\/en\/wp-json\/wp\/v2\/pages\/3327\/revisions\/3359"}],"wp:attachment":[{"href":"https:\/\/ailabor.appsters.me\/en\/wp-json\/wp\/v2\/media?parent=3327"}],"curies":[{"name":"wp","href":"https:\/\/api.w.org\/{rel}","templated":true}]}}