{"id":534,"date":"2024-05-13T12:00:12","date_gmt":"2024-05-13T12:00:12","guid":{"rendered":"https:\/\/ailabor.appsters.me\/?page_id=534"},"modified":"2024-08-02T08:00:06","modified_gmt":"2024-08-02T08:00:06","slug":"kapcsolodasi-pontok-es-kulonbsegek","status":"publish","type":"page","link":"https:\/\/ailabor.appsters.me\/en\/connections-and-differences\/","title":{"rendered":"Connections and Differences"},"content":{"rendered":"<div style=\"background-image:url(&apos;https:\/\/ailabor.appsters.me\/wp-content\/uploads\/2024\/06\/Ellipse-3-4.png&apos;);background-position:100% 50%;background-repeat:no-repeat;background-size:contain;\" class=\"wp-block-group has-background\"><div class=\"wp-block-group__inner-container is-layout-constrained wp-block-group-is-layout-constrained\">\n<div class=\"wp-block-group group-1240\" style=\"border-style:none;border-width:0px;border-radius:6px\"><div class=\"wp-block-group__inner-container is-layout-constrained wp-block-group-is-layout-constrained\">\n<h4 class=\"wp-block-heading\">Find the connections between today&#039;s world and the novel. How do the lives and dilemmas of\nyoung people then and now compare?<\/h4>\n\n\n\n<figure class=\"wp-block-image size-full is-resized\"><img loading=\"lazy\" decoding=\"async\" width=\"1000\" height=\"235\" src=\"https:\/\/ailabor.appsters.me\/wp-content\/uploads\/2024\/06\/robot_v2_horizont-1-1.gif\" alt=\"\" class=\"wp-image-2482\" style=\"width:200px\"\/><\/figure>\n\n\n\n<p class=\"translation-block\">Finding parallels between <em>The Man with the Golden Touch<\/em> and the modern world can be an\nexciting way to demonstrate the novel's relevance to contemporary readers. Although the\nstory is set in the mid-19th century, many themes and dilemmas remain timely. Here are some\nkey connections and differences that can help students bridge the past and the present:<\/p>\n\n\n\n<div class=\"wp-block-group\"><div class=\"wp-block-group__inner-container is-layout-constrained wp-block-group-is-layout-constrained\">\n<h3 class=\"wp-block-heading\">Connections<\/h3>\n\n\n\n<div class=\"wp-block-columns is-layout-flex wp-container-core-columns-is-layout-9d6595d7 wp-block-columns-is-layout-flex\">\n<div class=\"wp-block-column is-layout-flow wp-block-column-is-layout-flow\">\n<ol start=\"1\" class=\"mono wp-block-list\">\n<li class=\"translation-block\"><strong>Social Mobility and \"Finding One's Own Path\"<\/strong>: The story of Mih\u00e1ly Tim\u00e1r, who\nrises from a lower social class to a high position, parallels the aspirations of today's\nyouth who seek their own paths in life, whether in careers or personal journeys. The\nmodern world also embraces the idea of the self-made individual who achieves\nsuccess through personal effort.<\/li>\n<\/ol>\n<\/div>\n<\/div>\n\n\n\n<div style=\"height:40px\" aria-hidden=\"true\" class=\"wp-block-spacer\"><\/div>\n\n\n\n<div class=\"wp-block-columns is-layout-flex wp-container-core-columns-is-layout-9d6595d7 wp-block-columns-is-layout-flex\">\n<div class=\"wp-block-column is-layout-flow wp-block-column-is-layout-flow\">\n<ol start=\"2\" class=\"mono wp-block-list\">\n<li class=\"translation-block\"><strong>Values and Internal Conflicts<\/strong>: Just as Tim\u00e1r struggles with the contradiction\nbetween wealth and moral values, today's youth face similar decisions, especially in\nthe context of materialism versus personal happiness or ethical considerations. Issues\nlike sustainability, social justice, and balancing individual ambitions remain relevant\ntoday.<\/li>\n<\/ol>\n<\/div>\n<\/div>\n\n\n\n<div style=\"height:40px\" aria-hidden=\"true\" class=\"wp-block-spacer\"><\/div>\n\n\n\n<div class=\"wp-block-columns is-layout-flex wp-container-core-columns-is-layout-9d6595d7 wp-block-columns-is-layout-flex\">\n<div class=\"wp-block-column is-layout-flow wp-block-column-is-layout-flow\">\n<ol start=\"3\" class=\"mono wp-block-list\">\n<li class=\"translation-block\"><strong>Romantic and Family Relationships<\/strong>: The relationships between No\u00e9mi and Tim\u00e1r,\nand Tim\u00e9a and Tim\u00e1r, show how complex and timeless emotions and attachments are.\nModern youth also face similar romantic dilemmas where the heart and mind, desire\nand duty can conflict.<\/li>\n<\/ol>\n<\/div>\n<\/div>\n\n\n\n<div style=\"height:40px\" aria-hidden=\"true\" class=\"wp-block-spacer\"><\/div>\n\n\n\n<div class=\"wp-block-columns is-layout-flex wp-container-core-columns-is-layout-9d6595d7 wp-block-columns-is-layout-flex\">\n<div class=\"wp-block-column is-layout-flow wp-block-column-is-layout-flow\">\n<figure class=\"wp-block-image size-full\"><img loading=\"lazy\" decoding=\"async\" width=\"1024\" height=\"1024\" src=\"https:\/\/ailabor.appsters.me\/wp-content\/uploads\/2024\/05\/tarsadalmi-mobilitas-es-sajat-ut-megtalalasa.jpg\" alt=\"\" class=\"wp-image-437\" srcset=\"https:\/\/ailabor.appsters.me\/wp-content\/uploads\/2024\/05\/tarsadalmi-mobilitas-es-sajat-ut-megtalalasa.jpg 1024w, https:\/\/ailabor.appsters.me\/wp-content\/uploads\/2024\/05\/tarsadalmi-mobilitas-es-sajat-ut-megtalalasa-300x300.jpg 300w, https:\/\/ailabor.appsters.me\/wp-content\/uploads\/2024\/05\/tarsadalmi-mobilitas-es-sajat-ut-megtalalasa-150x150.jpg 150w, https:\/\/ailabor.appsters.me\/wp-content\/uploads\/2024\/05\/tarsadalmi-mobilitas-es-sajat-ut-megtalalasa-768x768.jpg 768w, https:\/\/ailabor.appsters.me\/wp-content\/uploads\/2024\/05\/tarsadalmi-mobilitas-es-sajat-ut-megtalalasa-400x400.jpg 400w\" sizes=\"auto, (max-width: 1024px) 100vw, 1024px\" \/><\/figure>\n<\/div>\n\n\n\n<div class=\"wp-block-column is-layout-flow wp-block-column-is-layout-flow\">\n<figure class=\"wp-block-image size-full\"><img loading=\"lazy\" decoding=\"async\" width=\"1024\" height=\"1024\" src=\"https:\/\/ailabor.appsters.me\/wp-content\/uploads\/2024\/05\/ertekrend-es-belso-konfliktusok.jpg\" alt=\"\" class=\"wp-image-438\" srcset=\"https:\/\/ailabor.appsters.me\/wp-content\/uploads\/2024\/05\/ertekrend-es-belso-konfliktusok.jpg 1024w, https:\/\/ailabor.appsters.me\/wp-content\/uploads\/2024\/05\/ertekrend-es-belso-konfliktusok-300x300.jpg 300w, https:\/\/ailabor.appsters.me\/wp-content\/uploads\/2024\/05\/ertekrend-es-belso-konfliktusok-150x150.jpg 150w, https:\/\/ailabor.appsters.me\/wp-content\/uploads\/2024\/05\/ertekrend-es-belso-konfliktusok-768x768.jpg 768w, https:\/\/ailabor.appsters.me\/wp-content\/uploads\/2024\/05\/ertekrend-es-belso-konfliktusok-400x400.jpg 400w\" sizes=\"auto, (max-width: 1024px) 100vw, 1024px\" \/><\/figure>\n<\/div>\n\n\n\n<div class=\"wp-block-column is-layout-flow wp-block-column-is-layout-flow\">\n<figure class=\"wp-block-image size-full\"><img loading=\"lazy\" decoding=\"async\" width=\"1024\" height=\"1024\" src=\"https:\/\/ailabor.appsters.me\/wp-content\/uploads\/2024\/05\/szerelmi-es-csaladi-kapcsolatok.jpg\" alt=\"\" class=\"wp-image-439\" srcset=\"https:\/\/ailabor.appsters.me\/wp-content\/uploads\/2024\/05\/szerelmi-es-csaladi-kapcsolatok.jpg 1024w, https:\/\/ailabor.appsters.me\/wp-content\/uploads\/2024\/05\/szerelmi-es-csaladi-kapcsolatok-300x300.jpg 300w, https:\/\/ailabor.appsters.me\/wp-content\/uploads\/2024\/05\/szerelmi-es-csaladi-kapcsolatok-150x150.jpg 150w, https:\/\/ailabor.appsters.me\/wp-content\/uploads\/2024\/05\/szerelmi-es-csaladi-kapcsolatok-768x768.jpg 768w, https:\/\/ailabor.appsters.me\/wp-content\/uploads\/2024\/05\/szerelmi-es-csaladi-kapcsolatok-400x400.jpg 400w\" sizes=\"auto, (max-width: 1024px) 100vw, 1024px\" \/><\/figure>\n<\/div>\n<\/div>\n<\/div><\/div>\n<\/div><\/div>\n<\/div><\/div>\n\n\n\n<div style=\"background-image:url(&apos;https:\/\/ailabor.appsters.me\/wp-content\/uploads\/2024\/06\/Ellipse-4.png&apos;);background-position:50% 30%;background-size:cover;\" class=\"wp-block-group has-background\"><div class=\"wp-block-group__inner-container is-layout-constrained wp-block-group-is-layout-constrained\">\n<div class=\"wp-block-group group-1240\"><div class=\"wp-block-group__inner-container is-layout-constrained wp-block-group-is-layout-constrained\">\n<h3 class=\"wp-block-heading\">Differences<\/h3>\n\n\n\n<ol start=\"1\" class=\"mono wp-block-list\">\n<li class=\"translation-block\"><strong>Speed of Technological and Social Changes<\/strong>: While changes in the 19th century\noccurred more slowly and often spanned generations, the modern world experiences\nrapid technological advancement and social changes, presenting different challenges\nfor today's youth.<\/li>\n\n\n\n<li class=\"translation-block\"><strong>Globalization and Cultural Diversity<\/strong>: The social and cultural context of 19th\ncentury Hungary is significantly different from today's globalized world. Modern\nyouth interact daily with people from various cultures, influencing their identity,\nworldview, and relationships.<\/li>\n\n\n\n<li class=\"translation-block\"><strong>Access to Information and Education<\/strong>: In Tim\u00e1r's era, access to information and\neducation was limited, whereas today, young people have almost unlimited access to\ninformation through the internet, fundamentally affecting their decisions and\nopportunities.<\/li>\n<\/ol>\n\n\n\n<div style=\"height:40px\" aria-hidden=\"true\" class=\"wp-block-spacer\"><\/div>\n<\/div><\/div>\n<\/div><\/div>","protected":false},"excerpt":{"rendered":"<p>Keresd a kapcsol\u00f3d\u00e1si pontokat a mai vil\u00e1g \u00e9s a reg\u00e9ny k\u00f6z\u00f6tt. Miben hasonl\u00edtanak vagy k\u00fcl\u00f6nb\u00f6znek a fiatalok \u00e9lete, dilemm\u00e1i akkor \u00e9s most? Az arany ember \u00e9s a modern vil\u00e1g k\u00f6z\u00f6tti p\u00e1rhuzamok megtal\u00e1l\u00e1sa izgalmas m\u00f3dszer lehet a reg\u00e9ny relevanci\u00e1j\u00e1nak bemutat\u00e1s\u00e1ra a mai olvas\u00f3k sz\u00e1m\u00e1ra. B\u00e1r a t\u00f6rt\u00e9net a 19. sz\u00e1zad k\u00f6zep\u00e9n j\u00e1tsz\u00f3dik, sz\u00e1mos t\u00e9ma \u00e9s dilemma&#8230;<\/p>","protected":false},"author":5,"featured_media":0,"parent":0,"menu_order":0,"comment_status":"closed","ping_status":"closed","template":"","meta":{"_eb_attr":"","inline_featured_image":false,"_kad_post_transparent":"","_kad_post_title":"","_kad_post_layout":"","_kad_post_sidebar_id":"","_kad_post_content_style":"","_kad_post_vertical_padding":"","_kad_post_feature":"","_kad_post_feature_position":"","_kad_post_header":false,"_kad_post_footer":false,"footnotes":""},"class_list":["post-534","page","type-page","status-publish","hentry"],"_links":{"self":[{"href":"https:\/\/ailabor.appsters.me\/en\/wp-json\/wp\/v2\/pages\/534","targetHints":{"allow":["GET"]}}],"collection":[{"href":"https:\/\/ailabor.appsters.me\/en\/wp-json\/wp\/v2\/pages"}],"about":[{"href":"https:\/\/ailabor.appsters.me\/en\/wp-json\/wp\/v2\/types\/page"}],"author":[{"embeddable":true,"href":"https:\/\/ailabor.appsters.me\/en\/wp-json\/wp\/v2\/users\/5"}],"replies":[{"embeddable":true,"href":"https:\/\/ailabor.appsters.me\/en\/wp-json\/wp\/v2\/comments?post=534"}],"version-history":[{"count":13,"href":"https:\/\/ailabor.appsters.me\/en\/wp-json\/wp\/v2\/pages\/534\/revisions"}],"predecessor-version":[{"id":2573,"href":"https:\/\/ailabor.appsters.me\/en\/wp-json\/wp\/v2\/pages\/534\/revisions\/2573"}],"wp:attachment":[{"href":"https:\/\/ailabor.appsters.me\/en\/wp-json\/wp\/v2\/media?parent=534"}],"curies":[{"name":"wp","href":"https:\/\/api.w.org\/{rel}","templated":true}]}}