{"id":543,"date":"2024-05-13T12:11:32","date_gmt":"2024-05-13T12:11:32","guid":{"rendered":"https:\/\/ailabor.appsters.me\/?page_id=543"},"modified":"2024-08-02T08:13:02","modified_gmt":"2024-08-02T08:13:02","slug":"noemi","status":"publish","type":"page","link":"https:\/\/ailabor.appsters.me\/en\/noemi\/","title":{"rendered":"No\u00e9mi"},"content":{"rendered":"<div style=\"background-image:url(&apos;https:\/\/ailabor.appsters.me\/wp-content\/uploads\/2024\/06\/Ellipse-4.png&apos;);background-position:50% 30%;background-size:cover;\" class=\"wp-block-group has-background\"><div class=\"wp-block-group__inner-container is-layout-constrained wp-block-group-is-layout-constrained\">\n<div class=\"wp-block-group group-1240\"><div class=\"wp-block-group__inner-container is-layout-constrained wp-block-group-is-layout-constrained\">\n<h4 class=\"wp-block-heading\">Create an emotional analysis of No\u00e9mi. How does she react to certain life situations? What\ninspires or challenges her, and what lessons can she learn from these experiences? Stick to\nthe book.<\/h4>\n\n\n\n<figure class=\"wp-block-image size-full is-resized\"><img loading=\"lazy\" decoding=\"async\" width=\"1000\" height=\"235\" src=\"https:\/\/ailabor.appsters.me\/wp-content\/uploads\/2024\/06\/robot_v2_horizont-1-1.gif\" alt=\"\" class=\"wp-image-2482\" style=\"width:200px\"\/><\/figure>\n\n\n\n<div class=\"wp-block-columns is-layout-flex wp-container-core-columns-is-layout-9d6595d7 wp-block-columns-is-layout-flex\">\n<div class=\"wp-block-column is-layout-flow wp-block-column-is-layout-flow\">\n<p class=\"translation-block\"><strong>Emotional reactions<\/strong>: No\u00e9mi consistently shows love and care for Tim\u00e1r, despite knowing\nthat his life has another mysterious side. Her sincere and open emotions provide stable\nsupport for Tim\u00e1r.<\/p>\n\n\n\n<p class=\"translation-block\"><strong>Inspirations and trials<\/strong>: No\u00e9mi is inspired by the nature around her and the simplicity of life,\nas well as by maintaining an honest and pure relationship with Tim\u00e1r. Her trial lies in\ndiscovering the challenges that Tim\u00e1r's other life may pose for her and their relationship.<\/p>\n\n\n\n<p class=\"translation-block\"><strong>Lessons learned<\/strong>: No\u00e9mi learns that while love involves patience and acceptance, sometimes\nthe hardest decisions are necessary for happiness.<\/p>\n<\/div>\n\n\n\n<div class=\"wp-block-column is-layout-flow wp-block-column-is-layout-flow\">\n<figure class=\"wp-block-image size-full\"><img loading=\"lazy\" decoding=\"async\" width=\"1024\" height=\"1024\" src=\"https:\/\/ailabor.appsters.me\/wp-content\/uploads\/2024\/05\/erzelmek-noemi.jpg\" alt=\"\" class=\"wp-image-449\" srcset=\"https:\/\/ailabor.appsters.me\/wp-content\/uploads\/2024\/05\/erzelmek-noemi.jpg 1024w, https:\/\/ailabor.appsters.me\/wp-content\/uploads\/2024\/05\/erzelmek-noemi-300x300.jpg 300w, https:\/\/ailabor.appsters.me\/wp-content\/uploads\/2024\/05\/erzelmek-noemi-150x150.jpg 150w, https:\/\/ailabor.appsters.me\/wp-content\/uploads\/2024\/05\/erzelmek-noemi-768x768.jpg 768w, https:\/\/ailabor.appsters.me\/wp-content\/uploads\/2024\/05\/erzelmek-noemi-400x400.jpg 400w\" sizes=\"auto, (max-width: 1024px) 100vw, 1024px\" \/><\/figure>\n<\/div>\n<\/div>\n\n\n\n<div style=\"height:40px\" aria-hidden=\"true\" class=\"wp-block-spacer\"><\/div>\n<\/div><\/div>\n<\/div><\/div>","protected":false},"excerpt":{"rendered":"<p>K\u00e9sz\u00edts \u00e9rzelmi elemz\u00e9st No\u00e9mir\u0151l! Hogyan reag\u00e1l bizonyos \u00e9lethelyzetekre? Mi inspir\u00e1lja vagy pr\u00f3b\u00e1lja meg \u0151t, \u00e9s milyen tanuls\u00e1gokat vonhat le ezekb\u0151l? Ragaszkodj a k\u00f6nyvh\u00f6z! \u00c9rzelmi reakci\u00f3k: No\u00e9mi \u00e1lland\u00f3 szeretetet \u00e9s t\u00f6r\u0151d\u00e9st mutat Tim\u00e1r ir\u00e1nt, ellen\u00e9re annak, hogy tudja r\u00f3la, \u00e9lete m\u00e1sik oldala rejtelmekkel teli. \u0150szinte \u00e9s ny\u00edlt \u00e9rzelmei stabil t\u00e1maszt ny\u00fajtanak Tim\u00e1rnak. Inspir\u00e1ci\u00f3 \u00e9s pr\u00f3bat\u00e9telek: No\u00e9mit&#8230;<\/p>","protected":false},"author":5,"featured_media":0,"parent":0,"menu_order":0,"comment_status":"closed","ping_status":"closed","template":"","meta":{"_eb_attr":"","inline_featured_image":false,"_kad_post_transparent":"","_kad_post_title":"","_kad_post_layout":"","_kad_post_sidebar_id":"","_kad_post_content_style":"","_kad_post_vertical_padding":"","_kad_post_feature":"","_kad_post_feature_position":"","_kad_post_header":false,"_kad_post_footer":false,"footnotes":""},"class_list":["post-543","page","type-page","status-publish","hentry"],"_links":{"self":[{"href":"https:\/\/ailabor.appsters.me\/en\/wp-json\/wp\/v2\/pages\/543","targetHints":{"allow":["GET"]}}],"collection":[{"href":"https:\/\/ailabor.appsters.me\/en\/wp-json\/wp\/v2\/pages"}],"about":[{"href":"https:\/\/ailabor.appsters.me\/en\/wp-json\/wp\/v2\/types\/page"}],"author":[{"embeddable":true,"href":"https:\/\/ailabor.appsters.me\/en\/wp-json\/wp\/v2\/users\/5"}],"replies":[{"embeddable":true,"href":"https:\/\/ailabor.appsters.me\/en\/wp-json\/wp\/v2\/comments?post=543"}],"version-history":[{"count":10,"href":"https:\/\/ailabor.appsters.me\/en\/wp-json\/wp\/v2\/pages\/543\/revisions"}],"predecessor-version":[{"id":2552,"href":"https:\/\/ailabor.appsters.me\/en\/wp-json\/wp\/v2\/pages\/543\/revisions\/2552"}],"wp:attachment":[{"href":"https:\/\/ailabor.appsters.me\/en\/wp-json\/wp\/v2\/media?parent=543"}],"curies":[{"name":"wp","href":"https:\/\/api.w.org\/{rel}","templated":true}]}}