{"id":550,"date":"2024-05-13T12:14:57","date_gmt":"2024-05-13T12:14:57","guid":{"rendered":"https:\/\/ailabor.appsters.me\/?page_id=550"},"modified":"2024-08-02T08:12:49","modified_gmt":"2024-08-02T08:12:49","slug":"kviz-erzelmek","status":"publish","type":"page","link":"https:\/\/ailabor.appsters.me\/en\/quiz-emotions\/","title":{"rendered":"Quiz: Emotions"},"content":{"rendered":"<div class=\"wp-block-group group-1240\" style=\"border-style:none;border-width:0px;border-radius:6px\"><div class=\"wp-block-group__inner-container is-layout-constrained wp-block-group-is-layout-constrained\">\n<h4 class=\"wp-block-heading has-text-align-center\">Prepare a short quiz for the students regarding the emotional analysis of the novel.<\/h4>\n\n\n<div class=\"wp-block-image\">\n<figure class=\"aligncenter size-full is-resized\"><img loading=\"lazy\" decoding=\"async\" width=\"1000\" height=\"573\" src=\"https:\/\/ailabor.appsters.me\/wp-content\/uploads\/2024\/06\/robot_v2_vertical_1000px.gif\" alt=\"\" class=\"wp-image-2499\" style=\"width:200px\"\/><\/figure>\n<\/div>\n\n\n<p class=\"translation-block\"><em><ins>The Man with the Golden Touch<\/ins><\/em><ins> includes many complex decisions and dilemmas that deeply\ninfluence the characters' lives. Here are some key questions to help students reflect on their\nown decisions if they were in the characters' place:<\/ins><\/p>\n\n\n<div class = \"hdq_quiz_wrapper\"><a href = \"https:\/\/ailabor.appsters.me\/en\/quiz-emotions\/\" rel=\"noamphtml\" class = \"hdq_quiz_start hdq_button button\" role = \"button\">Ind\u00edt\u00e1s<\/a><\/div>\n\n\n\n<p>These questions help students explore the emotional depths of the novel and how these\nemotions influence the characters&#039; decisions and the outcome of the story. Discussing the\nquiz answers provides an additional opportunity to develop emotional intelligence and\nreading comprehension.<\/p>\n<\/div><\/div>","protected":false},"excerpt":{"rendered":"<p>K\u00e9sz\u00edts r\u00f6vid kv\u00edzt a di\u00e1koknak a reg\u00e9ny \u00e9rzelmi elemz\u00e9s\u00e9vel kapcsolatban! Az arany ember sz\u00e1mos \u00f6sszetett d\u00f6nt\u00e9st \u00e9s dilemm\u00e1t tartalmaz, amelyek m\u00e9lyen befoly\u00e1solj\u00e1k a szerepl\u0151k \u00e9let\u00e9t. Itt van n\u00e9h\u00e1ny kulcsfontoss\u00e1g\u00fa k\u00e9rd\u00e9s, amely seg\u00edt a di\u00e1koknak elgondolkodni a saj\u00e1t d\u00f6nt\u00e9seikr\u0151l, ha \u0151k lenn\u00e9nek a szerepl\u0151k hely\u00e9ben. Ezek a k\u00e9rd\u00e9sek seg\u00edtenek a di\u00e1koknak felfedezni a reg\u00e9ny \u00e9rzelmi m\u00e9lys\u00e9geit&#8230;<\/p>","protected":false},"author":5,"featured_media":0,"parent":0,"menu_order":0,"comment_status":"closed","ping_status":"closed","template":"","meta":{"_eb_attr":"","inline_featured_image":false,"_kad_post_transparent":"","_kad_post_title":"","_kad_post_layout":"","_kad_post_sidebar_id":"","_kad_post_content_style":"","_kad_post_vertical_padding":"","_kad_post_feature":"","_kad_post_feature_position":"","_kad_post_header":false,"_kad_post_footer":false,"footnotes":""},"class_list":["post-550","page","type-page","status-publish","hentry"],"_links":{"self":[{"href":"https:\/\/ailabor.appsters.me\/en\/wp-json\/wp\/v2\/pages\/550","targetHints":{"allow":["GET"]}}],"collection":[{"href":"https:\/\/ailabor.appsters.me\/en\/wp-json\/wp\/v2\/pages"}],"about":[{"href":"https:\/\/ailabor.appsters.me\/en\/wp-json\/wp\/v2\/types\/page"}],"author":[{"embeddable":true,"href":"https:\/\/ailabor.appsters.me\/en\/wp-json\/wp\/v2\/users\/5"}],"replies":[{"embeddable":true,"href":"https:\/\/ailabor.appsters.me\/en\/wp-json\/wp\/v2\/comments?post=550"}],"version-history":[{"count":10,"href":"https:\/\/ailabor.appsters.me\/en\/wp-json\/wp\/v2\/pages\/550\/revisions"}],"predecessor-version":[{"id":2559,"href":"https:\/\/ailabor.appsters.me\/en\/wp-json\/wp\/v2\/pages\/550\/revisions\/2559"}],"wp:attachment":[{"href":"https:\/\/ailabor.appsters.me\/en\/wp-json\/wp\/v2\/media?parent=550"}],"curies":[{"name":"wp","href":"https:\/\/api.w.org\/{rel}","templated":true}]}}