{"id":610,"date":"2024-05-13T16:55:27","date_gmt":"2024-05-13T16:55:27","guid":{"rendered":"https:\/\/ailabor.appsters.me\/?page_id=610"},"modified":"2024-08-02T07:48:51","modified_gmt":"2024-08-02T07:48:51","slug":"tarsadalmi-elvarasok-szerepe-a-modern-tarsadalomban","status":"publish","type":"page","link":"https:\/\/ailabor.appsters.me\/en\/the-role-of-social-expectations-in-modern-society\/","title":{"rendered":"The Role of Social Expectations in Modern Society"},"content":{"rendered":"<div style=\"background-image:url(&apos;https:\/\/ailabor.appsters.me\/wp-content\/uploads\/2024\/06\/Ellipse-4.png&apos;);background-position:50% 30%;background-size:cover;\" class=\"wp-block-group has-background\"><div class=\"wp-block-group__inner-container is-layout-constrained wp-block-group-is-layout-constrained\">\n<div class=\"wp-block-group group-1240\" style=\"border-style:none;border-width:0px;border-radius:6px\"><div class=\"wp-block-group__inner-container is-layout-constrained wp-block-group-is-layout-constrained\">\n<h4 class=\"wp-block-heading\">What role do social expectations play in modern society and how do they influence\nindividuals&#039; lives?<\/h4>\n\n\n\n<figure class=\"wp-block-image size-full is-resized\"><img loading=\"lazy\" decoding=\"async\" width=\"1000\" height=\"235\" src=\"https:\/\/ailabor.appsters.me\/wp-content\/uploads\/2024\/06\/robot_v2_horizont-1-1.gif\" alt=\"\" class=\"wp-image-2482\" style=\"width:200px\"\/><\/figure>\n\n\n\n<p>Social expectations play a decisive role in individuals&#039; lives in modern society, shaping their\nbehaviour, decisions, and overall identity. These expectations can originate from various\nsources, such as family, school, workplace, friends, and media. They encompass career\norientation, educational goals, social behaviour norms, ways of forming relationships, and\neven consumption habits.<\/p>\n\n\n\n<p><strong>Influence on individuals&#039; lives:<\/strong><\/p>\n\n\n\n<ul class=\"mono wp-block-list\">\n<li class=\"translation-block\"><strong>Anxiety and Stress<\/strong>: The pressure of high expectations can contribute to individual stress\nand anxiety, especially if the expectations are unrealistic or incompatible with the\nindividual's own desires and abilities.<\/li>\n\n\n\n<li class=\"translation-block\"><strong>Identity<\/strong>: Expectations shape an individual's identity and self-image: how others see us\nand how we want to be seen often influence our actions and decisions.<\/li>\n\n\n\n<li class=\"translation-block\"><strong>Decision-Making<\/strong>: Our major life decisions, such as career choices, marriage, parenting,\nand other significant life choices, are often shaped by social expectations, influencing our\npersonal preferences and choices.<\/li>\n<\/ul>\n\n\n\n<div style=\"height:40px\" aria-hidden=\"true\" class=\"wp-block-spacer\"><\/div>\n<\/div><\/div>\n<\/div><\/div>","protected":false},"excerpt":{"rendered":"<p>Milyen szerepet j\u00e1tszanak a modern t\u00e1rsadalomban a t\u00e1rsadalmi elv\u00e1r\u00e1sok \u00e9s hogyan befoly\u00e1solj\u00e1k az egy\u00e9nek \u00e9let\u00e9t? A t\u00e1rsadalmi elv\u00e1r\u00e1sok meghat\u00e1roz\u00f3 szerepet j\u00e1tszanak az egy\u00e9nek \u00e9let\u00e9ben a modern t\u00e1rsadalomban: form\u00e1lj\u00e1k viselked\u00e9s\u00fcket, d\u00f6nt\u00e9seiket \u00e9s \u00f6sszess\u00e9g\u00e9ben az identit\u00e1sukat. Ezek az elv\u00e1r\u00e1sok k\u00fcl\u00f6nb\u00f6z\u0151 forr\u00e1sokb\u00f3l eredhetnek, p\u00e9ld\u00e1ul a csal\u00e1db\u00f3l, az iskol\u00e1b\u00f3l, a munkahelyr\u0151l, a bar\u00e1tokt\u00f3l \u00e9s a m\u00e9di\u00e1b\u00f3l. Az elv\u00e1r\u00e1sok magukban&#8230;<\/p>","protected":false},"author":5,"featured_media":0,"parent":0,"menu_order":0,"comment_status":"closed","ping_status":"closed","template":"","meta":{"_eb_attr":"","inline_featured_image":false,"_kad_post_transparent":"","_kad_post_title":"","_kad_post_layout":"","_kad_post_sidebar_id":"","_kad_post_content_style":"","_kad_post_vertical_padding":"","_kad_post_feature":"","_kad_post_feature_position":"","_kad_post_header":false,"_kad_post_footer":false,"footnotes":""},"class_list":["post-610","page","type-page","status-publish","hentry"],"_links":{"self":[{"href":"https:\/\/ailabor.appsters.me\/en\/wp-json\/wp\/v2\/pages\/610","targetHints":{"allow":["GET"]}}],"collection":[{"href":"https:\/\/ailabor.appsters.me\/en\/wp-json\/wp\/v2\/pages"}],"about":[{"href":"https:\/\/ailabor.appsters.me\/en\/wp-json\/wp\/v2\/types\/page"}],"author":[{"embeddable":true,"href":"https:\/\/ailabor.appsters.me\/en\/wp-json\/wp\/v2\/users\/5"}],"replies":[{"embeddable":true,"href":"https:\/\/ailabor.appsters.me\/en\/wp-json\/wp\/v2\/comments?post=610"}],"version-history":[{"count":10,"href":"https:\/\/ailabor.appsters.me\/en\/wp-json\/wp\/v2\/pages\/610\/revisions"}],"predecessor-version":[{"id":2569,"href":"https:\/\/ailabor.appsters.me\/en\/wp-json\/wp\/v2\/pages\/610\/revisions\/2569"}],"wp:attachment":[{"href":"https:\/\/ailabor.appsters.me\/en\/wp-json\/wp\/v2\/media?parent=610"}],"curies":[{"name":"wp","href":"https:\/\/api.w.org\/{rel}","templated":true}]}}