{"id":162,"date":"2024-04-25T08:13:19","date_gmt":"2024-04-25T08:13:19","guid":{"rendered":"https:\/\/ailabor.appsters.me\/?page_id=162"},"modified":"2024-11-13T19:28:44","modified_gmt":"2024-11-13T19:28:44","slug":"a-csapat","status":"publish","type":"page","link":"https:\/\/ailabor.appsters.me\/it\/la-squadra\/","title":{"rendered":"La squadra"},"content":{"rendered":"<div style=\"background-image:url(&apos;https:\/\/ailabor.appsters.me\/wp-content\/uploads\/2024\/06\/Ellipse-3-5.png&apos;);background-position:0% 50%;background-repeat:no-repeat;background-size:contain;\" class=\"wp-block-group eplus-wrapper has-background\"><div class=\"wp-block-group__inner-container is-layout-constrained wp-block-group-is-layout-constrained\">\n<div class=\"wp-block-group group-900 eplus-wrapper\"><div class=\"wp-block-group__inner-container is-layout-constrained wp-block-group-is-layout-constrained\">\n<p class=\"has-text-align-center eplus-wrapper\"><strong>Nel team di J\u00f3k.ai Labor partecipano numerosi esperti esperti e appassionati. Per l'obiettivo comune collaborano critici musicali, umanisti, informatici, esperti di marketing e avvocati. Si uniscono molteplici competenze, che sono necessarie, poich\u00e9 l'intelligenza artificiale influenza ogni aspetto della nostra vita.<\/strong><\/p>\n\n\n\n<div class=\"wp-block-columns ep-custom-column eplus-wrapper is-layout-flex wp-container-core-columns-is-layout-2edb0647 wp-block-columns-is-layout-flex\" style=\"margin-top:0;margin-bottom:0\">\n<div class=\"wp-block-column eplus-wrapper is-layout-flow wp-block-column-is-layout-flow\" style=\"flex-basis:15%\"><div class=\"wp-block-image csapatikon eplus-wrapper\">\n<figure class=\"alignleft size-full\"><img loading=\"lazy\" decoding=\"async\" width=\"92\" height=\"92\" src=\"https:\/\/ailabor.appsters.me\/wp-content\/uploads\/2024\/06\/Bendzsak-Kati-1.jpg\" alt=\"\" class=\"wp-image-2591\"\/><\/figure>\n<\/div><\/div>\n\n\n\n<div class=\"wp-block-column eplus-wrapper is-layout-flow wp-block-column-is-layout-flow\">\n<h5 class=\"wp-block-heading eplus-wrapper\"><strong>Dr. Katalin Bendzs\u00e1k<\/strong> <\/h5>\n\n\n\n<p class=\"eplus-wrapper\">Come avvocato, lavora da 16 anni nel settore culturale, con una vasta esperienza nella gestione di questioni legali. Nel corso della sua carriera, ha partecipato alla realizzazione di numerosi progetti musicali, letterari e artistici, garantendo il supporto legale e la conformit\u00e0 normativa dei progetti.<\/p>\n<\/div>\n<\/div>\n\n\n\n<div style=\"height:40px\" aria-hidden=\"true\" class=\"wp-block-spacer eplus-wrapper\"><\/div>\n\n\n\n<div class=\"wp-block-columns ep-custom-column eplus-wrapper is-layout-flex wp-container-core-columns-is-layout-2edb0647 wp-block-columns-is-layout-flex\" style=\"margin-top:0;margin-bottom:0\">\n<div class=\"wp-block-column eplus-wrapper is-layout-flow wp-block-column-is-layout-flow\" style=\"flex-basis:15%\"><div class=\"wp-block-image csapatikon eplus-wrapper\">\n<figure class=\"alignleft size-full\"><img loading=\"lazy\" decoding=\"async\" width=\"92\" height=\"92\" src=\"https:\/\/ailabor.appsters.me\/wp-content\/uploads\/2024\/06\/Berta-Zsuzsi-1.jpg\" alt=\"\" class=\"wp-image-2614\"\/><\/figure>\n<\/div><\/div>\n\n\n\n<div class=\"wp-block-column eplus-wrapper is-layout-flow wp-block-column-is-layout-flow\">\n<h5 class=\"wp-block-heading eplus-wrapper\"><strong><strong>Zsuzsi Berta<\/strong><\/strong><\/h5>\n\n\n\n<p class=\"eplus-wrapper\">Come esperto di marketing digitale e di performance, \u00e8 il responsabile marketing dell'A38 Haj\u00f3 e un campaign manager certificato da Google. Possiede una vasta esperienza nel campo del marketing online, con particolare attenzione al performance marketing e all'analitica digitale.<\/p>\n<\/div>\n<\/div>\n\n\n\n<div style=\"height:40px\" aria-hidden=\"true\" class=\"wp-block-spacer eplus-wrapper\"><\/div>\n\n\n\n<div class=\"wp-block-columns ep-custom-column eplus-wrapper is-layout-flex wp-container-core-columns-is-layout-2edb0647 wp-block-columns-is-layout-flex\" style=\"margin-top:0;margin-bottom:0\">\n<div class=\"wp-block-column eplus-wrapper is-layout-flow wp-block-column-is-layout-flow\" style=\"flex-basis:15%\"><div class=\"wp-block-image csapatikon eplus-wrapper\">\n<figure class=\"alignleft size-full\"><img loading=\"lazy\" decoding=\"async\" width=\"92\" height=\"92\" src=\"https:\/\/ailabor.appsters.me\/wp-content\/uploads\/2024\/06\/Bognar-Attila-1.jpg\" alt=\"\" class=\"wp-image-2613\"\/><\/figure>\n<\/div><\/div>\n\n\n\n<div class=\"wp-block-column eplus-wrapper is-layout-flow wp-block-column-is-layout-flow\">\n<h5 class=\"wp-block-heading eplus-wrapper\"><strong><strong>Attila Bogn\u00e1r<\/strong><\/strong><\/h5>\n\n\n\n<p class=\"eplus-wrapper translation-block\"><strong>\u00c8<\/strong> uno dei fondatori e proprietari dell'A38 Haj\u00f3, un attore chiave nella formazione della vita culturale di Budapest. Ha un'esperienza straordinaria nella cura degli archivi culturali ed \u00e8 una figura di spicco in numerose iniziative culturali non profit nazionali.<\/p>\n<\/div>\n<\/div>\n\n\n\n<div style=\"height:40px\" aria-hidden=\"true\" class=\"wp-block-spacer eplus-wrapper\"><\/div>\n\n\n\n<div class=\"wp-block-columns ep-custom-column eplus-wrapper is-layout-flex wp-container-core-columns-is-layout-2edb0647 wp-block-columns-is-layout-flex\" style=\"margin-top:0;margin-bottom:0\">\n<div class=\"wp-block-column eplus-wrapper is-layout-flow wp-block-column-is-layout-flow\" style=\"flex-basis:15%\"><div class=\"wp-block-image csapatikon eplus-wrapper\">\n<figure class=\"alignleft size-full\"><img loading=\"lazy\" decoding=\"async\" width=\"92\" height=\"92\" src=\"https:\/\/ailabor.appsters.me\/wp-content\/uploads\/2024\/06\/Javorszky-Bela-1.jpg\" alt=\"\" class=\"wp-image-2612\"\/><\/figure>\n<\/div><\/div>\n\n\n\n<div class=\"wp-block-column eplus-wrapper is-layout-flow wp-block-column-is-layout-flow\">\n<h5 class=\"wp-block-heading eplus-wrapper\"><strong><strong>B\u00e9la Szil\u00e1rd J\u00e1vorszky <\/strong><\/strong><\/h5>\n\n\n\n<p class=\"eplus-wrapper translation-block\"><strong>\u00c8<\/strong> critico musicale, editor e traduttore, nonch\u00e9 curatore principale della mostra di storia del pop alla Casa della Musica Ungherese. Grazie al suo lavoro su temi di cultura pop e alla sua vasta attivit\u00e0 di divulgazione, fornisce un significativo supporto professionale agli aspetti culturali del progetto.<\/p>\n<\/div>\n<\/div>\n\n\n\n<div style=\"height:40px\" aria-hidden=\"true\" class=\"wp-block-spacer eplus-wrapper\"><\/div>\n\n\n\n<div class=\"wp-block-columns ep-custom-column eplus-wrapper is-layout-flex wp-container-core-columns-is-layout-2edb0647 wp-block-columns-is-layout-flex\" style=\"margin-top:0;margin-bottom:0\">\n<div class=\"wp-block-column eplus-wrapper is-layout-flow wp-block-column-is-layout-flow\" style=\"flex-basis:15%\"><div class=\"wp-block-image csapatikon eplus-wrapper\">\n<figure class=\"alignleft size-full\"><img loading=\"lazy\" decoding=\"async\" width=\"92\" height=\"92\" src=\"https:\/\/ailabor.appsters.me\/wp-content\/uploads\/2024\/06\/Lanyi-Robert-1.jpg\" alt=\"\" class=\"wp-image-2611\"\/><\/figure>\n<\/div><\/div>\n\n\n\n<div class=\"wp-block-column eplus-wrapper is-layout-flow wp-block-column-is-layout-flow\">\n<h5 class=\"wp-block-heading eplus-wrapper\"><strong><strong>R\u00f3bert L\u00e1nyi<\/strong><\/strong><\/h5>\n\n\n\n<p class=\"eplus-wrapper translation-block\"><strong>\u00c8<\/strong> un esperto informatico, amministratore delegato della Passeum Kft., con quasi 20 anni di esperienza nello sviluppo di sistemi di gestione aziendale e di biglietteria. La sua esperienza nella gestione di team di progetto informatico e nello sviluppo di sistemi complessi \u00e8 indispensabile per la realizzazione tecnologica del progetto.<\/p>\n<\/div>\n<\/div>\n\n\n\n<div style=\"height:40px\" aria-hidden=\"true\" class=\"wp-block-spacer eplus-wrapper\"><\/div>\n\n\n\n<div class=\"wp-block-columns ep-custom-column eplus-wrapper is-layout-flex wp-container-core-columns-is-layout-2edb0647 wp-block-columns-is-layout-flex\" style=\"margin-top:0;margin-bottom:0\">\n<div class=\"wp-block-column eplus-wrapper is-layout-flow wp-block-column-is-layout-flow\" style=\"flex-basis:15%\"><div class=\"wp-block-image csapatikon eplus-wrapper\">\n<figure class=\"alignleft size-full\"><img loading=\"lazy\" decoding=\"async\" width=\"92\" height=\"92\" src=\"https:\/\/ailabor.appsters.me\/wp-content\/uploads\/2024\/06\/Nagyilles-Janos-1.jpg\" alt=\"\" class=\"wp-image-2610\"\/><\/figure>\n<\/div><\/div>\n\n\n\n<div class=\"wp-block-column eplus-wrapper is-layout-flow wp-block-column-is-layout-flow\">\n<h5 class=\"wp-block-heading eplus-wrapper\"><strong><strong>Dr. J\u00e1nos Nagyill\u00e9s<\/strong><\/strong><\/h5>\n\n\n\n<p class=\"eplus-wrapper\">\u00c8 professore associato, insegnante di lingue e traduttore letterario, specializzato nell'analisi e nell'esplorazione filologica di testi latini e greci antichi. La sua vasta esperienza nella ricerca linguistica e letteraria, insieme alle sue competenze in tecnologie digitali, contribuisce significativamente al successo del progetto J\u00f3k.ai.<\/p>\n<\/div>\n<\/div>\n\n\n\n<div style=\"height:40px\" aria-hidden=\"true\" class=\"wp-block-spacer eplus-wrapper\"><\/div>\n\n\n\n<div class=\"wp-block-columns ep-custom-column eplus-wrapper is-layout-flex wp-container-core-columns-is-layout-2edb0647 wp-block-columns-is-layout-flex\" style=\"margin-top:0;margin-bottom:0\">\n<div class=\"wp-block-column eplus-wrapper is-layout-flow wp-block-column-is-layout-flow\" style=\"flex-basis:15%\"><div class=\"wp-block-image csapatikon eplus-wrapper\">\n<figure class=\"alignleft size-full\"><img loading=\"lazy\" decoding=\"async\" width=\"92\" height=\"92\" src=\"https:\/\/ailabor.appsters.me\/wp-content\/uploads\/2024\/06\/Nemeth-Tamas-1.jpg\" alt=\"\" class=\"wp-image-2609\"\/><\/figure>\n<\/div><\/div>\n\n\n\n<div class=\"wp-block-column eplus-wrapper is-layout-flow wp-block-column-is-layout-flow\">\n<h5 class=\"wp-block-heading eplus-wrapper\"><strong><strong>Tam\u00e1s N\u00e9meth<\/strong><\/strong><\/h5>\n\n\n\n<p class=\"eplus-wrapper translation-block\"><strong>\u00c8<\/strong> insegnante di letteratura ungherese presso il Ginnasio Benedettino di Pannonhalma e autore di diversi libri di testo. Ha sviluppato l'aspetto educativo del progetto, inclusi i programmi didattici e i compiti autogestiti. Garantisce che il sito soddisfi le aspettative pedagogiche.<\/p>\n<\/div>\n<\/div>\n\n\n\n<div style=\"height:40px\" aria-hidden=\"true\" class=\"wp-block-spacer eplus-wrapper\"><\/div>\n\n\n\n<div class=\"wp-block-columns ep-custom-column eplus-wrapper is-layout-flex wp-container-core-columns-is-layout-2edb0647 wp-block-columns-is-layout-flex\" style=\"margin-top:0;margin-bottom:0\">\n<div class=\"wp-block-column eplus-wrapper is-layout-flow wp-block-column-is-layout-flow\" style=\"flex-basis:15%\"><div class=\"wp-block-image csapatikon eplus-wrapper\">\n<figure class=\"alignleft size-full\"><img loading=\"lazy\" decoding=\"async\" width=\"92\" height=\"92\" src=\"https:\/\/ailabor.appsters.me\/wp-content\/uploads\/2024\/06\/Nyiro-Andras-1.jpg\" alt=\"\" class=\"wp-image-2608\"\/><\/figure>\n<\/div><\/div>\n\n\n\n<div class=\"wp-block-column eplus-wrapper is-layout-flow wp-block-column-is-layout-flow\">\n<h5 class=\"wp-block-heading eplus-wrapper\"><strong><strong>Dr. Andr\u00e1s Ny\u00edr\u0151<\/strong><\/strong><\/h5>\n\n\n\n<p class=\"eplus-wrapper\">Il responsabile del progetto, storico e sociologo, con una significativa esperienza nel campo dello sviluppo informatico. Ha acquisito competenze nello sviluppo di contenuti digitali come redattore capo fondatore di Index e direttore dello sviluppo dei contenuti presso Westel. I suoi interessi si concentrano sugli impatti umani e sulle questioni etiche dell'intelligenza artificiale.<\/p>\n<\/div>\n<\/div>\n\n\n\n<div style=\"height:40px\" aria-hidden=\"true\" class=\"wp-block-spacer eplus-wrapper\"><\/div>\n\n\n\n<div class=\"wp-block-columns ep-custom-column eplus-wrapper is-layout-flex wp-container-core-columns-is-layout-2edb0647 wp-block-columns-is-layout-flex\" style=\"margin-top:0;margin-bottom:0\">\n<div class=\"wp-block-column eplus-wrapper is-layout-flow wp-block-column-is-layout-flow\" style=\"flex-basis:15%\"><div class=\"wp-block-image csapatikon eplus-wrapper\">\n<figure class=\"alignleft size-full\"><img loading=\"lazy\" decoding=\"async\" width=\"92\" height=\"92\" src=\"https:\/\/ailabor.appsters.me\/wp-content\/uploads\/2024\/06\/Szakadat-Istvan-1.jpg\" alt=\"\" class=\"wp-image-2607\"\/><\/figure>\n<\/div><\/div>\n\n\n\n<div class=\"wp-block-column eplus-wrapper is-layout-flow wp-block-column-is-layout-flow\">\n<h5 class=\"wp-block-heading eplus-wrapper\"><strong><strong><strong>Dr. Istv\u00e1n Szakad\u00e1t<\/strong><\/strong><\/strong><\/h5>\n\n\n\n<p class=\"eplus-wrapper\">Sociologo e ingegnere matematico, docente universitario, ha partecipato a progetti volti alla trasformazione digitale delle istituzioni nazionali di collezioni pubbliche, come il database di storia del cinema dell'Istituto Cinematografico Ungherese e l'avvio di NAVA. La sua vasta esperienza nella trasformazione digitale dei database culturali \u00e8 di fondamentale importanza per il progetto.<\/p>\n<\/div>\n<\/div>\n\n\n\n<p class=\"eplus-wrapper\"><\/p>\n\n\n\n<p class=\"eplus-wrapper\"><\/p>\n\n\n\n<div style=\"height:40px\" aria-hidden=\"true\" class=\"wp-block-spacer eplus-wrapper\"><\/div>\n<\/div><\/div>\n<\/div><\/div>\n\n\n\n<div class=\"wp-block-group group-900 eplus-wrapper\"><div class=\"wp-block-group__inner-container is-layout-constrained wp-block-group-is-layout-constrained\">\n<h4 class=\"wp-block-heading eplus-wrapper\">I membri del team che si occupano del lavoro web, basato sull'intelligenza artificiale e del design:<\/h4>\n\n\n\n<p class=\"eplus-wrapper translation-block\"><strong>\u00c1kos Szil\u00e1gyi<\/strong><br>Coordinamento del progetto<\/p>\n\n\n\n<p class=\"eplus-wrapper\"><strong>Luk\u00e1cs Bence, Boncz B\u00e1lint, Koltai Bal\u00e1zs<br><\/strong>Integrazione dell'IA e del database<\/p>\n\n\n\n<p class=\"eplus-wrapper translation-block\"><strong>Edit Sz\u00e1raz, Gr\u00e9ta Kocsis<\/strong> <br>Editing e revisione<\/p>\n\n\n\n<p class=\"eplus-wrapper translation-block\"><strong>Dalma Micskei, Aliz Bukovics, M\u00e1t\u00e9 Fek\u00e9cs<\/strong>\n<br>Comunicazione e immagine<\/p>\n\n\n\n<p class=\"eplus-wrapper translation-block\"><strong>Zita Szil\u00e1gyi<\/strong><br>Sviluppo web<\/p>\n\n\n\n<p class=\"eplus-wrapper translation-block\"><strong>D\u00e1niel Lozs\u00e1di<\/strong><br>Gestione<\/p>\n\n\n\n<p class=\"eplus-wrapper\">Questi professionisti lavorano insieme affinch\u00e9 il progetto J\u00f3k.ai sia realizzato con successo e contribuisca alla conservazione e alla diffusione digitale della cultura ungherese.<\/p>\n\n\n\n<div style=\"height:40px\" aria-hidden=\"true\" class=\"wp-block-spacer eplus-wrapper\"><\/div>\n<\/div><\/div>","protected":false},"excerpt":{"rendered":"<p>A J\u00f3k.ai Labor csapat\u00e1ban sz\u00e1mos tapasztalt \u00e9s lelkes szakember vesz r\u00e9szt. A k\u00f6z\u00f6s c\u00e9l\u00e9rt egy\u00fctt dolgoznak zenei szak\u00edr\u00f3k, b\u00f6lcs\u00e9szek, informatikusok, marketing szak\u00e9rt\u0151k, \u00e9s jog\u00e1szok. Sokf\u00e9le tud\u00e1s \u00f6sszegz\u0151dik, amire sz\u00fcks\u00e9g is van, hiszen a mesters\u00e9ges intelligencia az \u00e9let\u00fcnk minden ter\u00fclet\u00e9re hat\u00e1ssal van. Dr. Bendzs\u00e1k Katalin Jog\u00e1szk\u00e9nt 16 \u00e9ve dolgozik kultur\u00e1lis ter\u00fcleten, sz\u00e9lesk\u00f6r\u0171 tapasztalattal a jogi k\u00e9rd\u00e9sek&#8230;<\/p>","protected":false},"author":5,"featured_media":0,"parent":0,"menu_order":0,"comment_status":"closed","ping_status":"closed","template":"","meta":{"_eb_attr":"","inline_featured_image":false,"_kad_post_transparent":"","_kad_post_title":"","_kad_post_layout":"","_kad_post_sidebar_id":"","_kad_post_content_style":"","_kad_post_vertical_padding":"","_kad_post_feature":"","_kad_post_feature_position":"","_kad_post_header":false,"_kad_post_footer":false,"footnotes":""},"class_list":["post-162","page","type-page","status-publish","hentry"],"_links":{"self":[{"href":"https:\/\/ailabor.appsters.me\/it\/wp-json\/wp\/v2\/pages\/162","targetHints":{"allow":["GET"]}}],"collection":[{"href":"https:\/\/ailabor.appsters.me\/it\/wp-json\/wp\/v2\/pages"}],"about":[{"href":"https:\/\/ailabor.appsters.me\/it\/wp-json\/wp\/v2\/types\/page"}],"author":[{"embeddable":true,"href":"https:\/\/ailabor.appsters.me\/it\/wp-json\/wp\/v2\/users\/5"}],"replies":[{"embeddable":true,"href":"https:\/\/ailabor.appsters.me\/it\/wp-json\/wp\/v2\/comments?post=162"}],"version-history":[{"count":34,"href":"https:\/\/ailabor.appsters.me\/it\/wp-json\/wp\/v2\/pages\/162\/revisions"}],"predecessor-version":[{"id":3411,"href":"https:\/\/ailabor.appsters.me\/it\/wp-json\/wp\/v2\/pages\/162\/revisions\/3411"}],"wp:attachment":[{"href":"https:\/\/ailabor.appsters.me\/it\/wp-json\/wp\/v2\/media?parent=162"}],"curies":[{"name":"wp","href":"https:\/\/api.w.org\/{rel}","templated":true}]}}