{"id":1882,"date":"2024-06-20T10:05:34","date_gmt":"2024-06-20T10:05:34","guid":{"rendered":"https:\/\/ailabor.appsters.me\/?page_id=1882"},"modified":"2024-09-03T17:24:15","modified_gmt":"2024-09-03T17:24:15","slug":"jokai-kviz","status":"publish","type":"page","link":"https:\/\/ailabor.appsters.me\/it\/quiz-su-jokai\/","title":{"rendered":"Quiz su J\u00f3kai"},"content":{"rendered":"<div style=\"background-image:url(&apos;https:\/\/ailabor.appsters.me\/wp-content\/uploads\/2024\/06\/Ellipse-3-4.png&apos;);background-position:100% 50%;background-repeat:no-repeat;background-size:30%;\" class=\"wp-block-group has-background\"><div class=\"wp-block-group__inner-container is-layout-constrained wp-block-group-is-layout-constrained\">\n<div class=\"wp-block-group group-1240\"><div class=\"wp-block-group__inner-container is-layout-constrained wp-block-group-is-layout-constrained\">\n<p class=\"has-text-align-center\">Con il seguente quiz puoi ripassare ci\u00f2 che hai imparato su J\u00f3kai e scoprire molte curiosit\u00e0 sull'autore.<\/p>\n\n\n\n<div class=\"wp-block-group\" style=\"padding-right:10%;padding-left:10%\"><div class=\"wp-block-group__inner-container is-layout-constrained wp-container-core-group-is-layout-654472e2 wp-block-group-is-layout-constrained\">\n<\/div><\/div>\n\n\n\n<div class=\"wp-block-group\" style=\"padding-right:10%;padding-left:10%\"><div class=\"wp-block-group__inner-container is-layout-constrained wp-container-core-group-is-layout-654472e2 wp-block-group-is-layout-constrained\">\n<\/div><\/div>\n\n\n\n<div class=\"wp-block-group\" style=\"padding-right:10%;padding-left:10%\"><div class=\"wp-block-group__inner-container is-layout-constrained wp-container-core-group-is-layout-654472e2 wp-block-group-is-layout-constrained\"><\/p>\n\n\n\n<iframe src=\"https:\/\/learningapps.org\/watch?app=36615694\" style=\"border:0px;width:100%;height:500px\" allowfullscreen=\"true\" webkitallowfullscreen=\"true\" mozallowfullscreen=\"true\"><\/iframe>\n\n\n<p>\n<\/div><\/div>\n<\/div><\/div>\n<\/div><\/div>\n\n\n\n<div style=\"background-image:url(&apos;https:\/\/ailabor.appsters.me\/wp-content\/uploads\/2024\/06\/Ellipse-4.png&apos;);background-position:50% 30%;background-size:cover;\" class=\"wp-block-group has-background\"><div class=\"wp-block-group__inner-container is-layout-constrained wp-block-group-is-layout-constrained\">\n<div class=\"wp-block-group group-1240\"><div class=\"wp-block-group__inner-container is-layout-constrained wp-block-group-is-layout-constrained\">\n<div class=\"wp-block-group\" style=\"padding-right:10%;padding-left:10%\"><div class=\"wp-block-group__inner-container is-layout-constrained wp-container-core-group-is-layout-654472e2 wp-block-group-is-layout-constrained\">\n<h3 class=\"wp-block-heading has-text-align-center\">Ulteriori test di conoscenza<\/h3>\n\n\n\n<div class=\"wp-block-columns is-layout-flex wp-container-core-columns-is-layout-9d6595d7 wp-block-columns-is-layout-flex\">\n<div class=\"wp-block-column is-layout-flow wp-block-column-is-layout-flow\">\n<figure class=\"wp-block-image size-full\"><img loading=\"lazy\" decoding=\"async\" width=\"1024\" height=\"1024\" src=\"https:\/\/ailabor.appsters.me\/wp-content\/uploads\/2024\/06\/02_sorba-rendezes_02.webp\" alt=\"\" class=\"wp-image-1888\" srcset=\"https:\/\/ailabor.appsters.me\/wp-content\/uploads\/2024\/06\/02_sorba-rendezes_02.webp 1024w, https:\/\/ailabor.appsters.me\/wp-content\/uploads\/2024\/06\/02_sorba-rendezes_02-300x300.webp 300w, https:\/\/ailabor.appsters.me\/wp-content\/uploads\/2024\/06\/02_sorba-rendezes_02-150x150.webp 150w, https:\/\/ailabor.appsters.me\/wp-content\/uploads\/2024\/06\/02_sorba-rendezes_02-768x768.webp 768w, https:\/\/ailabor.appsters.me\/wp-content\/uploads\/2024\/06\/02_sorba-rendezes_02-400x400.webp 400w\" sizes=\"auto, (max-width: 1024px) 100vw, 1024px\" \/><\/figure>\n\n\n\n<h4 class=\"wp-block-heading has-text-align-left\">Ordinamento<\/h4>\n\n\n\n<p>Tutti i seguenti citazioni provengono da L'uomo d'oro. Ordinale secondo la loro posizione nel romanzo, dalla parte superiore sinistra all'angolo inferiore destro!<\/p>\n\n\n\n<div class=\"wp-block-buttons is-layout-flex wp-block-buttons-is-layout-flex\">\n<div class=\"wp-block-button\"><a class=\"wp-block-button__link wp-element-button\" href=\"https:\/\/ailabor.appsters.me\/it\/ordinamento\/\">Continua<\/a><\/div>\n<\/div>\n<\/div>\n\n\n\n<div class=\"wp-block-column is-layout-flow wp-block-column-is-layout-flow\">\n<figure class=\"wp-block-image size-full\"><img loading=\"lazy\" decoding=\"async\" width=\"1024\" height=\"1024\" src=\"https:\/\/ailabor.appsters.me\/wp-content\/uploads\/2024\/06\/03_keresztrejtveny_02.webp\" alt=\"\" class=\"wp-image-1896\" srcset=\"https:\/\/ailabor.appsters.me\/wp-content\/uploads\/2024\/06\/03_keresztrejtveny_02.webp 1024w, https:\/\/ailabor.appsters.me\/wp-content\/uploads\/2024\/06\/03_keresztrejtveny_02-300x300.webp 300w, https:\/\/ailabor.appsters.me\/wp-content\/uploads\/2024\/06\/03_keresztrejtveny_02-150x150.webp 150w, https:\/\/ailabor.appsters.me\/wp-content\/uploads\/2024\/06\/03_keresztrejtveny_02-768x768.webp 768w, https:\/\/ailabor.appsters.me\/wp-content\/uploads\/2024\/06\/03_keresztrejtveny_02-400x400.webp 400w\" sizes=\"auto, (max-width: 1024px) 100vw, 1024px\" \/><\/figure>\n\n\n\n<h4 class=\"wp-block-heading has-text-align-left\">Cruciverba<\/h4>\n\n\n\n<p>Completa il cruciverba utilizzando ci\u00f2 che hai imparato su J\u00f3kai! Nel caso di risposte con pi\u00f9\nparole, ignora gli spazi o i trattini!<\/p>\n\n\n\n<div class=\"wp-block-buttons is-layout-flex wp-block-buttons-is-layout-flex\">\n<div class=\"wp-block-button\"><a class=\"wp-block-button__link wp-element-button\" href=\"https:\/\/ailabor.appsters.me\/it\/cruciverba\/\">Continua<\/a><\/div>\n<\/div>\n<\/div>\n\n\n\n<div class=\"wp-block-column is-layout-flow wp-block-column-is-layout-flow\">\n<figure class=\"wp-block-image size-full\"><img loading=\"lazy\" decoding=\"async\" width=\"1024\" height=\"1024\" src=\"https:\/\/ailabor.appsters.me\/wp-content\/uploads\/2024\/06\/04_ikonikus-figurak_02.webp\" alt=\"\" class=\"wp-image-1897\" srcset=\"https:\/\/ailabor.appsters.me\/wp-content\/uploads\/2024\/06\/04_ikonikus-figurak_02.webp 1024w, https:\/\/ailabor.appsters.me\/wp-content\/uploads\/2024\/06\/04_ikonikus-figurak_02-300x300.webp 300w, https:\/\/ailabor.appsters.me\/wp-content\/uploads\/2024\/06\/04_ikonikus-figurak_02-150x150.webp 150w, https:\/\/ailabor.appsters.me\/wp-content\/uploads\/2024\/06\/04_ikonikus-figurak_02-768x768.webp 768w, https:\/\/ailabor.appsters.me\/wp-content\/uploads\/2024\/06\/04_ikonikus-figurak_02-400x400.webp 400w\" sizes=\"auto, (max-width: 1024px) 100vw, 1024px\" \/><\/figure>\n\n\n\n<h4 class=\"wp-block-heading has-text-align-left\">Gioco delle coppie<\/h4>\n\n\n\n<p>Abbina gli eroi di J\u00f3kai alle opere corrispondenti!<\/p>\n\n\n\n<div class=\"wp-block-buttons is-layout-flex wp-block-buttons-is-layout-flex\">\n<div class=\"wp-block-button\"><a class=\"wp-block-button__link wp-element-button\" href=\"https:\/\/ailabor.appsters.me\/it\/figure-iconiche\/\">Continua<\/a><\/div>\n<\/div>\n<\/div>\n<\/div>\n\n\n\n<div style=\"height:40px\" aria-hidden=\"true\" class=\"wp-block-spacer\"><\/div>\n<\/div><\/div>\n<\/div><\/div>\n<\/div><\/div>","protected":false},"excerpt":{"rendered":"<p>A k\u00f6vetkez\u0151 kv\u00edzzel \u00e1tism\u00e9telheted a J\u00f3kair\u00f3l tanultakat, \u00e9s sz\u00e1mos \u00e9rdekess\u00e9get is megtudhatsz az \u00edr\u00f3val kapcsolatban. Tov\u00e1bbi tud\u00e1spr\u00f3b\u00e1k Sorba rendez\u00e9s A feladat id\u00e9zetei egyt\u0151l egyig Az arany emberb\u0151l sz\u00e1rmaznak. Rendezd sorba \u0151ket a reg\u00e9nyben elfoglalt hely\u00fcknek megfelel\u0151en a bal fels\u0151 sarokt\u00f3l a jobb als\u00f3 sarokig! Keresztrejtv\u00e9ny T\u00f6ltsd ki a keresztrejtv\u00e9nyt a J\u00f3kair\u00f3l tanultak seg\u00edts\u00e9g\u00e9vel! T\u00f6bbszavas v\u00e1laszok&#8230;<\/p>","protected":false},"author":5,"featured_media":0,"parent":0,"menu_order":0,"comment_status":"closed","ping_status":"closed","template":"","meta":{"_eb_attr":"","inline_featured_image":false,"_kad_post_transparent":"","_kad_post_title":"","_kad_post_layout":"","_kad_post_sidebar_id":"","_kad_post_content_style":"","_kad_post_vertical_padding":"","_kad_post_feature":"","_kad_post_feature_position":"","_kad_post_header":false,"_kad_post_footer":false,"footnotes":""},"class_list":["post-1882","page","type-page","status-publish","hentry"],"_links":{"self":[{"href":"https:\/\/ailabor.appsters.me\/it\/wp-json\/wp\/v2\/pages\/1882","targetHints":{"allow":["GET"]}}],"collection":[{"href":"https:\/\/ailabor.appsters.me\/it\/wp-json\/wp\/v2\/pages"}],"about":[{"href":"https:\/\/ailabor.appsters.me\/it\/wp-json\/wp\/v2\/types\/page"}],"author":[{"embeddable":true,"href":"https:\/\/ailabor.appsters.me\/it\/wp-json\/wp\/v2\/users\/5"}],"replies":[{"embeddable":true,"href":"https:\/\/ailabor.appsters.me\/it\/wp-json\/wp\/v2\/comments?post=1882"}],"version-history":[{"count":24,"href":"https:\/\/ailabor.appsters.me\/it\/wp-json\/wp\/v2\/pages\/1882\/revisions"}],"predecessor-version":[{"id":3401,"href":"https:\/\/ailabor.appsters.me\/it\/wp-json\/wp\/v2\/pages\/1882\/revisions\/3401"}],"wp:attachment":[{"href":"https:\/\/ailabor.appsters.me\/it\/wp-json\/wp\/v2\/media?parent=1882"}],"curies":[{"name":"wp","href":"https:\/\/api.w.org\/{rel}","templated":true}]}}