{"id":2264,"date":"2024-06-25T11:34:45","date_gmt":"2024-06-25T11:34:45","guid":{"rendered":"https:\/\/ailabor.appsters.me\/?page_id=2264"},"modified":"2024-08-28T13:39:47","modified_gmt":"2024-08-28T13:39:47","slug":"chatgpt-kulturalis-ujsagirok-szamara-tanfolyam","status":"publish","type":"page","link":"https:\/\/ailabor.appsters.me\/it\/chatgpt-per-giornalisti-culturali-corso\/","title":{"rendered":"ChatGPT per giornalisti culturali \u2013 corso"},"content":{"rendered":"<div style=\"background-image:url(&apos;https:\/\/ailabor.appsters.me\/wp-content\/uploads\/2024\/06\/Ellipse-3-4.png&apos;);background-position:100% 50%;background-repeat:no-repeat;background-size:contain;\" class=\"wp-block-group has-background\"><div class=\"wp-block-group__inner-container is-layout-constrained wp-block-group-is-layout-constrained\">\n<div class=\"wp-block-group group-1240\"><div class=\"wp-block-group__inner-container is-layout-constrained wp-block-group-is-layout-constrained\">\n<p>Il materiale scaricabile \u00e8 una presentazione didattica sulle possibili applicazioni di ChatGPT e sul suo utilizzo in vari ambienti d'ufficio e altri contesti. Il corso, della durata di 3\u00d71 ora, illustra come utilizzare efficacemente l'intelligenza artificiale e ChatGPT nella redazione di una rivista culturale, includendo applicazioni pratiche e esercizi specifici per compiti concreti.<\/p>\n\n\n\n<p>Temi:<\/p>\n\n\n\n<p><strong>Introduzione a ChatGPT<\/strong><\/p>\n\n\n\n<ul class=\"wp-block-list\">\n<li>&nbsp;&nbsp;&nbsp;&nbsp;Concetti fondamentali di intelligenza artificiale e introduzione a ChatGPT.<\/li>\n\n\n\n<li>&nbsp;&nbsp;&nbsp;&nbsp;Le aree di applicazione di ChatGPT nell'ambiente d'ufficio.<\/li>\n\n\n\n<li>&nbsp;&nbsp;&nbsp;&nbsp;Esercizi per la scrittura di email e il supporto alla corrispondenza in lingue straniere.<\/li>\n<\/ul>\n\n\n\n<p><strong>ChatGPT in ambiente redazionale<\/strong><\/p>\n\n\n\n<ul class=\"wp-block-list\">\n<li>Una vasta gamma di compiti redazionali che ChatGPT pu\u00f2 supportare, come la gestione delle email, la preparazione di documenti, la ricerca e l'analisi dei dati, il servizio clienti, la gestione dei progetti, le risorse umane, il marketing e le attivit\u00e0 finanziarie.<\/li>\n\n\n\n<li>Esercizi ed esempi per queste applicazioni.<\/li>\n<\/ul>\n\n\n\n<p><strong>Gestione dei dati e integrazione con Excel<\/strong><\/p>\n\n\n\n<ul class=\"wp-block-list\">\n<li>Ricerca di informazioni con ChatGPT.<\/li>\n\n\n\n<li>Sintesi dei dati e presentazione in formato tabellare.<\/li>\n\n\n\n<li>Creazione, download e gestione dei dati in file Excel.<\/li>\n<\/ul>\n\n\n\n<p><strong>Scrittura creativa<\/strong><\/p>\n\n\n\n<ul class=\"wp-block-list\">\n<li>Utilizzo di ChatGPT nella scrittura di testi e nella gestione dei dati.<\/li>\n\n\n\n<li>Valutazione critica dei risultati.<\/li>\n<\/ul>\n\n\n\n<p>Il materiale didattico fornisce una guida rapida all'utilizzo di ChatGPT in vari lavori d'ufficio e redazionali, mostrando come possa aumentare l'efficienza e automatizzare i processi lavorativi. Gli esercizi pratici aiutano i partecipanti a padroneggiare l'uso di ChatGPT nelle attivit\u00e0 quotidiane, con particolare attenzione ai compiti di scrittura e gestione dei dati.<\/p>\n\n\n\n<div class=\"wp-block-group\"><div class=\"wp-block-group__inner-container is-layout-constrained wp-block-group-is-layout-constrained\">\n<\/div><\/div>\n\n\n\n<div class=\"wp-block-group\"><div class=\"wp-block-group__inner-container is-layout-constrained wp-block-group-is-layout-constrained\">\n<\/div><\/div>\n\n\n\n<div class=\"wp-block-group\"><div class=\"wp-block-group__inner-container is-layout-constrained wp-block-group-is-layout-constrained\"><\/p>\n\n\n<p><div class=\"_df_book df-lite\" id=\"df_3369\"  _slug=\"training-1-it\" data-title=\"training-1-it\" wpoptions=\"true\" thumbtype=\"\" ><\/div><script class=\"df-shortcode-script\" nowprocket type=\"application\/javascript\">window.option_df_3369 = {\"outline\":[],\"autoEnableOutline\":\"false\",\"autoEnableThumbnail\":\"false\",\"overwritePDFOutline\":\"false\",\"direction\":\"1\",\"pageSize\":\"0\",\"source\":\"https:\\\/\\\/ailabor.appsters.me\\\/wp-content\\\/uploads\\\/2024\\\/08\\\/PPT-prezentacio-V2-IT-1.pdf\",\"wpOptions\":\"true\"}; if(window.DFLIP && window.DFLIP.parseBooks){window.DFLIP.parseBooks();}<\/script><\/p>\n\n\n\n<div style=\"height:100px\" aria-hidden=\"true\" class=\"wp-block-spacer\"><\/div>\n\n\n<p><div class=\"_df_book df-lite\" id=\"df_3371\"  _slug=\"training-2-it\" data-title=\"training-2-it\" wpoptions=\"true\" thumbtype=\"\" ><\/div><script class=\"df-shortcode-script\" nowprocket type=\"application\/javascript\">window.option_df_3371 = {\"outline\":[],\"autoEnableOutline\":\"false\",\"autoEnableThumbnail\":\"false\",\"overwritePDFOutline\":\"false\",\"direction\":\"1\",\"pageSize\":\"0\",\"source\":\"https:\\\/\\\/ailabor.appsters.me\\\/wp-content\\\/uploads\\\/2024\\\/08\\\/PPT-prezentacio-V2-IT-2.pdf\",\"wpOptions\":\"true\"}; if(window.DFLIP && window.DFLIP.parseBooks){window.DFLIP.parseBooks();}<\/script><\/p>\n\n\n\n<div style=\"height:100px\" aria-hidden=\"true\" class=\"wp-block-spacer\"><\/div>\n\n\n<p><div class=\"_df_book df-lite\" id=\"df_3373\"  _slug=\"training-3-it\" data-title=\"training-3-it\" wpoptions=\"true\" thumbtype=\"\" ><\/div><script class=\"df-shortcode-script\" nowprocket type=\"application\/javascript\">window.option_df_3373 = {\"outline\":[],\"autoEnableOutline\":\"false\",\"autoEnableThumbnail\":\"false\",\"overwritePDFOutline\":\"false\",\"direction\":\"1\",\"pageSize\":\"0\",\"source\":\"https:\\\/\\\/ailabor.appsters.me\\\/wp-content\\\/uploads\\\/2024\\\/08\\\/PPT-prezentacio-V2-IT-3.pdf\",\"wpOptions\":\"true\"}; if(window.DFLIP && window.DFLIP.parseBooks){window.DFLIP.parseBooks();}<\/script><\/p>\n\n\n\n<div style=\"height:100px\" aria-hidden=\"true\" class=\"wp-block-spacer\"><\/div>\n\n\n<p>\n<\/div><\/div>\n<\/div><\/div>\n<\/div><\/div>","protected":false},"excerpt":{"rendered":"<p>A let\u00f6lthet\u0151 anyag egy oktat\u00e1si prezent\u00e1ci\u00f3 a ChatGPT alkalmaz\u00e1si lehet\u0151s\u00e9geir\u0151l \u00e9s annak haszn\u00e1lat\u00e1r\u00f3l k\u00fcl\u00f6nf\u00e9le irodai \u00e9s egy\u00e9b k\u00f6rnyezetekben. A 3&#215;1 \u00f3r\u00e1s k\u00e9pz\u00e9s bemutatja, hogy egy kultur\u00e1lis \u00fajs\u00e1g szerkeszt\u0151s\u00e9g\u00e9ben hogyan lehet hat\u00e9konyan haszn\u00e1lni a mesters\u00e9ges intelligenci\u00e1t \u00e9s a ChatGPT-t, gyakorlati alkalmaz\u00e1sait \u00e9s konkr\u00e9t feladatokra vonatkoz\u00f3 gyakorlatokat. T\u00e9m\u00e1k: Bevezet\u00e9s a ChatGPT-hez ChatGPT szerkeszt\u0151s\u00e9gi k\u00f6rnyezetben Adatkezel\u00e9s \u00e9s Excel&#8230;<\/p>","protected":false},"author":5,"featured_media":0,"parent":0,"menu_order":0,"comment_status":"closed","ping_status":"closed","template":"","meta":{"_eb_attr":"","inline_featured_image":false,"_kad_post_transparent":"","_kad_post_title":"","_kad_post_layout":"","_kad_post_sidebar_id":"","_kad_post_content_style":"","_kad_post_vertical_padding":"","_kad_post_feature":"","_kad_post_feature_position":"","_kad_post_header":false,"_kad_post_footer":false,"footnotes":""},"class_list":["post-2264","page","type-page","status-publish","hentry"],"_links":{"self":[{"href":"https:\/\/ailabor.appsters.me\/it\/wp-json\/wp\/v2\/pages\/2264","targetHints":{"allow":["GET"]}}],"collection":[{"href":"https:\/\/ailabor.appsters.me\/it\/wp-json\/wp\/v2\/pages"}],"about":[{"href":"https:\/\/ailabor.appsters.me\/it\/wp-json\/wp\/v2\/types\/page"}],"author":[{"embeddable":true,"href":"https:\/\/ailabor.appsters.me\/it\/wp-json\/wp\/v2\/users\/5"}],"replies":[{"embeddable":true,"href":"https:\/\/ailabor.appsters.me\/it\/wp-json\/wp\/v2\/comments?post=2264"}],"version-history":[{"count":10,"href":"https:\/\/ailabor.appsters.me\/it\/wp-json\/wp\/v2\/pages\/2264\/revisions"}],"predecessor-version":[{"id":3376,"href":"https:\/\/ailabor.appsters.me\/it\/wp-json\/wp\/v2\/pages\/2264\/revisions\/3376"}],"wp:attachment":[{"href":"https:\/\/ailabor.appsters.me\/it\/wp-json\/wp\/v2\/media?parent=2264"}],"curies":[{"name":"wp","href":"https:\/\/api.w.org\/{rel}","templated":true}]}}