{"id":3194,"date":"2024-08-27T06:22:14","date_gmt":"2024-08-27T06:22:14","guid":{"rendered":"https:\/\/ailabor.appsters.me\/?page_id=3194"},"modified":"2024-08-28T06:27:38","modified_gmt":"2024-08-28T06:27:38","slug":"jokai-mor-akademiai-szekfoglalo-eloadasa","status":"publish","type":"page","link":"https:\/\/ailabor.appsters.me\/it\/jokai-mor-akademiai-szekfoglalo-eloadasa\/","title":{"rendered":"J\u00f3kai M\u00f3r akad\u00e9miai sz\u00e9kfoglal\u00f3 el\u0151ad\u00e1sa"},"content":{"rendered":"<div style=\"background-image:url(&apos;https:\/\/ailabor.appsters.me\/wp-content\/uploads\/2024\/06\/Ellipse-4.png&apos;);background-position:50% 30%;background-size:cover;\" class=\"wp-block-group has-background\"><div class=\"wp-block-group__inner-container is-layout-constrained wp-block-group-is-layout-constrained\">\n<div class=\"wp-block-group group-1240\"><div class=\"wp-block-group__inner-container is-layout-constrained wp-block-group-is-layout-constrained\">\n<h4 class=\"wp-block-heading\">\u00cdrj r\u00e9szletesen J\u00f3kai M\u00f3r akad\u00e9miai sz\u00e9kfoglal\u00f3 el\u0151ad\u00e1s\u00e1r\u00f3l!<\/h4>\n\n\n\n<figure class=\"wp-block-image size-full is-resized\"><img loading=\"lazy\" decoding=\"async\" width=\"1000\" height=\"235\" src=\"https:\/\/ailabor.appsters.me\/wp-content\/uploads\/2024\/06\/robot_v2_horizont-1-1.gif\" alt=\"\" class=\"wp-image-2482\" style=\"width:200px\"\/><\/figure>\n\n\n\n<p>J\u00f3kai M\u00f3r akad\u00e9miai sz\u00e9kfoglal\u00f3 el\u0151ad\u00e1sa 1859-ben volt, miut\u00e1n az \u00edr\u00f3t 1858-ban a Magyar Tudom\u00e1nyos Akad\u00e9mia levelez\u0151 tagj\u00e1v\u00e1 v\u00e1lasztott\u00e1k. Ez a sz\u00e9kfoglal\u00f3 el\u0151ad\u00e1s egy fontos m\u00e9rf\u00f6ldk\u0151 volt J\u00f3kai p\u00e1lyafut\u00e1s\u00e1n, mivel az Akad\u00e9mi\u00e1n bel\u00fcli tev\u00e9kenys\u00e9g\u00e9nek hivatalos kezdet\u00e9t jelentette.<\/p>\n\n\n\n<p>J\u00f3kai M\u00f3r akad\u00e9miai sz\u00e9kfoglal\u00f3 besz\u00e9de, amelynek c\u00edme <em>A magyar n\u00e9phumorr\u00f3l<\/em>, a magyar humor eredet\u00e9r\u0151l, jellemz\u0151ir\u0151l \u00e9s annak t\u00f6rt\u00e9nelmi, t\u00e1rsadalmi h\u00e1tter\u00e9r\u0151l sz\u00f3l. J\u00f3kai a humor fogalm\u00e1t \u00e9s jelent\u0151s\u00e9g\u00e9t vizsg\u00e1lja k\u00fcl\u00f6nb\u00f6z\u0151 kult\u00far\u00e1kban, kiemelve, hogy a humor els\u0151sorban szabad \u00e9s felvil\u00e1gosult n\u00e9pek saj\u00e1tja, amelyek szabadon k\u00e9pesek kimondani az igazs\u00e1got, ak\u00e1r ny\u00edltan, ak\u00e1r tr\u00e9f\u00e1s form\u00e1ban. A besz\u00e9d mondanival\u00f3ja a k\u00f6vetkez\u0151 csom\u00f3pontok k\u00f6r\u00e9 csoportos\u00edthat\u00f3.<\/p>\n\n\n\n<div class=\"wp-block-columns is-layout-flex wp-container-core-columns-is-layout-9d6595d7 wp-block-columns-is-layout-flex\">\n<div class=\"wp-block-column is-layout-flow wp-block-column-is-layout-flow\" style=\"flex-basis:70%\">\n<p><strong>A humor kultur\u00e1lis gy\u00f6kerei<\/strong><br>J\u00f3kai r\u00e1mutat arra, hogy a humor csak olyan n\u00e9pekn\u00e9l jelenik meg, amelyek k\u00e9pesek szabadon gondolkodni \u00e9s \u00edt\u00e9lni. K\u00fcl\u00f6nb\u00f6z\u0151 p\u00e9ld\u00e1kon kereszt\u00fcl mutatja be, hogy a k\u00ednai kult\u00fara p\u00e9ld\u00e1ul komolyan veszi a n\u00e9pmes\u00e9ket, m\u00edg a szabadabb g\u00f6r\u00f6g n\u00e9p humor\u00e9rz\u00e9ke legend\u00e1ss\u00e1 v\u00e1lt. Az \u00f3kori G\u00f6r\u00f6gorsz\u00e1gb\u00f3l \u00e9s R\u00f3m\u00e1b\u00f3l hoz p\u00e9ld\u00e1kat arra, hogy a humor hogyan szolg\u00e1lta hatalom kritik\u00e1j\u00e1t.<\/p>\n\n\n\n<p><strong>A kereszt\u00e9nys\u00e9g \u00e9s a humor<\/strong><br>J\u00f3kai azt is kifejti, hogy a kereszt\u00e9nys\u00e9g terjed\u00e9se idej\u00e9n a humor h\u00e1tt\u00e9rbe szorult, mivel a hit \u00e9s a vall\u00e1sos buzg\u00f3s\u00e1g v\u00e1lt a t\u00e1rsadalom f\u0151 mozgat\u00f3rug\u00f3j\u00e1v\u00e1. Azonban id\u0151vel a humor visszat\u00e9rt, m\u00e9gpedig olyan form\u00e1ban, hogy az emberek az \u00f6rd\u00f6g\u00f6t kezdt\u00e9k el g\u00fany t\u00e1rgy\u00e1v\u00e1 tenni, amely k\u00e9s\u0151bb b\u0151v\u00fclt a babon\u00e1k \u00e9s egyh\u00e1zi vissza\u00e9l\u00e9sek ellen ir\u00e1nyul\u00f3 tr\u00e9f\u00e1kkal.<\/p>\n\n\n\n<p><strong>A n\u00e9phumor fontoss\u00e1ga<\/strong><br>J\u00f3kai nagy hangs\u00falyt fektet a n\u00e9phumor jelent\u0151s\u00e9g\u00e9re. Szerinte a n\u00e9pi adom\u00e1k \u00e9s tr\u00e9f\u00e1k fontos r\u00e9szei egy nemzet identit\u00e1s\u00e1nak, mert azok k\u00e9pesek a legjobban t\u00fckr\u00f6zni egy n\u00e9p jellem\u00e9t, szok\u00e1sait, \u00e9s mindennapi \u00e9let\u00e9t. K\u00fcl\u00f6nbs\u00e9get tesz a n\u00e9met \u00e9s a magyar n\u00e9phumor k\u00f6z\u00f6tt, kiemelve a magyar n\u00e9phumor egyedis\u00e9g\u00e9t \u00e9s eredetis\u00e9g\u00e9t. J\u00f3kai hangs\u00falyozza, hogy a n\u00e9phumor tanulm\u00e1nyoz\u00e1sa \u00e9s gy\u0171jt\u00e9se elengedhetetlen a magyar nemzeti kult\u00fara meg\u0151rz\u00e9s\u00e9hez \u00e9s fejleszt\u00e9s\u00e9hez.<\/p>\n\n\n\n<p><strong>A magyar n\u00e9phumor jellemz\u0151i<\/strong><br>A besz\u00e9d r\u00e9szletesen kit\u00e9r arra is, hogy a magyar n\u00e9phumor hogyan fejl\u0151d\u00f6tt a t\u00f6rt\u00e9nelem sor\u00e1n. A humor sokszor a t\u00e1rsadalmi \u00e9s politikai vissza\u00e9l\u00e9sek ellen ir\u00e1nyult, \u00e9s gyakran g\u00fany t\u00e1rgy\u00e1v\u00e1 tette a hatalom k\u00e9pvisel\u0151it. J\u00f3kai bemutatja, hogy a magyar humor gazdag \u00e9s v\u00e1ltozatos, \u00e9s k\u00fcl\u00f6n\u00f6sen fontos szerepet j\u00e1tszott a nemzeti identit\u00e1s form\u00e1l\u00e1s\u00e1ban.<\/p>\n<\/div>\n\n\n\n<div class=\"wp-block-column is-layout-flow wp-block-column-is-layout-flow\" style=\"flex-basis:50%\">\n<figure class=\"wp-block-image size-full\"><img loading=\"lazy\" decoding=\"async\" width=\"1024\" height=\"1024\" src=\"https:\/\/ailabor.appsters.me\/wp-content\/uploads\/2024\/08\/0009_szekfoglalo.webp\" alt=\"\" class=\"wp-image-3195\" srcset=\"https:\/\/ailabor.appsters.me\/wp-content\/uploads\/2024\/08\/0009_szekfoglalo.webp 1024w, https:\/\/ailabor.appsters.me\/wp-content\/uploads\/2024\/08\/0009_szekfoglalo-300x300.webp 300w, https:\/\/ailabor.appsters.me\/wp-content\/uploads\/2024\/08\/0009_szekfoglalo-150x150.webp 150w, https:\/\/ailabor.appsters.me\/wp-content\/uploads\/2024\/08\/0009_szekfoglalo-768x768.webp 768w, https:\/\/ailabor.appsters.me\/wp-content\/uploads\/2024\/08\/0009_szekfoglalo-400x400.webp 400w, https:\/\/ailabor.appsters.me\/wp-content\/uploads\/2024\/08\/0009_szekfoglalo-12x12.webp 12w\" sizes=\"auto, (max-width: 1024px) 100vw, 1024px\" \/><figcaption class=\"wp-element-caption\">J\u00f3kai sz\u00e9kfoglal\u00f3 besz\u00e9det tart 1859-ben<\/figcaption><\/figure>\n<\/div>\n<\/div>\n\n\n\n<div style=\"height:20px\" aria-hidden=\"true\" class=\"wp-block-spacer\"><\/div>\n\n\n\n<p>J\u00f3kai besz\u00e9de nemcsak a n\u00e9phumor fontoss\u00e1g\u00e1t hangs\u00falyozza, hanem felh\u00edvja a figyelmet a n\u00e9pi adom\u00e1k gy\u0171jt\u00e9s\u00e9nek sz\u00fcks\u00e9gess\u00e9g\u00e9re is. \u00dagy v\u00e9li, hogy a n\u00e9phumor a magyar nemzeti karakter l\u00e9nyeges r\u00e9sze, \u00e9s meg\u0151rz\u00e9se elengedhetetlen a j\u00f6v\u0151 gener\u00e1ci\u00f3k sz\u00e1m\u00e1ra. J\u00f3kai teh\u00e1t nemcsak sz\u00f3rakoztatni k\u00edv\u00e1nt, hanem tudom\u00e1nyos figyelmet k\u00edv\u00e1nt felh\u00edvni egy olyan ter\u00fcletre, amelyet akkoriban kev\u00e9sb\u00e9 becs\u00fcltek meg.<\/p>\n\n\n\n<div style=\"height:50px\" aria-hidden=\"true\" class=\"wp-block-spacer\"><\/div>\n<\/div><\/div>\n<\/div><\/div>","protected":false},"excerpt":{"rendered":"<p>\u00cdrj r\u00e9szletesen J\u00f3kai M\u00f3r akad\u00e9miai sz\u00e9kfoglal\u00f3 el\u0151ad\u00e1s\u00e1r\u00f3l! J\u00f3kai M\u00f3r akad\u00e9miai sz\u00e9kfoglal\u00f3 el\u0151ad\u00e1sa 1859-ben volt, miut\u00e1n az \u00edr\u00f3t 1858-ban a Magyar Tudom\u00e1nyos Akad\u00e9mia levelez\u0151 tagj\u00e1v\u00e1 v\u00e1lasztott\u00e1k. Ez a sz\u00e9kfoglal\u00f3 el\u0151ad\u00e1s egy fontos m\u00e9rf\u00f6ldk\u0151 volt J\u00f3kai p\u00e1lyafut\u00e1s\u00e1n, mivel az Akad\u00e9mi\u00e1n bel\u00fcli tev\u00e9kenys\u00e9g\u00e9nek hivatalos kezdet\u00e9t jelentette. J\u00f3kai M\u00f3r akad\u00e9miai sz\u00e9kfoglal\u00f3 besz\u00e9de, amelynek c\u00edme A magyar n\u00e9phumorr\u00f3l, a magyar&#8230;<\/p>","protected":false},"author":5,"featured_media":0,"parent":0,"menu_order":0,"comment_status":"closed","ping_status":"closed","template":"","meta":{"_eb_attr":"","inline_featured_image":false,"_kad_post_transparent":"","_kad_post_title":"","_kad_post_layout":"","_kad_post_sidebar_id":"","_kad_post_content_style":"","_kad_post_vertical_padding":"","_kad_post_feature":"","_kad_post_feature_position":"","_kad_post_header":false,"_kad_post_footer":false,"footnotes":""},"class_list":["post-3194","page","type-page","status-publish","hentry"],"_links":{"self":[{"href":"https:\/\/ailabor.appsters.me\/it\/wp-json\/wp\/v2\/pages\/3194","targetHints":{"allow":["GET"]}}],"collection":[{"href":"https:\/\/ailabor.appsters.me\/it\/wp-json\/wp\/v2\/pages"}],"about":[{"href":"https:\/\/ailabor.appsters.me\/it\/wp-json\/wp\/v2\/types\/page"}],"author":[{"embeddable":true,"href":"https:\/\/ailabor.appsters.me\/it\/wp-json\/wp\/v2\/users\/5"}],"replies":[{"embeddable":true,"href":"https:\/\/ailabor.appsters.me\/it\/wp-json\/wp\/v2\/comments?post=3194"}],"version-history":[{"count":5,"href":"https:\/\/ailabor.appsters.me\/it\/wp-json\/wp\/v2\/pages\/3194\/revisions"}],"predecessor-version":[{"id":3337,"href":"https:\/\/ailabor.appsters.me\/it\/wp-json\/wp\/v2\/pages\/3194\/revisions\/3337"}],"wp:attachment":[{"href":"https:\/\/ailabor.appsters.me\/it\/wp-json\/wp\/v2\/media?parent=3194"}],"curies":[{"name":"wp","href":"https:\/\/api.w.org\/{rel}","templated":true}]}}