{"id":3206,"date":"2024-08-27T06:28:32","date_gmt":"2024-08-27T06:28:32","guid":{"rendered":"https:\/\/ailabor.appsters.me\/?page_id=3206"},"modified":"2024-08-27T08:00:54","modified_gmt":"2024-08-27T08:00:54","slug":"az-osi-nyelv-rekonstrualasa","status":"publish","type":"page","link":"https:\/\/ailabor.appsters.me\/it\/az-osi-nyelv-rekonstrualasa\/","title":{"rendered":"Az \u0151si nyelv rekonstru\u00e1l\u00e1sa"},"content":{"rendered":"<div style=\"background-image:url(&apos;https:\/\/ailabor.appsters.me\/wp-content\/uploads\/2024\/06\/Ellipse-4.png&apos;);background-position:50% 30%;background-size:cover;\" class=\"wp-block-group has-background\"><div class=\"wp-block-group__inner-container is-layout-constrained wp-block-group-is-layout-constrained\">\n<div class=\"wp-block-group group-1240\"><div class=\"wp-block-group__inner-container is-layout-constrained wp-block-group-is-layout-constrained\">\n<p><strong>J\u00f3kai az <em>Eg\u00e9sz az \u00e9szaki p\u00f3lusig<\/em> c\u00edm\u0171 reg\u00e9ny\u00e9ben a j\u00e9gkorszaki ember kel \u00e9letre a kor tudom\u00e1nyos ismeretei szerint lehets\u00e9ges m\u00f3don. A reg\u00e9ny f\u0151szerepl\u0151je az \u00e9letre kelt emberekkel h\u00e9ber nyelvtud\u00e1sa r\u00e9v\u00e9n tud kommunik\u00e1lni. Fejtsd ki ezt a t\u00e9m\u00e1t r\u00e9szletesen!<\/strong><\/p>\n\n\n\n<figure class=\"wp-block-image size-full is-resized\"><img loading=\"lazy\" decoding=\"async\" width=\"1000\" height=\"235\" src=\"https:\/\/ailabor.appsters.me\/wp-content\/uploads\/2024\/06\/robot_v2_horizont-1-1.gif\" alt=\"\" class=\"wp-image-2482\" style=\"width:200px\"\/><\/figure>\n\n\n\n<div class=\"wp-block-columns is-layout-flex wp-container-core-columns-is-layout-9d6595d7 wp-block-columns-is-layout-flex\">\n<div class=\"wp-block-column is-layout-flow wp-block-column-is-layout-flow\">\n<p>J\u00f3kai M\u00f3r <em>Eg\u00e9sz az \u00e9szaki p\u00f3lusig<\/em> c\u00edm\u0171 reg\u00e9nye egy izgalmas \u00e9s fantasztikus t\u00f6rt\u00e9net, amely az \u00e9szaki sarkvid\u00e9ken j\u00e1tsz\u00f3dik. A reg\u00e9ny egyik k\u00fcl\u00f6nleges eleme a j\u00e9gkorszakban \u00e9lt emberek megelevened\u00e9se, akik csod\u00e1latos m\u00f3don megmaradtak az id\u0151 fagyos b\u00f6rt\u00f6n\u00e9ben, \u00e9s egy tudom\u00e1nyos csoda r\u00e9v\u00e9n \u00fajra \u00e9letre kelnek. Ez a t\u00f6rt\u00e9net tal\u00e1lkoz\u00e1st biztos\u00edt a m\u00falt \u00e9s a jelen k\u00f6z\u00f6tt, ahol a korszakok k\u00f6z\u00f6tti k\u00fcl\u00f6nbs\u00e9gek \u00e9s hasonl\u00f3s\u00e1gok kapnak hangs\u00falyt.<\/p>\n\n\n\n<p>A reg\u00e9ny f\u0151szerepl\u0151je, aki az \u00e9letre kelt emberekkel tud kommunik\u00e1lni, az\u00e1ltal ker\u00fcl kapcsolatba vel\u00fck, hogy rendelkezik h\u00e9ber nyelvtud\u00e1ssal. A h\u00e9ber nyelv a r\u00e9gm\u00falt id\u0151k nyelvek\u00e9nt jelenik meg, ami lehet\u0151s\u00e9get ad arra, hogy a j\u00e9gkorszakb\u00f3l sz\u00e1rmaz\u00f3 emberekkel kapcsolatba l\u00e9pjen. A reg\u00e9ny ezen aspektusa J\u00f3kai \u00e9rdekl\u0151d\u00e9s\u00e9t t\u00fckr\u00f6zi a nyelvek, kult\u00far\u00e1k \u00e9s az emberi t\u00f6rt\u00e9nelem ir\u00e1nt.<\/p>\n\n\n\n<p>A h\u00e9ber nyelv haszn\u00e1lata ebben a kontextusban nemcsak arra szolg\u00e1l, hogy a szerepl\u0151k k\u00f6z\u00f6tt kommunik\u00e1ci\u00f3t teremtsen, hanem szimbolikus jelent\u0151s\u00e9ggel is b\u00edr: az \u0151si tud\u00e1s, a m\u00falt titkai \u00e9s a kult\u00far\u00e1k folytonoss\u00e1ga kapcsol\u00f3dik \u00f6ssze \u00e1ltala. J\u00f3kai \u00edgy nemcsak egy fantasztikus t\u00f6rt\u00e9netet mes\u00e9l el, hanem egy\u00fattal r\u00e1mutat arra is, hogy a tud\u00e1s, k\u00fcl\u00f6n\u00f6sen a nyelvi tud\u00e1s, kulcsfontoss\u00e1g\u00fa a m\u00falt meg\u00e9rt\u00e9s\u00e9hez \u00e9s a j\u00f6v\u0151 \u00e9p\u00edt\u00e9s\u00e9hez.<\/p>\n\n\n\n<p>Az Eg\u00e9sz az \u00e9szaki p\u00f3lusig teh\u00e1t nem puszt\u00e1n izgalmas kalandreg\u00e9ny, hanem m\u00e9lyebb gondolatokat is k\u00f6zvet\u00edt az emberi t\u00f6rt\u00e9nelemr\u0151l, a tudom\u00e1nyr\u00f3l \u00e9s a kult\u00far\u00e1k k\u00f6z\u00f6tti kapcsolatr\u00f3l. A j\u00e9gkorszaki ember \u00e9s a modern ember tal\u00e1lkoz\u00e1sa r\u00e9v\u00e9n J\u00f3kai arra h\u00edvja fel a figyelmet, hogy a m\u00falt \u00e9s a jelen \u00f6sszekapcsol\u00e1sa milyen fontos lehet az emberis\u00e9g sz\u00e1m\u00e1ra.<\/p>\n<\/div>\n\n\n\n<div class=\"wp-block-column is-layout-flow wp-block-column-is-layout-flow\"><div class=\"wp-block-image\">\n<figure class=\"aligncenter size-full is-resized\"><img loading=\"lazy\" decoding=\"async\" width=\"1024\" height=\"1024\" src=\"https:\/\/ailabor.appsters.me\/wp-content\/uploads\/2024\/08\/0011_osi-nyelv.webp\" alt=\"\" class=\"wp-image-3220\" style=\"width:473px;height:auto\" srcset=\"https:\/\/ailabor.appsters.me\/wp-content\/uploads\/2024\/08\/0011_osi-nyelv.webp 1024w, https:\/\/ailabor.appsters.me\/wp-content\/uploads\/2024\/08\/0011_osi-nyelv-300x300.webp 300w, https:\/\/ailabor.appsters.me\/wp-content\/uploads\/2024\/08\/0011_osi-nyelv-150x150.webp 150w, https:\/\/ailabor.appsters.me\/wp-content\/uploads\/2024\/08\/0011_osi-nyelv-768x768.webp 768w, https:\/\/ailabor.appsters.me\/wp-content\/uploads\/2024\/08\/0011_osi-nyelv-400x400.webp 400w, https:\/\/ailabor.appsters.me\/wp-content\/uploads\/2024\/08\/0011_osi-nyelv-12x12.webp 12w\" sizes=\"auto, (max-width: 1024px) 100vw, 1024px\" \/><figcaption class=\"wp-element-caption\">Az Eg\u00e9sz az \u00e9szaki p\u00f3lusig! c\u00edm\u0171 reg\u00e9ny besz\u00e9lget\u00e9se az \u00e9letre keltett p\u00e1tri\u00e1rk\u00e1val<\/figcaption><\/figure>\n<\/div><\/div>\n<\/div>\n\n\n\n<div style=\"height:50px\" aria-hidden=\"true\" class=\"wp-block-spacer\"><\/div>\n<\/div><\/div>\n<\/div><\/div>","protected":false},"excerpt":{"rendered":"<p>J\u00f3kai az Eg\u00e9sz az \u00e9szaki p\u00f3lusig c\u00edm\u0171 reg\u00e9ny\u00e9ben a j\u00e9gkorszaki ember kel \u00e9letre a kor tudom\u00e1nyos ismeretei szerint lehets\u00e9ges m\u00f3don. A reg\u00e9ny f\u0151szerepl\u0151je az \u00e9letre kelt emberekkel h\u00e9ber nyelvtud\u00e1sa r\u00e9v\u00e9n tud kommunik\u00e1lni. Fejtsd ki ezt a t\u00e9m\u00e1t r\u00e9szletesen! J\u00f3kai M\u00f3r Eg\u00e9sz az \u00e9szaki p\u00f3lusig c\u00edm\u0171 reg\u00e9nye egy izgalmas \u00e9s fantasztikus t\u00f6rt\u00e9net, amely az \u00e9szaki sarkvid\u00e9ken&#8230;<\/p>","protected":false},"author":5,"featured_media":0,"parent":0,"menu_order":0,"comment_status":"closed","ping_status":"closed","template":"","meta":{"_eb_attr":"","inline_featured_image":false,"_kad_post_transparent":"","_kad_post_title":"","_kad_post_layout":"","_kad_post_sidebar_id":"","_kad_post_content_style":"","_kad_post_vertical_padding":"","_kad_post_feature":"","_kad_post_feature_position":"","_kad_post_header":false,"_kad_post_footer":false,"footnotes":""},"class_list":["post-3206","page","type-page","status-publish","hentry"],"_links":{"self":[{"href":"https:\/\/ailabor.appsters.me\/it\/wp-json\/wp\/v2\/pages\/3206","targetHints":{"allow":["GET"]}}],"collection":[{"href":"https:\/\/ailabor.appsters.me\/it\/wp-json\/wp\/v2\/pages"}],"about":[{"href":"https:\/\/ailabor.appsters.me\/it\/wp-json\/wp\/v2\/types\/page"}],"author":[{"embeddable":true,"href":"https:\/\/ailabor.appsters.me\/it\/wp-json\/wp\/v2\/users\/5"}],"replies":[{"embeddable":true,"href":"https:\/\/ailabor.appsters.me\/it\/wp-json\/wp\/v2\/comments?post=3206"}],"version-history":[{"count":5,"href":"https:\/\/ailabor.appsters.me\/it\/wp-json\/wp\/v2\/pages\/3206\/revisions"}],"predecessor-version":[{"id":3235,"href":"https:\/\/ailabor.appsters.me\/it\/wp-json\/wp\/v2\/pages\/3206\/revisions\/3235"}],"wp:attachment":[{"href":"https:\/\/ailabor.appsters.me\/it\/wp-json\/wp\/v2\/media?parent=3206"}],"curies":[{"name":"wp","href":"https:\/\/api.w.org\/{rel}","templated":true}]}}