{"id":3243,"date":"2024-08-27T11:02:39","date_gmt":"2024-08-27T11:02:39","guid":{"rendered":"https:\/\/ailabor.appsters.me\/?page_id=3243"},"modified":"2024-08-28T06:31:35","modified_gmt":"2024-08-28T06:31:35","slug":"selyemgyartas","status":"publish","type":"page","link":"https:\/\/ailabor.appsters.me\/it\/selyemgyartas\/","title":{"rendered":"Selyemgy\u00e1rt\u00e1s"},"content":{"rendered":"<div style=\"background-image:url(&apos;https:\/\/ailabor.appsters.me\/wp-content\/uploads\/2024\/06\/Ellipse-4.png&apos;);background-position:50% 30%;background-size:cover;\" class=\"wp-block-group has-background\"><div class=\"wp-block-group__inner-container is-layout-constrained wp-block-group-is-layout-constrained\">\n<div class=\"wp-block-group group-1240\"><div class=\"wp-block-group__inner-container is-layout-constrained wp-block-group-is-layout-constrained\">\n<h4 class=\"wp-block-heading\">Keress az adatb\u00e1zisodba felt\u00f6lt\u00f6tt reg\u00e9nyekben a selyemgy\u00e1rt\u00e1sra vonatkoz\u00f3 r\u00e9szleteket. Ismertesd ezeket a reg\u00e9ny kontextus\u00e1ban, majd illeszd a J\u00f3kai \u00e1ltal le\u00edrtakat a 19. sz\u00e1zad tudom\u00e1ny- \u00e9s technikat\u00f6rt\u00e9neti kontextus\u00e1ba glob\u00e1lisan \u00e9s az Osztr\u00e1k-Magyar Monarchi\u00e1ban.<\/h4>\n\n\n\n<figure class=\"wp-block-image size-full is-resized\"><img loading=\"lazy\" decoding=\"async\" width=\"1000\" height=\"235\" src=\"https:\/\/ailabor.appsters.me\/wp-content\/uploads\/2024\/06\/robot_v2_horizont-1-1.gif\" alt=\"\" class=\"wp-image-2482\" style=\"width:200px\"\/><\/figure>\n\n\n\n<div class=\"wp-block-columns is-layout-flex wp-container-core-columns-is-layout-9d6595d7 wp-block-columns-is-layout-flex\">\n<div class=\"wp-block-column is-layout-flow wp-block-column-is-layout-flow\">\n<p>Reg\u00e9nybeli kontextusok: J\u00f3kai M\u00f3r reg\u00e9nyeiben a selyem el\u0151\u00e1ll\u00edt\u00e1sa \u00e9s sz\u00f6v\u00e9se egyfajta romantikus \u00e9s idealiz\u00e1lt \u00e1br\u00e1zol\u00e1sban jelenik meg, melynek f\u0151 jegye a k\u00e9zm\u0171ves munka sz\u00e9ps\u00e9ge \u00e9s titokzatoss\u00e1ga. A <em>Fekete gy\u00e9m\u00e1ntok<\/em>ban a selyemsz\u00f6v\u00e9st egy \u201eiparos tak\u00e1csp\u00f3k\u201d munk\u00e1j\u00e1hoz hasonl\u00edtja, aki finom sz\u00f6veteket k\u00e9sz\u00edt, amelyek m\u00e9g a kir\u00e1lyi palot\u00e1k sz\u00e1m\u00e1ra is alkalmasak. Ez a metafora kifejezi J\u00f3kai elismer\u00e9s\u00e9t a mesteri k\u00e9zm\u0171vess\u00e9g ir\u00e1nt. A <em>K\u00e1rp\u00e1thy Zolt\u00e1n<\/em>ban a selyemsz\u00f6v\u00e9s titkos, var\u00e1zslatos folyamatk\u00e9nt jelenik meg, amelyet \u201et\u00fcnd\u00e9rk\u00e9k\u201d v\u00e9geznek, \u00e9s amely az emberi szem sz\u00e1m\u00e1ra szinte l\u00e1thatatlan. A selyem misztikum \u00e9s exkluzivit\u00e1s t\u00e1rsul. <em>L&#039;uomo d&#039;oro<\/em> c\u00edm\u0171 reg\u00e9nyben a selyem a finom kidolgoz\u00e1s\u00fa t\u00e1rgyakhoz kapcsol\u00f3dik, mint p\u00e9ld\u00e1ul a selyemersz\u00e9ny, amelyben \u00e9rt\u00e9kt\u00e1rgyakat t\u00e1rolnak.<\/p>\n\n\n\n<p>J\u00f3kai M\u00f3r sz\u00f6vegeiben a selyem el\u0151\u00e1ll\u00edt\u00e1sa \u00e9s sz\u00f6v\u00e9se romantikus, idealiz\u00e1lt kontextusban jelenik meg. Az el\u0151\u00e1ll\u00edt\u00e1sra vonatkoz\u00f3 le\u00edr\u00e1sok gyakran term\u00e9szethez k\u00f6t\u0151d\u0151 metafor\u00e1kkal \u00e9s var\u00e1zslatos k\u00e9pekkel \u00e1br\u00e1zolj\u00e1k a folyamatot, amelyeket mesteri k\u00e9zm\u0171ves munka vagy titkos, t\u00fcnd\u00e9ri m\u0171v\u00e9szetk\u00e9nt jelen\u00edt meg. J\u00f3kai tisztelettel \u00e9s elismer\u00e9ssel viszonyul a selyemgy\u00e1rt\u00e1shoz, amelyet az emberi tal\u00e1l\u00e9konys\u00e1g, \u00fcgyess\u00e9g \u00e9s a term\u00e9szet ihletett m\u0171v\u00e9szet\u00e9nek tekint. A selyem a luxus, a sz\u00e9ps\u00e9g \u00e9s az \u00e9rt\u00e9kess\u00e9g szimb\u00f3lumak\u00e9nt jelenik meg, amely m\u00f6g\u00f6tt mesteri munka \u00e9s titokzatos folyamatok \u00e1llnak.<\/p>\n<\/div>\n\n\n\n<div class=\"wp-block-column is-layout-flow wp-block-column-is-layout-flow\">\n<figure class=\"wp-block-image size-full\"><img loading=\"lazy\" decoding=\"async\" width=\"1024\" height=\"1024\" src=\"https:\/\/ailabor.appsters.me\/wp-content\/uploads\/2024\/08\/0017_selyemhernyo.webp\" alt=\"\" class=\"wp-image-3244\" srcset=\"https:\/\/ailabor.appsters.me\/wp-content\/uploads\/2024\/08\/0017_selyemhernyo.webp 1024w, https:\/\/ailabor.appsters.me\/wp-content\/uploads\/2024\/08\/0017_selyemhernyo-300x300.webp 300w, https:\/\/ailabor.appsters.me\/wp-content\/uploads\/2024\/08\/0017_selyemhernyo-150x150.webp 150w, https:\/\/ailabor.appsters.me\/wp-content\/uploads\/2024\/08\/0017_selyemhernyo-768x768.webp 768w, https:\/\/ailabor.appsters.me\/wp-content\/uploads\/2024\/08\/0017_selyemhernyo-400x400.webp 400w, https:\/\/ailabor.appsters.me\/wp-content\/uploads\/2024\/08\/0017_selyemhernyo-12x12.webp 12w\" sizes=\"auto, (max-width: 1024px) 100vw, 1024px\" \/><figcaption class=\"wp-element-caption\">19. sz\u00e1zadi magyarorsz\u00e1gi selyemherny\u00f3teny\u00e9szt\u00e9si jelenetet, az AI illusztr\u00e1ci\u00f3ja<\/figcaption><\/figure>\n<\/div>\n<\/div>\n\n\n\n<div style=\"height:30px\" aria-hidden=\"true\" class=\"wp-block-spacer\"><\/div>\n\n\n\n<p>Tudom\u00e1ny- \u00e9s technikat\u00f6rt\u00e9net: A 19. sz\u00e1zadban a selyemgy\u00e1rt\u00e1s glob\u00e1lisan jelent\u0151s ipar\u00e1gg\u00e1 v\u00e1lt, k\u00fcl\u00f6n\u00f6sen \u00c1zsi\u00e1ban \u00e9s Eur\u00f3p\u00e1ban. K\u00edna \u00e9s Jap\u00e1n voltak a legnagyobb selyemtermel\u0151k, a hagyom\u00e1nyos selyemk\u00e9sz\u00edt\u00e9si technik\u00e1k \u00e9vsz\u00e1zadok \u00f3ta t\u00f6k\u00e9letesedtek. K\u00edn\u00e1ban a selyemherny\u00f3-teny\u00e9szt\u00e9s \u00e9s a selyemsz\u00f6v\u00e9s a cs\u00e1sz\u00e1ri udvar t\u00e1mogat\u00e1s\u00e1t \u00e9lvezte, \u00e9s a selyemkereskedelem fontos szerepet j\u00e1tszott az orsz\u00e1g gazdas\u00e1g\u00e1ban. Jap\u00e1nban a Meiji-restaur\u00e1ci\u00f3 (1868) ut\u00e1n a selyemipar gyorsan moderniz\u00e1l\u00f3dott, \u00e9s Jap\u00e1n a vil\u00e1g egyik vezet\u0151 selyemexport\u0151r\u00e9v\u00e9 v\u00e1lt.<\/p>\n\n\n\n<p>Eur\u00f3p\u00e1ban, k\u00fcl\u00f6n\u00f6sen Franciaorsz\u00e1gban \u00e9s Olaszorsz\u00e1gban, a selyemgy\u00e1rt\u00e1s szint\u00e9n vir\u00e1gzott. Lyon v\u00e1rosa Franciaorsz\u00e1gban a selyemsz\u00f6v\u00e9s k\u00f6zpontj\u00e1v\u00e1 v\u00e1lt, \u00e9s a selyem sz\u00f6vetek, k\u00fcl\u00f6n\u00f6sen a luxusselyem az eur\u00f3pai divatban is fontos szerepet j\u00e1tszott. A 19. sz\u00e1zadban a selyemgy\u00e1rt\u00e1st fokozatosan g\u00e9pes\u00edtett\u00e9k, \u00e9s a termel\u00e9si technol\u00f3gi\u00e1k fejl\u0151d\u00e9se lehet\u0151v\u00e9 tette a selyem sz\u00e9lesebb k\u00f6r\u0171 haszn\u00e1lat\u00e1t, b\u00e1r a k\u00e9zzel k\u00e9sz\u00edtett selyem tov\u00e1bbra is nagy becsben \u00e1llt.<\/p>\n\n\n\n<p>Az Osztr\u00e1k-Magyar Monarchi\u00e1ban a selyemgy\u00e1rt\u00e1s els\u0151sorban a selyemherny\u00f3-teny\u00e9szt\u00e9sre \u00e9s a selyemsz\u00f6v\u00e9sre \u00e9p\u00fclt, amely k\u00fcl\u00f6n\u00f6sen jellemz\u0151 volt Magyarorsz\u00e1g egyes vid\u00e9kein. A 19. sz\u00e1zad m\u00e1sodik fel\u00e9ben a Monarchia t\u00f6bb ter\u00fclet\u00e9n is igyekeztek fellend\u00edteni a selyemherny\u00f3-teny\u00e9szt\u00e9st, \u00e9s t\u00e1mogatni a selyemipar fejl\u0151d\u00e9s\u00e9t. Ezt a korm\u00e1nyzat is \u00f6szt\u00f6n\u00f6zte, hogy a Monarchia gazdas\u00e1gi \u00f6nell\u00e1t\u00e1s\u00e1t \u00e9s ipari fejl\u0151d\u00e9s\u00e9t n\u00f6velje. A selyemgy\u00e1rt\u00e1s azonban itt soha nem \u00e9rte el azt a szintet, amelyet Nyugat-Eur\u00f3pa vagy \u00c1zsia \u00e9rt el. Az ipar jelent\u0151s\u00e9ge ink\u00e1bb region\u00e1lis volt, \u00e9s a Monarchia gazdas\u00e1gi spektrum\u00e1ban kisebb szerepet j\u00e1tszott. A selyem azonban fontos luxuscikk volt, amelyet a nemess\u00e9g \u00e9s a polg\u00e1rs\u00e1g is nagyra becs\u00fclt, \u00e9s amely J\u00f3kai reg\u00e9nyeiben is gyakran a gazdags\u00e1g \u00e9s kifinomults\u00e1g jelk\u00e9pek\u00e9nt jelenik meg.<\/p>\n\n\n\n<div style=\"height:50px\" aria-hidden=\"true\" class=\"wp-block-spacer\"><\/div>\n<\/div><\/div>\n<\/div><\/div>","protected":false},"excerpt":{"rendered":"<p>Keress az adatb\u00e1zisodba felt\u00f6lt\u00f6tt reg\u00e9nyekben a selyemgy\u00e1rt\u00e1sra vonatkoz\u00f3 r\u00e9szleteket. Ismertesd ezeket a reg\u00e9ny kontextus\u00e1ban, majd illeszd a J\u00f3kai \u00e1ltal le\u00edrtakat a 19. sz\u00e1zad tudom\u00e1ny- \u00e9s technikat\u00f6rt\u00e9neti kontextus\u00e1ba glob\u00e1lisan \u00e9s az Osztr\u00e1k-Magyar Monarchi\u00e1ban. Reg\u00e9nybeli kontextusok: J\u00f3kai M\u00f3r reg\u00e9nyeiben a selyem el\u0151\u00e1ll\u00edt\u00e1sa \u00e9s sz\u00f6v\u00e9se egyfajta romantikus \u00e9s idealiz\u00e1lt \u00e1br\u00e1zol\u00e1sban jelenik meg, melynek f\u0151 jegye a k\u00e9zm\u0171ves munka&#8230;<\/p>","protected":false},"author":5,"featured_media":0,"parent":0,"menu_order":0,"comment_status":"closed","ping_status":"closed","template":"","meta":{"_eb_attr":"","inline_featured_image":false,"_kad_post_transparent":"","_kad_post_title":"","_kad_post_layout":"","_kad_post_sidebar_id":"","_kad_post_content_style":"","_kad_post_vertical_padding":"","_kad_post_feature":"","_kad_post_feature_position":"","_kad_post_header":false,"_kad_post_footer":false,"footnotes":""},"class_list":["post-3243","page","type-page","status-publish","hentry"],"_links":{"self":[{"href":"https:\/\/ailabor.appsters.me\/it\/wp-json\/wp\/v2\/pages\/3243","targetHints":{"allow":["GET"]}}],"collection":[{"href":"https:\/\/ailabor.appsters.me\/it\/wp-json\/wp\/v2\/pages"}],"about":[{"href":"https:\/\/ailabor.appsters.me\/it\/wp-json\/wp\/v2\/types\/page"}],"author":[{"embeddable":true,"href":"https:\/\/ailabor.appsters.me\/it\/wp-json\/wp\/v2\/users\/5"}],"replies":[{"embeddable":true,"href":"https:\/\/ailabor.appsters.me\/it\/wp-json\/wp\/v2\/comments?post=3243"}],"version-history":[{"count":3,"href":"https:\/\/ailabor.appsters.me\/it\/wp-json\/wp\/v2\/pages\/3243\/revisions"}],"predecessor-version":[{"id":3339,"href":"https:\/\/ailabor.appsters.me\/it\/wp-json\/wp\/v2\/pages\/3243\/revisions\/3339"}],"wp:attachment":[{"href":"https:\/\/ailabor.appsters.me\/it\/wp-json\/wp\/v2\/media?parent=3243"}],"curies":[{"name":"wp","href":"https:\/\/api.w.org\/{rel}","templated":true}]}}