{"id":3248,"date":"2024-08-27T11:11:06","date_gmt":"2024-08-27T11:11:06","guid":{"rendered":"https:\/\/ailabor.appsters.me\/?page_id=3248"},"modified":"2024-08-28T06:32:29","modified_gmt":"2024-08-28T06:32:29","slug":"telegraf","status":"publish","type":"page","link":"https:\/\/ailabor.appsters.me\/it\/telegraf\/","title":{"rendered":"Telegr\u00e1f"},"content":{"rendered":"<div style=\"background-image:url(&apos;https:\/\/ailabor.appsters.me\/wp-content\/uploads\/2024\/06\/Ellipse-4.png&apos;);background-position:50% 30%;background-size:cover;\" class=\"wp-block-group has-background\"><div class=\"wp-block-group__inner-container is-layout-constrained wp-block-group-is-layout-constrained\">\n<div class=\"wp-block-group group-1240\"><div class=\"wp-block-group__inner-container is-layout-constrained wp-block-group-is-layout-constrained\">\n<h4 class=\"wp-block-heading\">Keress az adatb\u00e1zisodba felt\u00f6lt\u00f6tt reg\u00e9nyekben a telegr\u00e1fra \u00e9s haszn\u00e1lat\u00e1ra vonatkoz\u00f3 r\u00e9szleteket. Ismertesd ezeket a reg\u00e9ny kontextus\u00e1ban, majd illeszd a J\u00f3kai \u00e1ltal le\u00edrtakat a 19. sz\u00e1zad tudom\u00e1ny- \u00e9s technikat\u00f6rt\u00e9neti kontextus\u00e1ba glob\u00e1lisan \u00e9s az Osztr\u00e1k-Magyar Monarchi\u00e1ban.<\/h4>\n\n\n\n<figure class=\"wp-block-image size-full is-resized\"><img loading=\"lazy\" decoding=\"async\" width=\"1000\" height=\"235\" src=\"https:\/\/ailabor.appsters.me\/wp-content\/uploads\/2024\/06\/robot_v2_horizont-1-1.gif\" alt=\"\" class=\"wp-image-2482\" style=\"width:200px\"\/><\/figure>\n\n\n\n<div class=\"wp-block-columns is-layout-flex wp-container-core-columns-is-layout-9d6595d7 wp-block-columns-is-layout-flex\">\n<div class=\"wp-block-column is-layout-flow wp-block-column-is-layout-flow\">\n<p>Reg\u00e9nybeli kontextusok: A telegr\u00e1f J\u00f3kai M\u00f3r reg\u00e9nyeiben a technikai fejl\u0151d\u00e9s, a moderniz\u00e1ci\u00f3 \u00e9s a gyors inform\u00e1ci\u00f3\u00e1raml\u00e1s szimb\u00f3lumak\u00e9nt jelenik meg. <em>Az \u00faj f\u00f6ldes\u00far<\/em>ban a telegr\u00e1f a vid\u00e9ki \u00e9let moderniz\u00e1ci\u00f3j\u00e1nak szimb\u00f3luma. Itt a technol\u00f3gia megjelen\u00e9se \u00faj kih\u00edv\u00e1sokat hoz a hagyom\u00e1nyos \u00e9letm\u00f3d sz\u00e1m\u00e1ra, \u00e9s fesz\u00fclts\u00e9get teremt a r\u00e9gi \u00e9s az \u00faj vil\u00e1g k\u00f6z\u00f6tt. Az <em>\u00c9s m\u00e9gis mozog a f\u00f6ld<\/em> c\u00edm\u0171 reg\u00e9nyben a telegr\u00e1f a tudom\u00e1nyos halad\u00e1s egyik jelk\u00e9pe. Ez a technol\u00f3gia a kommunik\u00e1ci\u00f3 forradalmas\u00edt\u00e1s\u00e1val hozz\u00e1j\u00e1rul az emberi t\u00e1rsadalom fejl\u0151d\u00e9s\u00e9hez, \u00e9s megmutatja, hogy a tudom\u00e1ny milyen m\u00e9rt\u00e9kben k\u00e9pes \u00e1talak\u00edtani a vil\u00e1got. A <em>Fekete gy\u00e9m\u00e1ntok<\/em>ban olyan v\u00edvm\u00e1ny, amely lehet\u0151v\u00e9 teszi a gyors \u00e9s hat\u00e9kony inform\u00e1ci\u00f3\u00e1raml\u00e1st. A b\u00e1ny\u00e1szat \u00e9s az ipar szempontj\u00e1b\u00f3l kulcsfontoss\u00e1g\u00fa szerepet j\u00e1tszik a sikeres \u00fczleti tev\u00e9kenys\u00e9gben, m\u00edg a <em>K\u00e1rp\u00e1thy Zolt\u00e1n<\/em> c\u00edm\u0171 reg\u00e9nyben a politikai \u00e9s t\u00e1rsadalmi h\u00edrek gyors terjed\u00e9s\u00e9nek eszk\u00f6ze, amely befoly\u00e1solja a cselekm\u00e9nyt \u00e9s a karakterek sors\u00e1t. <em>Az<\/em> <em>\u00e9let kom\u00e9di\u00e1sai<\/em>ban a telegr\u00e1f a korabeli t\u00e1rsadalmi v\u00e1ltoz\u00e1sok jelk\u00e9p\u00e9v\u00e9 v\u00e1lik. Megmutatja, hogyan alak\u00edtja \u00e1t a technol\u00f3gia a mindennapi \u00e9letet \u00e9s a t\u00e1rsadalmi kapcsolatokat, \u00faj norm\u00e1kat teremtve.<\/p>\n<\/div>\n\n\n\n<div class=\"wp-block-column is-layout-flow wp-block-column-is-layout-flow\">\n<figure class=\"wp-block-image size-full\"><img loading=\"lazy\" decoding=\"async\" width=\"1024\" height=\"1024\" src=\"https:\/\/ailabor.appsters.me\/wp-content\/uploads\/2024\/08\/0018_telegraf.webp\" alt=\"\" class=\"wp-image-3249\" srcset=\"https:\/\/ailabor.appsters.me\/wp-content\/uploads\/2024\/08\/0018_telegraf.webp 1024w, https:\/\/ailabor.appsters.me\/wp-content\/uploads\/2024\/08\/0018_telegraf-300x300.webp 300w, https:\/\/ailabor.appsters.me\/wp-content\/uploads\/2024\/08\/0018_telegraf-150x150.webp 150w, https:\/\/ailabor.appsters.me\/wp-content\/uploads\/2024\/08\/0018_telegraf-768x768.webp 768w, https:\/\/ailabor.appsters.me\/wp-content\/uploads\/2024\/08\/0018_telegraf-400x400.webp 400w, https:\/\/ailabor.appsters.me\/wp-content\/uploads\/2024\/08\/0018_telegraf-12x12.webp 12w\" sizes=\"auto, (max-width: 1024px) 100vw, 1024px\" \/><figcaption class=\"wp-element-caption\">Telegr\u00e1f\u00e1llom\u00e1s a 19. sz\u00e1zadban az Osztr\u00e1k-Magyar Monarchi\u00e1ban, az AI illusztr\u00e1ci\u00f3ja<\/figcaption><\/figure>\n<\/div>\n<\/div>\n\n\n\n<div style=\"height:30px\" aria-hidden=\"true\" class=\"wp-block-spacer\"><\/div>\n\n\n\n<p>Tudom\u00e1ny- \u00e9s technikat\u00f6rt\u00e9net: J\u00f3kai M\u00f3r kor\u00e1ban a telegr\u00e1f elterjed\u00e9se forradalmas\u00edtotta a kommunik\u00e1ci\u00f3t vil\u00e1gszerte. Ez a technol\u00f3gia lehet\u0151v\u00e9 tette az azonnali \u00fczenetk\u00fcld\u00e9st nagy t\u00e1vols\u00e1gokra, ami kor\u00e1bban elk\u00e9pzelhetetlen volt. Magyarorsz\u00e1gon az els\u0151 t\u00e1v\u00edr\u00f3vonal 1847-ben \u00e9p\u00fclt ki Pest \u00e9s B\u00e9cs k\u00f6z\u00f6tt. Ez jelent\u0151s el\u0151rel\u00e9p\u00e9s volt, mivel el\u0151tte az inform\u00e1ci\u00f3k napokig, olykor hetekig tartottak rendeltet\u00e9si hely\u00fckre. A telegr\u00e1f gyors terjed\u00e9se nagym\u00e9rt\u00e9kben hozz\u00e1j\u00e1rult az ipari forradalomhoz, a politikai esem\u00e9nyek gyors terjed\u00e9s\u00e9hez, valamint az \u00fczleti \u00e9let felgyorsul\u00e1s\u00e1hoz. A t\u00e1vk\u00f6zl\u00e9si h\u00e1l\u00f3zat ki\u00e9p\u00edt\u00e9se nemcsak a nagyv\u00e1rosok k\u00f6z\u00f6tt t\u00f6rt\u00e9nt meg, hanem fokozatosan el\u00e9rte a vid\u00e9ki ter\u00fcleteket is, \u00edgy a telegr\u00e1f a mindennapi \u00e9let r\u00e9sze lett. A telegr\u00e1f a gyors inform\u00e1ci\u00f3\u00e1raml\u00e1s r\u00e9v\u00e9n \u00e1talak\u00edtotta a t\u00e1rsadalmi kapcsolatokat, \u00e9s el\u0151seg\u00edtette a gazdas\u00e1gi fejl\u0151d\u00e9st, valamint a nemzetk\u00f6zi kapcsolatok er\u0151s\u00edt\u00e9s\u00e9t. A 19. sz\u00e1zad v\u00e9g\u00e9re Magyarorsz\u00e1gon is egyre t\u00f6bb telegr\u00e1f\u00e1llom\u00e1s \u00e9p\u00fclt, \u00e9s a t\u00e1v\u00edr\u00f3szolg\u00e1lat a posta mellett az egyik legfontosabb kommunik\u00e1ci\u00f3s csatorn\u00e1v\u00e1 v\u00e1lt.<\/p>\n\n\n\n<div style=\"height:50px\" aria-hidden=\"true\" class=\"wp-block-spacer\"><\/div>\n<\/div><\/div>\n<\/div><\/div>","protected":false},"excerpt":{"rendered":"<p>Keress az adatb\u00e1zisodba felt\u00f6lt\u00f6tt reg\u00e9nyekben a telegr\u00e1fra \u00e9s haszn\u00e1lat\u00e1ra vonatkoz\u00f3 r\u00e9szleteket. Ismertesd ezeket a reg\u00e9ny kontextus\u00e1ban, majd illeszd a J\u00f3kai \u00e1ltal le\u00edrtakat a 19. sz\u00e1zad tudom\u00e1ny- \u00e9s technikat\u00f6rt\u00e9neti kontextus\u00e1ba glob\u00e1lisan \u00e9s az Osztr\u00e1k-Magyar Monarchi\u00e1ban. Reg\u00e9nybeli kontextusok: A telegr\u00e1f J\u00f3kai M\u00f3r reg\u00e9nyeiben a technikai fejl\u0151d\u00e9s, a moderniz\u00e1ci\u00f3 \u00e9s a gyors inform\u00e1ci\u00f3\u00e1raml\u00e1s szimb\u00f3lumak\u00e9nt jelenik meg. Az \u00faj&#8230;<\/p>","protected":false},"author":5,"featured_media":0,"parent":0,"menu_order":0,"comment_status":"closed","ping_status":"closed","template":"","meta":{"_eb_attr":"","inline_featured_image":false,"_kad_post_transparent":"","_kad_post_title":"","_kad_post_layout":"","_kad_post_sidebar_id":"","_kad_post_content_style":"","_kad_post_vertical_padding":"","_kad_post_feature":"","_kad_post_feature_position":"","_kad_post_header":false,"_kad_post_footer":false,"footnotes":""},"class_list":["post-3248","page","type-page","status-publish","hentry"],"_links":{"self":[{"href":"https:\/\/ailabor.appsters.me\/it\/wp-json\/wp\/v2\/pages\/3248","targetHints":{"allow":["GET"]}}],"collection":[{"href":"https:\/\/ailabor.appsters.me\/it\/wp-json\/wp\/v2\/pages"}],"about":[{"href":"https:\/\/ailabor.appsters.me\/it\/wp-json\/wp\/v2\/types\/page"}],"author":[{"embeddable":true,"href":"https:\/\/ailabor.appsters.me\/it\/wp-json\/wp\/v2\/users\/5"}],"replies":[{"embeddable":true,"href":"https:\/\/ailabor.appsters.me\/it\/wp-json\/wp\/v2\/comments?post=3248"}],"version-history":[{"count":3,"href":"https:\/\/ailabor.appsters.me\/it\/wp-json\/wp\/v2\/pages\/3248\/revisions"}],"predecessor-version":[{"id":3340,"href":"https:\/\/ailabor.appsters.me\/it\/wp-json\/wp\/v2\/pages\/3248\/revisions\/3340"}],"wp:attachment":[{"href":"https:\/\/ailabor.appsters.me\/it\/wp-json\/wp\/v2\/media?parent=3248"}],"curies":[{"name":"wp","href":"https:\/\/api.w.org\/{rel}","templated":true}]}}