{"id":3256,"date":"2024-08-27T11:19:54","date_gmt":"2024-08-27T11:19:54","guid":{"rendered":"https:\/\/ailabor.appsters.me\/?page_id=3256"},"modified":"2024-08-28T06:33:26","modified_gmt":"2024-08-28T06:33:26","slug":"szenbanyaszat","status":"publish","type":"page","link":"https:\/\/ailabor.appsters.me\/it\/szenbanyaszat\/","title":{"rendered":"Sz\u00e9nb\u00e1ny\u00e1szat"},"content":{"rendered":"<div style=\"background-image:url(&apos;https:\/\/ailabor.appsters.me\/wp-content\/uploads\/2024\/06\/Ellipse-4.png&apos;);background-position:50% 30%;background-size:cover;\" class=\"wp-block-group has-background\"><div class=\"wp-block-group__inner-container is-layout-constrained wp-block-group-is-layout-constrained\">\n<div class=\"wp-block-group group-1240\"><div class=\"wp-block-group__inner-container is-layout-constrained wp-block-group-is-layout-constrained\">\n<h4 class=\"wp-block-heading\">Keress az adatb\u00e1zisodba felt\u00f6lt\u00f6tt reg\u00e9nyekben a sz\u00e9nb\u00e1ny\u00e1szatra vonatkoz\u00f3 r\u00e9szleteket. Ismertesd ezeket a reg\u00e9ny kontextus\u00e1ban, majd illeszd a J\u00f3kai \u00e1ltal le\u00edrtakat a 19. sz\u00e1zad tudom\u00e1ny- \u00e9s technikat\u00f6rt\u00e9neti kontextus\u00e1ba glob\u00e1lisan \u00e9s az Osztr\u00e1k-Magyar Monarchi\u00e1ban.<\/h4>\n\n\n\n<figure class=\"wp-block-image size-full is-resized\"><img loading=\"lazy\" decoding=\"async\" width=\"1000\" height=\"235\" src=\"https:\/\/ailabor.appsters.me\/wp-content\/uploads\/2024\/06\/robot_v2_horizont-1-1.gif\" alt=\"\" class=\"wp-image-2482\" style=\"width:200px\"\/><\/figure>\n\n\n\n<div class=\"wp-block-columns is-layout-flex wp-container-core-columns-is-layout-9d6595d7 wp-block-columns-is-layout-flex\">\n<div class=\"wp-block-column is-layout-flow wp-block-column-is-layout-flow\">\n<p>Reg\u00e9nybeli kontextus: A <em>Fekete gy\u00e9m\u00e1ntok<\/em> c\u00edm\u0171 reg\u00e9ny a sz\u00e9nb\u00e1ny\u00e1szat \u00e9s annak gazdas\u00e1gi, t\u00e1rsadalmi hat\u00e1sai k\u00f6r\u00e9 \u00e9p\u00fcl. J\u00f3kai M\u00f3r ebben a m\u0171ben bizony\u00edtja m\u00e9lyrehat\u00f3 ismereteit a sz\u00e9nb\u00e1ny\u00e1szatr\u00f3l, a b\u00e1ny\u00e1k m\u0171k\u00f6d\u00e9s\u00e9r\u0151l \u00e9s a sz\u00e9n jelent\u0151s\u00e9g\u00e9r\u0151l. A reg\u00e9ny r\u00e9szletesen foglalkozik a sz\u00e9nb\u00e1ny\u00e1szat technikai aspektusaival, bele\u00e9rtve a b\u00e1ny\u00e1k kialak\u00edt\u00e1s\u00e1t, a sz\u00e9nkitermel\u00e9s m\u00f3dszereit, valamint a munk\u00e1sok \u00e9let\u00e9t \u00e9s a b\u00e1ny\u00e1k tulajdonosainak gazdas\u00e1gi strat\u00e9gi\u00e1it. J\u00f3kai bemutatja a sz\u00e9n mint \u201efekete gy\u00e9m\u00e1nt\u201d gazdas\u00e1gi fontoss\u00e1g\u00e1t, kiemeli, hogy a sz\u00e9nb\u00e1ny\u00e1k nemcsak gazdas\u00e1gi hasznot hoznak, hanem t\u00e1rsadalmi \u00e9s politikai hat\u00e1sokkal is b\u00edrnak. A reg\u00e9ny egyik k\u00f6zponti eleme a sz\u00e9n \u00e9s a meggazdagod\u00e1s kapcsolata, valamint a sz\u00e9nb\u00e1ny\u00e1szat szerepe az ipar \u00e9s a technol\u00f3gia fejl\u0151d\u00e9s\u00e9ben.<\/p>\n\n\n\n<p>A sz\u00e9n volt az els\u0151dleges energiaforr\u00e1s az ipar, a k\u00f6zleked\u00e9s \u00e9s a f\u0171t\u00e9s ter\u00fclet\u00e9n. N\u00e9lk\u00fcle a g\u0151zg\u00e9pek m\u0171k\u00f6dtet\u00e9se \u00e9s az ipari termel\u00e9s nem lett volna lehets\u00e9ges.&nbsp; A sz\u00e9nb\u00e1ny\u00e1szat munkahelyeket teremtett, \u00e9s gazdas\u00e1gi fejl\u0151d\u00e9st hozott mind a v\u00e1rosi, mind a vid\u00e9ki ter\u00fcleteken. A b\u00e1nyav\u00e1rosok kialakul\u00e1sa sz\u00e1mos r\u00e9gi\u00f3ban fellend\u00edtette a helyi gazdas\u00e1got. A vas- \u00e9s ac\u00e9lgy\u00e1rt\u00e1s, valamint a vas\u00fath\u00e1l\u00f3zat ki\u00e9p\u00edt\u00e9se a sz\u00e9nre t\u00e1maszkodott. A b\u00e1ny\u00e1szat fejl\u0151d\u00e9se elengedhetetlen volt az ipari forradalom siker\u00e9hez. A sz\u00e9nb\u00e1ny\u00e1szat jelent\u0151s t\u00e1rsadalmi v\u00e1ltoz\u00e1sokat hozott, mivel nagy sz\u00e1m\u00fa munk\u00e1soszt\u00e1ly j\u00f6tt l\u00e9tre, amely gyakran rossz k\u00f6r\u00fclm\u00e9nyek k\u00f6z\u00f6tt dolgozott a b\u00e1ny\u00e1kban. Ezt J\u00f3kai is \u00e9rz\u00e9kelteti reg\u00e9nyeiben, ahol a b\u00e1ny\u00e1szok neh\u00e9zs\u00e9geit \u00e9s a b\u00e1nyatulajdonosok felel\u0151ss\u00e9g\u00e9t mutatja be.<\/p>\n<\/div>\n\n\n\n<div class=\"wp-block-column is-layout-flow wp-block-column-is-layout-flow\">\n<figure class=\"wp-block-image size-full\"><img loading=\"lazy\" decoding=\"async\" width=\"1024\" height=\"1024\" src=\"https:\/\/ailabor.appsters.me\/wp-content\/uploads\/2024\/08\/0019_banyamentesi-vedooltozet.webp\" alt=\"\" class=\"wp-image-3257\" srcset=\"https:\/\/ailabor.appsters.me\/wp-content\/uploads\/2024\/08\/0019_banyamentesi-vedooltozet.webp 1024w, https:\/\/ailabor.appsters.me\/wp-content\/uploads\/2024\/08\/0019_banyamentesi-vedooltozet-300x300.webp 300w, https:\/\/ailabor.appsters.me\/wp-content\/uploads\/2024\/08\/0019_banyamentesi-vedooltozet-150x150.webp 150w, https:\/\/ailabor.appsters.me\/wp-content\/uploads\/2024\/08\/0019_banyamentesi-vedooltozet-768x768.webp 768w, https:\/\/ailabor.appsters.me\/wp-content\/uploads\/2024\/08\/0019_banyamentesi-vedooltozet-400x400.webp 400w, https:\/\/ailabor.appsters.me\/wp-content\/uploads\/2024\/08\/0019_banyamentesi-vedooltozet-12x12.webp 12w\" sizes=\"auto, (max-width: 1024px) 100vw, 1024px\" \/><figcaption class=\"wp-element-caption\">A Berend Iv\u00e1n kifejlesztette b\u00e1nyament\u00e9si v\u00e9d\u0151\u00f6lt\u00f6zet a Fekete gy\u00e9m\u00e1ntokban<\/figcaption><\/figure>\n<\/div>\n<\/div>\n\n\n\n<div style=\"height:30px\" aria-hidden=\"true\" class=\"wp-block-spacer\"><\/div>\n\n\n\n<p>Tudom\u00e1ny- \u00e9s technikat\u00f6rt\u00e9net: J\u00f3kai kor\u00e1ban a sz\u00e9nb\u00e1ny\u00e1szat glob\u00e1lisan \u00e9s az Osztr\u00e1k-Magyar Monarchi\u00e1ban is kulcsfontoss\u00e1g\u00fa szerepet j\u00e1tszott az ipari fejl\u0151d\u00e9s kibontakoz\u00e1s\u00e1ban \u00e9s a gazdas\u00e1gi n\u00f6veked\u00e9sben. A sz\u00e9n volt a legfontosabb energiaforr\u00e1s, amely a gy\u00e1rakat, a vasutakat, \u00e9s a g\u0151zhaj\u00f3kat m\u0171k\u00f6dtette. Nagy-Britannia, Franciaorsz\u00e1g, N\u00e9metorsz\u00e1g \u00e9s az Egyes\u00fclt \u00c1llamok sz\u00e9ntermel\u00e9se rohamosan n\u00f6vekedett, \u00e9s a sz\u00e9nkereskedelem is felvir\u00e1gzott. A sz\u00e9nb\u00e1ny\u00e1szat fejl\u0151d\u00e9s\u00e9vel p\u00e1rhuzamosan \u00faj technol\u00f3gi\u00e1k jelentek meg, p\u00e9ld\u00e1ul a g\u0151zg\u00e9pek, amelyek hat\u00e9konyabb\u00e1 tett\u00e9k a sz\u00e9nkitermel\u00e9st \u00e9s az ipari termel\u00e9st. Az Osztr\u00e1k-Magyar Monarchi\u00e1ban a sz\u00e9nb\u00e1ny\u00e1szat szint\u00e9n jelent\u0151s szerepet j\u00e1tszott az ipari fejl\u0151d\u00e9sben. A legfontosabb sz\u00e9nb\u00e1ny\u00e1szati k\u00f6zpontok a mai Csehorsz\u00e1g, Szil\u00e9zia, valamint Magyarorsz\u00e1g \u00e9szakkeleti r\u00e9sz\u00e9n helyezkedtek el. A Monarchia gazdas\u00e1ga egyre ink\u00e1bb iparosodott, \u00e9s ennek egyik alapja a sz\u00e9n volt. Magyarorsz\u00e1g ter\u00fclet\u00e9n a 19. sz\u00e1zad m\u00e1sodik fel\u00e9ben kezdtek kialakulni jelent\u0151s sz\u00e9nb\u00e1ny\u00e1k, p\u00e9ld\u00e1ul a dorogi \u00e9s tatab\u00e1nyai sz\u00e9nmedenc\u00e9k. A sz\u00e9nb\u00e1ny\u00e1szat fejl\u0151d\u00e9se elengedhetetlen volt a vas\u00fat\u00e9p\u00edt\u00e9shez \u00e9s a neh\u00e9zipar n\u00f6veked\u00e9s\u00e9hez.<\/p>\n\n\n\n<div style=\"height:50px\" aria-hidden=\"true\" class=\"wp-block-spacer\"><\/div>\n<\/div><\/div>\n<\/div><\/div>","protected":false},"excerpt":{"rendered":"<p>Keress az adatb\u00e1zisodba felt\u00f6lt\u00f6tt reg\u00e9nyekben a sz\u00e9nb\u00e1ny\u00e1szatra vonatkoz\u00f3 r\u00e9szleteket. Ismertesd ezeket a reg\u00e9ny kontextus\u00e1ban, majd illeszd a J\u00f3kai \u00e1ltal le\u00edrtakat a 19. sz\u00e1zad tudom\u00e1ny- \u00e9s technikat\u00f6rt\u00e9neti kontextus\u00e1ba glob\u00e1lisan \u00e9s az Osztr\u00e1k-Magyar Monarchi\u00e1ban. Reg\u00e9nybeli kontextus: A Fekete gy\u00e9m\u00e1ntok c\u00edm\u0171 reg\u00e9ny a sz\u00e9nb\u00e1ny\u00e1szat \u00e9s annak gazdas\u00e1gi, t\u00e1rsadalmi hat\u00e1sai k\u00f6r\u00e9 \u00e9p\u00fcl. J\u00f3kai M\u00f3r ebben a m\u0171ben bizony\u00edtja m\u00e9lyrehat\u00f3&#8230;<\/p>","protected":false},"author":5,"featured_media":0,"parent":0,"menu_order":0,"comment_status":"closed","ping_status":"closed","template":"","meta":{"_eb_attr":"","inline_featured_image":false,"_kad_post_transparent":"","_kad_post_title":"","_kad_post_layout":"","_kad_post_sidebar_id":"","_kad_post_content_style":"","_kad_post_vertical_padding":"","_kad_post_feature":"","_kad_post_feature_position":"","_kad_post_header":false,"_kad_post_footer":false,"footnotes":""},"class_list":["post-3256","page","type-page","status-publish","hentry"],"_links":{"self":[{"href":"https:\/\/ailabor.appsters.me\/it\/wp-json\/wp\/v2\/pages\/3256","targetHints":{"allow":["GET"]}}],"collection":[{"href":"https:\/\/ailabor.appsters.me\/it\/wp-json\/wp\/v2\/pages"}],"about":[{"href":"https:\/\/ailabor.appsters.me\/it\/wp-json\/wp\/v2\/types\/page"}],"author":[{"embeddable":true,"href":"https:\/\/ailabor.appsters.me\/it\/wp-json\/wp\/v2\/users\/5"}],"replies":[{"embeddable":true,"href":"https:\/\/ailabor.appsters.me\/it\/wp-json\/wp\/v2\/comments?post=3256"}],"version-history":[{"count":2,"href":"https:\/\/ailabor.appsters.me\/it\/wp-json\/wp\/v2\/pages\/3256\/revisions"}],"predecessor-version":[{"id":3341,"href":"https:\/\/ailabor.appsters.me\/it\/wp-json\/wp\/v2\/pages\/3256\/revisions\/3341"}],"wp:attachment":[{"href":"https:\/\/ailabor.appsters.me\/it\/wp-json\/wp\/v2\/media?parent=3256"}],"curies":[{"name":"wp","href":"https:\/\/api.w.org\/{rel}","templated":true}]}}