{"id":3268,"date":"2024-08-27T11:30:32","date_gmt":"2024-08-27T11:30:32","guid":{"rendered":"https:\/\/ailabor.appsters.me\/?page_id=3268"},"modified":"2024-08-28T06:36:55","modified_gmt":"2024-08-28T06:36:55","slug":"gozenergia","status":"publish","type":"page","link":"https:\/\/ailabor.appsters.me\/it\/gozenergia\/","title":{"rendered":"G\u0151zenergia"},"content":{"rendered":"<div style=\"background-image:url(&apos;https:\/\/ailabor.appsters.me\/wp-content\/uploads\/2024\/06\/Ellipse-4.png&apos;);background-position:50% 30%;background-size:cover;\" class=\"wp-block-group has-background\"><div class=\"wp-block-group__inner-container is-layout-constrained wp-block-group-is-layout-constrained\">\n<div class=\"wp-block-group group-1240\"><div class=\"wp-block-group__inner-container is-layout-constrained wp-block-group-is-layout-constrained\">\n<h4 class=\"wp-block-heading\">Keress az adatb\u00e1zisodba felt\u00f6lt\u00f6tt reg\u00e9nyekben a g\u0151zenergia hasznos\u00edt\u00e1s\u00e1ra vonatkoz\u00f3 r\u00e9szleteket. Ismertesd ezeket a reg\u00e9ny kontextus\u00e1ban, majd illeszd a J\u00f3kai \u00e1ltal le\u00edrtakat a 19. sz\u00e1zad tudom\u00e1ny- \u00e9s technikat\u00f6rt\u00e9neti kontextus\u00e1ba glob\u00e1lisan \u00e9s az Osztr\u00e1k-Magyar Monarchi\u00e1ban.<\/h4>\n\n\n\n<figure class=\"wp-block-image size-full is-resized\"><img loading=\"lazy\" decoding=\"async\" width=\"1000\" height=\"235\" src=\"https:\/\/ailabor.appsters.me\/wp-content\/uploads\/2024\/06\/robot_v2_horizont-1-1.gif\" alt=\"\" class=\"wp-image-2482\" style=\"width:200px\"\/><\/figure>\n\n\n\n<div class=\"wp-block-columns is-layout-flex wp-container-core-columns-is-layout-9d6595d7 wp-block-columns-is-layout-flex\">\n<div class=\"wp-block-column is-layout-flow wp-block-column-is-layout-flow\">\n<p>Reg\u00e9nybeli kontextus: J\u00f3kai <em>K\u00e1rp\u00e1thy Zolt\u00e1n<\/em> (1854-1855) c\u00edm\u0171 reg\u00e9ny\u00e9ben a g\u0151zenergia felhaszn\u00e1l\u00e1sa az ipari forradalom v\u00edvm\u00e1nyait t\u00fckr\u00f6zi.<\/p>\n\n\n\n<p><em>\u201eHol kezdje? Egyetlen gondolatja sem volt m\u00e9g r\u00e1. Annyit tudott, hogy r\u00f6gt\u00f6n el kell utaznia Pozsonyb\u00f3l. A g\u0151z\u00f6s reggel indult, m\u00e9g azzal elmehetett. Hov\u00e1? Pestig bizonyosan. Onnan tal\u00e1n tov\u00e1bb.<\/em> <em>Sietve elk\u00e9sz\u00fclt. Inas\u00e1t h\u00e1trahagyta, hogy m\u00e1snap holmij\u00e1val k\u00f6vesse. Ajtaj\u00e1t azalatt tartsa z\u00e1rva s ne sz\u00f3ljon senkinek elutaz\u00e1sa fel\u0151l.<\/em> <em>M\u00edg a g\u0151z\u00f6sig sietett, addig t\u00e1madt egy gondolatja; m\u00e9g akkor csak t\u00e9tova, kifejezetlen eszme volt, de estig kif\u0151zhette azt mag\u00e1ban. Le\u00fclt a lap\u00e1tker\u00e9k el\u00e9, \u00f3rahosszant eln\u00e9zve, hogy t\u00f6ri feh\u00e9r porr\u00e1 a hull\u00e1mot a csattog\u00f3 lap\u00e1t, milli\u00f3 feh\u00e9r gy\u00f6ngy\u00f6t hajtva a v\u00edz al\u00e1, majd meg eln\u00e9zte sok\u00e1ig, hogy omlik a fekete f\u00fcst a magas k\u00e9m\u00e9ny korona alak\u00fa k\u00f6r\u00f6zete k\u00f6z\u00fcl, s\u0171r\u0171, egym\u00e1st henger\u00edt\u0151 gomolyokat k\u00e9pezve a vil\u00e1gos k\u00e9k \u00e9gen, azut\u00e1n el\u00e1llt perczekig a g\u0151zer\u0151m\u0171 mellett, mely sz\u00f6rnyeteg fej\u00e9t le- s felemelgeti, vas k\u00f6ny\u00f6keivel sz\u00e1mtalan egym\u00e1st ker\u00fclget\u0151 ij\u00e1t-fij\u00e1t taszig\u00e1lva. Az utaz\u00f3k k\u00f6z\u00f6tt sz\u00e9p deln\u0151k is voltak, a kik el nem tudt\u00e1k gondolni, mit n\u00e9zhet egy ilyen sz\u00e9p, elegans fiatal ember \u00f3rahosszant az unalmas hull\u00e1m-egyformas\u00e1gon, az alaktalan f\u00fcstfelh\u0151k\u00f6n, s a g\u0151zg\u00e9pek v\u00e1ltozatot nem szenved\u0151 \u00f6r\u00f6k k\u00fczk\u00f6d\u00e9s\u00e9n?<\/em> <em>Pedig \u0151 sokat l\u00e1tott \u00e9s gondolt az alatt.<\/em> <em>A mint Pesten kik\u00f6t\u00f6tt a g\u0151z\u00f6s, a legels\u0151 b\u00e9rkocsiba vetve mag\u00e1t, Kov\u00e1cs sz\u00e1ll\u00e1s\u00e1ra hajtatott.\u201d<\/em><\/p>\n<\/div>\n\n\n\n<div class=\"wp-block-column is-layout-flow wp-block-column-is-layout-flow\">\n<figure class=\"wp-block-image size-full\"><img loading=\"lazy\" decoding=\"async\" width=\"1024\" height=\"1024\" src=\"https:\/\/ailabor.appsters.me\/wp-content\/uploads\/2024\/08\/0013_Pestbuda_gozhajokikoto.webp\" alt=\"\" class=\"wp-image-3271\" srcset=\"https:\/\/ailabor.appsters.me\/wp-content\/uploads\/2024\/08\/0013_Pestbuda_gozhajokikoto.webp 1024w, https:\/\/ailabor.appsters.me\/wp-content\/uploads\/2024\/08\/0013_Pestbuda_gozhajokikoto-300x300.webp 300w, https:\/\/ailabor.appsters.me\/wp-content\/uploads\/2024\/08\/0013_Pestbuda_gozhajokikoto-150x150.webp 150w, https:\/\/ailabor.appsters.me\/wp-content\/uploads\/2024\/08\/0013_Pestbuda_gozhajokikoto-768x768.webp 768w, https:\/\/ailabor.appsters.me\/wp-content\/uploads\/2024\/08\/0013_Pestbuda_gozhajokikoto-400x400.webp 400w, https:\/\/ailabor.appsters.me\/wp-content\/uploads\/2024\/08\/0013_Pestbuda_gozhajokikoto-12x12.webp 12w\" sizes=\"auto, (max-width: 1024px) 100vw, 1024px\" \/><figcaption class=\"wp-element-caption\">A Dunag\u0151zhaj\u00f3z\u00e1si T\u00e1rsas\u00e1g kik\u00f6t\u0151je a 19. sz\u00e1zadban Pestbud\u00e1n az AI fant\u00e1ziak\u00e9p\u00e9n<\/figcaption><\/figure>\n<\/div>\n<\/div>\n\n\n\n<div style=\"height:30px\" aria-hidden=\"true\" class=\"wp-block-spacer\"><\/div>\n\n\n\n<p>Tudom\u00e1ny- \u00e9s technikat\u00f6rt\u00e9net: A g\u0151zg\u00e9p az ipari forradalom egyik legfontosabb tal\u00e1lm\u00e1nya volt, amely lehet\u0151v\u00e9 tette a t\u00f6meggy\u00e1rt\u00e1st \u00e9s a mez\u0151gazdas\u00e1gi termel\u00e9s hat\u00e9konys\u00e1g\u00e1nak n\u00f6vel\u00e9s\u00e9t.<\/p>\n\n\n\n<div style=\"height:50px\" aria-hidden=\"true\" class=\"wp-block-spacer\"><\/div>\n<\/div><\/div>\n<\/div><\/div>","protected":false},"excerpt":{"rendered":"<p>Keress az adatb\u00e1zisodba felt\u00f6lt\u00f6tt reg\u00e9nyekben a g\u0151zenergia hasznos\u00edt\u00e1s\u00e1ra vonatkoz\u00f3 r\u00e9szleteket. Ismertesd ezeket a reg\u00e9ny kontextus\u00e1ban, majd illeszd a J\u00f3kai \u00e1ltal le\u00edrtakat a 19. sz\u00e1zad tudom\u00e1ny- \u00e9s technikat\u00f6rt\u00e9neti kontextus\u00e1ba glob\u00e1lisan \u00e9s az Osztr\u00e1k-Magyar Monarchi\u00e1ban. Reg\u00e9nybeli kontextus: J\u00f3kai K\u00e1rp\u00e1thy Zolt\u00e1n (1854-1855) c\u00edm\u0171 reg\u00e9ny\u00e9ben a g\u0151zenergia felhaszn\u00e1l\u00e1sa az ipari forradalom v\u00edvm\u00e1nyait t\u00fckr\u00f6zi. \u201eHol kezdje? Egyetlen gondolatja sem volt&#8230;<\/p>","protected":false},"author":5,"featured_media":0,"parent":0,"menu_order":0,"comment_status":"closed","ping_status":"closed","template":"","meta":{"_eb_attr":"","inline_featured_image":false,"_kad_post_transparent":"","_kad_post_title":"","_kad_post_layout":"","_kad_post_sidebar_id":"","_kad_post_content_style":"","_kad_post_vertical_padding":"","_kad_post_feature":"","_kad_post_feature_position":"","_kad_post_header":false,"_kad_post_footer":false,"footnotes":""},"class_list":["post-3268","page","type-page","status-publish","hentry"],"_links":{"self":[{"href":"https:\/\/ailabor.appsters.me\/it\/wp-json\/wp\/v2\/pages\/3268","targetHints":{"allow":["GET"]}}],"collection":[{"href":"https:\/\/ailabor.appsters.me\/it\/wp-json\/wp\/v2\/pages"}],"about":[{"href":"https:\/\/ailabor.appsters.me\/it\/wp-json\/wp\/v2\/types\/page"}],"author":[{"embeddable":true,"href":"https:\/\/ailabor.appsters.me\/it\/wp-json\/wp\/v2\/users\/5"}],"replies":[{"embeddable":true,"href":"https:\/\/ailabor.appsters.me\/it\/wp-json\/wp\/v2\/comments?post=3268"}],"version-history":[{"count":2,"href":"https:\/\/ailabor.appsters.me\/it\/wp-json\/wp\/v2\/pages\/3268\/revisions"}],"predecessor-version":[{"id":3344,"href":"https:\/\/ailabor.appsters.me\/it\/wp-json\/wp\/v2\/pages\/3268\/revisions\/3344"}],"wp:attachment":[{"href":"https:\/\/ailabor.appsters.me\/it\/wp-json\/wp\/v2\/media?parent=3268"}],"curies":[{"name":"wp","href":"https:\/\/api.w.org\/{rel}","templated":true}]}}