{"id":3274,"date":"2024-08-27T11:43:14","date_gmt":"2024-08-27T11:43:14","guid":{"rendered":"https:\/\/ailabor.appsters.me\/?page_id=3274"},"modified":"2024-08-28T06:37:40","modified_gmt":"2024-08-28T06:37:40","slug":"gozmozdony-es-gozhajok","status":"publish","type":"page","link":"https:\/\/ailabor.appsters.me\/it\/gozmozdony-es-gozhajok\/","title":{"rendered":"G\u0151zmozdony \u00e9s g\u0151zhaj\u00f3k"},"content":{"rendered":"<div style=\"background-image:url(&apos;https:\/\/ailabor.appsters.me\/wp-content\/uploads\/2024\/06\/Ellipse-4.png&apos;);background-position:50% 30%;background-size:cover;\" class=\"wp-block-group has-background\"><div class=\"wp-block-group__inner-container is-layout-constrained wp-block-group-is-layout-constrained\">\n<div class=\"wp-block-group group-1240\"><div class=\"wp-block-group__inner-container is-layout-constrained wp-block-group-is-layout-constrained\">\n<h4 class=\"wp-block-heading\">Keress az adatb\u00e1zisodba felt\u00f6lt\u00f6tt reg\u00e9nyekben g\u0151zmozdonyokra \u00e9s g\u0151zhaj\u00f3kra vonatkoz\u00f3 r\u00e9szleteket. Ismertesd ezeket a reg\u00e9ny kontextus\u00e1ban, majd illeszd a J\u00f3kai \u00e1ltal le\u00edrtakat a 19. sz\u00e1zad tudom\u00e1ny- \u00e9s technikat\u00f6rt\u00e9neti kontextus\u00e1ba glob\u00e1lisan \u00e9s az Osztr\u00e1k-Magyar Monarchi\u00e1ban.<\/h4>\n\n\n\n<figure class=\"wp-block-image size-full is-resized\"><img loading=\"lazy\" decoding=\"async\" width=\"1000\" height=\"235\" src=\"https:\/\/ailabor.appsters.me\/wp-content\/uploads\/2024\/06\/robot_v2_horizont-1-1.gif\" alt=\"\" class=\"wp-image-2482\" style=\"width:200px\"\/><\/figure>\n\n\n\n<div class=\"wp-block-columns is-layout-flex wp-container-core-columns-is-layout-9d6595d7 wp-block-columns-is-layout-flex\">\n<div class=\"wp-block-column is-layout-flow wp-block-column-is-layout-flow\">\n<p>Reg\u00e9nybeli kontextus: J\u00f3kai <em>Egy magyar n\u00e1bob<\/em> (1853-1854) c\u00edm\u0171 reg\u00e9ny\u00e9ben utal\u00e1s van egy moderniz\u00e1l\u00f3d\u00f3 Magyarorsz\u00e1gra, ahol a g\u0151zmozdonyok \u00e9s g\u0151zhaj\u00f3k megjelen\u00e9se a t\u00e1rsadalmi \u00e9s gazdas\u00e1gi fejl\u0151d\u00e9s szimb\u00f3lumai. A vas\u00fat\u00e9p\u00edt\u00e9s \u00e9s a g\u0151zhaj\u00f3z\u00e1s forradalmas\u00edtotta a k\u00f6zleked\u00e9st \u00e9s a kereskedelmet, el\u0151seg\u00edtve a nemzetk\u00f6zi kapcsolatok fejl\u0151d\u00e9s\u00e9t.<\/p>\n\n\n\n<p><em>\u201eAlap\u00edtv\u00e1nyokat tesz a k\u00f6ziskol\u00e1kban, \u2013 sokszor elj\u00e1r a szomsz\u00e9d Szentirmay gr\u00f3fhoz, ki valami nagyon k\u00fcl\u00f6n\u00f6s ember lehet, mert mindenki \u00e1ltal igen komolyan magasztaltatik, s \u00f6r\u00f6kk\u00e9 furcsas\u00e1gokon t\u00f6ri a fej\u00e9t, min\u0151 a jobb\u00e1gyok felszabad\u00edt\u00e1sa az \u00farb\u00e9r al\u00f3l, \u00f6r\u00f6kv\u00e1lts\u00e1g \u00fatj\u00e1n, s m\u00e1s mag\u00e1hoz hasonl\u00f3 urakkal g\u0151zhaj\u00f3kon, gy\u00e1rakon, Tisza-rendez\u00e9sen, t\u00f6lt\u00e9seken, tud\u00f3s t\u00e1rsas\u00e1gon, szinh\u00e1zon, l\u00f3versenyen t\u00f6ri a fej\u00e9t, az esztend\u0151 nagyobb r\u00e9sz\u00e9t Pesten t\u00f6lti s biztatja a t\u00f6bbi f\u0151urakat is, hogy t\u00f6lts\u00e9k ott a telet. J\u00e1nos urat m\u00e1r r\u00e1 is vette, hogy egy nagyszer\u0171 palot\u00e1t \u00e9p\u00edttessen a f\u0151v\u00e1rosban. Ha nem akar is benne lakni, legal\u00e1bb sz\u00e9p\u00edti, emeli a v\u00e1rost. Az \u0151 n\u00e1la \u00f6sszej\u00f6v\u0151 urak csaknem mindegyike tud egy-egy \u00faj ind\u00edtv\u00e1nyt, egy \u00faj v\u00e1llalatot napf\u00e9nyre hozni: t\u00f6bbek k\u00f6z\u00f6tt emlegetnek valami ismeretes nev\u0171 gr\u00f3fot, a ki azt aj\u00e1nlotta, hogy egy magyar akad\u00e9mia l\u00e9trej\u00f6vetel\u00e9re k\u00e9sz egy eg\u00e9sz \u00e9vi j\u00f6vedelm\u00e9t, a mi 60 ezer forint, \u00e1ldozatul hozni, s mikor k\u00e9rdezt\u00e9k t\u0151le, hogy h\u00e1t maga ezalatt mib\u0151l \u00e9l? azt felelte r\u00e1, majd csak el\u00e9l\u0151d\u00f6m egyik vagy m\u00e1sik bar\u00e1tomn\u00e1l egy \u00e9vig. E k\u00fcl\u00f6n\u00f6s t\u00e1rsas\u00e1gokat l\u00e1togatja J\u00e1nos \u00far s az\u00f3ta gyakorta figyelmezteti Varga uramat, hogy pontosan sz\u00e1madoltassa a tiszteket, mert sok p\u00e9nzre van sz\u00fcks\u00e9g a k\u00f6z\u00fcgyek sz\u00e1m\u00e1ra. Most v\u00e9gt\u00e9re \u0151 is akadt egy ind\u00edtv\u00e1nyra, melyet mindazok, a kikkel k\u00f6zl\u00f6tte, oly k\u00f6z\u00e9rdek\u0171nek tal\u00e1ltak, hogy e f\u00f6l\u00f6tti \u00f6r\u00f6m\u00e9ben J\u00e1nos \u00far minden fogalmat f\u00f6l\u00fclhalad\u00f3 m\u00e9rt\u00e9kre kezd n\u00f6vekedni szeretetrem\u00e9lt\u00f3s\u00e1gban.\u201d<\/em><\/p>\n<\/div>\n\n\n\n<div class=\"wp-block-column is-layout-flow wp-block-column-is-layout-flow\">\n<figure class=\"wp-block-image size-full\"><img loading=\"lazy\" decoding=\"async\" width=\"1024\" height=\"1024\" src=\"https:\/\/ailabor.appsters.me\/wp-content\/uploads\/2024\/08\/0013_Pestbuda_gozhajokikoto.webp\" alt=\"\" class=\"wp-image-3271\" srcset=\"https:\/\/ailabor.appsters.me\/wp-content\/uploads\/2024\/08\/0013_Pestbuda_gozhajokikoto.webp 1024w, https:\/\/ailabor.appsters.me\/wp-content\/uploads\/2024\/08\/0013_Pestbuda_gozhajokikoto-300x300.webp 300w, https:\/\/ailabor.appsters.me\/wp-content\/uploads\/2024\/08\/0013_Pestbuda_gozhajokikoto-150x150.webp 150w, https:\/\/ailabor.appsters.me\/wp-content\/uploads\/2024\/08\/0013_Pestbuda_gozhajokikoto-768x768.webp 768w, https:\/\/ailabor.appsters.me\/wp-content\/uploads\/2024\/08\/0013_Pestbuda_gozhajokikoto-400x400.webp 400w, https:\/\/ailabor.appsters.me\/wp-content\/uploads\/2024\/08\/0013_Pestbuda_gozhajokikoto-12x12.webp 12w\" sizes=\"auto, (max-width: 1024px) 100vw, 1024px\" \/><figcaption class=\"wp-element-caption\">A Dunag\u0151zhaj\u00f3z\u00e1si T\u00e1rsas\u00e1g kik\u00f6t\u0151je a 19. sz\u00e1zadban Pestbud\u00e1n az AI fant\u00e1ziak\u00e9p\u00e9n<\/figcaption><\/figure>\n<\/div>\n<\/div>\n\n\n\n<div style=\"height:30px\" aria-hidden=\"true\" class=\"wp-block-spacer\"><\/div>\n\n\n\n<p>Tudom\u00e1ny- \u00e9s technikat\u00f6rt\u00e9net: J\u00f3kai M\u00f3r \u00e9letidej\u00e9ben a haj\u00f3z\u00e1s \u00e9s a vas\u00fat forradalmi v\u00e1ltoz\u00e1sokon ment kereszt\u00fcl, amelyek jelent\u0151sen \u00e1talak\u00edtott\u00e1k a gazdas\u00e1got, a t\u00e1rsadalmat \u00e9s a mindennapi \u00e9letet vil\u00e1gszerte, bele\u00e9rtve az Osztr\u00e1k-Magyar Monarchi\u00e1t is.<\/p>\n\n\n\n<p>A 19. sz\u00e1zad a haj\u00f3z\u00e1s ter\u00e9n a vitorl\u00e1s haj\u00f3k fokozatos h\u00e1tt\u00e9rbe szorul\u00e1s\u00e1t \u00e9s a g\u0151zhaj\u00f3k t\u00e9rnyer\u00e9s\u00e9t hozta.&nbsp; Az 1800-as \u00e9vek elej\u00e9n Robert Fulton amerikai feltal\u00e1l\u00f3 \u00e1ltal megalkotott els\u0151 sikeres g\u0151zhaj\u00f3, a Clermont, forradalmas\u00edtotta a folyami \u00e9s tengeri k\u00f6zleked\u00e9st. A g\u0151zhaj\u00f3k f\u00fcggetlenn\u00e9 tett\u00e9k a haj\u00f3z\u00e1st a sz\u00e9lt\u0151l lehet\u0151v\u00e9 t\u00e9ve a gyorsabb \u00e9s megb\u00edzhat\u00f3bb tengeri utaz\u00e1sokat. Az Atlanti-\u00f3ce\u00e1n \u00e1tszel\u00e9se is jelent\u0151s v\u00e1ltoz\u00e1sokon ment kereszt\u00fcl. Az 1838-ban \u00e9p\u00fclt \u201eGreat Western\u201d volt az els\u0151 g\u0151zhaj\u00f3, amely rendszeres transzatlanti szolg\u00e1ltat\u00e1st ind\u00edtott, ler\u00f6vid\u00edtve az utaz\u00e1si id\u0151t Eur\u00f3pa \u00e9s \u00c9szak-Amerika k\u00f6z\u00f6tt. A g\u0151zhaj\u00f3k elterjed\u00e9se hozz\u00e1j\u00e1rult a glob\u00e1lis kereskedelem n\u00f6veked\u00e9s\u00e9hez. Az egyre nagyobb \u00e9s gyorsabb g\u0151zhaj\u00f3k k\u00e9pesek voltak nagy mennyis\u00e9g\u0171 \u00e1rut sz\u00e1ll\u00edtani, felgyors\u00edtva a nemzetk\u00f6zi kereskedelmet \u00e9s gazdas\u00e1gi n\u00f6veked\u00e9st.<\/p>\n\n\n\n<p>A Monarchi\u00e1ban a haj\u00f3z\u00e1s a folyami k\u00f6zleked\u00e9sre \u00e9s a tengeri kik\u00f6t\u0151k fejleszt\u00e9s\u00e9re \u00f6sszpontos\u00edtott. A Dun\u00e1n a g\u0151zhaj\u00f3z\u00e1s az 1830-as \u00e9vekt\u0151l kezdve fejl\u0151d\u00f6tt. 1830-ban indult el az els\u0151 menetrend szerinti g\u0151zhaj\u00f3, amely Budapest \u00e9s B\u00e9cs k\u00f6z\u00f6tt k\u00f6zlekedett. Ez jelent\u0151sen jav\u00edtotta a k\u00f6zleked\u00e9st \u00e9s a kereskedelmet a birodalom e k\u00e9t fontos v\u00e1rosa k\u00f6z\u00f6tt. A Monarchia adriai kik\u00f6t\u0151i, k\u00fcl\u00f6n\u00f6sen Trieszt, szint\u00e9n moderniz\u00e1l\u00f3dtak. Trieszt a birodalom f\u0151 kik\u00f6t\u0151j\u00e9v\u00e9 v\u00e1lt, \u00e9s az 1850-es \u00e9vekben jelent\u0151s fejleszt\u00e9seken esett \u00e1t, hogy megfeleljen az egyre n\u00f6vekv\u0151 tengeri kereskedelem ig\u00e9nyeinek.<\/p>\n\n\n\n<p>A vas\u00fatfejleszt\u00e9s a 19. sz\u00e1zadban szint\u00e9n \u00faj korszakot nyitott a k\u00f6zleked\u00e9s t\u00f6rt\u00e9net\u00e9ben. Az 1820-as \u00e9vekben Angli\u00e1ban indultak el az els\u0151 g\u0151zmeghajt\u00e1s\u00fa vonatokra \u00e9p\u00fcl\u0151 vas\u00fatvonalak, p\u00e9ld\u00e1ul a Stockton \u00e9s Darlington k\u00f6z\u00f6tt 1825-ben, majd 1830-ban a Liverpool \u00e9s Manchester k\u00f6z\u00f6tti vas\u00fatvonal. Ezek megmutatt\u00e1k a vas\u00fatban rejl\u0151 potenci\u00e1lt, \u00e9s megind\u00edtott\u00e1k a vas\u00fati l\u00e1zat vil\u00e1gszerte. Az 1850-es \u00e9vekt\u0151l kezdve Eur\u00f3p\u00e1ban, \u00c9szak-Amerik\u00e1ban \u00e9s k\u00e9s\u0151bb \u00c1zsi\u00e1ban is gyors \u00fctemben \u00e9p\u00fcltek a vas\u00fatvonalak. Az Egyes\u00fclt \u00c1llamokban az els\u0151 transzkontinent\u00e1lis vas\u00fatvonal 1869-ben k\u00e9sz\u00fclt el, \u00f6sszek\u00f6tve a keleti \u00e9s nyugati partokat.<\/p>\n\n\n\n<p>A vas\u00fath\u00e1l\u00f3zat ki\u00e9p\u00edt\u00e9se a Monarchi\u00e1ban is gyors \u00fctemben haladt el\u0151re. Az Osztr\u00e1k-Magyar Monarchia els\u0151 vas\u00fatvonala az 1837-ben megnyitott B\u00e9cs \u00e9s Gloggnitz k\u00f6z\u00f6tti vonal volt, amely a Semmering-h\u00e1g\u00f3n \u00e1t haladt, \u00e9s az els\u0151 vas\u00fati alagutat is tartalmazta. A magyarorsz\u00e1gi els\u0151 vas\u00fatvonal 1846-ban ny\u00edlt meg Pest \u00e9s V\u00e1c k\u00f6z\u00f6tt. A 19. sz\u00e1zad k\u00f6zep\u00e9t\u0151l a vas\u00fath\u00e1l\u00f3zat gyors \u00fctemben b\u0151v\u00fclt a Monarchi\u00e1ban. Az 1850-es \u00e9vekt\u0151l kezdve a B\u00e9cs-Budapest vonal ki\u00e9p\u00edt\u00e9se kulcsfontoss\u00e1g\u00fa volt. A vas\u00fatvonalak kiterjed\u00e9se lehet\u0151v\u00e9 tette a Monarchia gazdas\u00e1g\u00e1nak gyors n\u00f6veked\u00e9s\u00e9t, \u00f6sszek\u00f6tve a mez\u0151gazdas\u00e1gi ter\u00fcleteket a v\u00e1rosi piacokkal \u00e9s el\u0151seg\u00edtve a kereskedelmet. A Monarchia vas\u00fath\u00e1l\u00f3zata a 19. sz\u00e1zad v\u00e9g\u00e9re m\u00e1r \u00f6sszek\u00f6ttet\u00e9sben \u00e1llt a szomsz\u00e9dos orsz\u00e1gok h\u00e1l\u00f3zataival is, el\u0151seg\u00edtve a nemzetk\u00f6zi kereskedelmet \u00e9s utaz\u00e1st.<\/p>\n\n\n\n<div style=\"height:50px\" aria-hidden=\"true\" class=\"wp-block-spacer\"><\/div>\n<\/div><\/div>\n<\/div><\/div>","protected":false},"excerpt":{"rendered":"<p>Keress az adatb\u00e1zisodba felt\u00f6lt\u00f6tt reg\u00e9nyekben g\u0151zmozdonyokra \u00e9s g\u0151zhaj\u00f3kra vonatkoz\u00f3 r\u00e9szleteket. Ismertesd ezeket a reg\u00e9ny kontextus\u00e1ban, majd illeszd a J\u00f3kai \u00e1ltal le\u00edrtakat a 19. sz\u00e1zad tudom\u00e1ny- \u00e9s technikat\u00f6rt\u00e9neti kontextus\u00e1ba glob\u00e1lisan \u00e9s az Osztr\u00e1k-Magyar Monarchi\u00e1ban. Reg\u00e9nybeli kontextus: J\u00f3kai Egy magyar n\u00e1bob (1853-1854) c\u00edm\u0171 reg\u00e9ny\u00e9ben utal\u00e1s van egy moderniz\u00e1l\u00f3d\u00f3 Magyarorsz\u00e1gra, ahol a g\u0151zmozdonyok \u00e9s g\u0151zhaj\u00f3k megjelen\u00e9se a t\u00e1rsadalmi&#8230;<\/p>","protected":false},"author":5,"featured_media":0,"parent":0,"menu_order":0,"comment_status":"closed","ping_status":"closed","template":"","meta":{"_eb_attr":"","inline_featured_image":false,"_kad_post_transparent":"","_kad_post_title":"","_kad_post_layout":"","_kad_post_sidebar_id":"","_kad_post_content_style":"","_kad_post_vertical_padding":"","_kad_post_feature":"","_kad_post_feature_position":"","_kad_post_header":false,"_kad_post_footer":false,"footnotes":""},"class_list":["post-3274","page","type-page","status-publish","hentry"],"_links":{"self":[{"href":"https:\/\/ailabor.appsters.me\/it\/wp-json\/wp\/v2\/pages\/3274","targetHints":{"allow":["GET"]}}],"collection":[{"href":"https:\/\/ailabor.appsters.me\/it\/wp-json\/wp\/v2\/pages"}],"about":[{"href":"https:\/\/ailabor.appsters.me\/it\/wp-json\/wp\/v2\/types\/page"}],"author":[{"embeddable":true,"href":"https:\/\/ailabor.appsters.me\/it\/wp-json\/wp\/v2\/users\/5"}],"replies":[{"embeddable":true,"href":"https:\/\/ailabor.appsters.me\/it\/wp-json\/wp\/v2\/comments?post=3274"}],"version-history":[{"count":3,"href":"https:\/\/ailabor.appsters.me\/it\/wp-json\/wp\/v2\/pages\/3274\/revisions"}],"predecessor-version":[{"id":3345,"href":"https:\/\/ailabor.appsters.me\/it\/wp-json\/wp\/v2\/pages\/3274\/revisions\/3345"}],"wp:attachment":[{"href":"https:\/\/ailabor.appsters.me\/it\/wp-json\/wp\/v2\/media?parent=3274"}],"curies":[{"name":"wp","href":"https:\/\/api.w.org\/{rel}","templated":true}]}}