{"id":3296,"date":"2024-08-27T12:08:44","date_gmt":"2024-08-27T12:08:44","guid":{"rendered":"https:\/\/ailabor.appsters.me\/?page_id=3296"},"modified":"2024-08-28T06:46:31","modified_gmt":"2024-08-28T06:46:31","slug":"jokai-repulogepe","status":"publish","type":"page","link":"https:\/\/ailabor.appsters.me\/it\/jokai-repulogepe\/","title":{"rendered":"J\u00f3kai rep\u00fcl\u0151g\u00e9pe"},"content":{"rendered":"<div style=\"background-image:url(&apos;https:\/\/ailabor.appsters.me\/wp-content\/uploads\/2024\/06\/Ellipse-4.png&apos;);background-position:50% 30%;background-size:cover;\" class=\"wp-block-group has-background\"><div class=\"wp-block-group__inner-container is-layout-constrained wp-block-group-is-layout-constrained\">\n<div class=\"wp-block-group group-1240\"><div class=\"wp-block-group__inner-container is-layout-constrained wp-block-group-is-layout-constrained\">\n<h4 class=\"wp-block-heading\">Hogyan \u00edrja le J\u00f3kai az adatb\u00e1zisodba felt\u00f6lt\u00f6tt, A j\u00f6v\u0151 sz\u00e1zad reg\u00e9nye c\u00edm\u0171 sz\u00f6vegben a Tatrangi D\u00e1vid \u00e9s apja \u00e1ltal feltal\u00e1lt rep\u00fcl\u0151g\u00e9pet? Ismertesd r\u00e9szletesen.<\/h4>\n\n\n\n<figure class=\"wp-block-image size-full is-resized\"><img loading=\"lazy\" decoding=\"async\" width=\"1000\" height=\"235\" src=\"https:\/\/ailabor.appsters.me\/wp-content\/uploads\/2024\/06\/robot_v2_horizont-1-1.gif\" alt=\"\" class=\"wp-image-2482\" style=\"width:200px\"\/><\/figure>\n\n\n\n<p>Tatrangi D\u00e1vid rep\u00fcl\u0151g\u00e9p\u00e9nek t\u00f6rt\u00e9nete apja, Tatrangi M\u00f3zes tervein alapul, aki maga is elk\u00f6telezett volt a rep\u00fcl\u00e9s ir\u00e1nt. Tatrangi M\u00f3zes els\u0151 rep\u00fcl\u0151g\u00e9pe a villamos energi\u00e1ra alapozva k\u00e9sz\u00fclt, teljes eg\u00e9sz\u00e9ben \u00fcvegb\u0151l \u00e9s r\u00e9zb\u0151l. Ez az els\u0151 k\u00eds\u00e9rlet azonban kudarcot vallott, mivel a g\u00e9p nem m\u0171k\u00f6d\u00f6tt megfelel\u0151en, \u00e9s a bemutat\u00f3 sor\u00e1n kudarcba fulladt, ami a k\u00f6z\u00f6ns\u00e9g g\u00fanyol\u00f3d\u00e1s\u00e1t v\u00e1ltotta ki. Az els\u0151 kudarc ut\u00e1n Tatrangi M\u00f3zes v\u00e1ltoztatott a g\u00e9pen, k\u00fcl\u00f6n\u00f6sen a kondenz\u00e1torokon. A m\u00e1sodik k\u00eds\u00e9rlet sor\u00e1n a g\u00e9p m\u00e1r mozg\u00e1sba lend\u00fclt, de nem a k\u00edv\u00e1nt ir\u00e1nyba. A g\u00e9p ir\u00e1ny\u00edthatatlanul a k\u00f6z\u00f6ns\u00e9g fel\u00e9 haladt, mik\u00f6zben hatalmas villamos szikr\u00e1kat sz\u00f3rt. Ez a k\u00f6z\u00f6ns\u00e9g r\u00e9m\u00fclet\u00e9t \u00e9s d\u00fch\u00e9t v\u00e1ltotta ki, akik megt\u00e1madt\u00e1k M\u00f3zest, \u00f6sszet\u00f6rt\u00e9k a g\u00e9pet, \u00e9s m\u00e9g k\u00e1rt\u00e9r\u00edt\u00e9st is k\u00f6veteltek t\u0151le.<\/p>\n\n\n\n<p>Az \u00faj g\u00e9p a madarak anat\u00f3miai fel\u00e9p\u00edt\u00e9s\u00e9t vette alapul, \u00e9s sz\u00e1rnyakat alkalmazott, melyeket \u00fcvegb\u0151l k\u00e9sz\u00edtettek, r\u00e9zbor\u00edt\u00e1ssal. A rep\u00fcl\u0151g\u00e9p v\u00e9g\u00fcl sikerrel emelkedett a magasba, \u00e9s ir\u00e1ny\u00edthat\u00f3 is volt. B\u00e1r a rep\u00fcl\u00e9s technikailag sikeres volt, a g\u00e9p olyan er\u0151t fejtett ki, amit a sz\u00e1rnyak nem b\u00edrtak elviselni. Az \u00fcvegsz\u00e1rnyak elt\u00f6rtek, \u00e9s M\u00f3zes a g\u00e9ppel egy\u00fctt lezuhant egy erd\u0151 k\u00f6zep\u00e9be 1200 l\u00e1b magass\u00e1gb\u00f3l, s\u00falyos s\u00e9r\u00fcl\u00e9seket szenvedve. B\u00e1r \u00e9letben maradt, rokonai ezt k\u00f6vet\u0151en bez\u00e1ratt\u00e1k egy t\u00e9bolyd\u00e1ba.<\/p>\n\n\n\n<p>Tatrangi D\u00e1vid siker\u00e9nek kulcsa az <em>ichor<\/em> nev\u0171 \u00faj anyag megtal\u00e1l\u00e1sa volt, amelyet a sz\u00e9kelyf\u00f6ldi havasok vulkanikus tev\u00e9kenys\u00e9ge sor\u00e1n fedeztek fel. Az <em>ichor<\/em> egy k\u00fcl\u00f6nleges anyag, amely a hegyekb\u0151l felt\u00f6r\u0151 g\u00e1zok \u00e9s a f\u00f6ld alatti vulk\u00e1ni aktivit\u00e1s k\u00f6vetkezt\u00e9ben j\u00f6tt l\u00e9tre. Ez az anyag rendk\u00edv\u00fcli tulajdons\u00e1gokkal rendelkezett, amelyek lehet\u0151v\u00e9 tett\u00e9k, hogy Tatrangi D\u00e1vid sikeresen megval\u00f3s\u00edtsa apja rep\u00fcl\u0151g\u00e9pterveit. Az ichor felfedez\u00e9se \u00e9s felhaszn\u00e1l\u00e1sa lehet\u0151v\u00e9 tette a rep\u00fcl\u0151g\u00e9p stabilit\u00e1s\u00e1nak \u00e9s m\u0171k\u00f6d\u0151k\u00e9pess\u00e9g\u00e9nek biztos\u00edt\u00e1s\u00e1t, amelyet kor\u00e1bban az \u00fcvegsz\u00e1rnyak t\u00f6r\u00e9kenys\u00e9ge miatt nem siker\u00fclt megoldani. Ez az \u00faj anyag teh\u00e1t a technol\u00f3giai fejl\u0151d\u00e9s \u00e9s a term\u00e9szet erej\u00e9nek kombin\u00e1ci\u00f3ja r\u00e9v\u00e9n tette lehet\u0151v\u00e9, hogy Tatrangi D\u00e1vid apja \u00e1lmait val\u00f3ra v\u00e1ltsa, \u00e9s egy m\u0171k\u00f6d\u0151k\u00e9pes rep\u00fcl\u0151g\u00e9pet alkosson. \u00e9s technikat\u00f6rt\u00e9net: J\u00f3kai kor\u00e1ban a sz\u00e9nb\u00e1ny\u00e1szat glob\u00e1lisan \u00e9s az Osztr\u00e1k-Magyar Monarchi\u00e1ban is kulcsfontoss\u00e1g\u00fa szerepet j\u00e1tszott az ipari fejl\u0151d\u00e9s kibontakoz\u00e1s\u00e1ban \u00e9s a gazdas\u00e1gi n\u00f6veked\u00e9sben. A sz\u00e9n volt a legfontosabb energiaforr\u00e1s, amely a gy\u00e1rakat, a vasutakat, \u00e9s a g\u0151zhaj\u00f3kat m\u0171k\u00f6dtette. Nagy-Britannia, Franciaorsz\u00e1g, N\u00e9metorsz\u00e1g \u00e9s az Egyes\u00fclt \u00c1llamok sz\u00e9ntermel\u00e9se rohamosan n\u00f6vekedett, \u00e9s a sz\u00e9nkereskedelem is felvir\u00e1gzott. A sz\u00e9nb\u00e1ny\u00e1szat fejl\u0151d\u00e9s\u00e9vel p\u00e1rhuzamosan \u00faj technol\u00f3gi\u00e1k jelentek meg, p\u00e9ld\u00e1ul a g\u0151zg\u00e9pek, amelyek hat\u00e9konyabb\u00e1 tett\u00e9k a sz\u00e9nkitermel\u00e9st \u00e9s az ipari termel\u00e9st. Az Osztr\u00e1k-Magyar Monarchi\u00e1ban a sz\u00e9nb\u00e1ny\u00e1szat szint\u00e9n jelent\u0151s szerepet j\u00e1tszott az ipari fejl\u0151d\u00e9sben. A legfontosabb sz\u00e9nb\u00e1ny\u00e1szati k\u00f6zpontok a mai Csehorsz\u00e1g, Szil\u00e9zia, valamint Magyarorsz\u00e1g \u00e9szakkeleti r\u00e9sz\u00e9n helyezkedtek el. A Monarchia gazdas\u00e1ga egyre ink\u00e1bb iparosodott, \u00e9s ennek egyik alapja a sz\u00e9n volt. Magyarorsz\u00e1g ter\u00fclet\u00e9n a 19. sz\u00e1zad m\u00e1sodik fel\u00e9ben kezdtek kialakulni jelent\u0151s sz\u00e9nb\u00e1ny\u00e1k, p\u00e9ld\u00e1ul a dorogi \u00e9s tatab\u00e1nyai sz\u00e9nmedenc\u00e9k. A sz\u00e9nb\u00e1ny\u00e1szat fejl\u0151d\u00e9se elengedhetetlen volt a vas\u00fat\u00e9p\u00edt\u00e9shez \u00e9s a neh\u00e9zipar n\u00f6veked\u00e9s\u00e9hez.<\/p>\n\n\n\n<div class=\"wp-block-columns is-layout-flex wp-container-core-columns-is-layout-9d6595d7 wp-block-columns-is-layout-flex\">\n<div class=\"wp-block-column is-layout-flow wp-block-column-is-layout-flow\">\n<figure class=\"wp-block-image size-full\"><img loading=\"lazy\" decoding=\"async\" width=\"1024\" height=\"1024\" src=\"https:\/\/ailabor.appsters.me\/wp-content\/uploads\/2024\/08\/0025_az-ichor-felfedezesenek-helye.webp\" alt=\"\" class=\"wp-image-3297\" srcset=\"https:\/\/ailabor.appsters.me\/wp-content\/uploads\/2024\/08\/0025_az-ichor-felfedezesenek-helye.webp 1024w, https:\/\/ailabor.appsters.me\/wp-content\/uploads\/2024\/08\/0025_az-ichor-felfedezesenek-helye-300x300.webp 300w, https:\/\/ailabor.appsters.me\/wp-content\/uploads\/2024\/08\/0025_az-ichor-felfedezesenek-helye-150x150.webp 150w, https:\/\/ailabor.appsters.me\/wp-content\/uploads\/2024\/08\/0025_az-ichor-felfedezesenek-helye-768x768.webp 768w, https:\/\/ailabor.appsters.me\/wp-content\/uploads\/2024\/08\/0025_az-ichor-felfedezesenek-helye-400x400.webp 400w, https:\/\/ailabor.appsters.me\/wp-content\/uploads\/2024\/08\/0025_az-ichor-felfedezesenek-helye-12x12.webp 12w\" sizes=\"auto, (max-width: 1024px) 100vw, 1024px\" \/><figcaption class=\"wp-element-caption\">Az ichor felfed\u00e9z\u00e9s\u00e9nek helye a <em>J\u00f6v\u0151 sz\u00e1zad reg\u00e9ny\u00e9<\/em>ben<\/figcaption><\/figure>\n<\/div>\n\n\n\n<div class=\"wp-block-column is-layout-flow wp-block-column-is-layout-flow\">\n<figure class=\"wp-block-image size-full\"><img loading=\"lazy\" decoding=\"async\" width=\"1024\" height=\"1024\" src=\"https:\/\/ailabor.appsters.me\/wp-content\/uploads\/2024\/08\/0026_Jokai-repulogepe.webp\" alt=\"\" class=\"wp-image-3298\" srcset=\"https:\/\/ailabor.appsters.me\/wp-content\/uploads\/2024\/08\/0026_Jokai-repulogepe.webp 1024w, https:\/\/ailabor.appsters.me\/wp-content\/uploads\/2024\/08\/0026_Jokai-repulogepe-300x300.webp 300w, https:\/\/ailabor.appsters.me\/wp-content\/uploads\/2024\/08\/0026_Jokai-repulogepe-150x150.webp 150w, https:\/\/ailabor.appsters.me\/wp-content\/uploads\/2024\/08\/0026_Jokai-repulogepe-768x768.webp 768w, https:\/\/ailabor.appsters.me\/wp-content\/uploads\/2024\/08\/0026_Jokai-repulogepe-400x400.webp 400w, https:\/\/ailabor.appsters.me\/wp-content\/uploads\/2024\/08\/0026_Jokai-repulogepe-12x12.webp 12w\" sizes=\"auto, (max-width: 1024px) 100vw, 1024px\" \/><figcaption class=\"wp-element-caption\">A J\u00f3kai \u00e1ltal le\u00edrt rep\u00fcl\u0151 a <em>J\u00f6v\u0151 sz\u00e1zad reg\u00e9ny\u00e9<\/em>ben<\/figcaption><\/figure>\n<\/div>\n\n\n\n<div class=\"wp-block-column is-layout-flow wp-block-column-is-layout-flow\">\n<figure class=\"wp-block-image size-large\"><img loading=\"lazy\" decoding=\"async\" width=\"1024\" height=\"1024\" src=\"https:\/\/ailabor.appsters.me\/wp-content\/uploads\/2024\/08\/0027_Otthon-varos-repulotere-edited.webp\" alt=\"\" class=\"wp-image-3301\" srcset=\"https:\/\/ailabor.appsters.me\/wp-content\/uploads\/2024\/08\/0027_Otthon-varos-repulotere-edited.webp 1024w, https:\/\/ailabor.appsters.me\/wp-content\/uploads\/2024\/08\/0027_Otthon-varos-repulotere-edited-300x300.webp 300w, https:\/\/ailabor.appsters.me\/wp-content\/uploads\/2024\/08\/0027_Otthon-varos-repulotere-edited-150x150.webp 150w, https:\/\/ailabor.appsters.me\/wp-content\/uploads\/2024\/08\/0027_Otthon-varos-repulotere-edited-768x768.webp 768w, https:\/\/ailabor.appsters.me\/wp-content\/uploads\/2024\/08\/0027_Otthon-varos-repulotere-edited-400x400.webp 400w, https:\/\/ailabor.appsters.me\/wp-content\/uploads\/2024\/08\/0027_Otthon-varos-repulotere-edited-12x12.webp 12w\" sizes=\"auto, (max-width: 1024px) 100vw, 1024px\" \/><figcaption class=\"wp-element-caption\">A J\u00f3kai \u00e1ltal le\u00edrt rep\u00fcl\u0151kkel teli rep\u00fcl\u0151t\u00e9r a <em>J\u00f6v\u0151 sz\u00e1zad reg\u00e9ny\u00e9<\/em>ben<\/figcaption><\/figure>\n<\/div>\n<\/div>\n\n\n\n<div style=\"height:50px\" aria-hidden=\"true\" class=\"wp-block-spacer\"><\/div>\n<\/div><\/div>\n<\/div><\/div>","protected":false},"excerpt":{"rendered":"<p>Hogyan \u00edrja le J\u00f3kai az adatb\u00e1zisodba felt\u00f6lt\u00f6tt, A j\u00f6v\u0151 sz\u00e1zad reg\u00e9nye c\u00edm\u0171 sz\u00f6vegben a Tatrangi D\u00e1vid \u00e9s apja \u00e1ltal feltal\u00e1lt rep\u00fcl\u0151g\u00e9pet? Ismertesd r\u00e9szletesen. Tatrangi D\u00e1vid rep\u00fcl\u0151g\u00e9p\u00e9nek t\u00f6rt\u00e9nete apja, Tatrangi M\u00f3zes tervein alapul, aki maga is elk\u00f6telezett volt a rep\u00fcl\u00e9s ir\u00e1nt. Tatrangi M\u00f3zes els\u0151 rep\u00fcl\u0151g\u00e9pe a villamos energi\u00e1ra alapozva k\u00e9sz\u00fclt, teljes eg\u00e9sz\u00e9ben \u00fcvegb\u0151l \u00e9s r\u00e9zb\u0151l. Ez&#8230;<\/p>","protected":false},"author":5,"featured_media":0,"parent":0,"menu_order":0,"comment_status":"closed","ping_status":"closed","template":"","meta":{"_eb_attr":"","inline_featured_image":false,"_kad_post_transparent":"","_kad_post_title":"","_kad_post_layout":"","_kad_post_sidebar_id":"","_kad_post_content_style":"","_kad_post_vertical_padding":"","_kad_post_feature":"","_kad_post_feature_position":"","_kad_post_header":false,"_kad_post_footer":false,"footnotes":""},"class_list":["post-3296","page","type-page","status-publish","hentry"],"_links":{"self":[{"href":"https:\/\/ailabor.appsters.me\/it\/wp-json\/wp\/v2\/pages\/3296","targetHints":{"allow":["GET"]}}],"collection":[{"href":"https:\/\/ailabor.appsters.me\/it\/wp-json\/wp\/v2\/pages"}],"about":[{"href":"https:\/\/ailabor.appsters.me\/it\/wp-json\/wp\/v2\/types\/page"}],"author":[{"embeddable":true,"href":"https:\/\/ailabor.appsters.me\/it\/wp-json\/wp\/v2\/users\/5"}],"replies":[{"embeddable":true,"href":"https:\/\/ailabor.appsters.me\/it\/wp-json\/wp\/v2\/comments?post=3296"}],"version-history":[{"count":4,"href":"https:\/\/ailabor.appsters.me\/it\/wp-json\/wp\/v2\/pages\/3296\/revisions"}],"predecessor-version":[{"id":3354,"href":"https:\/\/ailabor.appsters.me\/it\/wp-json\/wp\/v2\/pages\/3296\/revisions\/3354"}],"wp:attachment":[{"href":"https:\/\/ailabor.appsters.me\/it\/wp-json\/wp\/v2\/media?parent=3296"}],"curies":[{"name":"wp","href":"https:\/\/api.w.org\/{rel}","templated":true}]}}