{"id":3363,"date":"2024-08-28T07:26:13","date_gmt":"2024-08-28T07:26:13","guid":{"rendered":"https:\/\/ailabor.appsters.me\/?page_id=3363"},"modified":"2024-08-29T07:47:09","modified_gmt":"2024-08-29T07:47:09","slug":"tudomany-bevezeto","status":"publish","type":"page","link":"https:\/\/ailabor.appsters.me\/it\/tudomany-bevezeto\/","title":{"rendered":"J\u00f3kai \u00e9s a tudom\u00e1ny \u2013 bevezet\u0151"},"content":{"rendered":"<div style=\"background-image:url(&apos;https:\/\/ailabor.appsters.me\/wp-content\/uploads\/2024\/06\/Ellipse-4.png&apos;);background-position:50% 30%;background-size:cover;\" class=\"wp-block-group has-background\"><div class=\"wp-block-group__inner-container is-layout-constrained wp-block-group-is-layout-constrained\">\n<div class=\"wp-block-group group-1240\"><div class=\"wp-block-group__inner-container is-layout-constrained wp-block-group-is-layout-constrained\">\n<p>J\u00f3kai M\u00f3r \u00e9s a tudom\u00e1ny kapcsolata \u00f6sszetett \u00e9s szerte\u00e1gaz\u00f3: nem csup\u00e1n reg\u00e9nyeiben jelenik meg, hanem m\u00e1sutt is r\u00e1nk maradt \u00edrott hagyat\u00e9k\u00e1ban. J\u00f3kai szemtan\u00faja volt a 19. sz\u00e1zad <a href=\"https:\/\/ailabor.appsters.me\/it\/a-magyar-tudomany-jokai-koraban\/\">magyar tudom\u00e1nyos fejl\u0151d\u00e9s\u00e9nek<\/a>. Az orsz\u00e1g ekkoriban jelent\u0151s eredm\u00e9nyeket \u00e9rt el a term\u00e9szettudom\u00e1nyokban \u00e9s technol\u00f3giai fejleszt\u00e9sekben, amelyek k\u00f6z\u00fcl kiemelkednek Jedlik \u00c1nyos villanymotorja \u00e9s dinam\u00f3ja, Bolyai J\u00e1nos nemeuklideszi geometri\u00e1ja, E\u00f6tv\u00f6s Lor\u00e1nd gravit\u00e1ci\u00f3s kutat\u00e1sai, valamint Semmelweis Ign\u00e1c gyermek\u00e1gyi l\u00e1z elleni k\u00fczdelme \u00e9s sok m\u00e1s jelent\u0151s felfedez\u00e9s \u00e9s tudom\u00e1nyos eredm\u00e9ny. E v\u00edvm\u00e1nyok nemcsak Magyarorsz\u00e1g tudom\u00e1nyos st\u00e1tusz\u00e1t emelt\u00e9k, hanem m\u00e9ly hat\u00e1s gyakoroltak a nemzet j\u00f6v\u0151beni fejl\u0151d\u00e9s\u00e9re is.<\/p>\n\n\n\n<p>J\u00f3kai M\u00f3r szoros kapcsolatban \u00e1llt a <a href=\"https:\/\/ailabor.appsters.me\/it\/jokai-mor-es-a-magyar-tudomanyos-akademia-kapcsolata\/\">Magyar Tudom\u00e1nyos Akad\u00e9mi\u00e1val<\/a>, melynek el\u0151sz\u00f6r levelez\u0151, majd rendes tagja lett, v\u00e9g\u00fcl pedig igazgat\u00f3s\u00e1gi tagja. <a href=\"https:\/\/ailabor.appsters.me\/it\/jokai-mor-akademiai-szekfoglalo-eloadasa\/\">Akad\u00e9miai sz\u00e9kfoglal\u00f3 el\u0151ad\u00e1s\u00e1ban<\/a> a magyar n\u00e9phumor eredet\u00e9t \u00e9s jelent\u0151s\u00e9g\u00e9t t\u00e1rgyalta, hangs\u00falyozva a humor szerep\u00e9t a szabad gondolkod\u00e1sban \u00e9s a nemzeti identit\u00e1s meg\u0151rz\u00e9s\u00e9ben. Sz\u00e9kfoglal\u00f3j\u00e1ban a humor kultur\u00e1lis gy\u00f6kereire, a kereszt\u00e9nys\u00e9g \u00e9s a humor kapcsolat\u00e1ra, valamint a magyar n\u00e9phumor egyedis\u00e9g\u00e9re f\u00f3kusz\u00e1lt.<\/p>\n\n\n\n<div class=\"wp-block-columns is-layout-flex wp-container-core-columns-is-layout-9d6595d7 wp-block-columns-is-layout-flex\">\n<div class=\"wp-block-column is-layout-flow wp-block-column-is-layout-flow\" style=\"flex-basis:58%\">\n<figure class=\"wp-block-image size-large\"><img loading=\"lazy\" decoding=\"async\" width=\"1024\" height=\"585\" src=\"https:\/\/ailabor.appsters.me\/wp-content\/uploads\/2024\/08\/006_Doktor-Grisak-1024x585.webp\" alt=\"\" class=\"wp-image-3377\" style=\"object-fit:cover\" srcset=\"https:\/\/ailabor.appsters.me\/wp-content\/uploads\/2024\/08\/006_Doktor-Grisak-1024x585.webp 1024w, https:\/\/ailabor.appsters.me\/wp-content\/uploads\/2024\/08\/006_Doktor-Grisak-300x171.webp 300w, https:\/\/ailabor.appsters.me\/wp-content\/uploads\/2024\/08\/006_Doktor-Grisak-768x439.webp 768w, https:\/\/ailabor.appsters.me\/wp-content\/uploads\/2024\/08\/006_Doktor-Grisak-1536x878.webp 1536w, https:\/\/ailabor.appsters.me\/wp-content\/uploads\/2024\/08\/006_Doktor-Grisak-18x10.webp 18w, https:\/\/ailabor.appsters.me\/wp-content\/uploads\/2024\/08\/006_Doktor-Grisak.webp 1792w\" sizes=\"auto, (max-width: 1024px) 100vw, 1024px\" \/><\/figure>\n<\/div>\n\n\n\n<div class=\"wp-block-column is-layout-flow wp-block-column-is-layout-flow\" style=\"flex-basis:33.33%\">\n<figure class=\"wp-block-image size-full\"><img loading=\"lazy\" decoding=\"async\" width=\"1024\" height=\"1024\" src=\"https:\/\/ailabor.appsters.me\/wp-content\/uploads\/2024\/08\/004_Otthon-varosa.webp\" alt=\"\" class=\"wp-image-3379\" style=\"object-fit:cover\" srcset=\"https:\/\/ailabor.appsters.me\/wp-content\/uploads\/2024\/08\/004_Otthon-varosa.webp 1024w, https:\/\/ailabor.appsters.me\/wp-content\/uploads\/2024\/08\/004_Otthon-varosa-300x300.webp 300w, https:\/\/ailabor.appsters.me\/wp-content\/uploads\/2024\/08\/004_Otthon-varosa-150x150.webp 150w, https:\/\/ailabor.appsters.me\/wp-content\/uploads\/2024\/08\/004_Otthon-varosa-768x768.webp 768w, https:\/\/ailabor.appsters.me\/wp-content\/uploads\/2024\/08\/004_Otthon-varosa-400x400.webp 400w, https:\/\/ailabor.appsters.me\/wp-content\/uploads\/2024\/08\/004_Otthon-varosa-12x12.webp 12w\" sizes=\"auto, (max-width: 1024px) 100vw, 1024px\" \/><\/figure>\n<\/div>\n<\/div>\n\n\n\n<div style=\"height:30px\" aria-hidden=\"true\" class=\"wp-block-spacer\"><\/div>\n\n\n\n<p>J\u00f3kai \u00e9rdekl\u0151d\u00e9se <a href=\"https:\/\/ailabor.appsters.me\/it\/jokai-es-az-emberiseg-osi-nyelve\/\">az emberis\u00e9g \u0151si nyelve<\/a> ir\u00e1nt t\u00f6bb reg\u00e9ny\u00e9ben is megjelenik, p\u00e9ld\u00e1ul az Eg\u00e9sz az \u00e9szaki p\u00f3lusig \u00e9s a Fekete gy\u00e9m\u00e1ntok c\u00edm\u0171 m\u0171veiben: J\u00f3kai <a href=\"https:\/\/ailabor.appsters.me\/it\/az-osi-nyelv-rekonstrualasa\/\">kutatja az emberi kommunik\u00e1ci\u00f3 eredet\u00e9t<\/a> \u00e9s a nyelvek k\u00f6z\u00f6s gy\u00f6kereit, s azokat a term\u00e9szettel val\u00f3 k\u00f6zvetlen kapcsolatban l\u00e1tta. Az \u0151si nyelv elt\u0171n\u00e9s\u00e9t az emberis\u00e9g szellemi \u00e9s kultur\u00e1lis elt\u00e1volod\u00e1s\u00e1nak szimb\u00f3lumak\u00e9nt \u00e1br\u00e1zolta.<\/p>\n\n\n\n<p>J\u00f3kai reg\u00e9nyeiben nagy hangs\u00falyt kapnak a korabeli tudom\u00e1nyos \u00e9s technikai fejl\u0151d\u00e9s v\u00edvm\u00e1nyai a k\u00e9mi\u00e1t\u00f3l a <a href=\"https:\/\/ailabor.appsters.me\/it\/csillagaszat\/\">csillag\u00e1szatig<\/a>. Megjelennek k\u00f6z\u00f6tt\u00fck olyanok, mint a <a href=\"https:\/\/ailabor.appsters.me\/it\/a-telepulesek-vizellatasa\/\">v\u00e1rosi v\u00edzell\u00e1t\u00e1s ki\u00e9p\u00edt\u00e9se<\/a>, a <a href=\"https:\/\/ailabor.appsters.me\/it\/gozenergia\/\">g\u0151zenergia<\/a> felhaszn\u00e1l\u00e1sa a <a href=\"https:\/\/ailabor.appsters.me\/it\/gozmozdony-es-gozhajok\/\">k\u00f6zleked\u00e9sben \u00e9s iparban<\/a>, valamint a <a href=\"https:\/\/ailabor.appsters.me\/it\/telegraf\/\">telegr\u00e1f<\/a>, a <a href=\"https:\/\/ailabor.appsters.me\/it\/fenykep-es-fenykepezes\/\">f\u00e9nyk\u00e9pez\u00e9s<\/a>, az elektromos \u00e9s <a href=\"https:\/\/ailabor.appsters.me\/it\/gazvilagitas\/\">g\u00e1zvil\u00e1g\u00edt\u00e1s<\/a> \u00e9s a <a href=\"https:\/\/ailabor.appsters.me\/it\/jokai-es-a-vasut\/\">vas\u00fat<\/a> terjed\u00e9se. A H\u00e9tk\u00f6znapok c\u00edm\u0171 reg\u00e9ny\u00e9ben a v\u00e1rosi infrastrukt\u00fara fejl\u0151d\u00e9se, az Egy magyar n\u00e1bobban \u00e9s a K\u00e1rp\u00e1thy Zolt\u00e1nban pedig a g\u0151zg\u00e9pek \u00e9s a vas\u00fat megjelen\u00e9se t\u00fckr\u00f6zi a korszak technikai innov\u00e1ci\u00f3it. A Fekete gy\u00e9m\u00e1ntok a <a href=\"https:\/\/ailabor.appsters.me\/it\/szenbanyaszat\/\">sz\u00e9nb\u00e1ny\u00e1szat<\/a> \u00e9s a technol\u00f3giai fejl\u0151d\u00e9s \u00f6sszef\u00fcgg\u00e9seit mutatja be.<br>. <a href=\"https:\/\/ailabor.appsters.me\/it\/technologia-es-gepesites\/\">technol\u00f3giai fejl\u0151d\u00e9s \u00e9s g\u00e9pes\u00edt\u00e9s<\/a> J\u00f3kai m\u0171veiben k\u00f6zponti szerepet j\u00e1tszik. A modern g\u00e9pek megjelen\u00e9se, mint a mez\u0151gazdas\u00e1gi g\u00e9pek, a g\u0151zg\u00e9pek, a <a href=\"https:\/\/ailabor.appsters.me\/it\/nyomdaipari-technologiak\/\">nyomdaipari technol\u00f3gia<\/a> \u00e9s a <a href=\"https:\/\/ailabor.appsters.me\/it\/selyemgyartas\/\">selyemgy\u00e1rt\u00e1s<\/a> technol\u00f3giai \u00faj\u00edt\u00e1sai, jelent\u0151s hat\u00e1st gyakoroltak a t\u00e1rsadalomra \u00e9s a gazdas\u00e1gra. J\u00f3kai ugyanakkor a technol\u00f3gia okozta t\u00e1rsadalmi v\u00e1ltoz\u00e1sokra \u00e9s kih\u00edv\u00e1sokra is felh\u00edvja a figyelmet.<\/p>\n\n\n\n<div class=\"wp-block-columns is-layout-flex wp-container-core-columns-is-layout-9d6595d7 wp-block-columns-is-layout-flex\">\n<div class=\"wp-block-column is-layout-flow wp-block-column-is-layout-flow\">\n<figure class=\"wp-block-image size-full\"><img loading=\"lazy\" decoding=\"async\" width=\"1024\" height=\"1024\" src=\"https:\/\/ailabor.appsters.me\/wp-content\/uploads\/2024\/08\/001_Berend-Ivan.webp\" alt=\"\" class=\"wp-image-3384\" srcset=\"https:\/\/ailabor.appsters.me\/wp-content\/uploads\/2024\/08\/001_Berend-Ivan.webp 1024w, https:\/\/ailabor.appsters.me\/wp-content\/uploads\/2024\/08\/001_Berend-Ivan-300x300.webp 300w, https:\/\/ailabor.appsters.me\/wp-content\/uploads\/2024\/08\/001_Berend-Ivan-150x150.webp 150w, https:\/\/ailabor.appsters.me\/wp-content\/uploads\/2024\/08\/001_Berend-Ivan-768x768.webp 768w, https:\/\/ailabor.appsters.me\/wp-content\/uploads\/2024\/08\/001_Berend-Ivan-400x400.webp 400w, https:\/\/ailabor.appsters.me\/wp-content\/uploads\/2024\/08\/001_Berend-Ivan-12x12.webp 12w\" sizes=\"auto, (max-width: 1024px) 100vw, 1024px\" \/><\/figure>\n<\/div>\n\n\n\n<div class=\"wp-block-column is-layout-flow wp-block-column-is-layout-flow\">\n<figure class=\"wp-block-image size-full\"><img loading=\"lazy\" decoding=\"async\" width=\"1024\" height=\"1024\" src=\"https:\/\/ailabor.appsters.me\/wp-content\/uploads\/2024\/08\/002_mielott-ember-lett-volna.webp\" alt=\"\" class=\"wp-image-3385\" srcset=\"https:\/\/ailabor.appsters.me\/wp-content\/uploads\/2024\/08\/002_mielott-ember-lett-volna.webp 1024w, https:\/\/ailabor.appsters.me\/wp-content\/uploads\/2024\/08\/002_mielott-ember-lett-volna-300x300.webp 300w, https:\/\/ailabor.appsters.me\/wp-content\/uploads\/2024\/08\/002_mielott-ember-lett-volna-150x150.webp 150w, https:\/\/ailabor.appsters.me\/wp-content\/uploads\/2024\/08\/002_mielott-ember-lett-volna-768x768.webp 768w, https:\/\/ailabor.appsters.me\/wp-content\/uploads\/2024\/08\/002_mielott-ember-lett-volna-400x400.webp 400w, https:\/\/ailabor.appsters.me\/wp-content\/uploads\/2024\/08\/002_mielott-ember-lett-volna-12x12.webp 12w\" sizes=\"auto, (max-width: 1024px) 100vw, 1024px\" \/><\/figure>\n<\/div>\n\n\n\n<div class=\"wp-block-column is-layout-flow wp-block-column-is-layout-flow\">\n<figure class=\"wp-block-image size-full\"><img loading=\"lazy\" decoding=\"async\" width=\"1024\" height=\"1024\" src=\"https:\/\/ailabor.appsters.me\/wp-content\/uploads\/2024\/08\/003_Bonda-volgyi-fossziliak.webp\" alt=\"\" class=\"wp-image-3386\" srcset=\"https:\/\/ailabor.appsters.me\/wp-content\/uploads\/2024\/08\/003_Bonda-volgyi-fossziliak.webp 1024w, https:\/\/ailabor.appsters.me\/wp-content\/uploads\/2024\/08\/003_Bonda-volgyi-fossziliak-300x300.webp 300w, https:\/\/ailabor.appsters.me\/wp-content\/uploads\/2024\/08\/003_Bonda-volgyi-fossziliak-150x150.webp 150w, https:\/\/ailabor.appsters.me\/wp-content\/uploads\/2024\/08\/003_Bonda-volgyi-fossziliak-768x768.webp 768w, https:\/\/ailabor.appsters.me\/wp-content\/uploads\/2024\/08\/003_Bonda-volgyi-fossziliak-400x400.webp 400w, https:\/\/ailabor.appsters.me\/wp-content\/uploads\/2024\/08\/003_Bonda-volgyi-fossziliak-12x12.webp 12w\" sizes=\"auto, (max-width: 1024px) 100vw, 1024px\" \/><\/figure>\n<\/div>\n<\/div>\n\n\n\n<div style=\"height:30px\" aria-hidden=\"true\" class=\"wp-block-spacer\"><\/div>\n\n\n\n<p>J\u00f3kai futurisztikus-ut\u00f3pisztikus l\u00e1tom\u00e1s\u00e1ban, A j\u00f6v\u0151 sz\u00e1zad reg\u00e9ny\u00e9ben, k\u00fcl\u00f6n\u00f6sen az <a href=\"https:\/\/ailabor.appsters.me\/it\/az-otthon-varosa\/\">Otthon v\u00e1rossal<\/a> kapcsolatos narrat\u00edv\u00e1kban, olyan technikai \u00faj\u00edt\u00e1sok t\u0171nnek fel, mint a <a href=\"https:\/\/ailabor.appsters.me\/it\/a-jovo-mezogazdasagi-technologiai\/\">j\u00f6v\u0151 mez\u0151gazdas\u00e1gi technol\u00f3gi\u00e1i<\/a>, a \u201e<a href=\"https:\/\/ailabor.appsters.me\/it\/kertipar-jokai-gazdasagi-vizioja\/\">kertipar<\/a>\u201d, a <a href=\"https:\/\/ailabor.appsters.me\/it\/jokai-repulogepe\/\">rep\u00fcl\u0151g\u00e9p<\/a>, \u00e9s a <a href=\"https:\/\/ailabor.appsters.me\/it\/egy-borzalmas-technikai-ujitas-a-gozguillotine\/\">g\u0151zguillotine<\/a>, amelyek a 20. sz\u00e1zad technol\u00f3giai \u00e9s t\u00e1rsadalmi \u00e1talakul\u00e1sait vet\u00edtik el\u0151re \u2013 J\u00f3kai foglalkozik az <a href=\"https:\/\/ailabor.appsters.me\/it\/egy-orszaggyules-a-xx-szazadban\/\">\u00e1llamir\u00e1ny\u00edt\u00e1s<\/a> \u00e1ltala modernnek tartott form\u00e1j\u00e1val is. Otthon v\u00e1ros \u00e9s az \u00faj t\u00edpus\u00fa k\u00f6zleked\u00e9si eszk\u00f6z\u00f6k megjelen\u00edt\u00e9se a technika t\u00e1rsadalomform\u00e1l\u00f3 erej\u00e9t hangs\u00falyozza.<\/p>\n\n\n\n<p>J\u00f3kai M\u00f3r munk\u00e1ss\u00e1g\u00e1t m\u00e9lyen \u00e1thatotta a korabeli tudom\u00e1nyos \u00e9s technol\u00f3giai fejl\u0151d\u00e9s ir\u00e1nti \u00e9l\u00e9nk \u00e9rekl\u0151d\u00e9s. Reg\u00e9nyeiben \u00e9s \u00edr\u00e1saiban a tudom\u00e1ny \u00e9s technika nemcsak a korszak \u00e1talakul\u00e1sait t\u00fckr\u00f6zi, hanem a magyar nemzeti identit\u00e1s, a kult\u00fara \u00e9s a t\u00e1rsadalom fejl\u0151d\u00e9s\u00e9hez is szorosan kapcsol\u00f3dik.<\/p>\n\n\n\n<div style=\"height:40px\" aria-hidden=\"true\" class=\"wp-block-spacer\"><\/div>\n<\/div><\/div>\n<\/div><\/div>","protected":false},"excerpt":{"rendered":"<p>J\u00f3kai M\u00f3r \u00e9s a tudom\u00e1ny kapcsolata \u00f6sszetett \u00e9s szerte\u00e1gaz\u00f3: nem csup\u00e1n reg\u00e9nyeiben jelenik meg, hanem m\u00e1sutt is r\u00e1nk maradt \u00edrott hagyat\u00e9k\u00e1ban. J\u00f3kai szemtan\u00faja volt a 19. sz\u00e1zad magyar tudom\u00e1nyos fejl\u0151d\u00e9s\u00e9nek. Az orsz\u00e1g ekkoriban jelent\u0151s eredm\u00e9nyeket \u00e9rt el a term\u00e9szettudom\u00e1nyokban \u00e9s technol\u00f3giai fejleszt\u00e9sekben, amelyek k\u00f6z\u00fcl kiemelkednek Jedlik \u00c1nyos villanymotorja \u00e9s dinam\u00f3ja, Bolyai J\u00e1nos nemeuklideszi geometri\u00e1ja, E\u00f6tv\u00f6s&#8230;<\/p>","protected":false},"author":5,"featured_media":0,"parent":0,"menu_order":0,"comment_status":"closed","ping_status":"closed","template":"","meta":{"_eb_attr":"","inline_featured_image":false,"_kad_post_transparent":"","_kad_post_title":"","_kad_post_layout":"","_kad_post_sidebar_id":"","_kad_post_content_style":"","_kad_post_vertical_padding":"","_kad_post_feature":"","_kad_post_feature_position":"","_kad_post_header":false,"_kad_post_footer":false,"footnotes":""},"class_list":["post-3363","page","type-page","status-publish","hentry"],"_links":{"self":[{"href":"https:\/\/ailabor.appsters.me\/it\/wp-json\/wp\/v2\/pages\/3363","targetHints":{"allow":["GET"]}}],"collection":[{"href":"https:\/\/ailabor.appsters.me\/it\/wp-json\/wp\/v2\/pages"}],"about":[{"href":"https:\/\/ailabor.appsters.me\/it\/wp-json\/wp\/v2\/types\/page"}],"author":[{"embeddable":true,"href":"https:\/\/ailabor.appsters.me\/it\/wp-json\/wp\/v2\/users\/5"}],"replies":[{"embeddable":true,"href":"https:\/\/ailabor.appsters.me\/it\/wp-json\/wp\/v2\/comments?post=3363"}],"version-history":[{"count":7,"href":"https:\/\/ailabor.appsters.me\/it\/wp-json\/wp\/v2\/pages\/3363\/revisions"}],"predecessor-version":[{"id":3388,"href":"https:\/\/ailabor.appsters.me\/it\/wp-json\/wp\/v2\/pages\/3363\/revisions\/3388"}],"wp:attachment":[{"href":"https:\/\/ailabor.appsters.me\/it\/wp-json\/wp\/v2\/media?parent=3363"}],"curies":[{"name":"wp","href":"https:\/\/api.w.org\/{rel}","templated":true}]}}