{"id":3451,"date":"2025-02-19T12:30:06","date_gmt":"2025-02-19T12:30:06","guid":{"rendered":"https:\/\/ailabor.appsters.me\/?page_id=3451"},"modified":"2025-02-19T12:33:19","modified_gmt":"2025-02-19T12:33:19","slug":"jogi-nyilatkozat","status":"publish","type":"page","link":"https:\/\/ailabor.appsters.me\/it\/jogi-nyilatkozat\/","title":{"rendered":"Jogi nyilatkozat"},"content":{"rendered":"<div style=\"background-image:url(&apos;https:\/\/ailabor.appsters.me\/wp-content\/uploads\/2024\/06\/Ellipse-4.png&apos;);background-position:50% 30%;background-size:cover;\" class=\"wp-block-group has-background\"><div class=\"wp-block-group__inner-container is-layout-constrained wp-block-group-is-layout-constrained\">\n<div class=\"wp-block-group group-1240\" style=\"padding-top:var(--wp--preset--spacing--70);padding-bottom:var(--wp--preset--spacing--70)\"><div class=\"wp-block-group__inner-container is-layout-constrained wp-block-group-is-layout-constrained\">\n<h3 class=\"wp-block-heading has-text-align-center\"><strong>A J\u00f3k.ai Labor weboldal tartalm\u00e1ra vonatkoz\u00f3 adatv\u00e9delmi \u00e9s szerz\u0151i jogi szab\u00e1lyok<\/strong><\/h3>\n\n\n\n<h4 class=\"wp-block-heading\"><strong>Szem\u00e9lyes adatok:<\/strong><\/h4>\n\n\n\n<p>A weboldal az oldal l\u00e1togat\u00f3it\u00f3l szem\u00e9lyes adatokat semmilyen form\u00e1ban nem k\u00e9r, nem gy\u0171jt, nem t\u00e1rol \u00e9s nem haszn\u00e1l fel.<\/p>\n\n\n\n<h4 class=\"wp-block-heading\"><strong>K\u00e9pi \u00e9s sz\u00f6veges tartalmak felhaszn\u00e1l\u00e1sa<\/strong><\/h4>\n\n\n\n<p>A weboldalon megjelen\u0151 k\u00e9pi \u00e9s sz\u00f6veges tartalmak felhaszn\u00e1l\u00e1si jogaival \u2013 elt\u00e9r\u0151 megjel\u00f6l\u00e9s hi\u00e1ny\u00e1ban \u2013 az oldal kiad\u00f3ja, a Pet\u0151fi M\u00e9dia Kft. (1051 Budapest, Pet\u0151fi u. 1.) rendelkezik<\/p>\n\n\n\n<p>A kiad\u00f3nak, illetve a szerz\u0151i jogok tulajdonos\u00e1nak joga az adott m\u0171 eg\u00e9sz\u00e9nek vagy valamely azonos\u00edthat\u00f3 r\u00e9sz\u00e9nek anyagi form\u00e1ban \u00e9s nem anyagi form\u00e1ban t\u00f6rt\u00e9n\u0151 b\u00e1rmilyen felhaszn\u00e1l\u00e1s\u00e1nak enged\u00e9lyez\u00e9se.<\/p>\n\n\n\n<p>A weboldalon tal\u00e1lhat\u00f3 tartalmak terjeszt\u00e9se vagy azokr\u00f3l m\u00e1solat k\u00e9sz\u00edt\u00e9se csak a kiad\u00f3 \u00edr\u00e1sos enged\u00e9ly\u00e9vel t\u00f6rt\u00e9nhet. A szabad felhaszn\u00e1l\u00e1s eseteit kiv\u00e9ve a k\u00e9pi \u00e9s sz\u00f6veges anyagokra a felhaszn\u00e1l\u00e1si enged\u00e9lyt \u00edr\u00e1sos felhaszn\u00e1l\u00e1si szerz\u0151d\u00e9ssel a kiad\u00f3 adja meg.&nbsp;<\/p>\n\n\n\n<p>A szerz\u0151i jogi t\u00f6rv\u00e9nyben meghat\u00e1rozott szabad felhaszn\u00e1l\u00e1s k\u00f6r\u00e9ben a felhaszn\u00e1l\u00e1s d\u00edjtalan. A felhaszn\u00e1l\u00e1s a szabad felhaszn\u00e1l\u00e1sra vonatkoz\u00f3 rendelkez\u00e9sek alapj\u00e1n is csak annyiban megengedett, illetve d\u00edjtalan, amennyiben nem s\u00e9relmes a m\u0171 rendes felhaszn\u00e1l\u00e1s\u00e1ra \u00e9s indokolatlanul nem k\u00e1ros\u00edtja a szerz\u0151 jogos \u00e9rdekeit, tov\u00e1bb\u00e1 amennyiben megfelel a tisztess\u00e9g k\u00f6vetelm\u00e9nyeinek \u00e9s nem ir\u00e1nyul a szabad felhaszn\u00e1l\u00e1s rendeltet\u00e9s\u00e9vel \u00f6ssze nem f\u00e9r\u0151 c\u00e9lra.<\/p>\n\n\n\n<p>Mag\u00e1nc\u00e9lra b\u00e1rki k\u00e9sz\u00edthet a honlap tartalm\u00e1r\u00f3l m\u00e1solatot, ha az j\u00f6vedelemszerz\u00e9s vagy j\u00f6vedelemfokoz\u00e1s c\u00e9lj\u00e1t k\u00f6zvetve sem szolg\u00e1lja.&nbsp;<\/p>\n\n\n\n<p>A weboldalon tal\u00e1lhat\u00f3 k\u00e9pi vagy sz\u00f6veges tartalm\u00e1nak felhaszn\u00e1l\u00e1sa sor\u00e1n a felhaszn\u00e1l\u00f3 k\u00f6teles a szerz\u0151i jogr\u00f3l sz\u00f3l\u00f3 1999. \u00e9vi LXXVI. tv. rendelkez\u00e9seit marad\u00e9ktalanul betartani.<\/p>\n\n\n\n<p>A felhaszn\u00e1l\u00e1s sor\u00e1n a felhaszn\u00e1l\u00f3nak minden esetben fel kell t\u00fcntetnie a szerz\u0151 nev\u00e9t \u00e9s a m\u0171 c\u00edm\u00e9t, valamint a weboldalra t\u00f6rt\u00e9n\u0151 utal\u00e1st.<\/p>\n\n\n\n<h4 class=\"wp-block-heading\"><strong>Mesters\u00e9ges Intelligencia<\/strong><\/h4>\n\n\n\n<p>A weboldal m\u0171k\u00f6d\u00e9se sor\u00e1n a GPT-t, \u00e9s a Text2SQL modult haszn\u00e1lja. A weboldal nem v\u00e1llal felel\u0151ss\u00e9get a mesters\u00e9ges intelligencia \u00e1ltal adott esetleges hib\u00e1s, t\u00e9ves vagy megt\u00e9veszt\u0151 v\u00e1laszok\u00e9rt, inform\u00e1ci\u00f3k\u00e9rt.<\/p>\n<\/div><\/div>\n<\/div><\/div>","protected":false},"excerpt":{"rendered":"<p>A J\u00f3k.ai Labor weboldal tartalm\u00e1ra vonatkoz\u00f3 adatv\u00e9delmi \u00e9s szerz\u0151i jogi szab\u00e1lyok Szem\u00e9lyes adatok: A weboldal az oldal l\u00e1togat\u00f3it\u00f3l szem\u00e9lyes adatokat semmilyen form\u00e1ban nem k\u00e9r, nem gy\u0171jt, nem t\u00e1rol \u00e9s nem haszn\u00e1l fel. K\u00e9pi \u00e9s sz\u00f6veges tartalmak felhaszn\u00e1l\u00e1sa A weboldalon megjelen\u0151 k\u00e9pi \u00e9s sz\u00f6veges tartalmak felhaszn\u00e1l\u00e1si jogaival \u2013 elt\u00e9r\u0151 megjel\u00f6l\u00e9s hi\u00e1ny\u00e1ban \u2013 az oldal kiad\u00f3ja, a&#8230;<\/p>","protected":false},"author":5,"featured_media":0,"parent":0,"menu_order":0,"comment_status":"closed","ping_status":"closed","template":"","meta":{"_eb_attr":"","inline_featured_image":false,"_kad_post_transparent":"","_kad_post_title":"","_kad_post_layout":"","_kad_post_sidebar_id":"","_kad_post_content_style":"","_kad_post_vertical_padding":"","_kad_post_feature":"","_kad_post_feature_position":"","_kad_post_header":false,"_kad_post_footer":false,"footnotes":""},"class_list":["post-3451","page","type-page","status-publish","hentry"],"_links":{"self":[{"href":"https:\/\/ailabor.appsters.me\/it\/wp-json\/wp\/v2\/pages\/3451","targetHints":{"allow":["GET"]}}],"collection":[{"href":"https:\/\/ailabor.appsters.me\/it\/wp-json\/wp\/v2\/pages"}],"about":[{"href":"https:\/\/ailabor.appsters.me\/it\/wp-json\/wp\/v2\/types\/page"}],"author":[{"embeddable":true,"href":"https:\/\/ailabor.appsters.me\/it\/wp-json\/wp\/v2\/users\/5"}],"replies":[{"embeddable":true,"href":"https:\/\/ailabor.appsters.me\/it\/wp-json\/wp\/v2\/comments?post=3451"}],"version-history":[{"count":7,"href":"https:\/\/ailabor.appsters.me\/it\/wp-json\/wp\/v2\/pages\/3451\/revisions"}],"predecessor-version":[{"id":3459,"href":"https:\/\/ailabor.appsters.me\/it\/wp-json\/wp\/v2\/pages\/3451\/revisions\/3459"}],"wp:attachment":[{"href":"https:\/\/ailabor.appsters.me\/it\/wp-json\/wp\/v2\/media?parent=3451"}],"curies":[{"name":"wp","href":"https:\/\/api.w.org\/{rel}","templated":true}]}}