{"id":364,"date":"2024-04-26T12:51:58","date_gmt":"2024-04-26T12:51:58","guid":{"rendered":"https:\/\/ailabor.appsters.me\/?page_id=364"},"modified":"2024-08-02T09:24:21","modified_gmt":"2024-08-02T09:24:21","slug":"tudasproba","status":"publish","type":"page","link":"https:\/\/ailabor.appsters.me\/it\/verifica-delle-conoscenze\/","title":{"rendered":"Verifica delle conoscenze"},"content":{"rendered":"<div style=\"background-image:url(&apos;https:\/\/ailabor.appsters.me\/wp-content\/uploads\/2024\/06\/Ellipse-3-4.png&apos;);background-position:100% 50%;background-repeat:no-repeat;background-size:contain;\" class=\"wp-block-group has-background\"><div class=\"wp-block-group__inner-container is-layout-constrained wp-block-group-is-layout-constrained\">\n<div class=\"wp-block-group group-900\"><div class=\"wp-block-group__inner-container is-layout-constrained wp-block-group-is-layout-constrained\">\n<h5 class=\"wp-block-heading has-text-align-center\">.&nbsp;<em>Verifica delle conoscenze&nbsp;<\/em>I compiti sono stati elaborati da Tam\u00e1s N\u00e9meth con l'obiettivo di supportare l'apprendimento autonomo degli studenti. Di conseguenza, forniscono un feedback automatico e non richiedono l'intervento dell'insegnante. Con questa breve serie di esercizi, gli studenti possono ripassare il materiale del programma di studi, ottenendo al contempo una visione pi\u00f9 completa del mondo di J\u00f3kai grazie ai numerosi aspetti interessanti trattati.<\/h5>\n<\/div><\/div>\n\n\n\n<div style=\"height:60px\" aria-hidden=\"true\" class=\"wp-block-spacer\"><\/div>\n\n\n\n<div class=\"wp-block-group group-1240\"><div class=\"wp-block-group__inner-container is-layout-constrained wp-block-group-is-layout-constrained\">\n<div class=\"wp-block-columns is-layout-flex wp-container-core-columns-is-layout-864a3f9e wp-block-columns-is-layout-flex\" style=\"padding-right:10%;padding-left:10%\">\n<div class=\"wp-block-column is-layout-flow wp-block-column-is-layout-flow\">\n<h3 class=\"wp-block-heading has-text-align-right\">Quiz su J\u00f3kai<\/h3>\n\n\n\n<p class=\"has-text-align-right\">Con il seguente quiz puoi ripassare ci\u00f2 che hai imparato su J\u00f3kai e scoprire molte curiosit\u00e0 sull'autore.<\/p>\n\n\n\n<div class=\"wp-block-buttons is-content-justification-right is-layout-flex wp-container-core-buttons-is-layout-765c4724 wp-block-buttons-is-layout-flex\">\n<div class=\"wp-block-button\"><a class=\"wp-block-button__link wp-element-button\" href=\"https:\/\/ailabor.appsters.me\/it\/quiz-su-jokai\/\">Continua<\/a><\/div>\n<\/div>\n<\/div>\n\n\n\n<div class=\"wp-block-column is-layout-flow wp-block-column-is-layout-flow\">\n<figure class=\"wp-block-image size-full\"><img loading=\"lazy\" decoding=\"async\" width=\"1024\" height=\"1024\" src=\"https:\/\/ailabor.appsters.me\/wp-content\/uploads\/2024\/06\/01_jokai_kviz_02.webp\" alt=\"\" class=\"wp-image-1911\" srcset=\"https:\/\/ailabor.appsters.me\/wp-content\/uploads\/2024\/06\/01_jokai_kviz_02.webp 1024w, https:\/\/ailabor.appsters.me\/wp-content\/uploads\/2024\/06\/01_jokai_kviz_02-300x300.webp 300w, https:\/\/ailabor.appsters.me\/wp-content\/uploads\/2024\/06\/01_jokai_kviz_02-150x150.webp 150w, https:\/\/ailabor.appsters.me\/wp-content\/uploads\/2024\/06\/01_jokai_kviz_02-768x768.webp 768w, https:\/\/ailabor.appsters.me\/wp-content\/uploads\/2024\/06\/01_jokai_kviz_02-400x400.webp 400w\" sizes=\"auto, (max-width: 1024px) 100vw, 1024px\" \/><\/figure>\n<\/div>\n<\/div>\n\n\n\n<div style=\"height:60px\" aria-hidden=\"true\" class=\"wp-block-spacer\"><\/div>\n\n\n\n<div class=\"wp-block-columns is-layout-flex wp-container-core-columns-is-layout-864a3f9e wp-block-columns-is-layout-flex\" style=\"padding-right:10%;padding-left:10%\">\n<div class=\"wp-block-column is-layout-flow wp-block-column-is-layout-flow\">\n<figure class=\"wp-block-image size-full\"><img loading=\"lazy\" decoding=\"async\" width=\"1024\" height=\"1024\" src=\"https:\/\/ailabor.appsters.me\/wp-content\/uploads\/2024\/06\/02_sorba-rendezes_02.webp\" alt=\"\" class=\"wp-image-1888\" srcset=\"https:\/\/ailabor.appsters.me\/wp-content\/uploads\/2024\/06\/02_sorba-rendezes_02.webp 1024w, https:\/\/ailabor.appsters.me\/wp-content\/uploads\/2024\/06\/02_sorba-rendezes_02-300x300.webp 300w, https:\/\/ailabor.appsters.me\/wp-content\/uploads\/2024\/06\/02_sorba-rendezes_02-150x150.webp 150w, https:\/\/ailabor.appsters.me\/wp-content\/uploads\/2024\/06\/02_sorba-rendezes_02-768x768.webp 768w, https:\/\/ailabor.appsters.me\/wp-content\/uploads\/2024\/06\/02_sorba-rendezes_02-400x400.webp 400w\" sizes=\"auto, (max-width: 1024px) 100vw, 1024px\" \/><\/figure>\n<\/div>\n\n\n\n<div class=\"wp-block-column is-layout-flow wp-block-column-is-layout-flow\">\n<h3 class=\"wp-block-heading has-text-align-left\"> L&#039;uomo d&#039;oro<\/h3>\n\n\n\n<p class=\"has-text-align-left\">Ordina le citazioni de L'uomo d'oro secondo la loro posizione nel romanzo, dalla parte superiore sinistra all'angolo inferiore destro!<\/p>\n\n\n\n<div class=\"wp-block-buttons is-content-justification-left is-layout-flex wp-container-core-buttons-is-layout-fdcfc74e wp-block-buttons-is-layout-flex\">\n<div class=\"wp-block-button\"><a class=\"wp-block-button__link wp-element-button\" href=\"https:\/\/ailabor.appsters.me\/it\/ordinamento\/\">Continua<\/a><\/div>\n<\/div>\n<\/div>\n<\/div>\n\n\n\n<div style=\"height:60px\" aria-hidden=\"true\" class=\"wp-block-spacer\"><\/div>\n\n\n\n<div class=\"wp-block-columns is-layout-flex wp-container-core-columns-is-layout-864a3f9e wp-block-columns-is-layout-flex\" style=\"padding-right:10%;padding-left:10%\">\n<div class=\"wp-block-column is-layout-flow wp-block-column-is-layout-flow\">\n<h3 class=\"wp-block-heading has-text-align-right\">Cruciverba<\/h3>\n\n\n\n<p class=\"has-text-align-right\">Completa il cruciverba utilizzando ci\u00f2 che hai imparato su J\u00f3kai! Nel caso di risposte con pi\u00f9\nparole, ignora gli spazi o i trattini!<\/p>\n\n\n\n<div class=\"wp-block-buttons is-content-justification-right is-layout-flex wp-container-core-buttons-is-layout-765c4724 wp-block-buttons-is-layout-flex\">\n<div class=\"wp-block-button\"><a class=\"wp-block-button__link wp-element-button\" href=\"https:\/\/ailabor.appsters.me\/it\/cruciverba\/\">Continua<\/a><\/div>\n<\/div>\n<\/div>\n\n\n\n<div class=\"wp-block-column is-layout-flow wp-block-column-is-layout-flow\">\n<figure class=\"wp-block-image size-full\"><img loading=\"lazy\" decoding=\"async\" width=\"1024\" height=\"1024\" src=\"https:\/\/ailabor.appsters.me\/wp-content\/uploads\/2024\/06\/03_keresztrejtveny_02.webp\" alt=\"\" class=\"wp-image-1896\" srcset=\"https:\/\/ailabor.appsters.me\/wp-content\/uploads\/2024\/06\/03_keresztrejtveny_02.webp 1024w, https:\/\/ailabor.appsters.me\/wp-content\/uploads\/2024\/06\/03_keresztrejtveny_02-300x300.webp 300w, https:\/\/ailabor.appsters.me\/wp-content\/uploads\/2024\/06\/03_keresztrejtveny_02-150x150.webp 150w, https:\/\/ailabor.appsters.me\/wp-content\/uploads\/2024\/06\/03_keresztrejtveny_02-768x768.webp 768w, https:\/\/ailabor.appsters.me\/wp-content\/uploads\/2024\/06\/03_keresztrejtveny_02-400x400.webp 400w\" sizes=\"auto, (max-width: 1024px) 100vw, 1024px\" \/><\/figure>\n<\/div>\n<\/div>\n\n\n\n<div style=\"height:40px\" aria-hidden=\"true\" class=\"wp-block-spacer\"><\/div>\n<\/div><\/div>\n<\/div><\/div>\n\n\n\n<div style=\"background-image:url(&apos;https:\/\/ailabor.appsters.me\/wp-content\/uploads\/2024\/06\/Ellipse-4.png&apos;);background-position:50% 10%;background-size:cover;\" class=\"wp-block-group has-background\"><div class=\"wp-block-group__inner-container is-layout-constrained wp-block-group-is-layout-constrained\">\n<div class=\"wp-block-group group-1240\"><div class=\"wp-block-group__inner-container is-layout-constrained wp-block-group-is-layout-constrained\">\n<div class=\"wp-block-columns is-layout-flex wp-container-core-columns-is-layout-864a3f9e wp-block-columns-is-layout-flex\" style=\"padding-right:10%;padding-left:10%\">\n<div class=\"wp-block-column is-layout-flow wp-block-column-is-layout-flow\">\n<figure class=\"wp-block-image size-full\"><img loading=\"lazy\" decoding=\"async\" width=\"1024\" height=\"1024\" src=\"https:\/\/ailabor.appsters.me\/wp-content\/uploads\/2024\/06\/04_ikonikus-figurak_02.webp\" alt=\"\" class=\"wp-image-1897\" srcset=\"https:\/\/ailabor.appsters.me\/wp-content\/uploads\/2024\/06\/04_ikonikus-figurak_02.webp 1024w, https:\/\/ailabor.appsters.me\/wp-content\/uploads\/2024\/06\/04_ikonikus-figurak_02-300x300.webp 300w, https:\/\/ailabor.appsters.me\/wp-content\/uploads\/2024\/06\/04_ikonikus-figurak_02-150x150.webp 150w, https:\/\/ailabor.appsters.me\/wp-content\/uploads\/2024\/06\/04_ikonikus-figurak_02-768x768.webp 768w, https:\/\/ailabor.appsters.me\/wp-content\/uploads\/2024\/06\/04_ikonikus-figurak_02-400x400.webp 400w\" sizes=\"auto, (max-width: 1024px) 100vw, 1024px\" \/><\/figure>\n<\/div>\n\n\n\n<div class=\"wp-block-column is-layout-flow wp-block-column-is-layout-flow\">\n<h3 class=\"wp-block-heading has-text-align-left\">Figure iconiche<\/h3>\n\n\n\n<p>Abbina gli eroi di J\u00f3kai alle opere corrispondenti!<\/p>\n\n\n\n<div class=\"wp-block-buttons is-content-justification-left is-layout-flex wp-container-core-buttons-is-layout-fdcfc74e wp-block-buttons-is-layout-flex\">\n<div class=\"wp-block-button\"><a class=\"wp-block-button__link wp-element-button\" href=\"https:\/\/ailabor.appsters.me\/it\/figure-iconiche\/\">Continua<\/a><\/div>\n<\/div>\n<\/div>\n<\/div>\n\n\n\n<div style=\"height:60px\" aria-hidden=\"true\" class=\"wp-block-spacer\"><\/div>\n\n\n\n<div class=\"wp-block-columns is-layout-flex wp-container-core-columns-is-layout-864a3f9e wp-block-columns-is-layout-flex\" style=\"padding-right:10%;padding-left:10%\">\n<div class=\"wp-block-column is-layout-flow wp-block-column-is-layout-flow\">\n<h3 class=\"wp-block-heading has-text-align-right\">L'arte di J\u00f3kai<\/h3>\n\n\n\n<p class=\"has-text-align-right\">Il seguente breve testo tratta dell'arte di J\u00f3kai! Seleziona gli elementi mancanti utilizzando il menu a tendina!<\/p>\n\n\n\n<div class=\"wp-block-buttons is-content-justification-right is-layout-flex wp-container-core-buttons-is-layout-765c4724 wp-block-buttons-is-layout-flex\">\n<div class=\"wp-block-button\"><a class=\"wp-block-button__link wp-element-button\" href=\"https:\/\/ailabor.appsters.me\/it\/arte-di-jokai\/\">Continua<\/a><\/div>\n<\/div>\n<\/div>\n\n\n\n<div class=\"wp-block-column is-layout-flow wp-block-column-is-layout-flow\">\n<figure class=\"wp-block-image size-full\"><img loading=\"lazy\" decoding=\"async\" width=\"1024\" height=\"1024\" src=\"https:\/\/ailabor.appsters.me\/wp-content\/uploads\/2024\/06\/05_szovegkiegeszites_02.webp\" alt=\"\" class=\"wp-image-1901\" srcset=\"https:\/\/ailabor.appsters.me\/wp-content\/uploads\/2024\/06\/05_szovegkiegeszites_02.webp 1024w, https:\/\/ailabor.appsters.me\/wp-content\/uploads\/2024\/06\/05_szovegkiegeszites_02-300x300.webp 300w, https:\/\/ailabor.appsters.me\/wp-content\/uploads\/2024\/06\/05_szovegkiegeszites_02-150x150.webp 150w, https:\/\/ailabor.appsters.me\/wp-content\/uploads\/2024\/06\/05_szovegkiegeszites_02-768x768.webp 768w, https:\/\/ailabor.appsters.me\/wp-content\/uploads\/2024\/06\/05_szovegkiegeszites_02-400x400.webp 400w\" sizes=\"auto, (max-width: 1024px) 100vw, 1024px\" \/><\/figure>\n<\/div>\n<\/div>\n\n\n\n<div style=\"height:60px\" aria-hidden=\"true\" class=\"wp-block-spacer\"><\/div>\n\n\n\n<div class=\"wp-block-columns is-layout-flex wp-container-core-columns-is-layout-864a3f9e wp-block-columns-is-layout-flex\" style=\"padding-right:10%;padding-left:10%\">\n<div class=\"wp-block-column is-layout-flow wp-block-column-is-layout-flow\">\n<figure class=\"wp-block-image size-full\"><img loading=\"lazy\" decoding=\"async\" width=\"1024\" height=\"1024\" src=\"https:\/\/ailabor.appsters.me\/wp-content\/uploads\/2024\/06\/06_romantika_realizmus_02.webp\" alt=\"\" class=\"wp-image-1904\" srcset=\"https:\/\/ailabor.appsters.me\/wp-content\/uploads\/2024\/06\/06_romantika_realizmus_02.webp 1024w, https:\/\/ailabor.appsters.me\/wp-content\/uploads\/2024\/06\/06_romantika_realizmus_02-300x300.webp 300w, https:\/\/ailabor.appsters.me\/wp-content\/uploads\/2024\/06\/06_romantika_realizmus_02-150x150.webp 150w, https:\/\/ailabor.appsters.me\/wp-content\/uploads\/2024\/06\/06_romantika_realizmus_02-768x768.webp 768w, https:\/\/ailabor.appsters.me\/wp-content\/uploads\/2024\/06\/06_romantika_realizmus_02-400x400.webp 400w\" sizes=\"auto, (max-width: 1024px) 100vw, 1024px\" \/><\/figure>\n<\/div>\n\n\n\n<div class=\"wp-block-column is-layout-flow wp-block-column-is-layout-flow\">\n<h3 class=\"wp-block-heading has-text-align-left\">Romanticismo e realismo<\/h3>\n\n\n\n<p>Qual \u00e8 la differenza? Ordina le caratteristiche nel gruppo corretto!<\/p>\n\n\n\n<div class=\"wp-block-buttons is-content-justification-left is-layout-flex wp-container-core-buttons-is-layout-fdcfc74e wp-block-buttons-is-layout-flex\">\n<div class=\"wp-block-button\"><a class=\"wp-block-button__link wp-element-button\" href=\"https:\/\/ailabor.appsters.me\/it\/romanticismo-e-realismo\/\">Continua<\/a><\/div>\n<\/div>\n<\/div>\n<\/div>\n\n\n\n<div style=\"height:60px\" aria-hidden=\"true\" class=\"wp-block-spacer\"><\/div>\n<\/div><\/div>\n<\/div><\/div>","protected":false},"excerpt":{"rendered":"<p>A&nbsp;Tud\u00e1spr\u00f3ba&nbsp;feladatait N\u00e9meth Tam\u00e1s \u00e1ll\u00edtotta \u00f6ssze, azzal a c\u00e9llal, hogy a di\u00e1kok \u00f6n\u00e1ll\u00f3 tanul\u00e1s\u00e1t t\u00e1mogassuk. Ennek megfelel\u0151en automatikus visszajelz\u00e9st adnak, azaz tan\u00e1ri k\u00f6zrem\u0171k\u00f6d\u00e9st nem ig\u00e9nyelnek. E r\u00f6vid feladatsorral a di\u00e1kok \u00e1tism\u00e9telhetik a tantervi ismeretanyagokat, mik\u00f6zben a sz\u00e1mos \u00e9rdekess\u00e9g r\u00e9v\u00e9n teljesebb k\u00e9pet kaphatnak J\u00f3kai vil\u00e1g\u00e1r\u00f3l. J\u00f3kai-kv\u00edz A k\u00f6vetkez\u0151 kv\u00edzzel \u00e1tism\u00e9telheted a J\u00f3kair\u00f3l tanultakat, \u00e9s sz\u00e1mos \u00e9rdekess\u00e9get is&#8230;<\/p>","protected":false},"author":5,"featured_media":0,"parent":0,"menu_order":0,"comment_status":"closed","ping_status":"closed","template":"","meta":{"_eb_attr":"","inline_featured_image":false,"_kad_post_transparent":"","_kad_post_title":"","_kad_post_layout":"","_kad_post_sidebar_id":"","_kad_post_content_style":"","_kad_post_vertical_padding":"","_kad_post_feature":"","_kad_post_feature_position":"","_kad_post_header":false,"_kad_post_footer":false,"footnotes":""},"class_list":["post-364","page","type-page","status-publish","hentry"],"_links":{"self":[{"href":"https:\/\/ailabor.appsters.me\/it\/wp-json\/wp\/v2\/pages\/364","targetHints":{"allow":["GET"]}}],"collection":[{"href":"https:\/\/ailabor.appsters.me\/it\/wp-json\/wp\/v2\/pages"}],"about":[{"href":"https:\/\/ailabor.appsters.me\/it\/wp-json\/wp\/v2\/types\/page"}],"author":[{"embeddable":true,"href":"https:\/\/ailabor.appsters.me\/it\/wp-json\/wp\/v2\/users\/5"}],"replies":[{"embeddable":true,"href":"https:\/\/ailabor.appsters.me\/it\/wp-json\/wp\/v2\/comments?post=364"}],"version-history":[{"count":30,"href":"https:\/\/ailabor.appsters.me\/it\/wp-json\/wp\/v2\/pages\/364\/revisions"}],"predecessor-version":[{"id":3034,"href":"https:\/\/ailabor.appsters.me\/it\/wp-json\/wp\/v2\/pages\/364\/revisions\/3034"}],"wp:attachment":[{"href":"https:\/\/ailabor.appsters.me\/it\/wp-json\/wp\/v2\/media?parent=364"}],"curies":[{"name":"wp","href":"https:\/\/api.w.org\/{rel}","templated":true}]}}