{"id":436,"date":"2024-05-10T08:30:40","date_gmt":"2024-05-10T08:30:40","guid":{"rendered":"https:\/\/ailabor.appsters.me\/?page_id=436"},"modified":"2024-08-02T08:00:00","modified_gmt":"2024-08-02T08:00:00","slug":"kapcsolat-regeny-es-mai-vilag-kozott","status":"publish","type":"page","link":"https:\/\/ailabor.appsters.me\/it\/kapcsolat-regeny-es-mai-vilag-kozott\/","title":{"rendered":"Kapcsolat reg\u00e9ny \u00e9s mai vil\u00e1g k\u00f6z\u00f6tt"},"content":{"rendered":"<p>Az &#8222;Az arany ember&#8221; \u00e9s a modern vil\u00e1g k\u00f6z\u00f6tti p\u00e1rhuzamok megtal\u00e1l\u00e1sa izgalmas m\u00f3dszer lehet a reg\u00e9ny relevanci\u00e1j\u00e1nak bemutat\u00e1s\u00e1ra a mai olvas\u00f3k sz\u00e1m\u00e1ra. B\u00e1r a t\u00f6rt\u00e9net a 19. sz\u00e1zad k\u00f6zep\u00e9n j\u00e1tsz\u00f3dik, sz\u00e1mos t\u00e9ma \u00e9s dilemma tov\u00e1bbra is id\u0151szer\u0171 marad. \u00cdme n\u00e9h\u00e1ny kulcsfontoss\u00e1g\u00fa kapcsol\u00f3d\u00e1si pont \u00e9s k\u00fcl\u00f6nbs\u00e9g, amelyek seg\u00edthetnek a di\u00e1koknak \u00f6sszek\u00f6tni a m\u00faltat \u00e9s a jelent:<\/p>\n\n\n\n<div class=\"wp-block-group\"><div class=\"wp-block-group__inner-container is-layout-constrained wp-block-group-is-layout-constrained\">\n<h2 class=\"wp-block-heading\">Punti di connessione<\/h2>\n\n\n\n<div class=\"wp-block-columns is-layout-flex wp-container-core-columns-is-layout-9d6595d7 wp-block-columns-is-layout-flex\">\n<div class=\"wp-block-column is-layout-flow wp-block-column-is-layout-flow\">\n<ol class=\"wp-block-list\" start=\"1\">\n<li><strong>T\u00e1rsadalmi mobilit\u00e1s \u00e9s a &#8222;saj\u00e1t \u00fat megtal\u00e1l\u00e1sa&#8221;<\/strong>: T\u00edm\u00e1r Mih\u00e1ly t\u00f6rt\u00e9nete, amelyben alacsonyabb t\u00e1rsadalmi oszt\u00e1lyb\u00f3l indulva magas poz\u00edci\u00f3ba emelkedik, p\u00e1rhuzamba \u00e1ll\u00edthat\u00f3 a mai fiatalok t\u00f6rekv\u00e9seivel, akik szint\u00e9n a saj\u00e1t \u00fatjukat keresik az \u00e9letben, legyen sz\u00f3 karrierr\u0151l vagy szem\u00e9lyes \u00e9let\u00fatr\u00f3l. A modern vil\u00e1gban is l\u00e9tezik a &#8222;self-made&#8221; (\u00f6n\u00e9p\u00edtette) ember ide\u00e1ja, aki saj\u00e1t er\u0151fesz\u00edt\u00e9seivel \u00e9r el sikert.<\/li>\n<\/ol>\n<\/div>\n\n\n\n<div class=\"wp-block-column is-layout-flow wp-block-column-is-layout-flow\">\n<figure class=\"wp-block-image size-full\"><img loading=\"lazy\" decoding=\"async\" width=\"1024\" height=\"1024\" src=\"https:\/\/ailabor.appsters.me\/wp-content\/uploads\/2024\/05\/tarsadalmi-mobilitas-es-sajat-ut-megtalalasa.jpg\" alt=\"\" class=\"wp-image-437\" srcset=\"https:\/\/ailabor.appsters.me\/wp-content\/uploads\/2024\/05\/tarsadalmi-mobilitas-es-sajat-ut-megtalalasa.jpg 1024w, https:\/\/ailabor.appsters.me\/wp-content\/uploads\/2024\/05\/tarsadalmi-mobilitas-es-sajat-ut-megtalalasa-300x300.jpg 300w, https:\/\/ailabor.appsters.me\/wp-content\/uploads\/2024\/05\/tarsadalmi-mobilitas-es-sajat-ut-megtalalasa-150x150.jpg 150w, https:\/\/ailabor.appsters.me\/wp-content\/uploads\/2024\/05\/tarsadalmi-mobilitas-es-sajat-ut-megtalalasa-768x768.jpg 768w, https:\/\/ailabor.appsters.me\/wp-content\/uploads\/2024\/05\/tarsadalmi-mobilitas-es-sajat-ut-megtalalasa-400x400.jpg 400w\" sizes=\"auto, (max-width: 1024px) 100vw, 1024px\" \/><\/figure>\n<\/div>\n<\/div>\n\n\n\n<div class=\"wp-block-columns is-layout-flex wp-container-core-columns-is-layout-9d6595d7 wp-block-columns-is-layout-flex\">\n<div class=\"wp-block-column is-layout-flow wp-block-column-is-layout-flow\">\n<ol class=\"wp-block-list\" start=\"2\">\n<li><strong>\u00c9rt\u00e9krend \u00e9s bels\u0151 konfliktusok<\/strong>: Ahogy T\u00edm\u00e1r k\u00fczd a gazdags\u00e1g \u00e9s az erk\u00f6lcsi \u00e9rt\u00e9kek k\u00f6z\u00f6tti ellentmond\u00e1ssal, a mai fiatalok is szembes\u00fclnek hasonl\u00f3 d\u00f6nt\u00e9sekkel, k\u00fcl\u00f6n\u00f6sen a materializmus \u00e9s a szem\u00e9lyes boldogs\u00e1g vagy etikai megfontol\u00e1sok kontextus\u00e1ban. A fenntarthat\u00f3s\u00e1g, a t\u00e1rsadalmi igazs\u00e1goss\u00e1g \u00e9s az egy\u00e9ni amb\u00edci\u00f3k egyens\u00faly\u00e1nak k\u00e9rd\u00e9se ugyan\u00fagy aktu\u00e1lis ma is.<\/li>\n<\/ol>\n<\/div>\n\n\n\n<div class=\"wp-block-column is-layout-flow wp-block-column-is-layout-flow\">\n<figure class=\"wp-block-image size-full\"><img loading=\"lazy\" decoding=\"async\" width=\"1024\" height=\"1024\" src=\"https:\/\/ailabor.appsters.me\/wp-content\/uploads\/2024\/05\/ertekrend-es-belso-konfliktusok.jpg\" alt=\"\" class=\"wp-image-438\" srcset=\"https:\/\/ailabor.appsters.me\/wp-content\/uploads\/2024\/05\/ertekrend-es-belso-konfliktusok.jpg 1024w, https:\/\/ailabor.appsters.me\/wp-content\/uploads\/2024\/05\/ertekrend-es-belso-konfliktusok-300x300.jpg 300w, https:\/\/ailabor.appsters.me\/wp-content\/uploads\/2024\/05\/ertekrend-es-belso-konfliktusok-150x150.jpg 150w, https:\/\/ailabor.appsters.me\/wp-content\/uploads\/2024\/05\/ertekrend-es-belso-konfliktusok-768x768.jpg 768w, https:\/\/ailabor.appsters.me\/wp-content\/uploads\/2024\/05\/ertekrend-es-belso-konfliktusok-400x400.jpg 400w\" sizes=\"auto, (max-width: 1024px) 100vw, 1024px\" \/><\/figure>\n<\/div>\n<\/div>\n\n\n\n<div class=\"wp-block-columns is-layout-flex wp-container-core-columns-is-layout-9d6595d7 wp-block-columns-is-layout-flex\">\n<div class=\"wp-block-column is-layout-flow wp-block-column-is-layout-flow\">\n<ol class=\"wp-block-list\" start=\"3\">\n<li><strong>Relazioni amorose e familiari<\/strong>: No\u00e9mi \u00e9s T\u00edm\u00e1r, valamint Tim\u00e9a \u00e9s T\u00edm\u00e1r kapcsolatai bemutatj\u00e1k, hogy az \u00e9rzelmek \u00e9s a k\u00f6t\u0151d\u00e9sek mennyire \u00f6sszetettek \u00e9s id\u0151tlenek. A mai fiatalok is k\u00fczdenek hasonl\u00f3 szerelmi dilemm\u00e1kkal, ahol a sz\u00edv \u00e9s az \u00e9sz, a v\u00e1gy \u00e9s a k\u00f6teless\u00e9g ellent\u00e9tbe ker\u00fclhet.<\/li>\n<\/ol>\n<\/div>\n\n\n\n<div class=\"wp-block-column is-layout-flow wp-block-column-is-layout-flow\">\n<figure class=\"wp-block-image size-full\"><img loading=\"lazy\" decoding=\"async\" width=\"1024\" height=\"1024\" src=\"https:\/\/ailabor.appsters.me\/wp-content\/uploads\/2024\/05\/szerelmi-es-csaladi-kapcsolatok.jpg\" alt=\"\" class=\"wp-image-439\" srcset=\"https:\/\/ailabor.appsters.me\/wp-content\/uploads\/2024\/05\/szerelmi-es-csaladi-kapcsolatok.jpg 1024w, https:\/\/ailabor.appsters.me\/wp-content\/uploads\/2024\/05\/szerelmi-es-csaladi-kapcsolatok-300x300.jpg 300w, https:\/\/ailabor.appsters.me\/wp-content\/uploads\/2024\/05\/szerelmi-es-csaladi-kapcsolatok-150x150.jpg 150w, https:\/\/ailabor.appsters.me\/wp-content\/uploads\/2024\/05\/szerelmi-es-csaladi-kapcsolatok-768x768.jpg 768w, https:\/\/ailabor.appsters.me\/wp-content\/uploads\/2024\/05\/szerelmi-es-csaladi-kapcsolatok-400x400.jpg 400w\" sizes=\"auto, (max-width: 1024px) 100vw, 1024px\" \/><\/figure>\n<\/div>\n<\/div>\n<\/div><\/div>\n\n\n\n<h2 class=\"wp-block-heading\">Differenze<\/h2>\n\n\n\n<ol class=\"wp-block-list\" start=\"1\">\n<li><strong>Technol\u00f3giai \u00e9s t\u00e1rsadalmi v\u00e1ltoz\u00e1sok sebess\u00e9ge<\/strong>: M\u00edg a 19. sz\u00e1zadban a v\u00e1ltoz\u00e1sok lassabban \u00e9rkeztek \u00e9s gyakran gener\u00e1ci\u00f3kon kereszt\u00fcl zajlottak, a modern vil\u00e1gban a technol\u00f3giai fejl\u0151d\u00e9s \u00e9s a t\u00e1rsadalmi v\u00e1ltoz\u00e1sok rendk\u00edv\u00fcl gyorsak, ami m\u00e1sfajta kih\u00edv\u00e1sok el\u00e9 \u00e1ll\u00edtja a mai fiatalokat.<\/li>\n\n\n\n<li><strong>Globaliz\u00e1ci\u00f3 \u00e9s kultur\u00e1lis soksz\u00edn\u0171s\u00e9g<\/strong>: A 19. sz\u00e1zadi Magyarorsz\u00e1g t\u00e1rsadalmi \u00e9s kultur\u00e1lis kontextusa jelent\u0151sen elt\u00e9r a mai globaliz\u00e1lt vil\u00e1gt\u00f3l, ahol a fiatalok naponta tal\u00e1lkoznak \u00e9s interakt\u00e1lnak k\u00fcl\u00f6nb\u00f6z\u0151 kult\u00far\u00e1kb\u00f3l sz\u00e1rmaz\u00f3 emberekkel, ami befoly\u00e1solja az identit\u00e1sukat, vil\u00e1gn\u00e9zet\u00fcket \u00e9s kapcsolataikat.<\/li>\n\n\n\n<li><strong>Hozz\u00e1f\u00e9r\u00e9s az inform\u00e1ci\u00f3hoz \u00e9s az oktat\u00e1shoz<\/strong>: T\u00edm\u00e1r \u00e9s kort\u00e1rsai kor\u00e1ban korl\u00e1tozott volt a hozz\u00e1f\u00e9r\u00e9s az inform\u00e1ci\u00f3hoz \u00e9s az oktat\u00e1shoz, m\u00edg ma a fiatalok sz\u00e1m\u00e1ra szinte korl\u00e1tlan inform\u00e1ci\u00f3 \u00e1ll rendelkez\u00e9sre az interneten kereszt\u00fcl, ami alapvet\u0151en befoly\u00e1solja d\u00f6nt\u00e9seiket \u00e9s lehet\u0151s\u00e9geiket.<\/li>\n<\/ol>\n\n\n\n<h2 class=\"wp-block-heading\">Erk\u00f6lcsi dilemm\u00e1k<\/h2>\n\n\n\n<ul class=\"wp-block-list\">\n<li><strong>T\u00e9mak\u00f6r\u00f6k<\/strong>: A fiatalok megvitathatj\u00e1k, hogyan kezeln\u00e9nek hasonl\u00f3 helyzeteket, mint amiket T\u00edm\u00e1r Mih\u00e1ly tapasztal. P\u00e9ld\u00e1ul mit tenn\u00e9nek, ha titkos inform\u00e1ci\u00f3 birtok\u00e1ba jutn\u00e1nak, ami jelent\u0151s el\u0151nyt jelentene sz\u00e1mukra? Hogyan egyens\u00falyozn\u00e1nak a szem\u00e9lyes boldogs\u00e1g \u00e9s a t\u00e1rsadalmi elv\u00e1r\u00e1sok k\u00f6z\u00f6tt?<\/li>\n\n\n\n<li><strong>\u00c9rt\u00e9kek<\/strong>: Reflekt\u00e1lhatnak arra, hogy mely \u00e9rt\u00e9kek fontosak sz\u00e1mukra, \u00e9s hogyan hat\u00e1rozn\u00e1k meg saj\u00e1t cselekedeteiket ezek alapj\u00e1n a mai vil\u00e1gban.<\/li>\n<\/ul>\n\n\n\n<p><strong>2. Kapcsolatok \u00e9s szem\u00e9lyes k\u00f6tel\u00e9kek<\/strong><\/p>\n\n\n\n<ul class=\"wp-block-list\">\n<li><strong>Szerelmi \u00e9s bar\u00e1ti kapcsolatok<\/strong>: Elemzhetik saj\u00e1t kapcsolataikat, \u00e9s \u00f6sszehasonl\u00edthatj\u00e1k, hogyan kezelik a szerelmi \u00e9rzelmeket \u00e9s bar\u00e1ti lojalit\u00e1st az \u00e9let\u00fckben No\u00e9mi, Tim\u00e9a \u00e9s T\u00edm\u00e1r kapcsolatai f\u00e9ny\u00e9ben.<\/li>\n\n\n\n<li><strong>Csal\u00e1di elv\u00e1r\u00e1sok<\/strong>: Vizsg\u00e1lhatj\u00e1k, hogy a csal\u00e1di nyom\u00e1s mennyire befoly\u00e1solja d\u00f6nt\u00e9seiket, k\u00fcl\u00f6n\u00f6sen a karrier \u00e9s a szem\u00e9lyes \u00e9let ter\u00fclet\u00e9n.<\/li>\n<\/ul>\n\n\n\n<p><strong>3. T\u00e1rsadalmi mobilit\u00e1s \u00e9s karrier<\/strong><\/p>\n\n\n\n<ul class=\"wp-block-list\">\n<li><strong>Karrierutak<\/strong>: Gondolkodhatnak azon, hogyan alak\u00edtj\u00e1k saj\u00e1t karrierj\u00fcket, \u00e9s milyen kih\u00edv\u00e1sokkal, lehet\u0151s\u00e9gekkel tal\u00e1lkoznak ebben a globaliz\u00e1lt \u00e9s technol\u00f3giai vil\u00e1gban.<\/li>\n\n\n\n<li><strong>\u00d6nazonoss\u00e1g<\/strong>: Reflekt\u00e1lhatnak arra, hogyan hat\u00e1rozza meg a t\u00e1rsadalmi st\u00e1tusz az \u00f6nk\u00e9p\u00fcket, \u00e9s milyen l\u00e9p\u00e9seket tehetn\u00e9nek annak \u00e9rdek\u00e9ben, hogy val\u00f3di \u00e9nj\u00fcknek megfelel\u0151en \u00e9ljenek.<\/li>\n<\/ul>\n\n\n\n<p><strong>4. Technol\u00f3giai \u00e9s kultur\u00e1lis k\u00fcl\u00f6nbs\u00e9gek<\/strong><\/p>\n\n\n\n<ul class=\"wp-block-list\">\n<li><strong>Technol\u00f3gia hat\u00e1sa<\/strong>: Besz\u00e9lgethetnek arr\u00f3l, hogy a modern technol\u00f3gia hogyan befoly\u00e1solja a t\u00e1rsadalmi interakci\u00f3kat, a hozz\u00e1f\u00e9rhet\u0151 inform\u00e1ci\u00f3 mennyis\u00e9g\u00e9t \u00e9s min\u0151s\u00e9g\u00e9t, valamint a p\u00e9nz\u00fcgyi lehet\u0151s\u00e9geket.<\/li>\n\n\n\n<li><strong>Kultur\u00e1lis \u00f6sszehasonl\u00edt\u00e1s<\/strong>: \u00d6sszehasonl\u00edthatj\u00e1k, hogyan k\u00fcl\u00f6nb\u00f6zik a saj\u00e1t kult\u00far\u00e1juk a reg\u00e9ny \u00e1ltal bemutatott korabeli magyar t\u00e1rsadalomt\u00f3l, k\u00fcl\u00f6n\u00f6s tekintettel a csal\u00e1di szerkezetre, a nemek k\u00f6z\u00f6tti egyenl\u0151s\u00e9gre \u00e9s a t\u00e1rsadalmi norm\u00e1kra.<\/li>\n<\/ul>\n\n\n\n<p><strong>5. \u00d6nreflexi\u00f3 \u00e9s napl\u00f3\u00edr\u00e1s<\/strong><\/p>\n\n\n\n<ul class=\"wp-block-list\">\n<li><strong>Napl\u00f3\u00edr\u00e1s<\/strong>: A fiatalok vezethetnek egy napl\u00f3t, amelyben r\u00f6gz\u00edtik gondolataikat, \u00e9rz\u00e9seiket \u00e9s reakci\u00f3ikat, mik\u00f6zben olvass\u00e1k a reg\u00e9nyt, \u00e9s \u00edgy \u00f6sszekapcsolhatj\u00e1k a reg\u00e9ny esem\u00e9nyeit saj\u00e1t tapasztalataikkal.<\/li>\n\n\n\n<li><strong>Csoportos projektek<\/strong>: Csoportos projektekben dolgozhatnak, ahol kreat\u00edv m\u00f3don, p\u00e9ld\u00e1ul vide\u00f3k, dr\u00e1mai el\u0151ad\u00e1sok vagy vizu\u00e1lis m\u0171v\u00e9szeti projektek k\u00e9sz\u00edt\u00e9s\u00e9vel dolgozz\u00e1k fel a reg\u00e9nyt, reflekt\u00e1lva a modern kor kih\u00edv\u00e1saira.<\/li>\n<\/ul>\n\n\n\n<p>Ezek az aktivit\u00e1sok seg\u00edthetnek a fiataloknak m\u00e9lyebben elgondolkodni saj\u00e1t helyzet\u00fck\u00f6n, d\u00f6nt\u00e9seiken \u00e9s a t\u00e1rsadalmi kontextuson, amelyben \u00e9lnek, mik\u00f6zben jobban meg\u00e9rtik \u00e9s \u00e9rt\u00e9kelik J\u00f3kai M\u00f3r reg\u00e9ny\u00e9nek mondanival\u00f3j\u00e1t \u00e9s id\u0151tlens\u00e9g\u00e9t.<\/p>","protected":false},"excerpt":{"rendered":"<p>Az &#8222;Az arany ember&#8221; \u00e9s a modern vil\u00e1g k\u00f6z\u00f6tti p\u00e1rhuzamok megtal\u00e1l\u00e1sa izgalmas m\u00f3dszer lehet a reg\u00e9ny relevanci\u00e1j\u00e1nak bemutat\u00e1s\u00e1ra a mai olvas\u00f3k sz\u00e1m\u00e1ra. B\u00e1r a t\u00f6rt\u00e9net a 19. sz\u00e1zad k\u00f6zep\u00e9n j\u00e1tsz\u00f3dik, sz\u00e1mos t\u00e9ma \u00e9s dilemma tov\u00e1bbra is id\u0151szer\u0171 marad. \u00cdme n\u00e9h\u00e1ny kulcsfontoss\u00e1g\u00fa kapcsol\u00f3d\u00e1si pont \u00e9s k\u00fcl\u00f6nbs\u00e9g, amelyek seg\u00edthetnek a di\u00e1koknak \u00f6sszek\u00f6tni a m\u00faltat \u00e9s a jelent:&#8230;<\/p>","protected":false},"author":5,"featured_media":0,"parent":0,"menu_order":0,"comment_status":"closed","ping_status":"closed","template":"","meta":{"_eb_attr":"","inline_featured_image":false,"_kad_post_transparent":"","_kad_post_title":"","_kad_post_layout":"","_kad_post_sidebar_id":"","_kad_post_content_style":"","_kad_post_vertical_padding":"","_kad_post_feature":"","_kad_post_feature_position":"","_kad_post_header":false,"_kad_post_footer":false,"footnotes":""},"class_list":["post-436","page","type-page","status-publish","hentry"],"_links":{"self":[{"href":"https:\/\/ailabor.appsters.me\/it\/wp-json\/wp\/v2\/pages\/436","targetHints":{"allow":["GET"]}}],"collection":[{"href":"https:\/\/ailabor.appsters.me\/it\/wp-json\/wp\/v2\/pages"}],"about":[{"href":"https:\/\/ailabor.appsters.me\/it\/wp-json\/wp\/v2\/types\/page"}],"author":[{"embeddable":true,"href":"https:\/\/ailabor.appsters.me\/it\/wp-json\/wp\/v2\/users\/5"}],"replies":[{"embeddable":true,"href":"https:\/\/ailabor.appsters.me\/it\/wp-json\/wp\/v2\/comments?post=436"}],"version-history":[{"count":3,"href":"https:\/\/ailabor.appsters.me\/it\/wp-json\/wp\/v2\/pages\/436\/revisions"}],"predecessor-version":[{"id":2996,"href":"https:\/\/ailabor.appsters.me\/it\/wp-json\/wp\/v2\/pages\/436\/revisions\/2996"}],"wp:attachment":[{"href":"https:\/\/ailabor.appsters.me\/it\/wp-json\/wp\/v2\/media?parent=436"}],"curies":[{"name":"wp","href":"https:\/\/api.w.org\/{rel}","templated":true}]}}