{"id":536,"date":"2024-05-13T12:02:05","date_gmt":"2024-05-13T12:02:05","guid":{"rendered":"https:\/\/ailabor.appsters.me\/?page_id=536"},"modified":"2024-08-02T08:00:10","modified_gmt":"2024-08-02T08:00:10","slug":"reflexio","status":"publish","type":"page","link":"https:\/\/ailabor.appsters.me\/it\/reflexio\/","title":{"rendered":"Reflexi\u00f3"},"content":{"rendered":"<div class=\"wp-block-group prompt\" style=\"border-style:none;border-width:0px;border-radius:6px\"><div class=\"wp-block-group__inner-container is-layout-constrained wp-block-group-is-layout-constrained\">\n<h3 class=\"wp-block-heading has-theme-palette-3-color has-text-color has-link-color wp-elements-1fbb548060598e757caff609fe66fbb2\">> Hogyan tudn\u00e1k a fiatalok reflekt\u00e1lni a reg\u00e9nyt a saj\u00e1t \u00e9let\u00fckre?<\/h3>\n<\/div><\/div>\n\n\n\n<p>A fiatalok reflekt\u00e1lhatnak &#8222;Az arany ember&#8221; reg\u00e9nyre \u00e9s vonhatnak p\u00e1rhuzamokat saj\u00e1t \u00e9let\u00fckkel sz\u00e1mos m\u00f3don. Itt van n\u00e9h\u00e1ny javaslat, hogy hogyan tudj\u00e1k ezt megtenni a di\u00e1kok, mik\u00f6zben fontos \u00e9letleck\u00e9ket is megtanulnak:<\/p>\n\n\n\n<h2 class=\"wp-block-heading\"><strong>1. Erk\u00f6lcsi dilemm\u00e1k megvitat\u00e1sa<\/strong><\/h2>\n\n\n\n<ul class=\"wp-block-list\">\n<li><strong>T\u00e9mak\u00f6r\u00f6k<\/strong>: A fiatalok megvitathatj\u00e1k, hogyan kezeln\u00e9nek hasonl\u00f3 helyzeteket, mint amiket T\u00edm\u00e1r Mih\u00e1ly tapasztal. P\u00e9ld\u00e1ul mit tenn\u00e9nek, ha titkos inform\u00e1ci\u00f3 birtok\u00e1ba jutn\u00e1nak, ami jelent\u0151s el\u0151nyt jelentene sz\u00e1mukra? Hogyan egyens\u00falyozn\u00e1nak a szem\u00e9lyes boldogs\u00e1g \u00e9s a t\u00e1rsadalmi elv\u00e1r\u00e1sok k\u00f6z\u00f6tt?<\/li>\n\n\n\n<li><strong>\u00c9rt\u00e9kek<\/strong>: Reflekt\u00e1lhatnak arra, hogy mely \u00e9rt\u00e9kek fontosak sz\u00e1mukra, \u00e9s hogyan hat\u00e1rozn\u00e1k meg saj\u00e1t cselekedeteiket ezek alapj\u00e1n a mai vil\u00e1gban.<\/li>\n<\/ul>\n\n\n\n<h2 class=\"wp-block-heading\"><strong>2. Kapcsolatok \u00e9s szem\u00e9lyes k\u00f6tel\u00e9kek<\/strong><\/h2>\n\n\n\n<ul class=\"wp-block-list\">\n<li><strong>Szerelmi \u00e9s bar\u00e1ti kapcsolatok<\/strong>: Elemzhetik saj\u00e1t kapcsolataikat, \u00e9s \u00f6sszehasonl\u00edthatj\u00e1k, hogyan kezelik a szerelmi \u00e9rzelmeket \u00e9s bar\u00e1ti lojalit\u00e1st az \u00e9let\u00fckben No\u00e9mi, Tim\u00e9a \u00e9s T\u00edm\u00e1r kapcsolatai f\u00e9ny\u00e9ben.<\/li>\n\n\n\n<li><strong>Csal\u00e1di elv\u00e1r\u00e1sok<\/strong>: Vizsg\u00e1lhatj\u00e1k, hogy a csal\u00e1di nyom\u00e1s mennyire befoly\u00e1solja d\u00f6nt\u00e9seiket, k\u00fcl\u00f6n\u00f6sen a karrier \u00e9s a szem\u00e9lyes \u00e9let ter\u00fclet\u00e9n.<\/li>\n<\/ul>\n\n\n\n<h2 class=\"wp-block-heading\"><strong>3. T\u00e1rsadalmi mobilit\u00e1s \u00e9s karrier<\/strong><\/h2>\n\n\n\n<ul class=\"wp-block-list\">\n<li><strong>Karrierutak<\/strong>: Gondolkodhatnak azon, hogyan alak\u00edtj\u00e1k saj\u00e1t karrierj\u00fcket, \u00e9s milyen kih\u00edv\u00e1sokkal, lehet\u0151s\u00e9gekkel tal\u00e1lkoznak ebben a globaliz\u00e1lt \u00e9s technol\u00f3giai vil\u00e1gban.<\/li>\n\n\n\n<li><strong>\u00d6nazonoss\u00e1g<\/strong>: Reflekt\u00e1lhatnak arra, hogyan hat\u00e1rozza meg a t\u00e1rsadalmi st\u00e1tusz az \u00f6nk\u00e9p\u00fcket, \u00e9s milyen l\u00e9p\u00e9seket tehetn\u00e9nek annak \u00e9rdek\u00e9ben, hogy val\u00f3di \u00e9nj\u00fcknek megfelel\u0151en \u00e9ljenek.<\/li>\n<\/ul>\n\n\n\n<h2 class=\"wp-block-heading\"><strong>4. Technol\u00f3giai \u00e9s kultur\u00e1lis k\u00fcl\u00f6nbs\u00e9gek<\/strong><\/h2>\n\n\n\n<ul class=\"wp-block-list\">\n<li><strong>Technol\u00f3gia hat\u00e1sa<\/strong>: Besz\u00e9lgethetnek arr\u00f3l, hogy a modern technol\u00f3gia hogyan befoly\u00e1solja a t\u00e1rsadalmi interakci\u00f3kat, a hozz\u00e1f\u00e9rhet\u0151 inform\u00e1ci\u00f3 mennyis\u00e9g\u00e9t \u00e9s min\u0151s\u00e9g\u00e9t, valamint a p\u00e9nz\u00fcgyi lehet\u0151s\u00e9geket.<\/li>\n\n\n\n<li><strong>Kultur\u00e1lis \u00f6sszehasonl\u00edt\u00e1s<\/strong>: \u00d6sszehasonl\u00edthatj\u00e1k, hogyan k\u00fcl\u00f6nb\u00f6zik a saj\u00e1t kult\u00far\u00e1juk a reg\u00e9ny \u00e1ltal bemutatott korabeli magyar t\u00e1rsadalomt\u00f3l, k\u00fcl\u00f6n\u00f6s tekintettel a csal\u00e1di szerkezetre, a nemek k\u00f6z\u00f6tti egyenl\u0151s\u00e9gre \u00e9s a t\u00e1rsadalmi norm\u00e1kra.<\/li>\n<\/ul>\n\n\n\n<h2 class=\"wp-block-heading\"><strong>5. \u00d6nreflexi\u00f3 \u00e9s napl\u00f3\u00edr\u00e1s<\/strong><\/h2>\n\n\n\n<ul class=\"wp-block-list\">\n<li><strong>Napl\u00f3\u00edr\u00e1s<\/strong>: A fiatalok vezethetnek egy napl\u00f3t, amelyben r\u00f6gz\u00edtik gondolataikat, \u00e9rz\u00e9seiket \u00e9s reakci\u00f3ikat, mik\u00f6zben olvass\u00e1k a reg\u00e9nyt, \u00e9s \u00edgy \u00f6sszekapcsolhatj\u00e1k a reg\u00e9ny esem\u00e9nyeit saj\u00e1t tapasztalataikkal.<\/li>\n\n\n\n<li><strong>Csoportos projektek<\/strong>: Csoportos projektekben dolgozhatnak, ahol kreat\u00edv m\u00f3don, p\u00e9ld\u00e1ul vide\u00f3k, dr\u00e1mai el\u0151ad\u00e1sok vagy vizu\u00e1lis m\u0171v\u00e9szeti projektek k\u00e9sz\u00edt\u00e9s\u00e9vel dolgozz\u00e1k fel a reg\u00e9nyt, reflekt\u00e1lva a modern kor kih\u00edv\u00e1saira.<\/li>\n<\/ul>\n\n\n\n<p>Ezek az aktivit\u00e1sok seg\u00edthetnek a fiataloknak m\u00e9lyebben elgondolkodni saj\u00e1t helyzet\u00fck\u00f6n, d\u00f6nt\u00e9seiken \u00e9s a t\u00e1rsadalmi kontextuson, amelyben \u00e9lnek, mik\u00f6zben jobban meg\u00e9rtik \u00e9s \u00e9rt\u00e9kelik J\u00f3kai M\u00f3r reg\u00e9ny\u00e9nek mondanival\u00f3j\u00e1t \u00e9s id\u0151tlens\u00e9g\u00e9t.<\/p>","protected":false},"excerpt":{"rendered":"<p>> Hogyan tudn\u00e1k a fiatalok reflekt\u00e1lni a reg\u00e9nyt a saj\u00e1t \u00e9let\u00fckre? A fiatalok reflekt\u00e1lhatnak &#8222;Az arany ember&#8221; reg\u00e9nyre \u00e9s vonhatnak p\u00e1rhuzamokat saj\u00e1t \u00e9let\u00fckkel sz\u00e1mos m\u00f3don. Itt van n\u00e9h\u00e1ny javaslat, hogy hogyan tudj\u00e1k ezt megtenni a di\u00e1kok, mik\u00f6zben fontos \u00e9letleck\u00e9ket is megtanulnak: 1. Erk\u00f6lcsi dilemm\u00e1k megvitat\u00e1sa 2. Kapcsolatok \u00e9s szem\u00e9lyes k\u00f6tel\u00e9kek 3. T\u00e1rsadalmi mobilit\u00e1s \u00e9s karrier&#8230;<\/p>","protected":false},"author":5,"featured_media":0,"parent":0,"menu_order":0,"comment_status":"closed","ping_status":"closed","template":"","meta":{"_eb_attr":"","inline_featured_image":false,"_kad_post_transparent":"","_kad_post_title":"","_kad_post_layout":"","_kad_post_sidebar_id":"","_kad_post_content_style":"","_kad_post_vertical_padding":"","_kad_post_feature":"","_kad_post_feature_position":"","_kad_post_header":false,"_kad_post_footer":false,"footnotes":""},"class_list":["post-536","page","type-page","status-publish","hentry"],"_links":{"self":[{"href":"https:\/\/ailabor.appsters.me\/it\/wp-json\/wp\/v2\/pages\/536","targetHints":{"allow":["GET"]}}],"collection":[{"href":"https:\/\/ailabor.appsters.me\/it\/wp-json\/wp\/v2\/pages"}],"about":[{"href":"https:\/\/ailabor.appsters.me\/it\/wp-json\/wp\/v2\/types\/page"}],"author":[{"embeddable":true,"href":"https:\/\/ailabor.appsters.me\/it\/wp-json\/wp\/v2\/users\/5"}],"replies":[{"embeddable":true,"href":"https:\/\/ailabor.appsters.me\/it\/wp-json\/wp\/v2\/comments?post=536"}],"version-history":[{"count":6,"href":"https:\/\/ailabor.appsters.me\/it\/wp-json\/wp\/v2\/pages\/536\/revisions"}],"predecessor-version":[{"id":2997,"href":"https:\/\/ailabor.appsters.me\/it\/wp-json\/wp\/v2\/pages\/536\/revisions\/2997"}],"wp:attachment":[{"href":"https:\/\/ailabor.appsters.me\/it\/wp-json\/wp\/v2\/media?parent=536"}],"curies":[{"name":"wp","href":"https:\/\/api.w.org\/{rel}","templated":true}]}}