{"id":547,"date":"2024-05-13T12:13:25","date_gmt":"2024-05-13T12:13:25","guid":{"rendered":"https:\/\/ailabor.appsters.me\/?page_id=547"},"modified":"2024-08-02T08:12:40","modified_gmt":"2024-08-02T08:12:40","slug":"a-tundersziget-hangulata","status":"publish","type":"page","link":"https:\/\/ailabor.appsters.me\/it\/solitudine-isola-di-nessuno\/","title":{"rendered":"La solitudine dell&#039;isola di nessuno"},"content":{"rendered":"<div style=\"background-image:url(&apos;https:\/\/ailabor.appsters.me\/wp-content\/uploads\/2024\/06\/Ellipse-4.png&apos;);background-position:50% 30%;background-size:cover;\" class=\"wp-block-group has-background\"><div class=\"wp-block-group__inner-container is-layout-constrained wp-block-group-is-layout-constrained\">\n<div class=\"wp-block-group group-1240\"><div class=\"wp-block-group__inner-container is-layout-constrained wp-block-group-is-layout-constrained\">\n<h4 class=\"wp-block-heading\">Quale capitolo trasmette meglio l&#039;atmosfera del romanzo e perch\u00e9?<\/h4>\n\n\n\n<figure class=\"wp-block-image size-full is-resized\"><img loading=\"lazy\" decoding=\"async\" width=\"1000\" height=\"235\" src=\"https:\/\/ailabor.appsters.me\/wp-content\/uploads\/2024\/06\/robot_v2_horizont-1-1.gif\" alt=\"\" class=\"wp-image-2482\" style=\"width:200px\"\/><\/figure>\n\n\n\n<p class=\"translation-block\">Il capitolo <em>Chi viene?<\/em> del romanzo <em>L'uomo d'oro<\/em> trasmette probabilmente meglio\nl'atmosfera del romanzo. Questo capitolo illustra bene i temi e l'atmosfera centrali del\nromanzo da vari punti di vista.<\/p>\n\n\n\n<div class=\"wp-block-columns is-layout-flex wp-container-core-columns-is-layout-9d6595d7 wp-block-columns-is-layout-flex\">\n<div class=\"wp-block-column is-layout-flow wp-block-column-is-layout-flow\">\n<p class=\"translation-block\"><strong>Isolamento e solitudine<\/strong>: L'isolamento e la solitudine dell'isola riflettono fortemente il mondo\ninteriore di Tim\u00e1r. L'isolamento dal mondo esterno simboleggia i conflitti interni del\npersonaggio e il suo desiderio di fuga. Qui Tim\u00e1r trova il rifugio dove pu\u00f2 allontanarsi dal\ncaos del mondo esterno e dal suo stesso senso di colpa.<\/p>\n\n\n\n<p class=\"translation-block\"><strong>Natura e tranquillit\u00e0<\/strong>: Il carattere idilliaco e paradisiaco dell'isola, l'armonia e la pace della\nnatura contrastano con le tensioni e l'inquietudine del resto del romanzo. Questo contrasto\nsottolinea l'importanza del rifugio offerto dall'isola per Tim\u00e1r.<\/p>\n\n\n\n<p class=\"translation-block\"><strong>Misticismo e mistero<\/strong>: L'atmosfera misteriosa e mistica dell'isola, dove vivono No\u00e9mi e\nTer\u00e9za, aggiunge ulteriore profondit\u00e0 al romanzo. Questo luogo rappresenta un mondo dove\ni peccati del passato e le sfide del presente sbiadiscono.<\/p>\n\n\n\n<p class=\"translation-block\"><strong>La ricerca della pace interiore<\/strong>: Tim\u00e1r trova la sua pace interiore sull'isola, cosa che non\npoteva trovare nel mondo esterno. L'isola gli offre l'opportunit\u00e0 di riflettere sulla sua vita, le\nsue decisioni e la sua coscienza.<\/p>\n\n\n\n<p class=\"translation-block\"><strong>Relazioni ed emozioni umane<\/strong>: Durante il soggiorno sull'isola, il rapporto di Tim\u00e1r con No\u00e9mi\ne Ter\u00e9za si approfondisce, aprendo nuove dimensioni emotive per lui. Pertanto, l'isola come\nluogo non simboleggia solo i sentimenti romantici, ma anche la comprensione e\nl'accettazione umane in generale.<\/p>\n\n\n\n<p class=\"translation-block\"><strong>Rinascita e fuga<\/strong>: L'isola \u00e8 anche il luogo della rinascita per Tim\u00e1r. Qui pu\u00f2 reinterpretare la\nsua vita e ha l'opportunit\u00e0 di diventare una nuova persona, lasciando alle spalle i fardelli e i\npeccati della sua vecchia vita.<\/p>\n<\/div>\n\n\n\n<div class=\"wp-block-column is-layout-flow wp-block-column-is-layout-flow\">\n<figure class=\"wp-block-image size-full\"><img loading=\"lazy\" decoding=\"async\" width=\"1024\" height=\"1024\" src=\"https:\/\/ailabor.appsters.me\/wp-content\/uploads\/2024\/05\/tundersziget-hangulata.jpg\" alt=\"\" class=\"wp-image-451\" srcset=\"https:\/\/ailabor.appsters.me\/wp-content\/uploads\/2024\/05\/tundersziget-hangulata.jpg 1024w, https:\/\/ailabor.appsters.me\/wp-content\/uploads\/2024\/05\/tundersziget-hangulata-300x300.jpg 300w, https:\/\/ailabor.appsters.me\/wp-content\/uploads\/2024\/05\/tundersziget-hangulata-150x150.jpg 150w, https:\/\/ailabor.appsters.me\/wp-content\/uploads\/2024\/05\/tundersziget-hangulata-768x768.jpg 768w, https:\/\/ailabor.appsters.me\/wp-content\/uploads\/2024\/05\/tundersziget-hangulata-400x400.jpg 400w\" sizes=\"auto, (max-width: 1024px) 100vw, 1024px\" \/><\/figure>\n<\/div>\n<\/div>\n\n\n\n<div style=\"height:25px\" aria-hidden=\"true\" class=\"wp-block-spacer\"><\/div>\n\n\n\n<p><strong>Riassunto<\/strong><\/p>\n\n\n\n<p class=\"translation-block\">L'isola di nessuno, come rappresentata nel capitolo <em>Chi viene?<\/em>, mostra bene l'atmosfera\ndel romanzo. L'isola \u00e8 uno dei luoghi pi\u00f9 importanti per lo sviluppo del personaggio di Tim\u00e1r.\nL'isolamento, la vicinanza alla natura, il misticismo e la ricerca della pace interiore sono tutti\nelementi che definiscono profondamente l'atmosfera del romanzo e il percorso del\nprotagonista. Questo capitolo non solo segna un punto di svolta nella vita di Tim\u00e1r, ma\nincarna anche l'essenza dei temi centrali del romanzo.<\/p>\n\n\n\n<div style=\"height:40px\" aria-hidden=\"true\" class=\"wp-block-spacer\"><\/div>\n<\/div><\/div>\n<\/div><\/div>","protected":false},"excerpt":{"rendered":"<p>Melyik fejezet adja \u00e1t legink\u00e1bb a reg\u00e9ny hangulat\u00e1t \u00e9s mi\u00e9rt? Az arany ember c\u00edm\u0171 reg\u00e9ny hangulat\u00e1t tal\u00e1n legink\u00e1bb a Ki j\u00f6n? c\u00edm\u0171 fejezet adja \u00e1t. Ez a fejezet j\u00f3l szeml\u00e9lteti a reg\u00e9ny k\u00f6zponti t\u00e9m\u00e1it \u00e9s hangulat\u00e1t t\u00f6bb szempontb\u00f3l is. Izol\u00e1ci\u00f3 \u00e9s mag\u00e1ny: A sziget izol\u00e1lts\u00e1ga \u00e9s mag\u00e1nya er\u0151teljesen t\u00fckr\u00f6zi Tim\u00e1r bels\u0151 vil\u00e1g\u00e1t. A k\u00fclvil\u00e1gt\u00f3l val\u00f3&#8230;<\/p>","protected":false},"author":5,"featured_media":0,"parent":0,"menu_order":0,"comment_status":"closed","ping_status":"closed","template":"","meta":{"_eb_attr":"","inline_featured_image":false,"_kad_post_transparent":"","_kad_post_title":"","_kad_post_layout":"","_kad_post_sidebar_id":"","_kad_post_content_style":"","_kad_post_vertical_padding":"","_kad_post_feature":"","_kad_post_feature_position":"","_kad_post_header":false,"_kad_post_footer":false,"footnotes":""},"class_list":["post-547","page","type-page","status-publish","hentry"],"_links":{"self":[{"href":"https:\/\/ailabor.appsters.me\/it\/wp-json\/wp\/v2\/pages\/547","targetHints":{"allow":["GET"]}}],"collection":[{"href":"https:\/\/ailabor.appsters.me\/it\/wp-json\/wp\/v2\/pages"}],"about":[{"href":"https:\/\/ailabor.appsters.me\/it\/wp-json\/wp\/v2\/types\/page"}],"author":[{"embeddable":true,"href":"https:\/\/ailabor.appsters.me\/it\/wp-json\/wp\/v2\/users\/5"}],"replies":[{"embeddable":true,"href":"https:\/\/ailabor.appsters.me\/it\/wp-json\/wp\/v2\/comments?post=547"}],"version-history":[{"count":12,"href":"https:\/\/ailabor.appsters.me\/it\/wp-json\/wp\/v2\/pages\/547\/revisions"}],"predecessor-version":[{"id":2560,"href":"https:\/\/ailabor.appsters.me\/it\/wp-json\/wp\/v2\/pages\/547\/revisions\/2560"}],"wp:attachment":[{"href":"https:\/\/ailabor.appsters.me\/it\/wp-json\/wp\/v2\/media?parent=547"}],"curies":[{"name":"wp","href":"https:\/\/api.w.org\/{rel}","templated":true}]}}