{"id":576,"date":"2024-05-13T15:10:03","date_gmt":"2024-05-13T15:10:03","guid":{"rendered":"https:\/\/ailabor.appsters.me\/?page_id=576"},"modified":"2024-08-23T15:21:21","modified_gmt":"2024-08-23T15:21:21","slug":"filmadaptacio","status":"publish","type":"page","link":"https:\/\/ailabor.appsters.me\/it\/adattamento-cinematografico\/","title":{"rendered":"Adattamento cinematografico"},"content":{"rendered":"<div style=\"background-image:url(&apos;https:\/\/ailabor.appsters.me\/wp-content\/uploads\/2024\/06\/Ellipse-4.png&apos;);background-position:50% 30%;background-size:cover;\" class=\"wp-block-group has-background\"><div class=\"wp-block-group__inner-container is-layout-constrained wp-block-group-is-layout-constrained\">\n<div class=\"wp-block-group group-1240\"><div class=\"wp-block-group__inner-container is-layout-constrained wp-block-group-is-layout-constrained\">\n<h4 class=\"wp-block-heading\">Hogyan lehetne modern form\u00e1ban, p\u00e9ld\u00e1ul film seg\u00edts\u00e9g\u00e9vel feldolgozni a t\u00f6rt\u00e9netet?<\/h4>\n\n\n\n<figure class=\"wp-block-image size-full is-resized\"><img loading=\"lazy\" decoding=\"async\" width=\"1000\" height=\"235\" src=\"https:\/\/ailabor.appsters.me\/wp-content\/uploads\/2024\/06\/robot_v2_horizont-1-1.gif\" alt=\"\" class=\"wp-image-2482\" style=\"width:200px\"\/><\/figure>\n\n\n\n<div class=\"wp-block-columns is-layout-flex wp-container-core-columns-is-layout-9d6595d7 wp-block-columns-is-layout-flex\">\n<div class=\"wp-block-column is-layout-flow wp-block-column-is-layout-flow\">\n<h4 class=\"wp-block-heading\">Adattamento cinematografico<\/h4>\n\n\n\n<ul class=\"wp-block-list mono\">\n<li class=\"translation-block\"><strong>Stile<\/strong>: Il romanzo potrebbe essere reinterpretato in un ambiente moderno, ad esempio come un dramma ambientato in una grande citt\u00e0 contemporanea, dove il protagonista \u00e8 un uomo\nd'affari di successo che lotta con conflitti interiori.<\/li>\n\n\n\n<li class=\"translation-block\"><strong>Tema<\/strong>: Il film potrebbe concentrarsi sui dilemmi interiori e il viaggio emotivo di Tim\u00e1r,\nmettendo in evidenza la lotta tra i beni materiali e i valori morali.<\/li>\n\n\n\n<li class=\"translation-block\"><strong>Approccio visivo<\/strong>: Potremmo utilizzare strumenti visivi moderni, come tagli dinamici e\nmovimenti di macchina focalizzati sui personaggi, per trasmettere le tensioni interiori.<\/li>\n<\/ul>\n<\/div>\n\n\n\n<div class=\"wp-block-column is-layout-flow wp-block-column-is-layout-flow\">\n<figure class=\"wp-block-image size-full\"><img loading=\"lazy\" decoding=\"async\" width=\"1024\" height=\"1024\" src=\"https:\/\/ailabor.appsters.me\/wp-content\/uploads\/2024\/05\/aranyember-filmadaptacio.jpg\" alt=\"\" class=\"wp-image-471\" srcset=\"https:\/\/ailabor.appsters.me\/wp-content\/uploads\/2024\/05\/aranyember-filmadaptacio.jpg 1024w, https:\/\/ailabor.appsters.me\/wp-content\/uploads\/2024\/05\/aranyember-filmadaptacio-300x300.jpg 300w, https:\/\/ailabor.appsters.me\/wp-content\/uploads\/2024\/05\/aranyember-filmadaptacio-150x150.jpg 150w, https:\/\/ailabor.appsters.me\/wp-content\/uploads\/2024\/05\/aranyember-filmadaptacio-768x768.jpg 768w, https:\/\/ailabor.appsters.me\/wp-content\/uploads\/2024\/05\/aranyember-filmadaptacio-400x400.jpg 400w\" sizes=\"auto, (max-width: 1024px) 100vw, 1024px\" \/><\/figure>\n<\/div>\n<\/div>\n\n\n\n<div style=\"height:40px\" aria-hidden=\"true\" class=\"wp-block-spacer\"><\/div>\n<\/div><\/div>\n<\/div><\/div>","protected":false},"excerpt":{"rendered":"<p>Hogyan lehetne modern form\u00e1ban, p\u00e9ld\u00e1ul film seg\u00edts\u00e9g\u00e9vel feldolgozni a t\u00f6rt\u00e9netet? Filmadapt\u00e1ci\u00f3<\/p>","protected":false},"author":5,"featured_media":0,"parent":0,"menu_order":0,"comment_status":"closed","ping_status":"closed","template":"","meta":{"_eb_attr":"","inline_featured_image":false,"_kad_post_transparent":"","_kad_post_title":"","_kad_post_layout":"","_kad_post_sidebar_id":"","_kad_post_content_style":"","_kad_post_vertical_padding":"","_kad_post_feature":"","_kad_post_feature_position":"","_kad_post_header":false,"_kad_post_footer":false,"footnotes":""},"class_list":["post-576","page","type-page","status-publish","hentry"],"_links":{"self":[{"href":"https:\/\/ailabor.appsters.me\/it\/wp-json\/wp\/v2\/pages\/576","targetHints":{"allow":["GET"]}}],"collection":[{"href":"https:\/\/ailabor.appsters.me\/it\/wp-json\/wp\/v2\/pages"}],"about":[{"href":"https:\/\/ailabor.appsters.me\/it\/wp-json\/wp\/v2\/types\/page"}],"author":[{"embeddable":true,"href":"https:\/\/ailabor.appsters.me\/it\/wp-json\/wp\/v2\/users\/5"}],"replies":[{"embeddable":true,"href":"https:\/\/ailabor.appsters.me\/it\/wp-json\/wp\/v2\/comments?post=576"}],"version-history":[{"count":9,"href":"https:\/\/ailabor.appsters.me\/it\/wp-json\/wp\/v2\/pages\/576\/revisions"}],"predecessor-version":[{"id":3113,"href":"https:\/\/ailabor.appsters.me\/it\/wp-json\/wp\/v2\/pages\/576\/revisions\/3113"}],"wp:attachment":[{"href":"https:\/\/ailabor.appsters.me\/it\/wp-json\/wp\/v2\/media?parent=576"}],"curies":[{"name":"wp","href":"https:\/\/api.w.org\/{rel}","templated":true}]}}