{"id":587,"date":"2024-05-13T15:16:49","date_gmt":"2024-05-13T15:16:49","guid":{"rendered":"https:\/\/ailabor.appsters.me\/?page_id=587"},"modified":"2024-08-08T10:32:06","modified_gmt":"2024-08-08T10:32:06","slug":"websorozat","status":"publish","type":"page","link":"https:\/\/ailabor.appsters.me\/it\/serie-web\/","title":{"rendered":"Serie Web"},"content":{"rendered":"<div style=\"background-image:url(&apos;https:\/\/ailabor.appsters.me\/wp-content\/uploads\/2024\/06\/Ellipse-3-4.png&apos;);background-position:100% 50%;background-repeat:no-repeat;background-size:contain;\" class=\"wp-block-group has-background\"><div class=\"wp-block-group__inner-container is-layout-constrained wp-block-group-is-layout-constrained\">\n<div class=\"wp-block-group group-1240\" style=\"border-style:none;border-width:0px;border-radius:6px\"><div class=\"wp-block-group__inner-container is-layout-constrained wp-block-group-is-layout-constrained\">\n<h4 class=\"wp-block-heading\">Se tu dovessi creare una serie web basata sull&#039;intero romanzo, quali sarebbero i titoli degli\nepisodi e le descrizioni?<\/h4>\n\n\n\n<figure class=\"wp-block-image size-full is-resized\"><img loading=\"lazy\" decoding=\"async\" width=\"1000\" height=\"235\" src=\"https:\/\/ailabor.appsters.me\/wp-content\/uploads\/2024\/06\/robot_v2_horizont-1-1.gif\" alt=\"\" class=\"wp-image-2482\" style=\"width:200px\"\/><\/figure>\n\n\n\n<p class=\"translation-block\">Gli episodi della serie web tratta dal romanzo <em>L'uomo d'oro<\/em> dovrebbero essere\nattentamente strutturati per rappresentare gli eventi e lo sviluppo dei personaggi chiave del\nromanzo. Ecco una lista proposta per gli episodi, concentrandosi sui momenti salienti della\nstoria:<\/p>\n\n\n\n<div class=\"wp-block-columns is-layout-flex wp-container-core-columns-is-layout-9d6595d7 wp-block-columns-is-layout-flex\">\n<div class=\"wp-block-column is-layout-flow wp-block-column-is-layout-flow\">\n<p><strong>Episodio 1: Il salvatore<\/strong><\/p>\n\n\n\n<p class=\"translation-block\"><strong>Descrizione<\/strong>: In una notte tempestosa, Tim\u00e1r salva coraggiosamente una nave che sta\naffondando e il suo prezioso carico. Questo evento cambia radicalmente la sua vita.<\/p>\n\n\n\n<p><strong>Episodio 2: Segreti e bugie<\/strong><\/p>\n\n\n\n<p class=\"translation-block\"><strong>Descrizione<\/strong>: Tim\u00e1r scopre il vero valore del carico della nave e deve decidere a quale costo\nmantenere il segreto. Inizia cos\u00ec la sua nuova vita da uomo ricco.<\/p>\n\n\n\n<p><strong>Episodio 3: L&#039;isola di nessuno<\/strong><\/p>\n\n\n\n<p class=\"translation-block\"><strong>Descrizione<\/strong>: Tim\u00e1r incontra No\u00e9mi su un'isola segreta, dove trova vero amore e pace. Ma\nsar\u00e0 in grado di staccarsi dal suo passato?<\/p>\n<\/div>\n\n\n\n<div class=\"wp-block-column is-layout-flow wp-block-column-is-layout-flow\"><div class=\"wp-block-image\">\n<figure class=\"aligncenter size-full\"><img loading=\"lazy\" decoding=\"async\" width=\"1024\" height=\"1024\" src=\"https:\/\/ailabor.appsters.me\/wp-content\/uploads\/2024\/05\/aranyember-websorozat.jpg\" alt=\"\" class=\"wp-image-477\" srcset=\"https:\/\/ailabor.appsters.me\/wp-content\/uploads\/2024\/05\/aranyember-websorozat.jpg 1024w, https:\/\/ailabor.appsters.me\/wp-content\/uploads\/2024\/05\/aranyember-websorozat-300x300.jpg 300w, https:\/\/ailabor.appsters.me\/wp-content\/uploads\/2024\/05\/aranyember-websorozat-150x150.jpg 150w, https:\/\/ailabor.appsters.me\/wp-content\/uploads\/2024\/05\/aranyember-websorozat-768x768.jpg 768w, https:\/\/ailabor.appsters.me\/wp-content\/uploads\/2024\/05\/aranyember-websorozat-400x400.jpg 400w\" sizes=\"auto, (max-width: 1024px) 100vw, 1024px\" \/><\/figure>\n<\/div><\/div>\n<\/div>\n\n\n\n<div style=\"height:40px\" aria-hidden=\"true\" class=\"wp-block-spacer\"><\/div>\n\n\n\n<div class=\"wp-block-columns is-layout-flex wp-container-core-columns-is-layout-9d6595d7 wp-block-columns-is-layout-flex\">\n<div class=\"wp-block-column is-layout-flow wp-block-column-is-layout-flow\">\n<p><strong>Episodio 4: Il prezzo del potere<\/strong><\/p>\n\n\n\n<p class=\"translation-block\"><strong>Descrizione<\/strong>: Brazovics Athan\u00e1z, un imprenditore astuto e avido, svela il suo piano su come\nsfruttare il nuovo status di Tim\u00e1r a suo vantaggio.<\/p>\n\n\n\n<p><strong>Episodio 5: Cuore e coscienza<\/strong><\/p>\n\n\n\n<p class=\"translation-block\"><strong>Descrizione<\/strong>: Tim\u00e1r lotta con la propria coscienza. Mentre cerca di mantenere il suo posto tra\nle classi sociali superiori, trova sempre pi\u00f9 difficile sopportare il peso morale.<\/p>\n\n\n\n<p><strong>Episodio 6: Legami invisibili<\/strong><\/p>\n\n\n\n<p class=\"translation-block\"><strong>Descrizione<\/strong>: Le relazioni si complicano. Il triangolo amoroso tra Tim\u00e1r, Tim\u00e9a e No\u00e9mi si\nsviluppa, mettendo alla prova tutti e tre.<\/p>\n\n\n\n<p><strong>Episodio 7: La grande decisione<\/strong><\/p>\n\n\n\n<p class=\"translation-block\"><strong>Descrizione<\/strong>: Tim\u00e1r decide di liberarsi dai fardelli del passato. Prende decisioni decisive per\nrimediare agli errori commessi.<\/p>\n\n\n\n<p><strong>Episodio 8: Nuovi inizi<\/strong><\/p>\n\n\n\n<p class=\"translation-block\"><strong>Descrizione<\/strong>: L'episodio finale della serie, in cui Tim\u00e1r prende finalmente la decisione pi\u00f9\nimportante della sua vita. Inizia una nuova vita sull'isola di nessuno, lontano dalle\naspettative sociali.<\/p>\n\n\n\n<p>Questi episodi sono progettati per mostrare i principali punti di svolta del romanzo e il\nviaggio emotivo dei personaggi, presentando la storia in un formato emozionante e accessibile agli spettatori. La serie pu\u00f2 essere modernizzata con ambientazioni\ncontemporanee e dialoghi aggiornati per renderla ancora pi\u00f9 rilevante per il pubblico di\noggi.<\/p>\n<\/div>\n<\/div>\n\n\n\n<div style=\"height:40px\" aria-hidden=\"true\" class=\"wp-block-spacer\"><\/div>\n<\/div><\/div>\n<\/div><\/div>\n\n\n\n<div style=\"background-image:url(&apos;https:\/\/ailabor.appsters.me\/wp-content\/uploads\/2024\/06\/Ellipse-4.png&apos;);background-position:50% 30%;background-size:cover;\" class=\"wp-block-group has-background\"><div class=\"wp-block-group__inner-container is-layout-constrained wp-block-group-is-layout-constrained\">\n<div class=\"wp-block-group group-1240\" style=\"border-style:none;border-width:0px;border-radius:6px\"><div class=\"wp-block-group__inner-container is-layout-constrained wp-block-group-is-layout-constrained\">\n<h3 class=\"wp-block-heading\">Flessibilit\u00e0 visiva e narrativa<\/h3>\n\n\n\n<p>La serie web offre l&#039;opportunit\u00e0 di presentare la storia in un contesto moderno e rilevante,\ncon stili visivi personalizzati e temi di particolare interesse per il pubblico pi\u00f9 giovane, come\nla giustizia sociale, la ricerca dell&#039;identit\u00e0 e la complessit\u00e0 delle relazioni umane.<\/p>\n\n\n\n<h3 class=\"wp-block-heading\">Opportunit\u00e0 educative<\/h3>\n\n\n\n<p>Gli insegnanti possono utilizzare gli episodi della serie web per attivit\u00e0 in classe, discussioni\ndi gruppo o come ispirazione per i compiti a casa. Questo formato pu\u00f2 essere integrato con\nmetodi educativi moderni, come la flipped classroom, dove gli studenti guardano il materiale\nin anticipo e lo analizzano pi\u00f9 profondamente in classe.<\/p>\n\n\n\n<p>La serie web, quindi, non solo offre una versione moderna e attraente della storia classica,\nma fornisce anche un&#039;opportunit\u00e0 per combinare istruzione, intrattenimento e dialogo\nculturale, che pu\u00f2 essere particolarmente preziosa per gli studenti di oggi.<\/p>\n<\/div><\/div>\n\n\n\n<div style=\"height:40px\" aria-hidden=\"true\" class=\"wp-block-spacer\"><\/div>\n<\/div><\/div>","protected":false},"excerpt":{"rendered":"<p>Ha a teljes reg\u00e9nyb\u0151l egy websorozatot k\u00e9sz\u00edten\u00e9l mi lenne a r\u00e9szek c\u00edme, le\u00edr\u00e1sa? Az arany ember reg\u00e9nyb\u0151l k\u00e9sz\u00fclt websorozat epiz\u00f3djainak c\u00edmeit \u00e9s le\u00edr\u00e1sait k\u00f6r\u00fcltekint\u0151en kell \u00f6ssze\u00e1ll\u00edtani, hogy a reg\u00e9ny fontos esem\u00e9nyeit \u00e9s jellemfejl\u0151d\u00e9seit bemutass\u00e1k. Itt egy listajavaslat az epiz\u00f3dokhoz, amelyek a reg\u00e9ny kulcsfontoss\u00e1g\u00fa momentumaira koncentr\u00e1lnak: 1. Epiz\u00f3d: A megment\u0151 Le\u00edr\u00e1s: Tim\u00e1r egy viharos \u00e9jszak\u00e1n b\u00e1tran&#8230;<\/p>","protected":false},"author":5,"featured_media":0,"parent":0,"menu_order":0,"comment_status":"closed","ping_status":"closed","template":"","meta":{"_eb_attr":"","inline_featured_image":false,"_kad_post_transparent":"","_kad_post_title":"","_kad_post_layout":"","_kad_post_sidebar_id":"","_kad_post_content_style":"","_kad_post_vertical_padding":"","_kad_post_feature":"","_kad_post_feature_position":"","_kad_post_header":false,"_kad_post_footer":false,"footnotes":""},"class_list":["post-587","page","type-page","status-publish","hentry"],"_links":{"self":[{"href":"https:\/\/ailabor.appsters.me\/it\/wp-json\/wp\/v2\/pages\/587","targetHints":{"allow":["GET"]}}],"collection":[{"href":"https:\/\/ailabor.appsters.me\/it\/wp-json\/wp\/v2\/pages"}],"about":[{"href":"https:\/\/ailabor.appsters.me\/it\/wp-json\/wp\/v2\/types\/page"}],"author":[{"embeddable":true,"href":"https:\/\/ailabor.appsters.me\/it\/wp-json\/wp\/v2\/users\/5"}],"replies":[{"embeddable":true,"href":"https:\/\/ailabor.appsters.me\/it\/wp-json\/wp\/v2\/comments?post=587"}],"version-history":[{"count":14,"href":"https:\/\/ailabor.appsters.me\/it\/wp-json\/wp\/v2\/pages\/587\/revisions"}],"predecessor-version":[{"id":3099,"href":"https:\/\/ailabor.appsters.me\/it\/wp-json\/wp\/v2\/pages\/587\/revisions\/3099"}],"wp:attachment":[{"href":"https:\/\/ailabor.appsters.me\/it\/wp-json\/wp\/v2\/media?parent=587"}],"curies":[{"name":"wp","href":"https:\/\/api.w.org\/{rel}","templated":true}]}}